{"id":48610,"date":"2025-12-10T03:10:12","date_gmt":"2025-12-10T02:10:12","guid":{"rendered":"https:\/\/neocatechumenaleiter.org\/palavras-dos-papas\/leao-xiv\/"},"modified":"2026-04-11T08:46:50","modified_gmt":"2026-04-11T07:46:50","slug":"leao-xiv","status":"publish","type":"page","link":"https:\/\/neocatechumenaleiter.org\/pt-br\/palavras-dos-papas\/leao-xiv\/","title":{"rendered":"Le\u00e3o XIV"},"content":{"rendered":"\n<h1 class=\"wp-block-heading has-text-align-center\">Le\u00e3o XIV<\/h1>\n\n<div style=\"height:20px\" aria-hidden=\"true\" class=\"wp-block-spacer\"><\/div>\n\n<h4 class=\"wp-block-heading has-text-align-center\">BIOGRAFIA<\/h4>\n\n<div style=\"height:20px\" aria-hidden=\"true\" class=\"wp-block-spacer\"><\/div>\n<div class=\"wp-block-image is-style-default\">\n<figure data-wp-context=\"{&quot;imageId&quot;:&quot;69dd0b584d691&quot;}\" data-wp-interactive=\"core\/image\" data-wp-key=\"69dd0b584d691\" class=\"alignleft size-medium wp-lightbox-container\"><img loading=\"lazy\" decoding=\"async\" width=\"250\" height=\"300\" data-wp-class--hide=\"state.isContentHidden\" data-wp-class--show=\"state.isContentVisible\" data-wp-init=\"callbacks.setButtonStyles\" data-wp-on--click=\"actions.showLightbox\" data-wp-on--load=\"callbacks.setButtonStyles\" data-wp-on-window--resize=\"callbacks.setButtonStyles\" src=\"https:\/\/neocatechumenaleiter.org\/wp-content\/uploads\/2025\/12\/Papa-Leone-XIV-foto-ufficiale_Copyright-VATICAN-MEDIA-500x600-2-250x300.jpg\" alt=\"Papa Le&#xE3;o XIV\" class=\"wp-image-46111\" srcset=\"https:\/\/neocatechumenaleiter.org\/wp-content\/uploads\/2025\/12\/Papa-Leone-XIV-foto-ufficiale_Copyright-VATICAN-MEDIA-500x600-2-250x300.jpg 250w, https:\/\/neocatechumenaleiter.org\/wp-content\/uploads\/2025\/12\/Papa-Leone-XIV-foto-ufficiale_Copyright-VATICAN-MEDIA-500x600-2.jpg 500w\" sizes=\"auto, (max-width: 250px) 100vw, 250px\" \/><button\n\t\t\tclass=\"lightbox-trigger\"\n\t\t\ttype=\"button\"\n\t\t\taria-haspopup=\"dialog\"\n\t\t\taria-label=\"Ampliar\"\n\t\t\tdata-wp-init=\"callbacks.initTriggerButton\"\n\t\t\tdata-wp-on--click=\"actions.showLightbox\"\n\t\t\tdata-wp-style--right=\"state.imageButtonRight\"\n\t\t\tdata-wp-style--top=\"state.imageButtonTop\"\n\t\t>\n\t\t\t<svg xmlns=\"http:\/\/www.w3.org\/2000\/svg\" width=\"12\" height=\"12\" fill=\"none\" viewBox=\"0 0 12 12\">\n\t\t\t\t<path fill=\"#fff\" d=\"M2 0a2 2 0 0 0-2 2v2h1.5V2a.5.5 0 0 1 .5-.5h2V0H2Zm2 10.5H2a.5.5 0 0 1-.5-.5V8H0v2a2 2 0 0 0 2 2h2v-1.5ZM8 12v-1.5h2a.5.5 0 0 0 .5-.5V8H12v2a2 2 0 0 1-2 2H8Zm2-12a2 2 0 0 1 2 2v2h-1.5V2a.5.5 0 0 0-.5-.5H8V0h2Z\" \/>\n\t\t\t<\/svg>\n\t\t<\/button><figcaption class=\"wp-element-caption\"><strong>\u00a9<\/strong>Vatican media<\/figcaption><\/figure><\/div>\n<p>Robert Francis Prevost nasceu em\u00a0<strong>14 de setembro de 1955<\/strong>\u00a0em\u00a0<strong>Chicago, Illinois (Estados Unidos)<\/strong>.<\/p>\n\n<p>Ainda jovem ingressou na\u00a0<strong>Ordem de Santo Agostinho (OSA)<\/strong>, onde professou seus votos solenes em 29 de agosto de 1981 e foi ordenado sacerdote em 19 de junho de 1982.<\/p>\n\n<p>Completou estudos superiores em v\u00e1rias institui\u00e7\u00f5es:\u00a0<strong>m\u00e1ster em Divindade<\/strong>\u00a0pela Catholic Theological Union de Chicago e\u00a0<strong>doutor em Direito Can\u00f4nico<\/strong>\u00a0pela Pontificia Universidad de Santo Tom\u00e1s de Aquino em Roma (Angelicum).<\/p>\n\n<p>Em 1985 foi enviado como mission\u00e1rio agostiniano ao Peru. Serviu em Chulucanas. Em 1988 mudou de miss\u00e3o para Trujillo. Ali desempenhou o cargo de prior da comunidade (1988\u20131992). Em 1999 foi eleito prior provincial da prov\u00edncia \u201cMother of Good Counsel\u201d, em Chicago.<\/p>\n\n<p>Durante os anos 2001 a 2013 desempenhou o cargo de prior geral da <strong>Ordem de Santo Agostinho<\/strong>.<\/p>\n\n<p>Em 2014 foi nomeado administrador apost\u00f3lico da diocese de Chiclayo e <strong>ordenado bispo<\/strong> no dia 12 de dezembro, festa de Nossa Senhora de Guadalupe. Foi bispo de Chiclayo desde 26 de novembro de 2015. Foi vice-presidente da Confer\u00eancia Episcopal Peruana entre 2018 e 2023.<\/p>\n\n<p>Foi membro da Congrega\u00e7\u00e3o para o Clero em 2019 e da Congrega\u00e7\u00e3o para os Bispos em 2020. Em 15 de abril desse mesmo ano, o Papa o nomeou administrador apost\u00f3lico da diocese de Callao.<\/p>\n\n<p>Em 30 de janeiro de 2023, o Papa Francisco o designou prefeito do Dicast\u00e9rio para os Bispos. Nesse mesmo ano foi <strong>criado e proclamado cardeal<\/strong> e nomeado presidente da Pontif\u00edcia Comiss\u00e3o para a Am\u00e9rica Latina.<\/p>\n\n<p>Ap\u00f3s o falecimento do Papa Francisco, o conclave reunido em Roma elegeu Robert Francis Prevost como novo <strong>Pont\u00edfice em 8 de maio de 2025<\/strong>, festa de Nossa Senhora de Pompeia.<\/p>\n\n<p>O lema do Papa Le\u00e3o XIV \u00e9 <strong>\u00abIn Illo uno unum\u00bb<\/strong><em>, que se traduz do latim como \u00abN&#8217;ele, somos um\u00bb. Essa frase, tomada de uma exposi\u00e7\u00e3o de Santo Agostinho de Hipona sobre o salmo 127, sublinha o seu enfoque na unidade e na comunh\u00e3o dos crist\u00e3os em Cristo.<\/em><\/p>\n\n<div style=\"height:20px\" aria-hidden=\"true\" class=\"wp-block-spacer\"><\/div>\n\n<hr class=\"wp-block-separator aligncenter has-alpha-channel-opacity is-style-wide\"\/>\n\n<div style=\"height:20px\" aria-hidden=\"true\" class=\"wp-block-spacer\"><\/div>\n\n<h3 class=\"wp-block-heading has-text-align-center\">Documentos<\/h3>\n\n<div style=\"height:40px\" aria-hidden=\"true\" class=\"wp-block-spacer\"><\/div>\n\n<section id=\"search-2\" class=\"widget widget_search\"><form role=\"search\" method=\"get\" class=\"search-form\" action=\"https:\/\/neocatechumenaleiter.org\/pt-br\">\r\n\t<label for=\"search-form-5e59be1dc1b02\">\r\n\t\t<span class=\"screen-reader-text\">Buscar:<\/span>\r\n        <input type=\"search\" id=\"search-form-5e59be1dc1b02\" class=\"search-field\" placeholder=\"Buscar \u2026\" value=\"\" name=\"s\"\/><\/label>\r\n\t<button type=\"submit\" class=\"search-submit\">\r\n    \t<span class=\"screen-reader-text\">Buscar<\/span>\r\n        <i class=\"icon-magnifier\"><\/i>\r\n    <\/button>\r\n<\/form>\r\n<\/section>\n<div style=\"height:40px\" aria-hidden=\"true\" class=\"wp-block-spacer\"><\/div>\n\n<div class=\"wp-block-columns are-vertically-aligned-center is-layout-flex wp-container-core-columns-is-layout-9d6595d7 wp-block-columns-is-layout-flex\">\n<div class=\"wp-block-column is-vertically-aligned-center is-layout-flow wp-block-column-is-layout-flow\">\n<h4 class=\"wp-block-heading has-text-align-center\">Ano 2025<\/h4>\n\n\n\n<div style=\"height:20px\" aria-hidden=\"true\" class=\"wp-block-spacer\"><\/div>\n\n\n\n<figure class=\"wp-block-embed aligncenter is-type-wp-embed is-provider-camino-neocatecumenal wp-block-embed-camino-neocatecumenal\"><div class=\"wp-block-embed__wrapper\">\r\n<blockquote class=\"wp-embedded-content\" data-secret=\"M8AJEdpwX8\"><a href=\"https:\/\/neocatechumenaleiter.org\/pt-br\/papa-leao-xiv-recebe-kiko-arguello-iniciador-do-caminho-neocatecumenal\/\">El Papa Le\u00f3n XIV recibe a Kiko Arguello, iniciador del Camino\u00a0Neocatecumenal<\/a><\/blockquote><iframe loading=\"lazy\" class=\"wp-embedded-content\" sandbox=\"allow-scripts\" security=\"restricted\" style=\"position: absolute; visibility: hidden;\" title=\"&#8220;El Papa Le\u00f3n XIV recibe a Kiko Arguello, iniciador del Camino\u00a0Neocatecumenal&#8221; &#8212; Caminho Neocatecumenal\" src=\"https:\/\/neocatechumenaleiter.org\/pt-br\/papa-leao-xiv-recebe-kiko-arguello-iniciador-do-caminho-neocatecumenal\/embed\/#?secret=GMbMOyG7sw#?secret=M8AJEdpwX8\" data-secret=\"M8AJEdpwX8\" width=\"600\" height=\"338\" frameborder=\"0\" marginwidth=\"0\" marginheight=\"0\" scrolling=\"no\"><\/iframe>\r\n<\/div><\/figure><br>\n<\/div>\n\n\n\n<div class=\"wp-block-column is-vertically-aligned-center is-layout-flow wp-block-column-is-layout-flow\">\n<h4 class=\"wp-block-heading has-text-align-center\">Ano 2026<\/h4>\n\n\n\n<div style=\"height:20px\" aria-hidden=\"true\" class=\"wp-block-spacer\"><\/div>\n\n\n\n<figure class=\"wp-block-embed aligncenter is-type-wp-embed is-provider-camino-neocatecumenal wp-block-embed-camino-neocatecumenal\"><div class=\"wp-block-embed__wrapper\">\r\n<blockquote class=\"wp-embedded-content\" data-secret=\"GiuIZ0s3W2\"><a href=\"https:\/\/neocatechumenaleiter.org\/pt-br\/caminho-neocatecumenal-uma-preciosa-contribuicao-para-a-vida-da-igreja\/\">El Camino Neocatecumenal: &#8220;Una preciosa contribuci\u00f3n para la vida de la Iglesia&#8221;<\/a><\/blockquote><iframe loading=\"lazy\" class=\"wp-embedded-content\" sandbox=\"allow-scripts\" security=\"restricted\" style=\"position: absolute; visibility: hidden;\" title=\"&#8220;El Camino Neocatecumenal: &#8220;Una preciosa contribuci\u00f3n para la vida de la Iglesia&#8221;&#8221; &#8212; Caminho Neocatecumenal\" src=\"https:\/\/neocatechumenaleiter.org\/pt-br\/caminho-neocatecumenal-uma-preciosa-contribuicao-para-a-vida-da-igreja\/embed\/#?secret=trhUa0bf1u#?secret=GiuIZ0s3W2\" data-secret=\"GiuIZ0s3W2\" width=\"600\" height=\"338\" frameborder=\"0\" marginwidth=\"0\" marginheight=\"0\" scrolling=\"no\"><\/iframe>\r\n<\/div><\/figure><br>\n<\/div>\n<\/div>\n\n<div style=\"height:40px\" aria-hidden=\"true\" class=\"wp-block-spacer\"><\/div>\n","protected":false},"excerpt":{"rendered":"<p>Le\u00e3o XIV BIOGRAFIA Robert Francis Prevost nasceu em\u00a014 de setembro de 1955\u00a0em\u00a0Chicago, Illinois (Estados Unidos). Ainda jovem ingressou na\u00a0Ordem de Santo Agostinho (OSA), onde professou seus votos solenes em 29 de agosto de 1981 e foi ordenado sacerdote em 19 de junho de 1982. Completou estudos superiores em v\u00e1rias institui\u00e7\u00f5es:\u00a0m\u00e1ster em Divindade\u00a0pela Catholic Theological Union de Chicago e\u00a0doutor em Direito Can\u00f4nico\u00a0pela Pontificia Universidad de Santo Tom\u00e1s de Aquino em Roma<\/p>\n<div class=\"read-more\"><a class=\"btn read-more-btn\" href=\"https:\/\/neocatechumenaleiter.org\/pt-br\/palavras-dos-papas\/leao-xiv\/\">Ler mais<\/a><\/div>\n","protected":false},"author":2,"featured_media":0,"parent":5576,"menu_order":0,"comment_status":"closed","ping_status":"closed","template":"","meta":{"footnotes":""},"class_list":["post-48610","page","type-page","status-publish","hentry"],"_links":{"self":[{"href":"https:\/\/neocatechumenaleiter.org\/pt-br\/wp-json\/wp\/v2\/pages\/48610","targetHints":{"allow":["GET"]}}],"collection":[{"href":"https:\/\/neocatechumenaleiter.org\/pt-br\/wp-json\/wp\/v2\/pages"}],"about":[{"href":"https:\/\/neocatechumenaleiter.org\/pt-br\/wp-json\/wp\/v2\/types\/page"}],"author":[{"embeddable":true,"href":"https:\/\/neocatechumenaleiter.org\/pt-br\/wp-json\/wp\/v2\/users\/2"}],"replies":[{"embeddable":true,"href":"https:\/\/neocatechumenaleiter.org\/pt-br\/wp-json\/wp\/v2\/comments?post=48610"}],"version-history":[{"count":7,"href":"https:\/\/neocatechumenaleiter.org\/pt-br\/wp-json\/wp\/v2\/pages\/48610\/revisions"}],"predecessor-version":[{"id":48626,"href":"https:\/\/neocatechumenaleiter.org\/pt-br\/wp-json\/wp\/v2\/pages\/48610\/revisions\/48626"}],"up":[{"embeddable":true,"href":"https:\/\/neocatechumenaleiter.org\/pt-br\/wp-json\/wp\/v2\/pages\/5576"}],"wp:attachment":[{"href":"https:\/\/neocatechumenaleiter.org\/pt-br\/wp-json\/wp\/v2\/media?parent=48610"}],"curies":[{"name":"wp","href":"https:\/\/api.w.org\/{rel}","templated":true}]}}