{"id":5531,"date":"2020-02-29T04:17:59","date_gmt":"2020-02-29T03:17:59","guid":{"rendered":"https:\/\/neocatechumenaleiter.org\/francisco\/regina-coeli-pela-missao-nas-pracas-de-roma-7-4-2013\/"},"modified":"2021-08-10T10:59:19","modified_gmt":"2021-08-10T09:59:19","slug":"regina-coeli-pela-missao-nas-pracas-de-roma-7-4-2013","status":"publish","type":"page","link":"https:\/\/neocatechumenaleiter.org\/pt-br\/palavras-dos-papas\/francisco\/regina-coeli-pela-missao-nas-pracas-de-roma-7-4-2013\/","title":{"rendered":"\u00abRegina Coeli\u00bb pela miss\u00e3o nas pra\u00e7as de Roma 7\/4\/2013"},"content":{"rendered":"\n<h1 class=\"has-text-align-center wp-block-heading\">\u00abRegina Coeli\u00bb pela miss\u00e3o nas pra\u00e7as de Roma 7\/4\/2013<\/h1>\n\n<div style=\"height:20px\" aria-hidden=\"true\" class=\"wp-block-spacer\"><\/div>\n\n<h4 class=\"has-text-align-center wp-block-heading\">Francisco<\/h4>\n\n<div style=\"height:20px\" aria-hidden=\"true\" class=\"wp-block-spacer\"><\/div>\n\n<p>Pra\u00e7a de S\u00e3o Pedro &#8211; II Domingo da P\u00e1scoa ou da Divina Miseric\u00f3rdia, 7 de abril de 2013<\/p>\n\n<p><em>\u00abAlegro-me por saudar os numerosos membros de Movimentos e Associa\u00e7\u00f5es presentes neste nosso momento de ora\u00e7\u00e3o, de modo particular as Comunidades Neocatecumenais de Roma, que hoje d\u00e3o in\u00edcio a uma miss\u00e3o especial nas pra\u00e7as da cidade. Convido todos a anunciar a Boa Nova em todos os ambientes de vida, &#8220;com suavidade e respeito&#8221; (1Pd 3,16). Ide \u00e0s pra\u00e7as e anunciai a Jesus Cristo, nosso salvador!\u00bb<\/em><\/p>\n\n<div class=\"wp-block-image is-style-default\"><figure class=\"aligncenter size-large\"><img loading=\"lazy\" decoding=\"async\" width=\"400\" height=\"274\" src=\"https:\/\/neocatechumenaleiter.org\/wp-content\/uploads\/2020\/02\/Camino_Neocatecumenal_Papa_Francisco_Kiko_Arguello_Carmen_Hernandez_Mario_Pezzi_audiencia.jpg\" alt=\"\" class=\"wp-image-999\" srcset=\"https:\/\/neocatechumenaleiter.org\/wp-content\/uploads\/2020\/02\/Camino_Neocatecumenal_Papa_Francisco_Kiko_Arguello_Carmen_Hernandez_Mario_Pezzi_audiencia.jpg 400w, https:\/\/neocatechumenaleiter.org\/wp-content\/uploads\/2020\/02\/Camino_Neocatecumenal_Papa_Francisco_Kiko_Arguello_Carmen_Hernandez_Mario_Pezzi_audiencia-300x206.jpg 300w\" sizes=\"auto, (max-width: 400px) 100vw, 400px\" \/><\/figure><\/div>\n","protected":false},"excerpt":{"rendered":"<p>\u00abRegina Coeli\u00bb pela miss\u00e3o nas pra\u00e7as de Roma 7\/4\/2013 Francisco Pra\u00e7a de S\u00e3o Pedro &#8211; II Domingo da P\u00e1scoa ou da Divina Miseric\u00f3rdia, 7 de abril de 2013 \u00abAlegro-me por saudar os numerosos membros de Movimentos e Associa\u00e7\u00f5es presentes neste nosso momento de ora\u00e7\u00e3o, de modo particular as Comunidades Neocatecumenais de Roma, que hoje d\u00e3o in\u00edcio a uma miss\u00e3o especial nas pra\u00e7as da cidade. Convido todos a anunciar a Boa<\/p>\n<div class=\"read-more\"><a class=\"btn read-more-btn\" href=\"https:\/\/neocatechumenaleiter.org\/pt-br\/palavras-dos-papas\/francisco\/regina-coeli-pela-missao-nas-pracas-de-roma-7-4-2013\/\">Ler mais<\/a><\/div>\n","protected":false},"author":2,"featured_media":0,"parent":4355,"menu_order":0,"comment_status":"closed","ping_status":"closed","template":"","meta":{"footnotes":""},"class_list":["post-5531","page","type-page","status-publish","hentry"],"_links":{"self":[{"href":"https:\/\/neocatechumenaleiter.org\/pt-br\/wp-json\/wp\/v2\/pages\/5531","targetHints":{"allow":["GET"]}}],"collection":[{"href":"https:\/\/neocatechumenaleiter.org\/pt-br\/wp-json\/wp\/v2\/pages"}],"about":[{"href":"https:\/\/neocatechumenaleiter.org\/pt-br\/wp-json\/wp\/v2\/types\/page"}],"author":[{"embeddable":true,"href":"https:\/\/neocatechumenaleiter.org\/pt-br\/wp-json\/wp\/v2\/users\/2"}],"replies":[{"embeddable":true,"href":"https:\/\/neocatechumenaleiter.org\/pt-br\/wp-json\/wp\/v2\/comments?post=5531"}],"version-history":[{"count":8,"href":"https:\/\/neocatechumenaleiter.org\/pt-br\/wp-json\/wp\/v2\/pages\/5531\/revisions"}],"predecessor-version":[{"id":23944,"href":"https:\/\/neocatechumenaleiter.org\/pt-br\/wp-json\/wp\/v2\/pages\/5531\/revisions\/23944"}],"up":[{"embeddable":true,"href":"https:\/\/neocatechumenaleiter.org\/pt-br\/wp-json\/wp\/v2\/pages\/4355"}],"wp:attachment":[{"href":"https:\/\/neocatechumenaleiter.org\/pt-br\/wp-json\/wp\/v2\/media?parent=5531"}],"curies":[{"name":"wp","href":"https:\/\/api.w.org\/{rel}","templated":true}]}}