{"id":5537,"date":"2020-02-29T04:25:36","date_gmt":"2020-02-29T03:25:36","guid":{"rendered":"https:\/\/neocatechumenaleiter.org\/francisco\/regina-coeli-do-papa-francisco-pela-missao-nas-pracas-11-5-2014\/"},"modified":"2020-03-31T19:53:13","modified_gmt":"2020-03-31T18:53:13","slug":"regina-coeli-do-papa-francisco-pela-missao-nas-pracas-11-5-2014","status":"publish","type":"page","link":"https:\/\/neocatechumenaleiter.org\/pt-br\/palavras-dos-papas\/francisco\/regina-coeli-do-papa-francisco-pela-missao-nas-pracas-11-5-2014\/","title":{"rendered":"\u00abRegina Coeli\u00bb do Papa Francisco pela miss\u00e3o nas pra\u00e7as, 11\/5\/2014"},"content":{"rendered":"\n<h1 class=\"has-text-align-center wp-block-heading\">\u00abRegina Coeli\u00bb do Papa Francisco pela miss\u00e3o nas pra\u00e7as, 11\/5\/2014<\/h1>\n\n<div style=\"height:20px\" aria-hidden=\"true\" class=\"wp-block-spacer\"><\/div>\n\n<h4 class=\"has-text-align-center wp-block-heading\">Francisco<\/h4>\n\n<div style=\"height:20px\" aria-hidden=\"true\" class=\"wp-block-spacer\"><\/div>\n\n<p><i>Queridos irm\u00e3os e irm\u00e3s, bom dia!<\/i><\/p>\n\n<p>O evangelista Jo\u00e3o apresenta-nos neste quarto domingo do tempo pascal, a imagem de Jesus Bom Pastor. Contemplando esta p\u00e1gina do Evangelho, podemos compreender o tipo de rela\u00e7\u00e3o que Jesus mantinha com os seus disc\u00edpulos: um relacionamento baseado na ternura, no amor, no conhecimento rec\u00edproco e na promessa de um dom incomensur\u00e1vel: \u00abVim \u2014 diz Jesus \u2014 para que todos tenham vida e a tenham em abund\u00e2ncia\u00bb (<i>Jo<\/i>\u00a010, 10). Este relacionamento \u00e9 o modelo das rela\u00e7\u00f5es entre os crist\u00e3os e entre os seres humanos.<\/p>\n\n<p>Tamb\u00e9m hoje, como no tempo de Jesus, muitos se prop\u00f5em como \u00abpastores\u00bb das nossas exist\u00eancias; mas s\u00f3 o Ressuscitado \u00e9 o Pastor verdadeiro, que nos d\u00e1 vida em abund\u00e2ncia. Convido todos a ter confian\u00e7a no Senhor, que nos guia. Mas n\u00e3o s\u00f3: Ele acompanha-nos, caminha conosco. Escutemos a sua palavra com mente e cora\u00e7\u00e3o abertos, para alimentar a nossa f\u00e9, iluminar a nossa consci\u00eancia e seguir os ensinamentos do Evangelho.<\/p>\n\n<p>Neste domingo, rezemos pelos pastores da Igreja, por todos os bispos, inclusive pelo bispo de Roma, por todos os sacerdotes, por todos! Em particular, rezemos pelos novos presb\u00edteros da Diocese de Roma, que acabei de ordenar na Bas\u00edlica de S\u00e3o Pedro. Uma sauda\u00e7\u00e3o aos 13 sacerdotes! O Senhor nos ajude, a n\u00f3s pastores, a ser sempre fi\u00e9is ao Mestre e guias s\u00e1bios e iluminados do povo de Deus que nos foi confiado. Tamb\u00e9m a v\u00f3s, por favor, pe\u00e7o que nos ajudeis: ajudai-nos a ser bons pastores. Certa vez li um texto muito bonito sobre o modo como o povo de Deus ajuda os bispos e os sacerdotes a ser bons pastores. \u00c9 um escrito de S\u00e3o Ces\u00e1rio de Arles, um sacerdote dos primeiros s\u00e9culos da Igreja. Ele explicava que o povo de Deus deve ajudar o pastor, e dava este exemplo: quando um novilho sente fome, vai ter com a m\u00e3e para obter o leite. Contudo, a vaca n\u00e3o o d\u00e1 imediatamente: parece que o retenha para si. E que faz o novilho? Bate com o nariz no ubre da vaca para que o leite des\u00e7a. \u00c9 uma linda imagem! Assim \u2014 disse o santo \u2014 tamb\u00e9m v\u00f3s deveis agir com os pastores: Bater sempre \u00e0 sua porta, ao seu cora\u00e7\u00e3o, para que vos deem o leite da doutrina, da gra\u00e7a e da guia. E pe\u00e7o-vos, por favor, incomodai os pastores, importunai os pastores, todos n\u00f3s pastores, a fim de que possamos dar-vos o leite da gra\u00e7a, da doutrina e da guia. Importunai! Pensai na bonita imagem do bezerro que importuna a m\u00e3e para que lhe d\u00ea o alimento.<\/p>\n\n<p>\u00c0 imita\u00e7\u00e3o de Jesus, cada Pastor, \u00ab\u00e0s vezes, ir\u00e1 \u00e0 frente para indicar a estrada e apoiar a esperan\u00e7a do povo \u2014 o pastor \u00e0s vezes deve estar na frente \u2014 outras vezes permanecer\u00e1 no meio de todos com a sua proximidade simples e misericordiosa, e em algumas circunst\u00e2ncias deve caminhar atr\u00e1s do povo, para ajudar os que ficaram por \u00faltimo\u00bb (Exort. ap. <i>Evangelii gaudium<\/i>, 31). Que todos os pastores sejam assim! Importunai os pastores para que vos deem a guia da doutrina e da gra\u00e7a.<\/p>\n\n<p>Neste domingo celebra-se o <em>Dia mundial de ora\u00e7\u00e3o pelas voca\u00e7\u00f5es.<\/em> Na\u00a0<em>Mensagem<\/em> deste ano recordei\u00a0que \u00abcada voca\u00e7\u00e3o requer um \u00eaxodo de si mesmo para centrar a pr\u00f3pria exist\u00eancia em Cristo e no seu Evangelho\u00bb (n. 2). Portanto, a chamada a seguir Jesus \u00e9 entusiasmante e ao mesmo tempo comprometida. Para que se realize, \u00e9 necess\u00e1rio entrar sempre em profunda amizade com o Senhor para poder viver d\u2019Ele e por Ele.<\/p>\n\n<p>Rezemos para que tamb\u00e9m neste tempo muitos jovens ou\u00e7am a voz do Senhor, que corre sempre o risco de ser sufocada por tantas outras vozes. Pe\u00e7amos pelos jovens: talvez aqui nesta pra\u00e7a haja algum que ouve a voz do Senhor que o chama ao sacerd\u00f3cio; rezemos por ele e por todos os jovens que s\u00e3o chamados.<\/p>\n\n<hr class=\"wp-block-separator\" \/>\n\n<p><strong>Depois do Regina Coeli<\/strong><\/p>\n\n<p><em>Queridos irm\u00e3os e irm\u00e3s:<\/em><\/p>\n\n<p>Sa\u00fado a todos v\u00f3s, fam\u00edlias, grupos paroquiais, associa\u00e7\u00f5es e fi\u00e9is provenientes da It\u00e1lia e de muitos pa\u00edses (&#8230;). <\/p>\n\n<p>Sa\u00fado as Comunidades Neocatecumenais, que nestes domingos do tempo de P\u00e1scoa levam o an\u00fancio de Jesus ressuscitado a 100 pra\u00e7as de Roma e a numerosas cidades do mundo. Que o Senhor vos d\u00ea a alegria do Evangelho! Ide adiante, v\u00f3s que sois intr\u00e9pidos!<\/p>\n\n<p>Uma b\u00ean\u00e7\u00e3o especial para as crian\u00e7as e os garotos que receberam ou em breve receber\u00e3o a primeira comunh\u00e3o e a confirma\u00e7\u00e3o. Tamb\u00e9m para os familiares e amigos dos novos sacerdotes da diocese de Roma, que ordenei nesta manh\u00e3. <\/p>\n\n<p>Hoje, eu vos convido a dedicar uma carinhosa recorda\u00e7\u00e3o e uma ora\u00e7\u00e3o a todas as m\u00e3es. Saudemos as m\u00e3es! Encomendando-as \u00e0 m\u00e3e de Jesus, invoquemos a Virgem por nossas m\u00e3es e por todas as m\u00e3es: &#8220;Ave Maria&#8230;&#8221;<\/p>\n\n<p>Uma grande sauda\u00e7\u00e3o \u00e0s m\u00e3es, uma grande sauda\u00e7\u00e3o!<\/p>\n\n<p>Feliz domingo a todos! Bom almo\u00e7o e at\u00e9 logo!<\/p>\n","protected":false},"excerpt":{"rendered":"<p>\u00abRegina Coeli\u00bb do Papa Francisco pela miss\u00e3o nas pra\u00e7as, 11\/5\/2014 Francisco Queridos irm\u00e3os e irm\u00e3s, bom dia! O evangelista Jo\u00e3o apresenta-nos neste quarto domingo do tempo pascal, a imagem de Jesus Bom Pastor. Contemplando esta p\u00e1gina do Evangelho, podemos compreender o tipo de rela\u00e7\u00e3o que Jesus mantinha com os seus disc\u00edpulos: um relacionamento baseado na ternura, no amor, no conhecimento rec\u00edproco e na promessa de um dom incomensur\u00e1vel: \u00abVim \u2014<\/p>\n<div class=\"read-more\"><a class=\"btn read-more-btn\" href=\"https:\/\/neocatechumenaleiter.org\/pt-br\/palavras-dos-papas\/francisco\/regina-coeli-do-papa-francisco-pela-missao-nas-pracas-11-5-2014\/\">Ler mais<\/a><\/div>\n","protected":false},"author":2,"featured_media":0,"parent":4355,"menu_order":2,"comment_status":"closed","ping_status":"closed","template":"","meta":{"footnotes":""},"class_list":["post-5537","page","type-page","status-publish","hentry"],"_links":{"self":[{"href":"https:\/\/neocatechumenaleiter.org\/pt-br\/wp-json\/wp\/v2\/pages\/5537","targetHints":{"allow":["GET"]}}],"collection":[{"href":"https:\/\/neocatechumenaleiter.org\/pt-br\/wp-json\/wp\/v2\/pages"}],"about":[{"href":"https:\/\/neocatechumenaleiter.org\/pt-br\/wp-json\/wp\/v2\/types\/page"}],"author":[{"embeddable":true,"href":"https:\/\/neocatechumenaleiter.org\/pt-br\/wp-json\/wp\/v2\/users\/2"}],"replies":[{"embeddable":true,"href":"https:\/\/neocatechumenaleiter.org\/pt-br\/wp-json\/wp\/v2\/comments?post=5537"}],"version-history":[{"count":7,"href":"https:\/\/neocatechumenaleiter.org\/pt-br\/wp-json\/wp\/v2\/pages\/5537\/revisions"}],"predecessor-version":[{"id":6175,"href":"https:\/\/neocatechumenaleiter.org\/pt-br\/wp-json\/wp\/v2\/pages\/5537\/revisions\/6175"}],"up":[{"embeddable":true,"href":"https:\/\/neocatechumenaleiter.org\/pt-br\/wp-json\/wp\/v2\/pages\/4355"}],"wp:attachment":[{"href":"https:\/\/neocatechumenaleiter.org\/pt-br\/wp-json\/wp\/v2\/media?parent=5537"}],"curies":[{"name":"wp","href":"https:\/\/api.w.org\/{rel}","templated":true}]}}