{"id":5543,"date":"2020-03-27T17:16:04","date_gmt":"2020-03-27T16:16:04","guid":{"rendered":"https:\/\/neocatechumenaleiter.org\/francisco\/audiencia-de-envio-de-familias-e-missio-ad-gentes-6-3-2015\/"},"modified":"2020-03-31T20:08:28","modified_gmt":"2020-03-31T19:08:28","slug":"audiencia-de-envio-de-familias-e-missio-ad-gentes-6-3-2015","status":"publish","type":"page","link":"https:\/\/neocatechumenaleiter.org\/pt-br\/palavras-dos-papas\/francisco\/audiencia-de-envio-de-familias-e-missio-ad-gentes-6-3-2015\/","title":{"rendered":"Audi\u00eancia de envio de fam\u00edlias e &#8220;Missio ad gentes&#8221; 6\/3\/2015"},"content":{"rendered":"\n<h1 class=\"has-text-align-center wp-block-heading\">Audi\u00eancia de envio de fam\u00edlias e &#8220;Missio ad gentes&#8221; 6\/3\/2015<\/h1>\n\n<div style=\"height:20px\" aria-hidden=\"true\" class=\"wp-block-spacer\"><\/div>\n\n<h4 class=\"has-text-align-center wp-block-heading\">Francisco<\/h4>\n\n<div style=\"height:20px\" aria-hidden=\"true\" class=\"wp-block-spacer\"><\/div>\n\n<div class=\"wp-block-image is-style-default\"><figure class=\"alignleft size-large\"><img loading=\"lazy\" decoding=\"async\" width=\"400\" height=\"276\" src=\"https:\/\/neocatechumenaleiter.org\/wp-content\/uploads\/2020\/02\/Camino_Neocatecumenal_Papa_Francisco_Kiko_Arguello_audiencia1.jpg\" alt=\"\" class=\"wp-image-1015\" srcset=\"https:\/\/neocatechumenaleiter.org\/wp-content\/uploads\/2020\/02\/Camino_Neocatecumenal_Papa_Francisco_Kiko_Arguello_audiencia1.jpg 400w, https:\/\/neocatechumenaleiter.org\/wp-content\/uploads\/2020\/02\/Camino_Neocatecumenal_Papa_Francisco_Kiko_Arguello_audiencia1-300x207.jpg 300w\" sizes=\"auto, (max-width: 400px) 100vw, 400px\" \/><\/figure><\/div>\n\n<p>Cidade do Vaticano &#8211; Sala Paulo VI, 6 de mar\u00e7o de 2015<\/p>\n\n<p>Queridos irm\u00e3os e irm\u00e3s, bom dia a todos e obrigado, muito obrigado! Sa\u00fado cordialmente a todos e, sobretudo, quero agradecer por terdes vindo vos encontrar com o Papa. A tarefa de Pedro \u00e9 a de confirmar os irm\u00e3os na f\u00e9. Assim tamb\u00e9m v\u00f3s, com este gesto, quisestes pedir ao sucessor de Pedro que confirme o vosso chamado, que apoie a vossa miss\u00e3o, que aben\u00e7oe o vosso carisma. E eu hoje confirmo o vosso chamado, apoio a vossa miss\u00e3o e aben\u00e7oo o vosso carisma.<\/p>\n\n<p>Eu o quero fazer! E fa\u00e7o, n\u00e3o porque ele [indicando Kiko] me pagou, n\u00e3o! Fa\u00e7o-o porque quero fazer.&#013;\n&#013;\nIde em nome de Cristo a todo o mundo levar o seu Evangelho: &#8220;Que Cristo vos preceda, vos acompanhe e realize a salva\u00e7\u00e3o da qual sois portadores!<\/p>\n\n<p>Juntamente convosco sa\u00fado os cardeais e bispos que vos acompanham hoje e que nas suas dioceses apoiam a vossa miss\u00e3o. Em particular, sa\u00fado os iniciadores do Caminho Neocatecumenal, Kiko Arg\u00fcello e Carmen Hern\u00e1ndez, bem como o Padre Mario Pezzi: tamb\u00e9m a eles expresso a minha gratid\u00e3o e encorajamento por tudo o que, por meio do Caminho, est\u00e3o fazendo em benef\u00edcio da Igreja. Eu digo sempre que o Caminho Neocatecumenal faz um grande bem para a Igreja.<\/p>\n\n<div class=\"wp-block-image is-style-circle-mask\"><figure class=\"alignleft size-large\"><img loading=\"lazy\" decoding=\"async\" width=\"400\" height=\"272\" src=\"https:\/\/neocatechumenaleiter.org\/wp-content\/uploads\/2020\/02\/Camino_Neocatecumenal_Papa_Francisco_Carmen_Hernandez_audiencia1.jpg\" alt=\"\" class=\"wp-image-1021\" srcset=\"https:\/\/neocatechumenaleiter.org\/wp-content\/uploads\/2020\/02\/Camino_Neocatecumenal_Papa_Francisco_Carmen_Hernandez_audiencia1.jpg 400w, https:\/\/neocatechumenaleiter.org\/wp-content\/uploads\/2020\/02\/Camino_Neocatecumenal_Papa_Francisco_Carmen_Hernandez_audiencia1-300x204.jpg 300w\" sizes=\"auto, (max-width: 400px) 100vw, 400px\" \/><\/figure><\/div>\n\n<p>Como disse Kiko, o nosso encontro de hoje \u00e9 um envio mission\u00e1rio, em obedi\u00eancia ao que Cristo nos pediu e ouvimos no Evangelho &#8220;Ide por todo o mundo, proclamai o Evangelho a toda criatura. Aquele que crer e for batizado ser\u00e1 salvo&#8221; <em>(Mc 16,15-16).<\/em> E me sinto particularmente contente porque esta vossa miss\u00e3o se realiza gra\u00e7as \u00e0s fam\u00edlias crist\u00e3s que, reunidas em comunidade, t\u00eam a miss\u00e3o de dar sinais da f\u00e9 que atraem os homens para a beleza do Evangelho, segundo as palavras de Cristo: &#8220;Amai-vos uns aos outros como eu vos amei. Nisto reconhecer\u00e3o todos que sois meus disc\u00edpulos&#8221;, <em>(cfr. Jo 13,34-35)<\/em>, e &#8220;Que todos sejam um&#8230; para que o mundo creia&#8221; <em>(cfr. Jo17,21).<\/em><\/p>\n\n<div class=\"wp-block-image is-style-default\"><figure class=\"alignright size-large\"><img loading=\"lazy\" decoding=\"async\" width=\"400\" height=\"271\" src=\"https:\/\/neocatechumenaleiter.org\/wp-content\/uploads\/2020\/02\/Camino_Neocatecumenal_Audiencia_Papa_Francisco_envio_misionero.jpg\" alt=\"\" class=\"wp-image-1027\" srcset=\"https:\/\/neocatechumenaleiter.org\/wp-content\/uploads\/2020\/02\/Camino_Neocatecumenal_Audiencia_Papa_Francisco_envio_misionero.jpg 400w, https:\/\/neocatechumenaleiter.org\/wp-content\/uploads\/2020\/02\/Camino_Neocatecumenal_Audiencia_Papa_Francisco_envio_misionero-300x203.jpg 300w\" sizes=\"auto, (max-width: 400px) 100vw, 400px\" \/><\/figure><\/div>\n\n<p>Estas comunidades, chamadas pelos bispos, s\u00e3o formadas por um presb\u00edtero e por quatro ou cinco fam\u00edlias, com filhos inclusive grandes, e constituem uma &#8220;missio ad gentes&#8221;, com um mandato para evangelizar os n\u00e3o crist\u00e3os. Os n\u00e3o crist\u00e3os que nunca ouviram falar de Jesus Cristo, e os muitos n\u00e3o crist\u00e3os que se esqueceram de quem era Jesus Cristo, de quem era Jesus Cristo: n\u00e3o crist\u00e3os batizados, mas aos quais a seculariza\u00e7\u00e3o, a mundanidade e muitas outras coisas fizeram esquecer a f\u00e9. Despertai aquela f\u00e9!<\/p>\n\n<p>Portanto, mais do que com a palavra, \u00e9 com o vosso testemunho de vida que manifestais o cora\u00e7\u00e3o da revela\u00e7\u00e3o de Cristo: que Deus ama o homem at\u00e9 se entregar \u00e0 morte por ele e que foi ressuscitado pelo Pai para nos dar a gra\u00e7a de oferecer a nossa vida aos outros. O mundo de hoje tem extrema necessidade desta grande mensagem. Quanta solid\u00e3o, quanto sofrimento, quanta dist\u00e2ncia de Deus em tantas periferias da Europa e da Am\u00e9rica e em tantas cidades da \u00c1sia! Quanta necessidade tem o homem de hoje, em todas as latitudes, de ouvir que Deus o ama e que o amor \u00e9 poss\u00edvel! Estas comunidades crist\u00e3s, gra\u00e7as a v\u00f3s, fam\u00edlias mission\u00e1rias, t\u00eam a tarefa essencial de tornar vis\u00edvel esta mensagem. E qual \u00e9 a mensagem? &#8220;Cristo ressuscitou, Cristo vive! Cristo est\u00e1 vivo no meio de n\u00f3s!&#8221;.<\/p>\n\n<div class=\"wp-block-image is-style-default\"><figure class=\"alignleft size-large\"><img loading=\"lazy\" decoding=\"async\" width=\"400\" height=\"277\" src=\"https:\/\/neocatechumenaleiter.org\/wp-content\/uploads\/2020\/02\/Camino_Neocatecumenal_Papa_Francisco_envio_familias.jpg\" alt=\"\" class=\"wp-image-1033\" srcset=\"https:\/\/neocatechumenaleiter.org\/wp-content\/uploads\/2020\/02\/Camino_Neocatecumenal_Papa_Francisco_envio_familias.jpg 400w, https:\/\/neocatechumenaleiter.org\/wp-content\/uploads\/2020\/02\/Camino_Neocatecumenal_Papa_Francisco_envio_familias-300x208.jpg 300w\" sizes=\"auto, (max-width: 400px) 100vw, 400px\" \/><\/figure><\/div>\n\n<p>V\u00f3s recebestes a for\u00e7a de deixar tudo e de partir para terras distantes gra\u00e7as a um caminho de inicia\u00e7\u00e3o crist\u00e3, vivido em pequenas comunidades, nas quais redescobristes as imensas riquezas do vosso Batismo. Este \u00e9 o Caminho Neocatecumenal, um verdadeiro dom da Provid\u00eancia \u00e0 Igreja do nosso tempo, como j\u00e1 afirmaram os meus Predecessores; sobretudo S\u00e3o Jo\u00e3o Paulo II, quando disse a v\u00f3s: &#8220;Reconhe\u00e7o o Caminho Neocatecumenal como um itiner\u00e1rio de forma\u00e7\u00e3o cat\u00f3lica, v\u00e1lida para a sociedade e para os tempos de hoje&#8221; <em>(Epist. Ogniqualvolta, 30 de agosto de 1990: AAS 82 [1990]<\/em>, 1.515.&#013;\n&#013;\nO Caminho baseia-se naquelas tr\u00eas dimens\u00f5es da Igreja que s\u00e3o a Palavra, a Liturgia e a Comunidade. Por isso, a escuta obediente e constante da Palavra de Deus; a celebra\u00e7\u00e3o eucar\u00edstica em pequenas comunidades depois das primeiras V\u00e9speras do domingo; a celebra\u00e7\u00e3o das Laudes em fam\u00edlia ao domingos com todos os filhos; e a partilha da f\u00e9 com outros irm\u00e3os est\u00e3o na origem dos muitos dons que o Senhor vos concedeu, assim como as numerosas voca\u00e7\u00f5es ao presbiterado e \u00e0 vida consagrada. \u00c9 uma consola\u00e7\u00e3o ver tudo isto, porque confirma que o Esp\u00edrito de Deus est\u00e1 vivo e operante na sua Igreja, tamb\u00e9m hoje, e que responde \u00e0s necessidades do homem moderno.<\/p>\n\n<p>Em diversas ocasi\u00f5es insisti na necessidade que a Igreja tem\u00a0\u00a0de passar de uma pastoral de simples conserva\u00e7\u00e3o para uma pastoral decididamente mission\u00e1ria <em>(cfr. Exort. ap. Evangelii gaudium, 15)<\/em>.&#013;\n&#013;\n\u00c9 o mais importante que devemos fazer se n\u00e3o queremos que as \u00e1guas se estanquem na Igreja. Quantas vezes, na igreja, temos Jesus dentro e n\u00e3o o deixamos sair&#8230; Quantas vezes! Esta \u00e9 a coisa mais importante que devemos fazer se n\u00e3o quisermos que as \u00e1guas fiquem estagnadas na Igreja.<\/p>\n\n<div class=\"wp-block-image is-style-default\"><figure class=\"alignright size-large\"><img loading=\"lazy\" decoding=\"async\" width=\"400\" height=\"289\" src=\"https:\/\/neocatechumenaleiter.org\/wp-content\/uploads\/2020\/02\/Camino_Neocatecumenal_Papa_Francisco_Kiko_Carmen_Mario_audiencia_envio_misioneros.jpg\" alt=\"\" class=\"wp-image-1039\" srcset=\"https:\/\/neocatechumenaleiter.org\/wp-content\/uploads\/2020\/02\/Camino_Neocatecumenal_Papa_Francisco_Kiko_Carmen_Mario_audiencia_envio_misioneros.jpg 400w, https:\/\/neocatechumenaleiter.org\/wp-content\/uploads\/2020\/02\/Camino_Neocatecumenal_Papa_Francisco_Kiko_Carmen_Mario_audiencia_envio_misioneros-300x217.jpg 300w\" sizes=\"auto, (max-width: 400px) 100vw, 400px\" \/><\/figure><\/div>\n\n<p>Faz anos que o Caminho est\u00e1 realizando estas <em>missio ad gentes<\/em> entre os n\u00e3o crist\u00e3os, para uma <em>implantatio Ecclesiae<\/em>, uma nova presen\u00e7a da Igreja, ali onde a Igreja n\u00e3o existe ou j\u00e1 n\u00e3o \u00e9 capaz de alcan\u00e7ar as pessoas. &#8220;Quanta alegria nos dais com a vossa presen\u00e7a e com a vossa atividade!&#8221; \u2500 disse o beato Papa Paulo VI na primeira audi\u00eancia convosco <em>(8 de maio de 1974: Insegnamenti di Paolo VI, XII [1974], 407).<\/em> Eu tamb\u00e9m fa\u00e7o minhas estas palavras e vos encorajo a seguir em frente, confiando-vos \u00e0 Santa Virgem Maria, que inspirou o Caminho Neocatecumenal. Que ela interceda por v\u00f3s diante do seu Filho Divino.<\/p>\n\n<p>Car\u00edssimos, que o Senhor vos acompanhe. Ide, com a minha B\u00ean\u00e7\u00e3o Apost\u00f3lica\u00bb.<\/p>\n","protected":false},"excerpt":{"rendered":"<p>Audi\u00eancia de envio de fam\u00edlias e &#8220;Missio ad gentes&#8221; 6\/3\/2015 Francisco Cidade do Vaticano &#8211; Sala Paulo VI, 6 de mar\u00e7o de 2015 Queridos irm\u00e3os e irm\u00e3s, bom dia a todos e obrigado, muito obrigado! Sa\u00fado cordialmente a todos e, sobretudo, quero agradecer por terdes vindo vos encontrar com o Papa. A tarefa de Pedro \u00e9 a de confirmar os irm\u00e3os na f\u00e9. Assim tamb\u00e9m v\u00f3s, com este gesto, quisestes<\/p>\n<div class=\"read-more\"><a class=\"btn read-more-btn\" href=\"https:\/\/neocatechumenaleiter.org\/pt-br\/palavras-dos-papas\/francisco\/audiencia-de-envio-de-familias-e-missio-ad-gentes-6-3-2015\/\">Ler mais<\/a><\/div>\n","protected":false},"author":2,"featured_media":0,"parent":4355,"menu_order":3,"comment_status":"closed","ping_status":"closed","template":"","meta":{"footnotes":""},"class_list":["post-5543","page","type-page","status-publish","hentry"],"_links":{"self":[{"href":"https:\/\/neocatechumenaleiter.org\/pt-br\/wp-json\/wp\/v2\/pages\/5543","targetHints":{"allow":["GET"]}}],"collection":[{"href":"https:\/\/neocatechumenaleiter.org\/pt-br\/wp-json\/wp\/v2\/pages"}],"about":[{"href":"https:\/\/neocatechumenaleiter.org\/pt-br\/wp-json\/wp\/v2\/types\/page"}],"author":[{"embeddable":true,"href":"https:\/\/neocatechumenaleiter.org\/pt-br\/wp-json\/wp\/v2\/users\/2"}],"replies":[{"embeddable":true,"href":"https:\/\/neocatechumenaleiter.org\/pt-br\/wp-json\/wp\/v2\/comments?post=5543"}],"version-history":[{"count":5,"href":"https:\/\/neocatechumenaleiter.org\/pt-br\/wp-json\/wp\/v2\/pages\/5543\/revisions"}],"predecessor-version":[{"id":6179,"href":"https:\/\/neocatechumenaleiter.org\/pt-br\/wp-json\/wp\/v2\/pages\/5543\/revisions\/6179"}],"up":[{"embeddable":true,"href":"https:\/\/neocatechumenaleiter.org\/pt-br\/wp-json\/wp\/v2\/pages\/4355"}],"wp:attachment":[{"href":"https:\/\/neocatechumenaleiter.org\/pt-br\/wp-json\/wp\/v2\/media?parent=5543"}],"curies":[{"name":"wp","href":"https:\/\/api.w.org\/{rel}","templated":true}]}}