{"id":5569,"date":"2020-02-29T04:22:16","date_gmt":"2020-02-29T03:22:16","guid":{"rendered":"https:\/\/neocatechumenaleiter.org\/francisco\/discurso-do-santo-papa-francisco-aos-representantes-do-caminho-neocatecumenal-1-2-2014\/"},"modified":"2021-08-10T10:59:24","modified_gmt":"2021-08-10T09:59:24","slug":"discurso-do-santo-papa-francisco-aos-representantes-do-caminho-neocatecumenal-1-2-2014","status":"publish","type":"page","link":"https:\/\/neocatechumenaleiter.org\/pt-br\/palavras-dos-papas\/francisco\/discurso-do-santo-papa-francisco-aos-representantes-do-caminho-neocatecumenal-1-2-2014\/","title":{"rendered":"Discurso do Santo Padre Francisco aos representantes do Caminho Neocatecumenal 1\u00ba\/2\/2014"},"content":{"rendered":"\n<h1 class=\"has-text-align-center wp-block-heading\">Discurso do Santo Padre Francisco aos representantes do Caminho Neocatecumenal 1\u00ba\/2\/2014 <\/h1>\n\n<div style=\"height:20px\" aria-hidden=\"true\" class=\"wp-block-spacer\"><\/div>\n\n<h4 class=\"has-text-align-center wp-block-heading\">Francisco<\/h4>\n\n<div style=\"height:20px\" aria-hidden=\"true\" class=\"wp-block-spacer\"><\/div>\n\n<p><em>Queridos irm\u00e3os e irm\u00e3s:<\/em><\/p>\n\n<p>Agrade\u00e7o ao Senhor pela alegria da vossa f\u00e9 e pelo fervor do vosso testemunho crist\u00e3o, gra\u00e7as a Deus! A todos sa\u00fado cordialmente, come\u00e7ando pela equipe respons\u00e1vel internacional do Caminho Neocatecumenal, juntamente com os sacerdotes, seminaristas e catequistas. Dirijo uma sauda\u00e7\u00e3o cheia de afeto \u00e0s crian\u00e7as, aqui presentes em grande n\u00famero. O meu pensamento se dirige de modo especial \u00e0s fam\u00edlias que ir\u00e3o a diversas partes do mundo para anunciar e testemunhar o Evangelho. A Igreja est\u00e1 grata pela vossa generosidade! Agrade\u00e7o-vos por tudo aquilo que fazeis na Igreja e no mundo.<\/p>\n\n<p>E precisamente em nome da Igreja, nossa M\u00e3e \u2013 nossa Santa M\u00e3e Igreja, hier\u00e1rquica como gostava de dizer Santo In\u00e1cio de Loyola \u2013, em nome da Igreja, gostaria de vos propor algumas recomenda\u00e7\u00f5es simples. A primeira \u00e9 ter o m\u00e1ximo cuidado por construir e conservar <em>a comunh\u00e3o no \u00e2mbito das Igrejas particulares<\/em> nas quais ireis trabalhar. O Caminho tem um carisma pr\u00f3prio, uma din\u00e2mica pr\u00f3pria, um dom que como todos os dons do Esp\u00edrito t\u00eam uma profunda dimens\u00e3o eclesial; isso significa se colocar \u00e0 escuta da vida das Igrejas \u00e0s quais os vossos respons\u00e1veis vos enviam, valorizar suas riquezas, sofrer pelas debilidades se for necess\u00e1rio e caminhar juntos, como um \u00fanico rebanho, sob a guia dos Pastores das Igrejas locais. A comunh\u00e3o \u00e9 essencial: por vezes pode ser melhor renunciar a viver em todos os pormenores aquilo que o vosso itiner\u00e1rio exigiria, para garantir a unidade entre os irm\u00e3os que formam a \u00fanica comunidade eclesial, da qual deveis vos sentir sempre parte.<\/p>\n\n<p>Outra indica\u00e7\u00e3o: aonde quer que fores, fareis bem em pensar que o Esp\u00edrito de Deus chega sempre antes de n\u00f3s. Isto \u00e9 importante: <em>o Senhor sempre nos precede!<\/em> Pensai em Filipe, quando o Senhor o convida para aquele caminho no qual encontra um administrador sentado na sua carruagem (cf. <em>At<\/em> 8,27-28). O Esp\u00edrito chegou primeiro: ele lia o profeta Isa\u00edas e n\u00e3o compreendia, mas o cora\u00e7\u00e3o ardia. Assim, quando Filipe se aproxima, ele est\u00e1 preparado para a catequese e para o Batismo. O Esp\u00edrito sempre nos precede; Deus sempre chega antes n\u00f3s! At\u00e9 nos lugares mais distantes, nas culturas mais diversas, Deus espalha em toda parte as sementes de sua Palavra. Disso brota a necessidade de uma especial <em>aten\u00e7\u00e3o ao contexto cultural<\/em> no qual v\u00f3s, fam\u00edlias, ireis atuar: trata-se de um ambiente muitas vezes muito diferente daquele do qual procedeis. Muitos de v\u00f3s ter\u00e3o dificuldade em aprender a l\u00edngua local, por vezes dif\u00edcil, e este esfor\u00e7o \u00e9 apreci\u00e1vel. Muito mais importante ser\u00e1 o vosso compromisso por &#8220;aprender&#8221; as culturas que encontrareis, sabendo reconhecer a necessidade do Evangelho, que est\u00e1 presente em toda a parte, mas tamb\u00e9m a a\u00e7\u00e3o que o Esp\u00edrito Santo realizou na vida e na hist\u00f3ria de cada povo.<\/p>\n\n<p>E, por fim, exorto-vos a <em>ter solicitude e amor uns pelos outros, de modo particular pelos mais fracos<\/em>. O Caminho Neocatecumenal, enquanto itiner\u00e1rio de descoberta do pr\u00f3prio Batismo, \u00e9 um caminho exigente, ao longo do qual um irm\u00e3o ou uma irm\u00e3 pode encontrar dificuldades imprevistas. Nesses casos o exerc\u00edcio da paci\u00eancia e da miseric\u00f3rdia por parte da comunidade \u00e9 sinal de maturidade na f\u00e9. A liberdade de cada um n\u00e3o deve ser for\u00e7ada, e deve-se respeitar tamb\u00e9m a eventual escolha de quem decidir procurar, fora do Caminho, outras formas de vida crist\u00e3 que o ajudem a crescer na resposta ao chamado do Senhor.<\/p>\n\n<p>Queridas fam\u00edlias, queridos irm\u00e3os e irm\u00e3s, encorajo-vos a levar o Evangelho de Jesus Cristo a toda parte, tamb\u00e9m aos ambientes mais descristianizados, sobretudo \u00e0s periferias existenciais. Evangelizai com amor, levai a todos o amor de Deus. Dizei a quantos encontrardes pelos caminhos da vossa miss\u00e3o que Deus ama o homem como ele \u00e9, inclusive com os seus limites, com os seus erros, tamb\u00e9m com os seus pecados. Por isso enviou o seu Filho, para que Ele carregasse sobre si os nossos pecados. Sede mensageiros e testemunhas da infinita bondade e da inesgot\u00e1vel miseric\u00f3rdia do Pai.<\/p>\n\n<p>Recomendo-vos \u00e0 nossa M\u00e3e, Maria, para que inspire e ampare sempre o vosso apostolado. Na escola desta terna M\u00e3e, sede mission\u00e1rios zelosos e jubilosos. N\u00e3o percais a alegria. Adiante!<\/p>\n","protected":false},"excerpt":{"rendered":"<p>Discurso do Santo Padre Francisco aos representantes do Caminho Neocatecumenal 1\u00ba\/2\/2014 Francisco Queridos irm\u00e3os e irm\u00e3s: Agrade\u00e7o ao Senhor pela alegria da vossa f\u00e9 e pelo fervor do vosso testemunho crist\u00e3o, gra\u00e7as a Deus! A todos sa\u00fado cordialmente, come\u00e7ando pela equipe respons\u00e1vel internacional do Caminho Neocatecumenal, juntamente com os sacerdotes, seminaristas e catequistas. Dirijo uma sauda\u00e7\u00e3o cheia de afeto \u00e0s crian\u00e7as, aqui presentes em grande n\u00famero. O meu pensamento se<\/p>\n<div class=\"read-more\"><a class=\"btn read-more-btn\" href=\"https:\/\/neocatechumenaleiter.org\/pt-br\/palavras-dos-papas\/francisco\/discurso-do-santo-papa-francisco-aos-representantes-do-caminho-neocatecumenal-1-2-2014\/\">Ler mais<\/a><\/div>\n","protected":false},"author":2,"featured_media":0,"parent":4355,"menu_order":1,"comment_status":"closed","ping_status":"closed","template":"","meta":{"footnotes":""},"class_list":["post-5569","page","type-page","status-publish","hentry"],"_links":{"self":[{"href":"https:\/\/neocatechumenaleiter.org\/pt-br\/wp-json\/wp\/v2\/pages\/5569","targetHints":{"allow":["GET"]}}],"collection":[{"href":"https:\/\/neocatechumenaleiter.org\/pt-br\/wp-json\/wp\/v2\/pages"}],"about":[{"href":"https:\/\/neocatechumenaleiter.org\/pt-br\/wp-json\/wp\/v2\/types\/page"}],"author":[{"embeddable":true,"href":"https:\/\/neocatechumenaleiter.org\/pt-br\/wp-json\/wp\/v2\/users\/2"}],"replies":[{"embeddable":true,"href":"https:\/\/neocatechumenaleiter.org\/pt-br\/wp-json\/wp\/v2\/comments?post=5569"}],"version-history":[{"count":11,"href":"https:\/\/neocatechumenaleiter.org\/pt-br\/wp-json\/wp\/v2\/pages\/5569\/revisions"}],"predecessor-version":[{"id":8373,"href":"https:\/\/neocatechumenaleiter.org\/pt-br\/wp-json\/wp\/v2\/pages\/5569\/revisions\/8373"}],"up":[{"embeddable":true,"href":"https:\/\/neocatechumenaleiter.org\/pt-br\/wp-json\/wp\/v2\/pages\/4355"}],"wp:attachment":[{"href":"https:\/\/neocatechumenaleiter.org\/pt-br\/wp-json\/wp\/v2\/media?parent=5569"}],"curies":[{"name":"wp","href":"https:\/\/api.w.org\/{rel}","templated":true}]}}