{"id":5580,"date":"2020-03-28T02:15:31","date_gmt":"2020-03-28T01:15:31","guid":{"rendered":"https:\/\/neocatechumenaleiter.org\/francisco\/encontro-internacional-no-50o-aniversario-do-caminho-neocatecumenal-discurso-do-santo-padre-francisco-5-5-2018\/"},"modified":"2020-03-31T20:25:38","modified_gmt":"2020-03-31T19:25:38","slug":"encontro-internacional-no-50o-aniversario-do-caminho-neocatecumenal-discurso-do-santo-padre-francisco-5-5-2018","status":"publish","type":"page","link":"https:\/\/neocatechumenaleiter.org\/pt-br\/palavras-dos-papas\/francisco\/encontro-internacional-no-50o-aniversario-do-caminho-neocatecumenal-discurso-do-santo-padre-francisco-5-5-2018\/","title":{"rendered":"Encontro Internacional no 50\u00ba anivers\u00e1rio do Caminho Neocatecumenal. Discurso do Santo Padre Francisco, 5\/5\/2018"},"content":{"rendered":"\n<h1 class=\"has-text-align-center wp-block-heading\">Encontro Internacional no 50\u00ba anivers\u00e1rio do Caminho Neocatecumenal. Discurso do Santo Padre Francisco, 5\/5\/2018<\/h1>\n\n<div style=\"height:20px\" aria-hidden=\"true\" class=\"wp-block-spacer\"><\/div>\n\n<h4 class=\"has-text-align-center wp-block-heading\">Francisco<\/h4>\n\n<div style=\"height:20px\" aria-hidden=\"true\" class=\"wp-block-spacer\"><\/div>\n\n<p><em>Tor Vergata, Roma&#013;\nS\u00e1bado, 5 de maio 2018<\/em><\/p>\n\n<p><i>Queridos irm\u00e3os e irm\u00e3s, bom dia!<\/i><\/p>\n\n<p>Alegro-me em encontr\u00e1-los e dizer hoje convosco: obrigado! Obrigado a Deus e tamb\u00e9m a v\u00f3s, sobretudo a todos que fizeram uma longa viagem para estar aqui. Obrigado pelo &#8220;sim&#8221; que dissestes, por terdes acolhido o chamado do Senhor para viver o Evangelho e evangelizar. E dirijo um profundo agradecimento tamb\u00e9m a quantos iniciaram o Caminho Neocatecumenal h\u00e1 cinquenta anos.<\/p>\n\n<p>Cinquenta \u00e9 um n\u00famero importante na Escritura: no quinquag\u00e9simo dia, o Esp\u00edrito do Ressuscitado desceu sobre os Ap\u00f3stolos e manifestou a Igreja ao mundo. Antes ainda, Deus tinha aben\u00e7oado o quinquag\u00e9simo ano: &#8220;O quinquag\u00e9simo ano ser\u00e1 para v\u00f3s um ano jubilar&#8221; (<em>Lv<\/em> 25,11). Um ano santo, no qual o povo eleito teria tocado com a m\u00e3o novas realidades, como a liberta\u00e7\u00e3o dos opressores e o retorno para casa: &#8220;Proclamareis a liberta\u00e7\u00e3o de todos os moradores da terra \u2500 disse o Senhor \u2500 [&#8230;] Cada um de v\u00f3s retornar\u00e1 a seu patrim\u00f4nio e cada um de v\u00f3s voltar\u00e1 ao seu cl\u00e3&#8221; (v. 10). Eis, depois de cinquenta anos do Caminho, seria bom que cada um de v\u00f3s dissesse: &#8220;Obrigado, Senhor, porque realmente me libertastes; porque na Igreja encontrei a minha fam\u00edlia; porque no vosso Batismo as coisas velhas passaram e saboreio uma vida nova (cf. <em>2 Cor<\/em> 5,17); porque por meio do Caminho me indicastes a vereda para descobrir o vosso amor terno de Pai.<\/p>\n\n<p>Queridos irm\u00e3os e irm\u00e3s, ao final cantareis o &#8220;<em>Te Deum\u201d<\/em> em agradecimento pelo amor e a fidelidade de Deus. Isto \u00e9 muito bonito: dar gra\u00e7as a Deus pelo seu <em>amor<\/em> e pela sua <em>fidelidade<\/em>. Muitas vezes damos gra\u00e7as pelos seus dons, por aquilo que nos d\u00e1, e \u00e9 bom faz\u00ea-lo. Mas \u00e9 ainda melhor dar gra\u00e7as por <em>aquilo que Ele \u00e9<\/em>, porque \u00e9 o Deus <em>fiel no amor<\/em>. A sua bondade n\u00e3o depende de n\u00f3s. Seja l\u00e1 o que fizermos, Deus continua a nos amar fielmente. Esta \u00e9 a fonte da nossa confian\u00e7a, a grande consola\u00e7\u00e3o da vida. Ent\u00e3o coragem, nunca vos entristeceis! E quando as nuvens dos problemas parecem adensar-se pesadamente sobre os vossos dias, recordai-vos que o amor fiel de Deus resplandece sempre, como sol que n\u00e3o se p\u00f5e. Lembrai-vos do seu bem, mais forte que qualquer mal, e a doce recorda\u00e7\u00e3o do amor de Deus vos ajudar\u00e1 em qualquer ang\u00fastia.<\/p>\n\n<p>Ainda falta um agradecimento importante: a todos v\u00f3s que estais para partir em miss\u00e3o. Quero dizer-vos algo de cora\u00e7\u00e3o sobre a miss\u00e3o, sobre a evangeliza\u00e7\u00e3o, que \u00e9 a prioridade da Igreja hoje. Porque miss\u00e3o \u00e9 dar voz ao amor fiel de Deus, \u00e9 anunciar que o Senhor nos ama e que nunca se cansar\u00e1 de mim, de ti, de n\u00f3s e deste nosso mundo, do qual talvez n\u00f3s nos cansemos. Miss\u00e3o \u00e9 doar aquilo que n\u00f3s recebemos. Miss\u00e3o \u00e9 cumprir o mandato de Jesus que ouvimos e sobre o qual gostaria de meditar convosco: &#8220;Ide, portanto, e fazei que todas as na\u00e7\u00f5es se tornem meus disc\u00edpulos&#8221; (<em>Mt<\/em> 28,19).<\/p>\n\n<p>Ide. A miss\u00e3o pede para partir. Mas na vida \u00e9 forte a tenta\u00e7\u00e3o de ficar, de n\u00e3o correr riscos, de se contentar em ter a situa\u00e7\u00e3o sob controle. \u00c9 mais f\u00e1cil ficar em casa, rodeados de quem nos quer bem, mas este n\u00e3o \u00e9 o caminho de Jesus. Ele envia: &#8220;Ide!&#8221;. N\u00e3o usa meias-medidas. N\u00e3o autoriza deslocamentos breves ou viagens reembolsadas, mas diz aos seus disc\u00edpulos, a todos os seus disc\u00edpulos uma \u00fanica palavra: &#8220;Ide!&#8221;. Ide: um chamado forte que ressoa em todos os \u00e2mbitos da vida crist\u00e3; um convite claro para estarmos sempre em sa\u00edda, peregrinos no mundo \u00e0 procura do irm\u00e3o que ainda n\u00e3o conhece a alegria do amor de Deus.<\/p>\n\n<p>Mas como se faz para partir? \u00c9 preciso ser \u00e1gil, n\u00e3o podemos carregar conosco todos os objetos de casa. A B\u00edblia ensina isso: quando Deus libertou o povo eleito, f\u00ea-lo caminhar no deserto somente com a bagagem da confian\u00e7a n&#8217;Ele. E, quando se fez homem, Ele mesmo caminhou na pobreza, sem ter onde reclinar a cabe\u00e7a (cf. <em>Lc<\/em> 9,58). E pede aos seus que tenham o mesmo estilo. Para partir \u00e9 preciso ser ligeiro. Para anunciar \u00e9 necess\u00e1rio renunciar. S\u00f3 uma Igreja que renuncia ao mundo anuncia bem o Senhor. S\u00f3 uma Igreja desapegada do poder e do dinheiro, livre de triunfalismos e clericalismos, testemunha de modo cr\u00edvel que Cristo liberta o homem. E que, pelo seu amor, aprende a renunciar \u00e0s coisas que passam, abra\u00e7a este grande tesouro: a liberdade. J\u00e1 n\u00e3o permanece preso nos seus apegos, que sempre reclamam algo mais, mas nunca d\u00e3o a paz, e sente que o cora\u00e7\u00e3o se dilata, sem inquieta\u00e7\u00f5es, dispon\u00edvel para Deus e para os irm\u00e3os.<\/p>\n\n<p>&#8220;Ide&#8221; \u00e9 o verbo da miss\u00e3o e nos diz ainda mais uma coisa: que se conjuga no plural. O Senhor n\u00e3o diz: &#8220;vai tu, depois tu, depois tu&#8230;&#8221; mas &#8220;ide&#8221;, juntos! Aqueles que v\u00e3o sozinhos n\u00e3o s\u00e3o plenamente mission\u00e1rios, mas aqueles que caminham juntos. Caminhar juntos \u00e9 uma arte para aprender sempre, todos os dias. \u00c9 preciso estar atento, por exemplo, a n\u00e3o ditar o passo dos outros. Ao contr\u00e1rio, \u00e9 necess\u00e1rio acompanhar e esperar, recordando que o caminho do outro \u00e9 id\u00eantico ao meu. Assim como na vida ningu\u00e9m tem o passo exatamente igual ao outro, acontece o mesmo tamb\u00e9m na f\u00e9 e na miss\u00e3o: vamos em frente juntos, sem nos isolar e sem impor o nosso sentido de marcha; vamos em frente unidos, como Igreja, com os pastores, com todos os irm\u00e3os, sem fugas para frente e sem nos queixar contra aqueles que t\u00eam o passo mais lento. Somos peregrinos que, acompanhados pelos irm\u00e3os, acompanham outros irm\u00e3os, e \u00e9 bom faz\u00ea-lo pessoalmente, com aten\u00e7\u00e3o e respeito pelo caminho de cada um e sem for\u00e7ar o crescimento de ningu\u00e9m, porque a resposta a Deus somente amadurece na liberdade aut\u00eantica e sincera.<\/p>\n\n<p>Jesus ressuscitado diz: &#8220;Fazei disc\u00edpulos!&#8221;. Eis a miss\u00e3o. N\u00e3o diz: conquistai, ocupai, mas &#8220;fazei disc\u00edpulos&#8221;, ou seja, dividi com os outros o dom que recebestes, o encontro de amor que vos transformou a vida. \u00c9 o cora\u00e7\u00e3o da miss\u00e3o: testemunhar que Deus nos ama e que com Ele \u00e9 poss\u00edvel o verdadeiro amor, aquele que leva a oferecer a vida em qualquer lugar, na fam\u00edlia, no trabalho, como consagrados e como casados. Miss\u00e3o \u00e9 voltar a ser disc\u00edpulo com os novos disc\u00edpulos de Jesus. \u00c9 redescobrir-se  parte de uma Igreja que \u00e9 disc\u00edpula. Sem d\u00favida, a Igreja \u00e9 mestra, mas n\u00e3o pode ser mestra se antes n\u00e3o for disc\u00edpula, assim como n\u00e3o pode ser m\u00e3e se antes n\u00e3o for filha. Eis a nossa M\u00e3e: uma Igreja humilde, filha do Pai e disc\u00edpula do Mestre, feliz por ser irm\u00e3 da humanidade. E esta din\u00e2mica do discipulado \u2500 o disc\u00edpulo que faz disc\u00edpulos \u2500 \u00e9 totalmente diferente da din\u00e2mica do proselitismo.<\/p>\n\n<p>Nisto consiste a for\u00e7a do an\u00fancio, para que o mundo creia. N\u00e3o s\u00e3o importantes os argumentos que convencem, mas a vida que atrai; n\u00e3o a capacidade de se impor, mas a coragem de servir. E v\u00f3s tendes no vosso &#8220;DNA&#8221; esta voca\u00e7\u00e3o para anunciar vivendo em fam\u00edlia, a exemplo da Sagrada Fam\u00edlia: em humildade, simplicidade e louvor. Levai esta atmosfera familiar a muitos lugares desolados e privados de afeto. Deixai-vos reconhecer como amigos de Jesus. A todos chamai amigos e de todos sede amigos.<\/p>\n\n<p>&#8220;Ide e fazei disc\u00edpulos a <em>todas as na\u00e7\u00f5es<\/em>&#8220;. E quando Jesus diz <em>todas<\/em> parece que deseja ressaltar que no seu cora\u00e7\u00e3o h\u00e1 lugar para todos os povos. Ningu\u00e9m est\u00e1 exclu\u00eddo. Assim como os filhos para um pai e uma m\u00e3e: n\u00e3o obstante sejam muitos, grandes e pequenos, cada um \u00e9 amado de todo o cora\u00e7\u00e3o. Pois quando \u00e9 doado, o amor n\u00e3o diminui, mas aumenta. E \u00e9 sempre esperan\u00e7oso. Como os pais, que antes de tudo n\u00e3o veem os defeitos e as faltas dos filhos, mas os pr\u00f3prios filhos, e nesta luz acolhem os seus problemas e as suas dificuldades, assim fazem os mission\u00e1rios com os povos amados por Deus. N\u00e3o colocam em evid\u00eancia os aspectos negativos e as coisas que devem mudar, mas &#8220;veem com o cora\u00e7\u00e3o&#8221;, com um olhar que aprecia, uma abordagem que respeita, uma confian\u00e7a que tem paci\u00eancia. Ide assim em miss\u00e3o, pensando em &#8220;jogar em casa&#8221;. Porque o Senhor \u00e9 de casa, est\u00e1 junto de cada povo, e o seu Esp\u00edrito j\u00e1 semeou antes mesmo da vossa chegada. E pensando no nosso Pai, que ama tanto o mundo (cf. <em>Jo<\/em> 3,16), sede apaixonados pela humanidade, colaboradores da alegria de todos (cf. <em>2 Cor<\/em> 1,24), influentes porque pr\u00f3ximos, que s\u00e3o ouvidos porque permanecem perto. Amai as culturas e as tradi\u00e7\u00f5es dos povos, sem aplicar modelos predeterminados. N\u00e3o come\u00e7ai pelas teorias e pelos esquemas, mas pelas situa\u00e7\u00f5es concretas: assim, o Esp\u00edrito h\u00e1 de plasmar o an\u00fancio segundo os seus tempos e os seus modos. E a Igreja crescer\u00e1 \u00e0 sua imagem: unida na diversidade dos povos, dos dons e dos carismas.<\/p>\n\n<p>Queridos irm\u00e3os e irm\u00e3s, o vosso carisma \u00e9 um grande dom de Deus para a Igreja do nosso tempo. Demos gra\u00e7as ao Senhor por estes cinquenta anos: um aplauso pelos cinquenta anos! E olhando para a sua fidelidade paterna, fraterna e amorosa, nunca percais a confian\u00e7a: Ele vos proteger\u00e1, impelindo-vos ao mesmo tempo a partir, como disc\u00edpulos amados, rumo a todos os povos, com simplicidade humilde. Acompanho-vos e encorajo-vos: ide em frente! E, por favor, n\u00e3o vos esque\u00e7ais de rezar por mim, que permane\u00e7o aqui!<\/p>\n","protected":false},"excerpt":{"rendered":"<p>Encontro Internacional no 50\u00ba anivers\u00e1rio do Caminho Neocatecumenal. Discurso do Santo Padre Francisco, 5\/5\/2018 Francisco Tor Vergata, Roma&#013; S\u00e1bado, 5 de maio 2018 Queridos irm\u00e3os e irm\u00e3s, bom dia! Alegro-me em encontr\u00e1-los e dizer hoje convosco: obrigado! Obrigado a Deus e tamb\u00e9m a v\u00f3s, sobretudo a todos que fizeram uma longa viagem para estar aqui. Obrigado pelo &#8220;sim&#8221; que dissestes, por terdes acolhido o chamado do Senhor para viver o<\/p>\n<div class=\"read-more\"><a class=\"btn read-more-btn\" href=\"https:\/\/neocatechumenaleiter.org\/pt-br\/palavras-dos-papas\/francisco\/encontro-internacional-no-50o-aniversario-do-caminho-neocatecumenal-discurso-do-santo-padre-francisco-5-5-2018\/\">Ler mais<\/a><\/div>\n","protected":false},"author":2,"featured_media":0,"parent":4355,"menu_order":6,"comment_status":"closed","ping_status":"closed","template":"","meta":{"footnotes":""},"class_list":["post-5580","page","type-page","status-publish","hentry"],"_links":{"self":[{"href":"https:\/\/neocatechumenaleiter.org\/pt-br\/wp-json\/wp\/v2\/pages\/5580","targetHints":{"allow":["GET"]}}],"collection":[{"href":"https:\/\/neocatechumenaleiter.org\/pt-br\/wp-json\/wp\/v2\/pages"}],"about":[{"href":"https:\/\/neocatechumenaleiter.org\/pt-br\/wp-json\/wp\/v2\/types\/page"}],"author":[{"embeddable":true,"href":"https:\/\/neocatechumenaleiter.org\/pt-br\/wp-json\/wp\/v2\/users\/2"}],"replies":[{"embeddable":true,"href":"https:\/\/neocatechumenaleiter.org\/pt-br\/wp-json\/wp\/v2\/comments?post=5580"}],"version-history":[{"count":5,"href":"https:\/\/neocatechumenaleiter.org\/pt-br\/wp-json\/wp\/v2\/pages\/5580\/revisions"}],"predecessor-version":[{"id":6182,"href":"https:\/\/neocatechumenaleiter.org\/pt-br\/wp-json\/wp\/v2\/pages\/5580\/revisions\/6182"}],"up":[{"embeddable":true,"href":"https:\/\/neocatechumenaleiter.org\/pt-br\/wp-json\/wp\/v2\/pages\/4355"}],"wp:attachment":[{"href":"https:\/\/neocatechumenaleiter.org\/pt-br\/wp-json\/wp\/v2\/media?parent=5580"}],"curies":[{"name":"wp","href":"https:\/\/api.w.org\/{rel}","templated":true}]}}