{"id":5617,"date":"2020-03-28T03:48:03","date_gmt":"2020-03-28T02:48:03","guid":{"rendered":"https:\/\/neocatechumenaleiter.org\/palavras-dos-papas\/bento-xvi\/discurso-pelos-quarenta-anos-do-inicio-do-caminho-10-01-2009\/"},"modified":"2020-06-06T20:21:22","modified_gmt":"2020-06-06T19:21:22","slug":"discurso-pelos-quarenta-anos-do-inicio-do-caminho-10-01-2009","status":"publish","type":"page","link":"https:\/\/neocatechumenaleiter.org\/pt-br\/palavras-dos-papas\/bento-xvi\/discurso-pelos-quarenta-anos-do-inicio-do-caminho-10-01-2009\/","title":{"rendered":"Discurso pelos quarenta anos do in\u00edcio do Caminho 10\/01\/2009"},"content":{"rendered":"\n<h1 class=\"has-text-align-center wp-block-heading\">Discurso pelos quarenta anos do in\u00edcio do Caminho 10\/01\/2009<\/h1>\n\n<div style=\"height:20px\" aria-hidden=\"true\" class=\"wp-block-spacer\"><\/div>\n\n<h4 class=\"has-text-align-center wp-block-heading\">Bento XVI<\/h4>\n\n<div style=\"height:20px\" aria-hidden=\"true\" class=\"wp-block-spacer\"><\/div>\n\n<div class=\"wp-block-image is-style-circle-mask\"><figure class=\"alignleft size-large\"><img loading=\"lazy\" decoding=\"async\" width=\"400\" height=\"281\" src=\"https:\/\/neocatechumenaleiter.org\/wp-content\/uploads\/2020\/02\/Camino_Neocatecumenal_Benedicto_XVI_Celebracion_40_aniversario_Roma.jpg\" alt=\"\" class=\"wp-image-1189\" srcset=\"https:\/\/neocatechumenaleiter.org\/wp-content\/uploads\/2020\/02\/Camino_Neocatecumenal_Benedicto_XVI_Celebracion_40_aniversario_Roma.jpg 400w, https:\/\/neocatechumenaleiter.org\/wp-content\/uploads\/2020\/02\/Camino_Neocatecumenal_Benedicto_XVI_Celebracion_40_aniversario_Roma-300x211.jpg 300w\" sizes=\"auto, (max-width: 400px) 100vw, 400px\" \/><\/figure><\/div>\n\n<p><strong>Bas\u00edlica de S\u00e3o Pedro, 10 de janeiro de 2009<\/strong><\/p>\n\n<p>No dia 10 de janeiro de 2009, na Bas\u00edlica de S\u00e3o Pedro, transbordando de irm\u00e3os das comunidades, com um breve, mas solene ato, foi celebrado os 40 anos do Caminho Neocatecumenal na diocese\u00ad de Roma. O Santo Padre estava acompanhado do cardeal vig\u00e1rio Agostino Vallini e do cardeal Stanis\u0142aw Ry\u0142ko, presidente do Pontif\u00edcio Conselho para os Leigos. Na Bas\u00edlica, entre outros, encontrava-se o prefeito do Culto, cardeal Antonio Ca\u00f1izares.&#13;\n&#13;\nNo in\u00edcio do ato presidido pelo Santo Padre Bento XVI, Kiko apresentou a todos os presentes a primeira comunidade da par\u00f3quia de Nossa Senhora do Sant\u00edssimo Sacramento e Santos M\u00e1rtires Canadenses, que completa\u00a0 40 anos de Caminho; a primeira comunidade da Bonne Nouvelle de Paris; as 14 <em>&#8220;communitates in missionem&#8221;<\/em> de Roma que partem para as periferias mais dif\u00edceis da diocese; as 14 <em>&#8220;missio ad gentes&#8221;<\/em> que ir\u00e3o para os cinco continentes; as 200 novas fam\u00edlias que partem em miss\u00e3o a v\u00e1rios lugares do mundo; os 700 catequistas itinerantes respons\u00e1veis do Caminho Neocatecumenal nas na\u00e7\u00f5es; as 500 comunidades presentes em 103 par\u00f3quias da diocese de Roma.&#13;\n&#13;\nAp\u00f3s, teve lugar a solene proclama\u00e7\u00e3o do Evangelho de Mt 10,5-42, feita pelo Padre Mario, e a continua\u00e7\u00e3o do discurso do Papa.&#13;\n&#13;\nDepois do discurso, o Santo Padre aben\u00e7oou e entregou o crucifixo \u00e0queles que saiam para a miss\u00e3o. Depois da ora\u00e7\u00e3o do Pai-Nosso e de uma moni\u00e7\u00e3o de Carmen Hern\u00e1ndez, que quis recordar os Papas que marcaram a hist\u00f3ria do Caminho \u2500 desde Pio XII, pela renova\u00e7\u00e3o lit\u00fargica, a Jo\u00e3o XXIII, pelo Conc\u00edlio, a Paulo VI, Jo\u00e3o Paulo I e Jo\u00e3o Paulo II \u2500 com as Congrega\u00e7\u00f5es que nos acompanharam de perto e os cardeais Paul Cordes e Stanis\u0142aw Ry\u0142ko, toda a assembleia cantou solenemente o &#8220;Te Deum&#8221; em agradecimento.<\/p>\n\n<p><em>O Papa se dirigiu aos presentes com as seguintes palavras:<\/em><\/p>\n\n<div class=\"wp-block-image is-style-default\"><figure class=\"alignright size-large\"><img loading=\"lazy\" decoding=\"async\" width=\"400\" height=\"267\" src=\"https:\/\/neocatechumenaleiter.org\/wp-content\/uploads\/2020\/02\/Camino_Neocatecumenal_Benedicto_XVI_Kiko_Arguello_envio_misiones_ad_gentes_vaticano.jpg\" alt=\"Envio das Miss&#xF5;es &quot;ad Gentes&quot; desde S&#xE3;o Pedro\" class=\"wp-image-1370\" srcset=\"https:\/\/neocatechumenaleiter.org\/wp-content\/uploads\/2020\/02\/Camino_Neocatecumenal_Benedicto_XVI_Kiko_Arguello_envio_misiones_ad_gentes_vaticano.jpg 400w, https:\/\/neocatechumenaleiter.org\/wp-content\/uploads\/2020\/02\/Camino_Neocatecumenal_Benedicto_XVI_Kiko_Arguello_envio_misiones_ad_gentes_vaticano-300x200.jpg 300w\" sizes=\"auto, (max-width: 400px) 100vw, 400px\" \/><\/figure><\/div>\n\n<p>Queridos irm\u00e3os e irm\u00e3s:&#13;\n&#13;\n\u00c9 com grande alegria que vos recebo em t\u00e3o grande n\u00famero no dia de hoje, por ocasi\u00e3o do 40\u00ba anivers\u00e1rio do in\u00edcio do Caminho Neocatecumenal em Roma, que conta atualmente com 500 comunidades. A todos v\u00f3s a minha cordial sauda\u00e7\u00e3o. De modo especial sa\u00fado o cardeal Vig\u00e1rio, Agostino Vallini, como tamb\u00e9m o cardeal Stanis\u0142aw Ry\u0142ko, presidente do Pontif\u00edcio Conselho para os Leigos, que com dedica\u00e7\u00e3o vos acompanharam no itiner\u00e1rio de aprova\u00e7\u00e3o dos vossos Estatutos. Sa\u00fado os respons\u00e1veis do Caminho Neocatecumenal: o senhor Kiko Arg\u00fcello, a quem agrade\u00e7o cordialmente pelas palavras entusiasmadas e entusiasmantes com que se fez int\u00e9rprete dos sentimentos de todos v\u00f3s. Sa\u00fado a senhora Carmen Hern\u00e1ndez e Padre Mario Pezzi. Sa\u00fado as comunidades que partem em miss\u00e3o \u00e0s periferias mais necessitadas de Roma, aqueles que v\u00e3o em <em>&#8220;missio ad gentes&#8221;<\/em> nos cinco continentes, as 200 novas fam\u00edlias itinerantes e os 700 catequistas itinerantes respons\u00e1veis do Caminho Neocatecumenal nas v\u00e1rias na\u00e7\u00f5es. Obrigado a todos v\u00f3s. O Senhor vos acompanhe.<\/p>\n\n<p>Este nosso encontro se realiza significativamente na Bas\u00edlica Vaticana constru\u00edda sobre o sepulcro do ap\u00f3stolo S\u00e3o Pedro. Foi precisamente ele, o Pr\u00edncipe dos Ap\u00f3stolos, que, respondendo \u00e0 pergunta com que Jesus interpelava os Doze sobre a sua identidade, confessou com \u00edmpeto: &#8220;Tu \u00e9s o Cristo, o Filho do Deus vivo&#8221; (Mt 16,16). Hoje estais aqui reunidos para renovar esta mesma profiss\u00e3o de f\u00e9. A vossa presen\u00e7a, assim t\u00e3o numerosa e animada, d\u00e1 testemunho dos prod\u00edgios realizados pelo Senhor no per\u00edodo de quatro d\u00e9cadas; ela indica tamb\u00e9m o compromisso com que pretendeis continuar o caminho iniciado, um caminho de seguimento fiel de Cristo e de testemunho corajoso do seu Evangelho, n\u00e3o somente aqui em Roma, mas onde quer que a Provid\u00eancia vos conduza; um caminho de d\u00f3cil ades\u00e3o \u00e0s diretrizes dos Pastores e de comunh\u00e3o com todos os outros componentes do Povo de Deus. V\u00f3s pretendeis fazer isso, bem conscientes de que ajudar os homens deste nosso tempo a encontrar Jesus Cristo, Redentor do homem, constitui a miss\u00e3o da Igreja e de cada batizado. O &#8220;Caminho Neocatecumenal&#8221; insere-se nesta miss\u00e3o eclesial como uma das numerosas vias suscitadas pelo Esp\u00edrito Santo com o Conc\u00edlio Vaticano II para a nova evangeliza\u00e7\u00e3o.<\/p>\n\n<div class=\"wp-block-image is-style-default\"><figure class=\"alignleft size-large\"><img loading=\"lazy\" decoding=\"async\" width=\"400\" height=\"265\" src=\"https:\/\/neocatechumenaleiter.org\/wp-content\/uploads\/2020\/02\/Camino_Neocatecumenal_responsables_comunidades_roma.jpg\" alt=\"\" class=\"wp-image-1196\" srcset=\"https:\/\/neocatechumenaleiter.org\/wp-content\/uploads\/2020\/02\/Camino_Neocatecumenal_responsables_comunidades_roma.jpg 400w, https:\/\/neocatechumenaleiter.org\/wp-content\/uploads\/2020\/02\/Camino_Neocatecumenal_responsables_comunidades_roma-300x199.jpg 300w\" sizes=\"auto, (max-width: 400px) 100vw, 400px\" \/><\/figure><\/div>\n\n<p>Tudo come\u00e7ou aqui em Roma, h\u00e1 40 anos, quando na Par\u00f3quia dos Santos M\u00e1rtires Canadenses foram formadas as primeiras comunidades do Caminho Neocatecumenal. Como deixar de bendizer o Senhor pelos frutos espirituais que, pelo m\u00e9todo de evangeliza\u00e7\u00e3o por v\u00f3s levado a cabo, puderam ser recolhidos nestes anos? Quantas novas energias apost\u00f3licas foram suscitadas, tanto entre os sacerdotes como entre os leigos! Quantos homens e mulheres e quantas fam\u00edlias que estavam afastadas da comunidade eclesial ou tinham abandonado a pr\u00e1tica da vida crist\u00e3, pelo an\u00fancio do &#8220;kerigma&#8221; e do itiner\u00e1rio de redescoberta do Batismo, foram ajudados a reencontrar a alegria da f\u00e9 e o entusiasmo do testemunho evang\u00e9lico! A recente aprova\u00e7\u00e3o dos Estatutos do &#8220;Caminho&#8221; por parte do Pontif\u00edcio Conselho para os Leigos veio selar a estima e a benevol\u00eancia com que a Santa S\u00e9 acompanha a obra que o Senhor suscitou por meio dos vossos iniciadores. O Papa, bispo de Roma, agradece pelo generoso servi\u00e7o que prestais \u00e0 evangeliza\u00e7\u00e3o desta cidade e pela dedica\u00e7\u00e3o com que vos prodigalizais por levar o an\u00fancio crist\u00e3o a todos os seus ambientes. Obrigado a todos v\u00f3s.<\/p>\n\n<div class=\"wp-block-image is-style-default\"><figure class=\"alignright size-large\"><img loading=\"lazy\" decoding=\"async\" width=\"400\" height=\"267\" src=\"https:\/\/neocatechumenaleiter.org\/wp-content\/uploads\/2020\/02\/Camino_Neocatecumenal_Benedicto_XVI_Kiko_Arguello_presenta_comunidades.jpg\" alt=\"\" class=\"wp-image-1203\" srcset=\"https:\/\/neocatechumenaleiter.org\/wp-content\/uploads\/2020\/02\/Camino_Neocatecumenal_Benedicto_XVI_Kiko_Arguello_presenta_comunidades.jpg 400w, https:\/\/neocatechumenaleiter.org\/wp-content\/uploads\/2020\/02\/Camino_Neocatecumenal_Benedicto_XVI_Kiko_Arguello_presenta_comunidades-300x200.jpg 300w\" sizes=\"auto, (max-width: 400px) 100vw, 400px\" \/><\/figure><\/div>\n\n<p>A vossa a\u00e7\u00e3o apost\u00f3lica, j\u00e1 t\u00e3o benem\u00e9rita, ser\u00e1 ainda mais eficaz na medida em que vos esfor\u00e7ardes por cultivar constantemente aquele anseio pela unidade que Jesus comunicou aos Doze durante a \u00daltima Ceia. Ouvimos o canto: antes da Paix\u00e3o, com efeito, o nosso Redentor rezou intensamente para que os seus disc\u00edpulos fossem uma s\u00f3 coisa, de modo que o mundo pudesse ser impelido a crer n&#8217;Ele (cfr. Jo 17,21), porque tal unidade s\u00f3 pode vir da for\u00e7a de Deus. \u00c9 esta unidade, dom do Esp\u00edrito Santo e busca incessante dos fi\u00e9is, que faz de cada comunidade uma articula\u00e7\u00e3o viva e bem inserida no Corpo m\u00edstico de Cristo. A unidade dos disc\u00edpulos do Senhor pertence \u00e0 ess\u00eancia da Igreja e \u00e9 condi\u00e7\u00e3o indispens\u00e1vel para que a sua a\u00e7\u00e3o evangelizadora seja fecunda e cr\u00edvel. Sei com quanto zelo as comunidades do Caminho Neocatecumenal est\u00e3o trabalhando em 103 par\u00f3quias de Roma. Enquanto vos encorajo a prosseguir neste empenho, exorto-vos a intensificar a vossa ades\u00e3o a todas as diretrizes do cardeal vig\u00e1rio, meu colaborador direto no governo pastoral da diocese. Obrigado pelo vosso &#8220;sim&#8221;, que obviamente vem do cora\u00e7\u00e3o. A inser\u00e7\u00e3o org\u00e2nica do &#8220;Caminho&#8221; na pastoral diocesana e a sua unidade com as outras realidades eclesiais ir\u00e3o beneficiar todo o povo crist\u00e3o e tornar\u00e3o mais frutuoso o esfor\u00e7o da diocese em vista de um renovado an\u00fancio do Evangelho nesta nossa cidade. Com efeito, hoje h\u00e1 a necessidade de uma vasta a\u00e7\u00e3o mission\u00e1ria que envolva as diversas realidades eclesiais que, mesmo conservando cada uma a originalidade do pr\u00f3prio carisma, trabalhem em conjunto procurando realizar aquela &#8220;pastoral integrada&#8221;, que j\u00e1 permitiu alcan\u00e7ar resultados significativos. E v\u00f3s, colocando-vos com plena disponibilidade a servi\u00e7o do bispo, como recordam os vossos estatutos, podereis servir de exemplo para muitas igrejas locais que olham justamente para a Igreja de Roma como modelo a ser seguido.<\/p>\n\n<div class=\"wp-block-image is-style-circle-mask\"><figure class=\"alignleft size-large\"><img loading=\"lazy\" decoding=\"async\" width=\"400\" height=\"262\" src=\"https:\/\/neocatechumenaleiter.org\/wp-content\/uploads\/2020\/02\/Camino_Neocatecumenal_Benedicto_XVI_Carmen_Hernandez.jpg\" alt=\"\" class=\"wp-image-1210\" srcset=\"https:\/\/neocatechumenaleiter.org\/wp-content\/uploads\/2020\/02\/Camino_Neocatecumenal_Benedicto_XVI_Carmen_Hernandez.jpg 400w, https:\/\/neocatechumenaleiter.org\/wp-content\/uploads\/2020\/02\/Camino_Neocatecumenal_Benedicto_XVI_Carmen_Hernandez-300x197.jpg 300w\" sizes=\"auto, (max-width: 400px) 100vw, 400px\" \/><\/figure><\/div>\n\n<p>H\u00e1 um outro fruto espiritual amadurecido nestes 40 anos pelo qual, juntamente convosco, gostaria de dar gra\u00e7as \u00e0 Provid\u00eancia divina: \u00e9 o grande n\u00famero de sacerdotes e de pessoas consagradas que o Senhor suscitou nas vossas comunidades. Muitos sacerdotes est\u00e3o comprometidos nas par\u00f3quias e em outros campos de apostolado diocesano; muitos s\u00e3o mission\u00e1rios itinerantes em v\u00e1rias na\u00e7\u00f5es: eles prestam um generoso servi\u00e7o \u00e0 Igreja de Roma, e a Igreja de Roma oferece um precioso servi\u00e7o \u00e0 evangeliza\u00e7\u00e3o do mundo. \u00c9 uma verdadeira &#8220;primavera de esperan\u00e7a&#8221; para a comunidade diocesana de Roma e para a igreja universal! Agrade\u00e7o ao reitor e aos seus colaboradores do Semin\u00e1rio Redemptoris Mater de Roma pela obra educativa que eles levam a cabo. Todos n\u00f3s sabemos que a tarefa deles n\u00e3o \u00e9 f\u00e1cil, mas muito importante para o futuro da Igreja. Portanto, encorajo-os a prosseguir nesta miss\u00e3o, seguindo as diretrizes formativas propostas tanto pela Santa S\u00e9 como pela diocese. O objetivo que os formadores devem ter presente \u00e9 o de preparar presb\u00edteros bem inseridos no presbit\u00e9rio diocesano e na pastoral tanto paroquial quanto diocesana.<\/p>\n\n<p>Queridos irm\u00e3os e irm\u00e3s, o trecho do Evangelho que foi proclamado evocou-nos as exig\u00eancias e as condi\u00e7\u00f5es da miss\u00e3o apost\u00f3lica.  As palavras de Jesus, que nos foram referidas pelo evangelista S\u00e3o Mateus, ressoam como um convite a n\u00e3o desanimar perante as dificuldades, a n\u00e3o procurar sucessos humanos, a n\u00e3o temer as incompreens\u00f5es e at\u00e9 mesmo as persegui\u00e7\u00f5es. Pelo contr\u00e1rio, encorajam a depositar a confian\u00e7a unicamente no poder de Cristo, a tomar a &#8220;pr\u00f3pria cruz&#8221; e a seguir as pegadas do nosso Redentor que, neste tempo natal\u00edcio j\u00e1 para terminar, apareceu a n\u00f3s na humildade e na pobreza de Bel\u00e9m. A Virgem Santa, modelo de cada disc\u00edpulo de Cristo e &#8220;casa da b\u00ean\u00e7\u00e3o&#8221;, como cantastes, vos ajude a realizar com alegria e fidelidade o mandato que a Igreja vos entrega com confian\u00e7a. Ao mesmo tempo em que  vos agrade\u00e7o pelo servi\u00e7o que prestais \u00e0 Igreja de Roma, asseguro-vos a minha ora\u00e7\u00e3o e, de cora\u00e7\u00e3o, aben\u00e7oo os que est\u00e3o aqui presentes e todas as comunidades do Caminho Neocatecumenal espalhadas pelo mundo inteiro.<\/p>\n","protected":false},"excerpt":{"rendered":"<p>Discurso pelos quarenta anos do in\u00edcio do Caminho 10\/01\/2009 Bento XVI Bas\u00edlica de S\u00e3o Pedro, 10 de janeiro de 2009 No dia 10 de janeiro de 2009, na Bas\u00edlica de S\u00e3o Pedro, transbordando de irm\u00e3os das comunidades, com um breve, mas solene ato, foi celebrado os 40 anos do Caminho Neocatecumenal na diocese\u00ad de Roma. O Santo Padre estava acompanhado do cardeal vig\u00e1rio Agostino Vallini e do cardeal Stanis\u0142aw Ry\u0142ko,<\/p>\n<div class=\"read-more\"><a class=\"btn read-more-btn\" href=\"https:\/\/neocatechumenaleiter.org\/pt-br\/palavras-dos-papas\/bento-xvi\/discurso-pelos-quarenta-anos-do-inicio-do-caminho-10-01-2009\/\">Ler mais<\/a><\/div>\n","protected":false},"author":2,"featured_media":0,"parent":4357,"menu_order":7,"comment_status":"closed","ping_status":"closed","template":"","meta":{"footnotes":""},"class_list":["post-5617","page","type-page","status-publish","hentry"],"_links":{"self":[{"href":"https:\/\/neocatechumenaleiter.org\/pt-br\/wp-json\/wp\/v2\/pages\/5617","targetHints":{"allow":["GET"]}}],"collection":[{"href":"https:\/\/neocatechumenaleiter.org\/pt-br\/wp-json\/wp\/v2\/pages"}],"about":[{"href":"https:\/\/neocatechumenaleiter.org\/pt-br\/wp-json\/wp\/v2\/types\/page"}],"author":[{"embeddable":true,"href":"https:\/\/neocatechumenaleiter.org\/pt-br\/wp-json\/wp\/v2\/users\/2"}],"replies":[{"embeddable":true,"href":"https:\/\/neocatechumenaleiter.org\/pt-br\/wp-json\/wp\/v2\/comments?post=5617"}],"version-history":[{"count":6,"href":"https:\/\/neocatechumenaleiter.org\/pt-br\/wp-json\/wp\/v2\/pages\/5617\/revisions"}],"predecessor-version":[{"id":13966,"href":"https:\/\/neocatechumenaleiter.org\/pt-br\/wp-json\/wp\/v2\/pages\/5617\/revisions\/13966"}],"up":[{"embeddable":true,"href":"https:\/\/neocatechumenaleiter.org\/pt-br\/wp-json\/wp\/v2\/pages\/4357"}],"wp:attachment":[{"href":"https:\/\/neocatechumenaleiter.org\/pt-br\/wp-json\/wp\/v2\/media?parent=5617"}],"curies":[{"name":"wp","href":"https:\/\/api.w.org\/{rel}","templated":true}]}}