{"id":5628,"date":"2020-03-04T00:39:08","date_gmt":"2020-03-03T23:39:08","guid":{"rendered":"https:\/\/neocatechumenaleiter.org\/palavras-dos-papas\/sao-joao-paulo-ii\/encontro-em-viena-do-caminho-neocatecumenal-na-presenca-de-numerosos-bispos-europeus-13-4-1993\/"},"modified":"2021-08-10T11:03:05","modified_gmt":"2021-08-10T10:03:05","slug":"encontro-em-viena-do-caminho-neocatecumenal-na-presenca-de-numerosos-bispos-europeus-13-4-1993","status":"publish","type":"page","link":"https:\/\/neocatechumenaleiter.org\/pt-br\/palavras-dos-papas\/sao-joao-paulo-ii\/encontro-em-viena-do-caminho-neocatecumenal-na-presenca-de-numerosos-bispos-europeus-13-4-1993\/","title":{"rendered":"Encontro em Viena com a presen\u00e7a de numerosos bispos europeus 13\/4\/1993"},"content":{"rendered":"\n<h1 class=\"has-text-align-center wp-block-heading\">Encontro em Viena com a presen\u00e7a de numerosos bispos europeus 13\/4\/1993<\/h1>\n\n<div style=\"height:20px\" aria-hidden=\"true\" class=\"wp-block-spacer\"><\/div>\n\n<h4 class=\"has-text-align-center wp-block-heading\">S\u00e3o Jo\u00e3o Paulo II<\/h4>\n\n<div style=\"height:20px\" aria-hidden=\"true\" class=\"wp-block-spacer\"><\/div>\n\n<p><strong>Viena, 13-17 de abril de 1993<\/strong><\/p>\n\n<p>A Europa do ano 2000 ser\u00e1 crist\u00e3? Foi para responder a esta pergunta formulada pelo Santo Padre que 5 cardeais e 120 bispos provenientes de todos os pa\u00edses da Europa, desde Portugal at\u00e9 a R\u00fassia, reuniram-se durante 5 dias em Viena, de 13 a 17 de abril.&#13;\n&#13;\nO encontro foi inaugurado na manh\u00e3 da quarta-feira 14 de abril pelo cardeal Gro\u00ebr, que sublinhou a import\u00e2ncia do Caminho Neocatecumenal para a Igreja no limiar do terceiro mil\u00eanio. O vice-presidente do Pontif\u00edcio Conselho para os Leigos, Dom Paul Cordes, leu a Carta enviada pelo Santo Padre.<\/p>\n\n<div class=\"wp-block-image\"><figure class=\"aligncenter size-large\"><img loading=\"lazy\" decoding=\"async\" width=\"400\" height=\"276\" src=\"https:\/\/neocatechumenaleiter.org\/wp-content\/uploads\/2020\/03\/Camino_Neocatecumenal_Juan_Pablo_II_encuentro_viena_obispos_1993.jpg\" alt=\"\" class=\"wp-image-2463\" srcset=\"https:\/\/neocatechumenaleiter.org\/wp-content\/uploads\/2020\/03\/Camino_Neocatecumenal_Juan_Pablo_II_encuentro_viena_obispos_1993.jpg 400w, https:\/\/neocatechumenaleiter.org\/wp-content\/uploads\/2020\/03\/Camino_Neocatecumenal_Juan_Pablo_II_encuentro_viena_obispos_1993-300x207.jpg 300w\" sizes=\"auto, (max-width: 400px) 100vw, 400px\" \/><\/figure><\/div>\n\n<p>Carta aos bispos em Viena<\/p>\n\n<p>&#8220;Venerados irm\u00e3os no Episcopado,&#13;\n&#13;\nCar\u00edssimos irm\u00e3os e irm\u00e3s!&#13;\n&#13;\n\u00c9 para mim motivo de grande consola\u00e7\u00e3o saber que, poucos anos depois do meu apelo \u00e0 nova evangeliza\u00e7\u00e3o da Europa\u00ad, estais reunidos em Viena para refletir juntos sobre os frutos da atividade mission\u00e1ria que sacerdotes\u00ad, itinerantes e fam\u00edlias do Caminho Neocatecumenal est\u00e3o desenvolvendo com generoso e grande zelo pelo Evangelho.&#13;\n&#13;\nPor ocasi\u00e3o da abertura dos trabalhos da Assembleia Especial para a Europa, em 5 de junho de 1990, manifestava com lamenta\u00e7\u00e3o que neste nosso continente muitos est\u00e3o habituados a considerar a realidade &#8220;como se Deus n\u00e3o existisse&#8221;. Nesta perspectiva \u2500 acrescentava \u2500 o homem &#8220;torna-se a fonte da lei moral, e somente esta lei, que o homem imp\u00f5e a si mesmo, constitui a medida da sua consci\u00eancia e dos seu comportamento&#8221; (Insegnamenti, vol. XIII, 1, 1990, pp. 1.517s.). Por outro lado, n\u00e3o se pode negar que o Esp\u00edrito Santo, mediante o Conc\u00edlio Vaticano II, suscitou instrumentos v\u00e1lidos \u2500 e dentre eles o Caminho Neocatecumenal \u2500 para responder aos questionamentos do homem contempor\u00e2neo. Depois de v\u00e1rios anos, \u00e0 luz dos resultados conseguidos, considerei oportuno encorajar por escrito tais experi\u00eancias em vista da nova evangeliza\u00e7\u00e3o, esperando que fosse ajudada e valorizada pelos irm\u00e3os no Episcopado (cf. Carta de 30\/8\/1990).&#13;\n&#13;\nMuitos de v\u00f3s sois testemunhas imediatas de tais resultados e tamb\u00e9m os primeiros protagonistas pela ajuda oferecida \u00e0 difus\u00e3o desta nova realidade eclesial; por esse motivo a vossa reflex\u00e3o de hoje \u00e9 particularmente importante, como foi a dos bispos do continente americano durante o encontro do ano passado em Santo Domingo.&#13;\n&#13;\nO Caminho Neocatecumenal, no qual amadurecem os itinerantes e as fam\u00edlias mission\u00e1rias, pode responder aos desafios do secularismo, da difus\u00e3o das seitas e da falta de voca\u00e7\u00f5es. A reflex\u00e3o sobre a Palavra de Deus e a participa\u00e7\u00e3o na Eucaristia tornam poss\u00edvel uma gradual inicia\u00e7\u00e3o nos santos mist\u00e9rios, formam c\u00e9lulas vivas da Igreja, renovam a vitalidade da par\u00f3quia por interm\u00e9dio de crist\u00e3os maduros capazes de testemunhar a verdade com uma f\u00e9 radicalmente vivida.&#13;\n&#13;\nEste Caminho mostra-se particularmente id\u00f4neo para contribuir, em regi\u00f5es descristianizadas, para a necess\u00e1ria <em>reimplantatio Ecclesiae<\/em>, levando o homem, no seu comportamento moral, \u00e0 obedi\u00eancia da verdade revelada e reconstruindo, ainda, o mesmo tecido social desfeito pela falta do conhecimento de Deus e do seu amor. E j\u00e1 em algumas regi\u00f5es est\u00e3o se constituindo n\u00facleos de fam\u00edlias mission\u00e1rias que podem ser luz de Cristo e exemplo de vida.&#13;\n&#13;\nMas tais miss\u00f5es n\u00e3o seriam poss\u00edveis sem presb\u00edteros preparados para acompanhar e sustentar com seu minist\u00e9rio esta obra para a nova evangeliza\u00e7\u00e3o. Estou agradecido ao Senhor que quis o surgimento de numerosas voca\u00e7\u00f5es e consequentemente a constitui\u00e7\u00e3o dos semin\u00e1rios diocesanos e mission\u00e1rios em v\u00e1rios pa\u00edses da Europa, chamados com o doce nome da Virgem Maria, &#8220;Redemptoris Mater&#8221;.&#13;\n&#13;\nSob a sua materna prote\u00e7\u00e3o e a sua potente inspira\u00e7\u00e3o coloco tamb\u00e9m o vosso encontro, que lhes dar\u00e1 um novo impulso e coragem no compromisso apost\u00f3lico com o homem contempor\u00e2neo, que precisa da orienta\u00e7\u00e3o dos Pastores e das testemunhas por eles enviadas, para conhecer a Deus, invocar o seu nome e receber a salva\u00e7\u00e3o.&#13;\n&#13;\nA luz do Senhor ressuscitado, que celebramos solenemente na Vig\u00edlia Pascal, continue a resplandecer em v\u00f3s, sustentando-vos na vossa miss\u00e3o a servi\u00e7o da Igreja e de toda a humanidade&#8221;.<\/p>\n\n<p>Do Vaticano, 12 de abril de 1993.&#13;\n&#13;\nJo\u00e3o Paulo II&#13;\n&#13;\n(*) Cf.\u201cL\u2019 Osservatore Romano\u201d, 22 de abril de 1993<\/p>\n","protected":false},"excerpt":{"rendered":"<p>Encontro em Viena com a presen\u00e7a de numerosos bispos europeus 13\/4\/1993 S\u00e3o Jo\u00e3o Paulo II Viena, 13-17 de abril de 1993 A Europa do ano 2000 ser\u00e1 crist\u00e3? Foi para responder a esta pergunta formulada pelo Santo Padre que 5 cardeais e 120 bispos provenientes de todos os pa\u00edses da Europa, desde Portugal at\u00e9 a R\u00fassia, reuniram-se durante 5 dias em Viena, de 13 a 17 de abril.&#13; &#13; O<\/p>\n<div class=\"read-more\"><a class=\"btn read-more-btn\" href=\"https:\/\/neocatechumenaleiter.org\/pt-br\/palavras-dos-papas\/sao-joao-paulo-ii\/encontro-em-viena-do-caminho-neocatecumenal-na-presenca-de-numerosos-bispos-europeus-13-4-1993\/\">Ler mais<\/a><\/div>\n","protected":false},"author":2,"featured_media":0,"parent":4247,"menu_order":73,"comment_status":"closed","ping_status":"closed","template":"","meta":{"footnotes":""},"class_list":["post-5628","page","type-page","status-publish","hentry"],"_links":{"self":[{"href":"https:\/\/neocatechumenaleiter.org\/pt-br\/wp-json\/wp\/v2\/pages\/5628","targetHints":{"allow":["GET"]}}],"collection":[{"href":"https:\/\/neocatechumenaleiter.org\/pt-br\/wp-json\/wp\/v2\/pages"}],"about":[{"href":"https:\/\/neocatechumenaleiter.org\/pt-br\/wp-json\/wp\/v2\/types\/page"}],"author":[{"embeddable":true,"href":"https:\/\/neocatechumenaleiter.org\/pt-br\/wp-json\/wp\/v2\/users\/2"}],"replies":[{"embeddable":true,"href":"https:\/\/neocatechumenaleiter.org\/pt-br\/wp-json\/wp\/v2\/comments?post=5628"}],"version-history":[{"count":8,"href":"https:\/\/neocatechumenaleiter.org\/pt-br\/wp-json\/wp\/v2\/pages\/5628\/revisions"}],"predecessor-version":[{"id":24162,"href":"https:\/\/neocatechumenaleiter.org\/pt-br\/wp-json\/wp\/v2\/pages\/5628\/revisions\/24162"}],"up":[{"embeddable":true,"href":"https:\/\/neocatechumenaleiter.org\/pt-br\/wp-json\/wp\/v2\/pages\/4247"}],"wp:attachment":[{"href":"https:\/\/neocatechumenaleiter.org\/pt-br\/wp-json\/wp\/v2\/media?parent=5628"}],"curies":[{"name":"wp","href":"https:\/\/api.w.org\/{rel}","templated":true}]}}