{"id":5649,"date":"2020-03-28T04:53:29","date_gmt":"2020-03-28T03:53:29","guid":{"rendered":"https:\/\/neocatechumenaleiter.org\/palavras-dos-papas\/sao-joao-paulo-ii\/inauguracao-da-biblioteca-da-domus-galilaeae-31-03-2005\/"},"modified":"2020-04-06T16:15:31","modified_gmt":"2020-04-06T15:15:31","slug":"inauguracao-da-biblioteca-da-domus-galilaeae-31-03-2005","status":"publish","type":"page","link":"https:\/\/neocatechumenaleiter.org\/pt-br\/palavras-dos-papas\/sao-joao-paulo-ii\/inauguracao-da-biblioteca-da-domus-galilaeae-31-03-2005\/","title":{"rendered":"Inaugura\u00e7\u00e3o da biblioteca da  &#8220;Domus Galilaeae&#8221; 31\/3\/2005"},"content":{"rendered":"\n<h1 class=\"has-text-align-center wp-block-heading\">Inaugura\u00e7\u00e3o da biblioteca da  &#8220;Domus Galilaeae&#8221; 31\/3\/2005<\/h1>\n\n<div style=\"height:20px\" aria-hidden=\"true\" class=\"wp-block-spacer\"><\/div>\n\n<h4 class=\"has-text-align-center wp-block-heading\">S\u00e3o Jo\u00e3o Paulo II<\/h4>\n\n<div style=\"height:20px\" aria-hidden=\"true\" class=\"wp-block-spacer\"><\/div>\n\n<p><strong>Corazim, 31 de mar\u00e7o de 2005<\/strong><\/p>\n\n<p>A biblioteca foi inaugurada em 31 de mar\u00e7o de 2005, com a presen\u00e7a de mais de 50 bispos provenientes\u00ad de v\u00e1rias partes do mundo. Entre eles: 11 cardeais, o patriarca Sua Beatitude Michel Sabbah, 3 patriarcas da Igreja Oriental, o N\u00fancio Apost\u00f3lico Dom Pietro Sambi, o Cust\u00f3dio da Terra Santa, muitos Rabinos, os representantes das Congrega\u00e7\u00f5es e das Universidades\u00ad, os reitores dos 56 Semin\u00e1rios Redemptoris Mater e itinerantes do Caminho Neocatecumenal\u00ad. Todos estavam presentes para real\u00e7ar o importante papel da Domus Galilaeae, como &#8220;ponte entre o Juda\u00edsmo e o Cristianismo, que o Santo Padre atribuiu a esta &#8220;domus&#8221; com uma carta enviada para a ocasi\u00e3o.&#013;\n&#013;\nNa entrada da biblioteca se encontra uma grande semiesfera de vidro, com um c\u00e9u estrelado acima da ab\u00f3bada. No interior est\u00e1 situado um Rolo da Tor\u00e1 completa, escrita h\u00e1 300 anos.<\/p>\n\n<p>A Tor\u00e1 se encontra no centro da biblioteca que faz parte do complexo da Domus Galilaeae. Kiko Arg\u00fcello, que \u00e9 o autor do projeto da Domus Galilaeae e da biblioteca, pronunciou\u00ad algumas palavras para explicar a relativa estrutura arquitet\u00f4nica. A esfera \u00e9 s\u00edmbolo do Universo e exprime a ideia central da tradi\u00e7\u00e3o hebraica e crist\u00e3 que se encontra no livro dos Prov\u00e9rbios 8,29-30: &#8220;Quando (Deus) assentava os fundamentos da terra, eu (a Sabedoria\u00ad) estava junto com ele como\u00a0 mestre de obras&#8221;. A biblioteca ser\u00e1 especializada no Serm\u00e3o da Montanha, para oferecer aos bispos, aos presb\u00edteros e aos seminaristas a possibilidade de aprofundar o estudo e a medita\u00e7\u00e3o deste texto. Nas p\u00e1ginas seguintes, reportamos a carta que Jo\u00e3o Paulo II quis enviar para a ocasi\u00e3o. Foi um dos \u00faltimos atos oficiais de seu pontificado.<\/p>\n\n<p><p style=\"text-align: left\">&#8220;Car\u00edssimos irm\u00e3os e irm\u00e3s<\/p>&#013;\n1. Com alegria fiquei sabendo que em 31 de mar\u00e7o ser\u00e1 inaugurada a biblioteca da <em>Domus Galilaeae<\/em>, que est\u00e1 localizada n\u00e3o longe do Monte das Bem-Aventuran\u00e7as. Para a conclus\u00e3o da conviv\u00eancia, na qual participam numerosos cardeais, bispos e sacerdotes provenientes de diversas partes do mundo, junto com os reitores dos semin\u00e1rios pertencentes ao Caminho Neocatecumenal, ser\u00e1 realizado este relevante acontecimento. A ele, com prazer, tamb\u00e9m eu me uno idealmente, dirigindo as minhas mais cordiais sauda\u00e7\u00f5es aos organizadores e a todos os presentes. Em particular sa\u00fado os Ordin\u00e1rios Cat\u00f3licos na Terra Santa, que t\u00eam por cabe\u00e7a o Patriarca Latino, as autoridades religiosas e pol\u00edticas do mundo hebraico que participam do evento, os representantes das congrega\u00e7\u00f5es religiosas e das comunidades paroquiais da regi\u00e3o.<\/p>\n\n<p>A Domus Galilaeae se enriquece de uma nova importante estrutura, a biblioteca, que justamente no seu centro hospeda o Livro da Tor\u00e1 com a finalidade de simbolizar, tamb\u00e9m arquitetonicamente, a centralidade da Palavra\u00ad de Deus. Que esta casa, constru\u00edda pelos respons\u00e1veis do Caminho Neocatecumenal, possa favorecer com oportunas iniciativas uma profunda forma\u00e7\u00e3o religiosa e um proveitoso di\u00e1logo entre o Hebra\u00edsmo e a Igreja Cat\u00f3lica.<\/p>\n\n<div class=\"wp-block-image\"><figure class=\"alignright size-medium\"><img loading=\"lazy\" decoding=\"async\" width=\"184\" height=\"300\" src=\"https:\/\/neocatechumenaleiter.org\/wp-content\/uploads\/2020\/03\/Camino_Neocatecumenal_Juan_Pablo_II_inauguracion_biblioteca_domus_galilaeae_2005_2-184x300.jpg\" alt=\"\" class=\"wp-image-2881\" srcset=\"https:\/\/neocatechumenaleiter.org\/wp-content\/uploads\/2020\/03\/Camino_Neocatecumenal_Juan_Pablo_II_inauguracion_biblioteca_domus_galilaeae_2005_2-184x300.jpg 184w, https:\/\/neocatechumenaleiter.org\/wp-content\/uploads\/2020\/03\/Camino_Neocatecumenal_Juan_Pablo_II_inauguracion_biblioteca_domus_galilaeae_2005_2.jpg 396w\" sizes=\"auto, (max-width: 184px) 100vw, 184px\" \/><\/figure><\/div>\n\n<p><p style=\"text-align: left\">2. &#8220;Luz para os meus passos \u00e9 a tua palavra&#8221; (Sl 119,105). Assim canta o salmista e assim ser\u00e3o convidados a rezar todos aqueles que usar\u00e3o dos m\u00faltiplos servi\u00e7os que oferecer\u00e1 a biblioteca rec\u00e9m-inaugurada. O Universo\u00ad foi constru\u00eddo segundo um maravilhoso projeto inspirado pela sabedoria de Deus. O Evangelho de Jo\u00e3o inicia afirmando que &#8220;no princ\u00edpio era o Verbo e o Verbo estava com Deus e o Verbo era Deus&#8221; (Jo 1,1). O Verbo, sabedoria eterna de Deus, fez-se carne, colocou a sua tenda entre n\u00f3s e com a sua morte e ressurrei\u00e7\u00e3o nos redimiu. Contemplamos com alegria, nestes dias santos de P\u00e1scoa, este mist\u00e9rio fundamental da nossa f\u00e9. Cristo, primog\u00eanito de toda a cria\u00e7\u00e3o, cume da Tor\u00e1, ressuscitou e agora vive e caminha conosco continuando a nos iluminar com a sua palavra de salva\u00e7\u00e3o.<\/p><\/p>\n\n<p>Como s\u00e3o profundos os seus ensinamentos! Como \u00e9 sempre atual o Serm\u00e3o da Montanha inscrito no Universo! A beleza de Cristo que encontra a coroa\u00e7\u00e3o nas Bem- Aventuran\u00e7as, a beleza de Cristo que refulge na Igreja, seu Corpo M\u00edstico, se manifestou de modo eminente no amor que une os fi\u00e9is: esta \u00e9 a mensagem que a estrutura arquitet\u00f4nica da constru\u00e7\u00e3o da Domus Galilaeae tenta comunicar aos seus h\u00f3spedes e aos peregrinos. Desejo de cora\u00e7\u00e3o que todos aqueles tenham a oportunidade de residir nela ou visit\u00e1-la possam crescer na consci\u00eancia e no amor de Cristo, Sabedoria em que est\u00e1 posto o princ\u00edpio de tudo.<\/p>\n\n<p>3. Car\u00edssimos irm\u00e3os e irm\u00e3s! Enquanto com o pensamento me uno a v\u00f3s, revivo na mem\u00f3ria os momentos inesquec\u00edveis da visita que o Senhor me permitiu realizar na Terra Santa, durante o Grande Jubileu do Ano 2000, visita que faz anivers\u00e1rio justamente nestes dias. Em Corazim, no Monte das Bem-Aventuran\u00e7as, n\u00e3o distante da Domus Galilaeae, tive a ocasi\u00e3o de encontrar os jovens e de celebrar para eles a Santa Missa. A eles quis apontar como regra de vida os Dez Mandamentos e as Bem-Aventuran\u00e7as, e os convidei a uma total fidelidade a Cristo. Este mesmo convite dirijo a todos v\u00f3s neste mesmo lugar de onde continuam ressoando as imortais palavras do Redentor. Traduzi em obras concretas na vossa vida cotidiana essas imortais palavras e sede, em todas as circunst\u00e2ncias, humildes e corajosas testemunhas do Evangelho.<\/p>\n\n<p>A Virgem Maria, Estrela da Evangeliza\u00e7\u00e3o, seja o vosso modelo e guia.&#013;\n&#013;\nEu vos asseguro uma especial lembran\u00e7a na ora\u00e7\u00e3o\u00ad, enquanto com afeto aben\u00e7oo a v\u00f3s e a todos os vossos\u00ad entes queridos.<\/p>\n\n<p><em>Do Vaticano, 24 de mar\u00e7o de 2005, Quinta-feira Santa<\/em><\/p>\n\n<p><strong><em>Joannes Paulus PP II<\/em><\/strong><\/p>\n\n<figure class=\"wp-block-gallery columns-2 is-cropped wp-block-gallery-1 is-layout-flex wp-block-gallery-is-layout-flex\"><ul class=\"blocks-gallery-grid\"><li class=\"blocks-gallery-item\"><figure><img loading=\"lazy\" decoding=\"async\" width=\"768\" height=\"512\" src=\"https:\/\/neocatechumenaleiter.org\/wp-content\/uploads\/2020\/03\/Camino_Neocatecumenal_Juan_Pablo_II_inauguracion_biblioteca_domus_galilaeae_2005.jpg\" alt=\"\" data-id=\"2895\" data-full-url=\"https:\/\/neocatechumenaleiter.org\/wp-content\/uploads\/2020\/03\/Camino_Neocatecumenal_Juan_Pablo_II_inauguracion_biblioteca_domus_galilaeae_2005.jpg\" data-link=\"https:\/\/neocatechumenaleiter.org\/?attachment_id=2895\" class=\"wp-image-2899\" srcset=\"https:\/\/neocatechumenaleiter.org\/wp-content\/uploads\/2020\/03\/Camino_Neocatecumenal_Juan_Pablo_II_inauguracion_biblioteca_domus_galilaeae_2005.jpg 768w, https:\/\/neocatechumenaleiter.org\/wp-content\/uploads\/2020\/03\/Camino_Neocatecumenal_Juan_Pablo_II_inauguracion_biblioteca_domus_galilaeae_2005-300x200.jpg 300w\" sizes=\"auto, (max-width: 768px) 100vw, 768px\" \/><\/figure><\/li><li class=\"blocks-gallery-item\"><figure><img loading=\"lazy\" decoding=\"async\" width=\"768\" height=\"512\" src=\"https:\/\/neocatechumenaleiter.org\/wp-content\/uploads\/2020\/03\/Camino_Neocatecumenal_Juan_Pablo_II_inauguracion_biblioteca_domus_galilaeae_2005_3.jpg\" alt=\"\" data-id=\"2888\" data-full-url=\"https:\/\/neocatechumenaleiter.org\/wp-content\/uploads\/2020\/03\/Camino_Neocatecumenal_Juan_Pablo_II_inauguracion_biblioteca_domus_galilaeae_2005_3.jpg\" data-link=\"https:\/\/neocatechumenaleiter.org\/?attachment_id=2888\" class=\"wp-image-2892\" srcset=\"https:\/\/neocatechumenaleiter.org\/wp-content\/uploads\/2020\/03\/Camino_Neocatecumenal_Juan_Pablo_II_inauguracion_biblioteca_domus_galilaeae_2005_3.jpg 768w, https:\/\/neocatechumenaleiter.org\/wp-content\/uploads\/2020\/03\/Camino_Neocatecumenal_Juan_Pablo_II_inauguracion_biblioteca_domus_galilaeae_2005_3-300x200.jpg 300w\" sizes=\"auto, (max-width: 768px) 100vw, 768px\" \/><\/figure><\/li><\/ul><\/figure>\n","protected":false},"excerpt":{"rendered":"<p>Inaugura\u00e7\u00e3o da biblioteca da &#8220;Domus Galilaeae&#8221; 31\/3\/2005 S\u00e3o Jo\u00e3o Paulo II Corazim, 31 de mar\u00e7o de 2005 A biblioteca foi inaugurada em 31 de mar\u00e7o de 2005, com a presen\u00e7a de mais de 50 bispos provenientes\u00ad de v\u00e1rias partes do mundo. Entre eles: 11 cardeais, o patriarca Sua Beatitude Michel Sabbah, 3 patriarcas da Igreja Oriental, o N\u00fancio Apost\u00f3lico Dom Pietro Sambi, o Cust\u00f3dio da Terra Santa, muitos Rabinos, os<\/p>\n<div class=\"read-more\"><a class=\"btn read-more-btn\" href=\"https:\/\/neocatechumenaleiter.org\/pt-br\/palavras-dos-papas\/sao-joao-paulo-ii\/inauguracao-da-biblioteca-da-domus-galilaeae-31-03-2005\/\">Ler mais<\/a><\/div>\n","protected":false},"author":2,"featured_media":0,"parent":4247,"menu_order":101,"comment_status":"closed","ping_status":"closed","template":"","meta":{"footnotes":""},"class_list":["post-5649","page","type-page","status-publish","hentry"],"_links":{"self":[{"href":"https:\/\/neocatechumenaleiter.org\/pt-br\/wp-json\/wp\/v2\/pages\/5649","targetHints":{"allow":["GET"]}}],"collection":[{"href":"https:\/\/neocatechumenaleiter.org\/pt-br\/wp-json\/wp\/v2\/pages"}],"about":[{"href":"https:\/\/neocatechumenaleiter.org\/pt-br\/wp-json\/wp\/v2\/types\/page"}],"author":[{"embeddable":true,"href":"https:\/\/neocatechumenaleiter.org\/pt-br\/wp-json\/wp\/v2\/users\/2"}],"replies":[{"embeddable":true,"href":"https:\/\/neocatechumenaleiter.org\/pt-br\/wp-json\/wp\/v2\/comments?post=5649"}],"version-history":[{"count":5,"href":"https:\/\/neocatechumenaleiter.org\/pt-br\/wp-json\/wp\/v2\/pages\/5649\/revisions"}],"predecessor-version":[{"id":6627,"href":"https:\/\/neocatechumenaleiter.org\/pt-br\/wp-json\/wp\/v2\/pages\/5649\/revisions\/6627"}],"up":[{"embeddable":true,"href":"https:\/\/neocatechumenaleiter.org\/pt-br\/wp-json\/wp\/v2\/pages\/4247"}],"wp:attachment":[{"href":"https:\/\/neocatechumenaleiter.org\/pt-br\/wp-json\/wp\/v2\/media?parent=5649"}],"curies":[{"name":"wp","href":"https:\/\/api.w.org\/{rel}","templated":true}]}}