{"id":5661,"date":"2020-03-28T05:02:16","date_gmt":"2020-03-28T04:02:16","guid":{"rendered":"https:\/\/neocatechumenaleiter.org\/palavras-dos-papas\/sao-joao-paulo-ii\/carta-do-papa-sao-joao-paulo-ii-a-mons-paul-josef-cordes-30-viii-1990\/"},"modified":"2021-04-06T18:06:49","modified_gmt":"2021-04-06T17:06:49","slug":"carta-do-papa-sao-joao-paulo-ii-a-mons-paul-josef-cordes-30-viii-1990","status":"publish","type":"page","link":"https:\/\/neocatechumenaleiter.org\/pt-br\/palavras-dos-papas\/sao-joao-paulo-ii\/carta-do-papa-sao-joao-paulo-ii-a-mons-paul-josef-cordes-30-viii-1990\/","title":{"rendered":"Carta do Papa J\u00f5ao Paulo II a Mons. Paul Josef Cordes 30\/8\/1990"},"content":{"rendered":"\n<h1 class=\"has-text-align-center wp-block-heading\">Carta do Papa J\u00f5ao Paulo II a Mons. Paul Josef Cordes 30\/8\/1990<\/h1>\n\n<div style=\"height:20px\" aria-hidden=\"true\" class=\"wp-block-spacer\"><\/div>\n\n<h4 class=\"has-text-align-center wp-block-heading\">S\u00e3o Jo\u00e3o Paulo II<\/h4>\n\n<div style=\"height:20px\" aria-hidden=\"true\" class=\"wp-block-spacer\"><\/div>\n\n<p><strong>CARTA&#13;\n<em>&#8220;OGNI QUALVOLTA&#8221; <\/em>&#13;\nDE SUA SANTIDADE JO\u00c3O PAULO II<\/strong><\/p>\n\n<p><em>Ao venerado irm\u00e3o&#13;\nDom PAUL JOSEF CORDES&#13;\nEncarregado &#8220;ad personam&#8221; para o apostolado&#13;\ndas comunidades neocatecumenais<\/em><\/p>\n\n<p>Sempre que o Esp\u00edrito Santo faz germinar na Igreja impulsos de uma maior fidelidade ao Evangelho, florescem novos carismas que manifestam tais realidades e novas institui\u00e7\u00f5es que as p\u00f5em em pr\u00e1tica. Foi assim depois do conc\u00edlio de Trento e depois do conc\u00edlio Vaticano II.<\/p>\n\n<p>Entre as realidades geradas pelo Esp\u00edrito em nossos dias figuram as Comunidades Neocatecumenais, iniciadas pelo senhor K. Arg\u00fcello e pela senhora C. Hern\u00e1ndez (Madri, Espanha), cuja efic\u00e1cia para a renova\u00e7\u00e3o da vida crist\u00e3 era saudada por meu predecessor Paulo VI como fruto do Conc\u00edlio: \u201cQuanta alegria e quanta esperan\u00e7a nos dais com vossa presen\u00e7a e com vossa atividade&#8230; Viver e promover esse despertar \u00e9 o que chamais de forma \u2018p\u00f3s-batismo\u2019, \u00a0que poder\u00e1 renovar nas comunidades crist\u00e3s de hoje os efeitos de maturidade e de aprofundamento que na Igreja primitiva eram realizados no per\u00edodo de prepara\u00e7\u00e3o ao batismo\u201d (Paulo VI \u00e0s Comunidades Neocatecumenais, Audi\u00eancia Geral, 8 de maio de 1974, <em><i>in Notitiae<\/i><\/em> 96-96, 1974, 230).\u00a0Tamb\u00e9m eu, nos muitos encontros como bispo de Roma, nas par\u00f3quias romanas, com as Comunidades Neocatecumenais e com seus pastores, bem como nas viagens apost\u00f3licas por muitas na\u00e7\u00f5es, pude constatar copiosos frutos de convers\u00e3o pessoal e de fecundo impulso mission\u00e1rio.<\/p>\n\n<p>Essas Comunidades tornam vis\u00edvel nas par\u00f3quias o sinal da Igreja mission\u00e1ria e \u201cse esfor\u00e7am por abrir a estrada \u00e0 evangeliza\u00e7\u00e3o daqueles que praticamente abandonaram a vida crist\u00e3, oferecendo-lhes um itiner\u00e1rio de tipo catecumenal que percorre todas aquelas fases que na Igreja primitiva os catec\u00famenos percorriam antes de receber o sacramento do Batismo; reaproxima-os da Igreja e de Cristo\u201d (cf. Catecumenato p\u00f3s-batismal <em><i>in Notitiae<\/i><\/em>\u00a096-96, 1974, 229). S\u00e3o o an\u00fancio do Evangelho, o testemunho em pequenas comunidades e a celebra\u00e7\u00e3o eucar\u00edstica em grupo (cf. Notifica\u00e7\u00e3o sobre as celebra\u00e7\u00f5es nos grupos do \u201cCaminho Neocatecumenal\u201d <em><i>in L\u2019Osservatore Romano<\/i><\/em>, 24 de dezembro de 1988) que permitem que seus membros se ponham a servi\u00e7o da renova\u00e7\u00e3o da Igreja.<\/p>\n\n<p>Diversos Irm\u00e3os no Episcopado reconhecem os frutos desse Caminho. Quero limitar-me \u00e0 recorda\u00e7\u00e3o do ent\u00e3o bispo de Madri, Dom Casimiro Morcillo, em cuja diocese e sob cujo governo nasceram, em 1964, as Comunidades Neocatecumenais, que ele aprovou com tanto amor. Depois de mais de vinte anos de vida das Comunidades, difundidas nos cinco continentes,<\/p>\n\n<p>\u2014 levando em considera\u00e7\u00e3o a nova vitalidade que anima as par\u00f3quias, o impulso mission\u00e1rio e os frutos de convers\u00e3o que nascem do compromisso dos itinerantes e, ultimamente, do trabalho das fam\u00edlias que fazem evangeliza\u00e7\u00e3o em \u00e1reas descristianizadas da Europa e de todo o mundo;<\/p>\n\n<p>\u2014 em considera\u00e7\u00e3o das voca\u00e7\u00f5es \u00e0 vida religiosa e ao presbiterato nascidas desse Caminho, bem como do surgimento de Col\u00e9gios diocesanos de forma\u00e7\u00e3o ao presbiterato para a nova evangeliza\u00e7\u00e3o, como o Redemptoris Mater de Roma;<\/p>\n\n<p>\u2014 tendo analisado a documenta\u00e7\u00e3o pelo senhor apresentada: \u00a0<\/p>\n\n<p>acolhendo o pedido a mim feito, reconhe\u00e7o o Caminho Neocatecumenal como um itiner\u00e1rio de forma\u00e7\u00e3o cat\u00f3lica, v\u00e1lida para a sociedade e para os tempos de hoje.<\/p>\n\n<p>Desejo vivamente, portanto, que os Irm\u00e3os no Episcopado valorizem e ajudem \u2013 juntamente com seus presb\u00edteros \u2013 essa obra para a nova evangeliza\u00e7\u00e3o, para que ela se realize de acordo com as linhas propostas pelos iniciadores, no esp\u00edrito de servi\u00e7o ao Ordin\u00e1rio do lugar e de comunh\u00e3o com ele, bem como no contexto da unidade da Igreja particular com a Igreja universal.<\/p>\n\n<p>Como penhor desse voto, dou ao senhor e a todos os que pertencem \u00e0s Comunidades Neocatecumenais a minha B\u00ean\u00e7\u00e3o Apost\u00f3lica.<\/p>\n\n<p><em>Vaticano, 30 de agosto de 1990, XII de pontificado.<\/em><\/p>\n\n<p><strong>JO\u00c3O PAULO II<\/strong><\/p>\n","protected":false},"excerpt":{"rendered":"<p>Carta do Papa J\u00f5ao Paulo II a Mons. Paul Josef Cordes 30\/8\/1990 S\u00e3o Jo\u00e3o Paulo II CARTA&#13; &#8220;OGNI QUALVOLTA&#8221; &#13; DE SUA SANTIDADE JO\u00c3O PAULO II Ao venerado irm\u00e3o&#13; Dom PAUL JOSEF CORDES&#13; Encarregado &#8220;ad personam&#8221; para o apostolado&#13; das comunidades neocatecumenais Sempre que o Esp\u00edrito Santo faz germinar na Igreja impulsos de uma maior fidelidade ao Evangelho, florescem novos carismas que manifestam tais realidades e novas institui\u00e7\u00f5es que as<\/p>\n<div class=\"read-more\"><a class=\"btn read-more-btn\" href=\"https:\/\/neocatechumenaleiter.org\/pt-br\/palavras-dos-papas\/sao-joao-paulo-ii\/carta-do-papa-sao-joao-paulo-ii-a-mons-paul-josef-cordes-30-viii-1990\/\">Ler mais<\/a><\/div>\n","protected":false},"author":2,"featured_media":0,"parent":4247,"menu_order":0,"comment_status":"closed","ping_status":"closed","template":"","meta":{"footnotes":""},"class_list":["post-5661","page","type-page","status-publish","hentry"],"_links":{"self":[{"href":"https:\/\/neocatechumenaleiter.org\/pt-br\/wp-json\/wp\/v2\/pages\/5661","targetHints":{"allow":["GET"]}}],"collection":[{"href":"https:\/\/neocatechumenaleiter.org\/pt-br\/wp-json\/wp\/v2\/pages"}],"about":[{"href":"https:\/\/neocatechumenaleiter.org\/pt-br\/wp-json\/wp\/v2\/types\/page"}],"author":[{"embeddable":true,"href":"https:\/\/neocatechumenaleiter.org\/pt-br\/wp-json\/wp\/v2\/users\/2"}],"replies":[{"embeddable":true,"href":"https:\/\/neocatechumenaleiter.org\/pt-br\/wp-json\/wp\/v2\/comments?post=5661"}],"version-history":[{"count":23,"href":"https:\/\/neocatechumenaleiter.org\/pt-br\/wp-json\/wp\/v2\/pages\/5661\/revisions"}],"predecessor-version":[{"id":21433,"href":"https:\/\/neocatechumenaleiter.org\/pt-br\/wp-json\/wp\/v2\/pages\/5661\/revisions\/21433"}],"up":[{"embeddable":true,"href":"https:\/\/neocatechumenaleiter.org\/pt-br\/wp-json\/wp\/v2\/pages\/4247"}],"wp:attachment":[{"href":"https:\/\/neocatechumenaleiter.org\/pt-br\/wp-json\/wp\/v2\/media?parent=5661"}],"curies":[{"name":"wp","href":"https:\/\/api.w.org\/{rel}","templated":true}]}}