{"id":5677,"date":"2020-03-28T05:24:02","date_gmt":"2020-03-28T04:24:02","guid":{"rendered":"https:\/\/neocatechumenaleiter.org\/palavras-dos-papas\/sao-joao-paulo-ii\/discurso-do-papa-joao-paulo-ii-aos-superiores-e-alunos-do-seminario-diocesano-redemptoris-mater-de-roma-18-03-2004\/"},"modified":"2020-04-06T15:53:07","modified_gmt":"2020-04-06T14:53:07","slug":"discurso-do-papa-joao-paulo-ii-aos-superiores-e-alunos-do-seminario-diocesano-redemptoris-mater-de-roma-18-03-2004","status":"publish","type":"page","link":"https:\/\/neocatechumenaleiter.org\/pt-br\/palavras-dos-papas\/sao-joao-paulo-ii\/discurso-do-papa-joao-paulo-ii-aos-superiores-e-alunos-do-seminario-diocesano-redemptoris-mater-de-roma-18-03-2004\/","title":{"rendered":"Discurso do papa Jo\u00e3o Paulo II aos membros do Semin\u00e1rio Diocesano  Redemptoris Mater de Roma 18\/3\/2004"},"content":{"rendered":"\n<h1 class=\"has-text-align-center wp-block-heading\">Discurso do papa Jo\u00e3o Paulo II membros do Semin\u00e1rio Diocesano  Redemptoris Mater de Roma 18\/3\/2004<\/h1>\n\n<div style=\"height:20px\" aria-hidden=\"true\" class=\"wp-block-spacer\"><\/div>\n\n<h4 class=\"has-text-align-center wp-block-heading\">S\u00e3o Jo\u00e3o Paulo II<\/h4>\n\n<div style=\"height:20px\" aria-hidden=\"true\" class=\"wp-block-spacer\"><\/div>\n\n<p><strong>Cidade do Vaticano, 18 de mar\u00e7o de 2004<\/strong><\/p>\n\n<p>O santo padre Jo\u00e3o Paulo II recebeu em audi\u00eancia privada, na Sala Clementina do Pal\u00e1cio Apost\u00f3lico Vaticano, os membros da Comunidade do Semin\u00e1rio Diocesano Redemptoris Mater\u00ad de Roma. Ao in\u00edcio da audi\u00eancia, o cardeal Camillo Ruini, Vig\u00e1rio Geral de Sua Santidade para a Diocese de Roma, dirigiu a Jo\u00e3o Paulo II a seguinte sauda\u00e7\u00e3o:<\/p>\n\n<p>Santo Padre,&#013;\n&#013;\nOs superiores e os alunos do Semin\u00e1rio Redemptoris Mater de Roma lhe expressam, por meu interm\u00e9dio, toda a alegria e a gratid\u00e3o que t\u00eam no cora\u00e7\u00e3o por esta audi\u00eancia, que marca uma etapa altamente significativa nos 16 anos de vida deste semin\u00e1rio, depois da Eucaristia celebrada com eles por Vossa Santidade no dia 31 de outubro de 1993.&#013;\n&#013;\nSanto Padre, este semin\u00e1rio diocesano e mission\u00e1rio, em que todos os seus superiores e alunos participam da experi\u00eancia do Caminho Neocatecumenal, formou at\u00e9 agora 196 sacerdotes j\u00e1 ordenados, dos quais 170 incardinados na Diocese de Roma. Destes, 74 prestam atualmente o servi\u00e7o pastoral nas par\u00f3quias da nossa Diocese ou no Vicariato, enquanto os outros operam como <em>fidei donum<\/em> em diversos lugares do mundo. Al\u00e9m disso, 11 di\u00e1conos esperam ser ordenados sacerdotes por Vossa Santidade no domingo 2 de maio juntamente com os outros di\u00e1conos da Diocese de Roma.<\/p>\n\n<p>A experi\u00eancia que pude fazer ao longo destes anos me confirma, Santo Padre, seja visitando pessoalmente o Semin\u00e1rio, seja no contato com os sacerdotes que foram formados nele, que o Redemptoris Mater representa um grande dom para a Diocese de Roma e para a Igreja dispersa pelo mundo. De fato, estes seminaristas e estes sacerdotes amam a ora\u00e7\u00e3o e a Palavra de Deus, praticam com fidelidade a disciplina e a vida comunit\u00e1ria, s\u00e3o \u00edntegros na ades\u00e3o \u00e0 doutrina da Igreja e animados de um grande impulso mission\u00e1rio. Al\u00e9m disso, posso testemunhar com alegria, Santo Padre, que eles t\u00eam um grande amor pela pessoa de Vossa Santidade e pelo seu minist\u00e9rio de sucessor de Pedro. Santo Padre, estes seminaristas e seus superiores esperam por uma palavra sua e por sua benevol\u00eancia para serem iluminados no itiner\u00e1rio formativo e refor\u00e7ados na voca\u00e7\u00e3o de servir a Igreja, seguindo as pegadas do Bom Pastor, Jesus Cristo. Agradecendo mais uma vez, Santo Padre, esperamos a sua b\u00ean\u00e7\u00e3o.<\/p>\n\n<div class=\"wp-block-image\"><figure class=\"alignleft size-large\"><img loading=\"lazy\" decoding=\"async\" width=\"768\" height=\"524\" src=\"https:\/\/neocatechumenaleiter.org\/wp-content\/uploads\/2020\/03\/Camino_Neocatecumenal_Juan_Pablo_II_exhortacion_seminaristas_redemptoris_mater_roma_2004.jpg\" alt=\"\" class=\"wp-image-2868\" srcset=\"https:\/\/neocatechumenaleiter.org\/wp-content\/uploads\/2020\/03\/Camino_Neocatecumenal_Juan_Pablo_II_exhortacion_seminaristas_redemptoris_mater_roma_2004.jpg 768w, https:\/\/neocatechumenaleiter.org\/wp-content\/uploads\/2020\/03\/Camino_Neocatecumenal_Juan_Pablo_II_exhortacion_seminaristas_redemptoris_mater_roma_2004-300x205.jpg 300w\" sizes=\"auto, (max-width: 768px) 100vw, 768px\" \/><\/figure><\/div>\n\n<p><em>Depois da sauda\u00e7\u00e3o do cardeal Vig\u00e1rio, Camillo Ruini, o Papa dirigiu aos presentes o seguinte discurso:<\/em>&#013;\n&#013;\n&#8220;Ide por todo o mundo e proclamai o Evangelho a toda criatura&#8221; (Mc 16,15).<\/p>\n\n<p>1. Car\u00edssimos superiores e alunos do Semin\u00e1rio Diocesano Redemptoris Mater\u00ad, sinto-me feliz em vos receber com estas palavras de Jesus ressuscitado, que v\u00f3s ouvis e meditais na festa dos Santos Cirilo e Met\u00f3dio, anivers\u00e1rio da ere\u00e7\u00e3o can\u00f4nica do vosso Semin\u00e1rio.&#013;\n&#013;\nSa\u00fado em primeiro lugar o Cardeal Vig\u00e1rio e o agrade\u00e7o pelas palavras que me dirigiu. Sa\u00fado com afeto o vosso reitor, Padre Claudiano Strazzari, os outros superiores e formadores e cada um de v\u00f3s, car\u00edssimos alunos.<\/p>\n\n<p>2. J\u00e1 transcorreram mais de 16 anos desde o in\u00edcio do vosso Semin\u00e1rio, que representou uma experi\u00eancia nova e bastante significativa, em vista da forma\u00e7\u00e3o de presb\u00edteros para a Nova Evangeliza\u00e7\u00e3o. Desde ent\u00e3o surgiram no mundo v\u00e1rios outros Semin\u00e1rios Redemptoris Mater, que se inspiram no vosso modelo e partilham as vossas finalidades.&#013;\n&#013;\nParticularmente abundante \u00e9 o resultado de bons frutos produzidos ao longo destes anos pelo vosso Semin\u00e1rio. Por eles dou gra\u00e7as ao Senhor. Pelos mesmos frutos desejo, al\u00e9m disso, agradecer ao Caminho Neocatecumenal, no qual as vossas voca\u00e7\u00f5es nasceram e cresceram. Agrade\u00e7o tamb\u00e9m ao Reitor e aos outros superiores que, sob a orienta\u00e7\u00e3o sol\u00edcita do cardeal Vig\u00e1rio, presidem com amor e sabedoria a vossa prepara\u00e7\u00e3o ao sacerd\u00f3cio.&#013;\n&#013;\nAl\u00e9m disso, a minha gratid\u00e3o se dirige aos fundadores do Caminho, aos quais se deve a feliz intui\u00e7\u00e3o de propor a ere\u00e7\u00e3o dos Semin\u00e1rios Redemptoris Mater e que tanto se empenham para encorajar no pr\u00f3prio Caminho o nascimento de voca\u00e7\u00f5es ao sacerd\u00f3cio e \u00e0 vida consagrada. Depois, desejo recordar convosco dois bispos, Dom Giulio Salimei e Dom Maximino Romero que, um como reitor, e o outro como Padre Espiritual, contribu\u00edram em grande medida, com a sua iluminada dedica\u00e7\u00e3o e exemplo de vida, para o desenvolvimento inicial e para a feliz configura\u00e7\u00e3o do Redemptoris Mater.&#013;\n&#013;\nApraz-me tamb\u00e9m real\u00e7ar, como j\u00e1 recordou o cardeal Vig\u00e1rio, que nestes 16 anos foi formado no vosso semin\u00e1rio um grande n\u00famero de sacerdotes zelosos, oportunamente dedicados em parte ao servi\u00e7o pastoral na Diocese de Roma e em parte \u00e0 miss\u00e3o em todas as partes do mundo, como sacerdotes <em>fidei donum<\/em>.<\/p>\n\n<p>3. Para obter estes resultados positivos \u00e9 fundamental ter sempre claro, no vosso itiner\u00e1rio formativo, a natureza e as caracter\u00edsticas do sacerd\u00f3cio ministerial, como s\u00e3o ilustradas pelo Conc\u00edlio Vaticano II e depois pela Exorta\u00e7\u00e3o apost\u00f3lica p\u00f3s-sinodal <em>Pastores dabo vobis<\/em>.&#013;\nDe fato, o sacerd\u00f3cio comum dos fi\u00e9is e o sacerd\u00f3cio ministerial est\u00e3o ordenados um para o outro e intimamente relacionados, participando ambos, cada um do pr\u00f3prio modo, do \u00fanico sacerd\u00f3cio de Cristo. Contudo, diferem essencialmente e n\u00e3o s\u00f3 em grau (cf. <em>Lumen Gentium<\/em>, 10). Com efeito, em virtude do sacramento da Ordem, os presb\u00edteros s\u00e3o configurados de modo especial a Jesus Cristo como Cabe\u00e7a e Pastor do seu povo e ao servi\u00e7o deste povo devem, \u00e0 semelhan\u00e7a de Cristo, gastar e doar a sua vida. Precisamente porque representam sacramentalmente Jesus Cristo cabe\u00e7a e pastor, s\u00e3o, portanto, chamados a presidir, em estreita comunh\u00e3o com o bispo, as comunidades que lhe s\u00e3o confiadas, segundo cada uma das tr\u00eas dimens\u00f5es \u2500 prof\u00e9tica, sacerdotal e real \u2500 nas quais se articula a \u00fanica miss\u00e3o de Cristo e da Igreja (cf. Pastores<em> dabo vobis<\/em>, 12-16).<\/p>\n\n<div class=\"wp-block-image\"><figure class=\"alignright size-large\"><img loading=\"lazy\" decoding=\"async\" width=\"768\" height=\"522\" src=\"https:\/\/neocatechumenaleiter.org\/wp-content\/uploads\/2020\/03\/Camino_Neocatecumenal_Juan_Pablo_II_exhortacion_seminaristas_redemptoris_mater_roma_2004_2.jpg\" alt=\"\" class=\"wp-image-2875\" srcset=\"https:\/\/neocatechumenaleiter.org\/wp-content\/uploads\/2020\/03\/Camino_Neocatecumenal_Juan_Pablo_II_exhortacion_seminaristas_redemptoris_mater_roma_2004_2.jpg 768w, https:\/\/neocatechumenaleiter.org\/wp-content\/uploads\/2020\/03\/Camino_Neocatecumenal_Juan_Pablo_II_exhortacion_seminaristas_redemptoris_mater_roma_2004_2-300x204.jpg 300w\" sizes=\"auto, (max-width: 768px) 100vw, 768px\" \/><\/figure><\/div>\n\n<p>Car\u00edssimos seminaristas, atendo-vos a esta s\u00f3lida doutrina na vossa forma\u00e7\u00e3o e depois no exerc\u00edcio cotidiano do minist\u00e9rio presbiteral, podereis viver alegremente a gra\u00e7a do sacerd\u00f3cio e garantir um servi\u00e7o aut\u00eantico e fecundo \u00e0 Diocese de Roma e \u00e0s Igrejas irm\u00e3s \u00e0s quais sereis enviados. A ora\u00e7\u00e3o, o estudo, a vida comunit\u00e1ria, bem harmonizados no projeto formativo e postos em pr\u00e1tica com fidelidade e generosidade na exist\u00eancia concreta do vosso semin\u00e1rio, s\u00e3o os caminhos atrav\u00e9s dos quais o Senhor modela em v\u00f3s, dia ap\u00f3s dia, a imagem de Cristo Bom Pastor.<\/p>\n\n<p>4. Sobre estas bases podereis preparar-vos para viver quando fordes sacerdotes, de modo sereno e proveitoso \u00e0 vossa ades\u00e3o constitutiva e sem reservas ao presbit\u00e9rio diocesano, que tem no Bispo o seu ponto de refer\u00eancia fundamental e, ao mesmo tempo, o v\u00ednculo profundo que vos une \u00e0 experi\u00eancia do Caminho Neocatecumenal. Com efeito, como est\u00e1 escrito no art. 18 do Estatuto do Caminho, nos Semin\u00e1rios Diocesanos e Mission\u00e1rios Redemptoris Mater, &#8220;os candidatos ao sacerd\u00f3cio encontram na participa\u00e7\u00e3o direta no Caminho Neocatecumenal um elemento espec\u00edfico e basilar do caminho formativo e, ao mesmo tempo, s\u00e3o preparados \u00e0 genu\u00edna escolha presbiteral de servi\u00e7o a todo o povo de Deus, na comunh\u00e3o fraterna do presb\u00edtero&#8221;.<\/p>\n\n<p>\u00c9 preciso tamb\u00e9m evitar uma falsa alternativa entre o servi\u00e7o pastoral na diocese a que pertence e a miss\u00e3o universal, at\u00e9 os extremos confins da terra, que est\u00e1 enraizada na pr\u00f3pria participa\u00e7\u00e3o sacramental no sacerd\u00f3cio de Cristo (cf. Pastores dabo vobis, 17-18) para o qual v\u00f3s estais preparados de maneira particular por meio da experi\u00eancia do Caminho Neocatecumenal. De fato, compete ao bispo estabelecer o vosso destino concreto, o qual tem a responsabilidade pelas necessidades da pr\u00f3pria diocese e pelas exig\u00eancias da miss\u00e3o universal. Recomendando-vos em atitude de obedi\u00eancia confiante e cordial \u00e0s suas decis\u00f5es, encontrareis a vossa paz e serenidade interior e podereis em qualquer caso exprimir o vosso carisma mission\u00e1rio, visto que tamb\u00e9m aqui em Roma a pastoral \u00e9 e dever\u00e1 ser sempre mais caracterizada pela prioridade da evangeliza\u00e7\u00e3o.<\/p>\n\n<p>5. Car\u00edssimos superiores e alunos do Semin\u00e1rio &#8220;Redemptoris Mater&#8221; de Roma, considerai sempre com o olhar da f\u00e9 a vossa vida, a vossa voca\u00e7\u00e3o e a vossa miss\u00e3o. No final deste encontro desejo de novo manifestar o afeto e a confian\u00e7a que sinto por v\u00f3s e assegurar a minha constante ora\u00e7\u00e3o por cada um de v\u00f3s, por todo o semin\u00e1rio, pelas comunidades do Caminho Neocatecumenal e sobretudo pelas voca\u00e7\u00f5es ao sacerd\u00f3cio que est\u00e3o sendo amadurecidas nele.<\/p>\n\n<p>Com estes sentimentos, concedo a todos e a quantos vos s\u00e3o queridos a B\u00ean\u00e7\u00e3o Apost\u00f3lica.<\/p>\n","protected":false},"excerpt":{"rendered":"<p>Discurso do papa Jo\u00e3o Paulo II membros do Semin\u00e1rio Diocesano Redemptoris Mater de Roma 18\/3\/2004 S\u00e3o Jo\u00e3o Paulo II Cidade do Vaticano, 18 de mar\u00e7o de 2004 O santo padre Jo\u00e3o Paulo II recebeu em audi\u00eancia privada, na Sala Clementina do Pal\u00e1cio Apost\u00f3lico Vaticano, os membros da Comunidade do Semin\u00e1rio Diocesano Redemptoris Mater\u00ad de Roma. Ao in\u00edcio da audi\u00eancia, o cardeal Camillo Ruini, Vig\u00e1rio Geral de Sua Santidade para a<\/p>\n<div class=\"read-more\"><a class=\"btn read-more-btn\" href=\"https:\/\/neocatechumenaleiter.org\/pt-br\/palavras-dos-papas\/sao-joao-paulo-ii\/discurso-do-papa-joao-paulo-ii-aos-superiores-e-alunos-do-seminario-diocesano-redemptoris-mater-de-roma-18-03-2004\/\">Ler mais<\/a><\/div>\n","protected":false},"author":2,"featured_media":0,"parent":4247,"menu_order":100,"comment_status":"closed","ping_status":"closed","template":"","meta":{"footnotes":""},"class_list":["post-5677","page","type-page","status-publish","hentry"],"_links":{"self":[{"href":"https:\/\/neocatechumenaleiter.org\/pt-br\/wp-json\/wp\/v2\/pages\/5677","targetHints":{"allow":["GET"]}}],"collection":[{"href":"https:\/\/neocatechumenaleiter.org\/pt-br\/wp-json\/wp\/v2\/pages"}],"about":[{"href":"https:\/\/neocatechumenaleiter.org\/pt-br\/wp-json\/wp\/v2\/types\/page"}],"author":[{"embeddable":true,"href":"https:\/\/neocatechumenaleiter.org\/pt-br\/wp-json\/wp\/v2\/users\/2"}],"replies":[{"embeddable":true,"href":"https:\/\/neocatechumenaleiter.org\/pt-br\/wp-json\/wp\/v2\/comments?post=5677"}],"version-history":[{"count":5,"href":"https:\/\/neocatechumenaleiter.org\/pt-br\/wp-json\/wp\/v2\/pages\/5677\/revisions"}],"predecessor-version":[{"id":6625,"href":"https:\/\/neocatechumenaleiter.org\/pt-br\/wp-json\/wp\/v2\/pages\/5677\/revisions\/6625"}],"up":[{"embeddable":true,"href":"https:\/\/neocatechumenaleiter.org\/pt-br\/wp-json\/wp\/v2\/pages\/4247"}],"wp:attachment":[{"href":"https:\/\/neocatechumenaleiter.org\/pt-br\/wp-json\/wp\/v2\/media?parent=5677"}],"curies":[{"name":"wp","href":"https:\/\/api.w.org\/{rel}","templated":true}]}}