{"id":5683,"date":"2020-03-28T05:54:18","date_gmt":"2020-03-28T04:54:18","guid":{"rendered":"https:\/\/neocatechumenaleiter.org\/palavras-dos-papas\/sao-joao-paulo-ii\/discurso-do-santo-padre-joao-paulo-ii-aos-iniciadores-aos-catequistas-itinerantes-e-aos-presbiteros-do-caminho-neocatecumenal-21-9-2002\/"},"modified":"2020-06-08T13:55:48","modified_gmt":"2020-06-08T12:55:48","slug":"discurso-do-santo-padre-joao-paulo-ii-aos-iniciadores-aos-catequistas-itinerantes-e-aos-presbiteros-do-caminho-neocatecumenal-21-9-2002","status":"publish","type":"page","link":"https:\/\/neocatechumenaleiter.org\/pt-br\/palavras-dos-papas\/sao-joao-paulo-ii\/discurso-do-santo-padre-joao-paulo-ii-aos-iniciadores-aos-catequistas-itinerantes-e-aos-presbiteros-do-caminho-neocatecumenal-21-9-2002\/","title":{"rendered":"Discurso do Santo Padre Jo\u00e3o Paulo II aos iniciadores, aos catequistas itinerantes e aos presb\u00edteros do Caminho Neocatecumenal 21\/9\/2002"},"content":{"rendered":"\n<h1 class=\"has-text-align-center wp-block-heading\">Discurso do Santo Padre Jo\u00e3o Paulo II aos iniciadores, aos catequistas itinerantes e aos presb\u00edteros do Caminho Neocatecumenal 21\/9\/2002<\/h1>\n\n<div style=\"height:20px\" aria-hidden=\"true\" class=\"wp-block-spacer\"><\/div>\n\n<h4 class=\"has-text-align-center wp-block-heading\">S\u00e3o Jo\u00e3o Paulo II<\/h4>\n\n<div style=\"height:20px\" aria-hidden=\"true\" class=\"wp-block-spacer\"><\/div>\n\n<p><strong>Castel Gondolfo, 21 de setembro de 2002.\u00a0*<\/strong><\/p>\n\n<p><strong>OS ESTATUTOS: UMA CLARA E SEGURA REGRA DE VIDA<br\/>PARA O CAMINHO NEOCATECUMENAL<\/strong><\/p>\n\n<p>Os Estatutos devem constituir para o Caminho Neocatecumenal uma &#8220;clara e segura regra de vida&#8221;. \u00c9 o que recomendou o Papa aos catequistas e aos presb\u00edteros das Comunidades Neocatecumenais\u00ad recebidos em audi\u00eancia na manh\u00e3 do s\u00e1bado, 21 de setembro, no p\u00e1tio do Pal\u00e1cio Pontif\u00edcio de Castel Gandolfo.<\/p>\n\n<p>Sauda\u00e7\u00e3o de Kiko Arg\u00fcello ao Santo Padre:&#13;\n&#13;\nCar\u00edssimo padre,&#13;\n&#13;\nN\u00e3o temos palavras para exprimir a alegria e a consola\u00e7\u00e3o que nos d\u00e1 este encontro t\u00e3o desejado.&#13;\n&#13;\nEst\u00e3o aqui presentes as equipes de catequistas itinerantes vindos de todas as na\u00e7\u00f5es com os p\u00e1rocos, presb\u00edteros, respons\u00e1veis e catequistas das comunidades da Espanha, It\u00e1lia e Paris, que s\u00e3o as mais antigas, e de cujo zelo surgiu toda a evangeliza\u00e7\u00e3o.&#13;\n&#13;\nEstamos contentes de poder agradecer-lhe\u00a0\u00a0pessoalmente pela aprova\u00e7\u00e3o dos Estatutos por parte do Pontif\u00edcio Conselho para os Leigos, sobretudo porque neles foi reconhecido aquilo que somos: um itiner\u00e1rio de forma\u00e7\u00e3o cat\u00f3lica, um catecumenato p\u00f3s-batismal que, vivido em pequenas comunidades, ajuda a redescobrir e a viver as imensas riquezas do Batismo recebido. Alguns canonistas, em diversos coment\u00e1rios, destacaram como esta aprova\u00e7\u00e3o \u00e9 de grande import\u00e2ncia para toda a Igreja, dado que \u00e9 a primeira vez que se reconhece e se aprova um catecumenato p\u00f3s-batismal.&#13;\n&#13;\nQuanta consola\u00e7\u00e3o sempre nos deu a sua palavra! J\u00e1 em 1952 o senhor havia sublinhado a necessidade de reintroduzir o Catecumenato e, durante o Conc\u00edlio, contribuiu de modo fundamental para a redescoberta e restaura\u00e7\u00e3o da Inicia\u00e7\u00e3o Crist\u00e3 e do Catecumenato. Exatamente aqui em Castel Gandolfo, quando nos recebeu pela primeira vez h\u00e1 23 anos, o senhor expressou a convic\u00e7\u00e3o de que, em vista do ate\u00edsmo moderno, os batizados necessitavam de um Catecumenato que refor\u00e7asse a sua f\u00e9.<\/p>\n\n<div class=\"wp-block-image\"><figure class=\"alignleft size-large\"><img loading=\"lazy\" decoding=\"async\" width=\"569\" height=\"842\" src=\"https:\/\/neocatechumenaleiter.org\/wp-content\/uploads\/2020\/03\/Camino_Neocatecumenal_Juan_Pablo_II_audiencia_itinerantes_estatutos_del_camino_2002.jpg\" alt=\"\" class=\"wp-image-2844\" srcset=\"https:\/\/neocatechumenaleiter.org\/wp-content\/uploads\/2020\/03\/Camino_Neocatecumenal_Juan_Pablo_II_audiencia_itinerantes_estatutos_del_camino_2002.jpg 569w, https:\/\/neocatechumenaleiter.org\/wp-content\/uploads\/2020\/03\/Camino_Neocatecumenal_Juan_Pablo_II_audiencia_itinerantes_estatutos_del_camino_2002-203x300.jpg 203w\" sizes=\"auto, (max-width: 569px) 100vw, 569px\" \/><\/figure><\/div>\n\n<p>Car\u00edssimo padre, ante a urg\u00eancia de uma Nova Evangeliza\u00e7\u00e3o e da situa\u00e7\u00e3o t\u00e3o complexa da Igreja hoje, n\u00f3s lhe pedimos humildemente uma palavra de confirma\u00e7\u00e3o e de apoio aos Estatutos, um convite aos bispos e \u00e0s Confer\u00eancias Episcopais para acolherem sem medo este dom como ajuda \u00e0 evangeliza\u00e7\u00e3o nas suas respectivas dioceses. Um apoio que possa salvaguardar a praxe catequ\u00e9tico-lit\u00fargica que o Caminho desenvolveu por mais de 30 anos em todo o mundo e que deu muitos frutos reconhecidos pelo senhor e por tantos bispos, cuja s\u00edntese est\u00e1 descrita nos Estatutos.\u2003 Acreditamos que um dos maiores dons que a Santa Virgem Maria entrega hoje \u00e0 Igreja, por meio do Caminho Neocatecumenal, seja a possibilidade de oferecer aos crist\u00e3os nas par\u00f3quias e a quantos procuram a Deus, viverem a f\u00e9 em pequenas comunidades como os primeiros crist\u00e3os. O grito &#8220;vede como se amam&#8221; deve ser ouvido novamente no meio do mundo.  Agradecemos ao senhor pela confian\u00e7a depositada em mim, em Carmen e no Pe. Mario para guiar este Caminho. Agradecemos \u00e0 santa Virgem Maria em primeiro lugar pelo Conc\u00edlio, sem o qual n\u00e3o conseguir\u00edamos fazer nada, pelo seu predecessor, o papa Paulo VI, e pelo senhor, que tanto nos tem ajudado e sustentado. Obrigado, beat\u00edssimo padre.<\/p>\n\n<p>Discurso do Santo Padre:&#13;\n&#13;\n1. \u00c9 com grande prazer que vos recebo, queridos catequistas e presb\u00edteros do Caminho Neocatecumenal, reunidos hoje aqui para vos encontrardes com o Papa. Sa\u00fado e acolho cada um de v\u00f3s com afeto e, na vossa pessoa, sa\u00fado todo o Caminho Neocatecumenal, uma realidade eclesial que j\u00e1 se encontra difundida em muitos pa\u00edses, com o apre\u00e7o por parte de n\u00e3o poucos pastores. Agrade\u00e7o\u00ad a calorosa sauda\u00e7\u00e3o que me dirigiu o senhor Kiko Arg\u00fcello, iniciador do Caminho junto com a senhorita Carmen Hern\u00e1ndez. Ele, com as suas palavras, al\u00e9m de exprimir a vossa fiel afei\u00e7\u00e3o \u00e0 S\u00e9 de Pedro, testemunhou o vosso amor un\u00e2nime pela Igreja.<\/p>\n\n<p>2. Como deixar de agradecer ao Senhor os frutos dados pelo Caminho Neocatecumenal nos seus mais de 30 anos de exist\u00eancia? Numa sociedade secularizada como a nossa, em que se alastra a indiferen\u00e7a religiosa e muitas pessoas vivem como se Deus n\u00e3o existisse, s\u00e3o muitos os que precisam de uma nova descoberta dos sacramentos da inicia\u00e7\u00e3o crist\u00e3, especialmente o do Batismo. O Caminho, sem d\u00favida, \u00e9 uma das respostas providenciais a esta urgente necessidade. Olhemos para as vossas comunidades: quantas descobertas da beleza e da grandeza da voca\u00e7\u00e3o batismal recebida! Quanta generosidade e zelo no an\u00fancio do Evangelho de Jesus Cristo, sobretudo aos mais afastados! Quantas voca\u00e7\u00f5es ao sacerd\u00f3cio e \u00e0 vida religiosa surgiram gra\u00e7as a este itiner\u00e1rio de forma\u00e7\u00e3o crist\u00e3!<\/p>\n\n<div class=\"wp-block-image\"><figure class=\"alignright size-large\"><img loading=\"lazy\" decoding=\"async\" width=\"768\" height=\"523\" src=\"https:\/\/neocatechumenaleiter.org\/wp-content\/uploads\/2020\/03\/Camino_Neocatecumenal_Juan_Pablo_II_audiencia_itinerantes_estatutos_del_camino_2002_2.jpg\" alt=\"\" class=\"wp-image-2851\" srcset=\"https:\/\/neocatechumenaleiter.org\/wp-content\/uploads\/2020\/03\/Camino_Neocatecumenal_Juan_Pablo_II_audiencia_itinerantes_estatutos_del_camino_2002_2.jpg 768w, https:\/\/neocatechumenaleiter.org\/wp-content\/uploads\/2020\/03\/Camino_Neocatecumenal_Juan_Pablo_II_audiencia_itinerantes_estatutos_del_camino_2002_2-300x204.jpg 300w\" sizes=\"auto, (max-width: 768px) 100vw, 768px\" \/><\/figure><\/div>\n\n<p>3. Tenho presente na mem\u00f3ria o nosso \u00faltimo encontro realizado no m\u00eas de janeiro de 1997, logo ap\u00f3s o vosso encontro perto do Monte Sinai, para comemorar os 30 anos de vida do Caminho Neocatecumenal\u00ad.&#13;\n&#13;\nNaquele momento vos disse que a reda\u00e7\u00e3o dos Estatutos do Caminho\u00ad &#8220;\u00e9 um passo muito importante que abre caminho para o seu formal\u00ad reconhecimento jur\u00eddico por parte da Igreja, dando-vos uma ulterior garantia da autenticidade do vosso carisma&#8221; (Insegnamenti, vol. XX\/1, pag. 143).&#13;\n&#13;\nO nosso encontro de hoje exprime a alegria pela recente aprova\u00e7\u00e3o dos Estatutos do Caminho Neocatecumenal por parte da Santa S\u00e9. Fico feliz que este itiner\u00e1rio, iniciado h\u00e1 mais de cinco anos, tenha sido levado a cabo por meio de um intenso trabalho de consulta, reflex\u00e3o e di\u00e1logo. O meu pensamento se dirige agora \u00e0 pessoa do cardeal James Francis Stafford, a quem desejo manifestar o meu agradecimento pelo empenho e a solicitude com que o Pontif\u00edcio Conselho para os Leigos acompanhou a equipe respons\u00e1vel internacional do Caminho neste processo.<\/p>\n\n<p>4. Desejo destacar a import\u00e2ncia dos Estatutos rec\u00e9m aprovados para a vida presente e futura do Caminho Neocatecumenal. De fato, esta\u00ad norma, antes de mais nada, confirma novamente a natureza eclesial do Caminho Neocatecumenal que, como j\u00e1 tive oportunidade de dizer h\u00e1 alguns anos, constitui &#8220;um itiner\u00e1rio de forma\u00e7\u00e3o cat\u00f3lica, v\u00e1lida para a sociedade\u00ad e para os tempos de hoje&#8221; (AAS 82 [1990] 1515).&#13;\n&#13;\nAl\u00e9m disso, os Estatutos do Caminho Neocatecumenal descrevem os aspectos essenciais deste itiner\u00e1rio destinado aos fi\u00e9is que desejam reavivar a f\u00e9 em suas comunidades paroquiais, assim como \u00e0quelas pessoas j\u00e1 adultas que se preparam para receber o sacramento do Batismo.\u00ad Mas os Estatutos estabelecem sobretudo as tarefas fundamentais das diversas pessoas que t\u00eam responsabilidades espec\u00edficas em levar \u00e0 frente este processo formativo no interior das Comunidades Neocatecumenais, isto \u00e9: os presb\u00edteros, os catequistas, as fam\u00edlias em miss\u00e3o e as equipes respons\u00e1veis em todos os n\u00edveis. Dessa forma, os Estatutos devem constituir para o Caminho uma &#8220;clara e segura regra de vida&#8221; (Carta a Sua Emin\u00eancia o cardeal James F. Stafford, 5 de abril de 2001), um ponto de refer\u00eancia fundamental para que este processo de forma\u00e7\u00e3o, que tem como objetivo levar os fi\u00e9is a uma f\u00e9 madura, possa ser realizado em conformidade com a doutrina e a disciplina da Igreja.&#13;\n&#13;\n\u00a0<\/p>\n\n<div class=\"wp-block-image\"><figure class=\"alignleft size-medium\"><img loading=\"lazy\" decoding=\"async\" width=\"201\" height=\"300\" src=\"https:\/\/neocatechumenaleiter.org\/wp-content\/uploads\/2020\/03\/Camino_Neocatecumenal_Juan_Pablo_II_audiencia_itinerantes_estatutos_del_camino_2002_3-201x300.jpg\" alt=\"\" class=\"wp-image-2854\" srcset=\"https:\/\/neocatechumenaleiter.org\/wp-content\/uploads\/2020\/03\/Camino_Neocatecumenal_Juan_Pablo_II_audiencia_itinerantes_estatutos_del_camino_2002_3-201x300.jpg 201w, https:\/\/neocatechumenaleiter.org\/wp-content\/uploads\/2020\/03\/Camino_Neocatecumenal_Juan_Pablo_II_audiencia_itinerantes_estatutos_del_camino_2002_3.jpg 563w\" sizes=\"auto, (max-width: 201px) 100vw, 201px\" \/><\/figure><\/div>\n\n<p>5. A aprova\u00e7\u00e3o dos Estatutos abre uma nova etapa na vida do Caminho. A Igreja espera agora de v\u00f3s um empenho ainda mais forte e generoso na Nova Evangeliza\u00e7\u00e3o e no servi\u00e7o \u00e0s Igrejas locais e \u00e0s par\u00f3quias. Por conseguinte, v\u00f3s presb\u00edteros e catequistas do Caminho\u00ad, tendes a responsabilidade de fazer com que os Estatutos sejam fielmente colocados em pr\u00e1tica \u00ad em todos os seus aspectos, tornando-se, assim, um verdadeiro fermento para um novo impulso mission\u00e1rio.&#13;\n&#13;\nOs Estatutos constituem tamb\u00e9m uma ajuda importante para todos os pastores da Igreja, particularmente para os bispos diocesanos, aos quais o Senhor confiou o cuidado pastoral e, em particular, a inicia\u00e7\u00e3o crist\u00e3 das pessoas na diocese.\u00ad &#8220;No seu paterno e vigilante acompanhamento das Comunidades Neocatecumenais&#8221; (Decreto do Pontif\u00edcio Conselho para os Leigos, 29 de junho de 2002), os ordin\u00e1rios diocesanos poder\u00e3o encontrar nos Estatutos os princ\u00edpios fundamentais de atua\u00e7\u00e3o do Caminho Neocatecumenal\u00ad em fidelidade ao seu projeto original.&#13;\n&#13;\nDesejo dirigir sobretudo uma palavra aos sacerdotes que est\u00e3o empenhados no servi\u00e7o das comunidades neocatecumenais. Nunca vos esque\u00e7ais de que, como ministros de Cristo, desempenhais um papel insubstitu\u00edvel de santifica\u00e7\u00e3o, de ensinamento e de guia pastoral em favor daqueles que percorrem o itiner\u00e1rio do Caminho. Servi com amor e generosidade as comunidades a v\u00f3s confiadas!<\/p>\n\n<p>6. Queridos irm\u00e3os e irm\u00e3s, com a aprova\u00e7\u00e3o dos Estatutos do Caminho Neocatecumenal, chegou-se felizmente a definir a sua essencial configura\u00e7\u00e3o eclesial. Agrade\u00e7amos juntos ao Senhor. Agora, cabe aos Dicast\u00e9rios competentes da Santa S\u00e9 examinar o Diret\u00f3rio Catequ\u00e9tico e toda a praxe catequ\u00e9tica e lit\u00fargica do Caminho. Tenho certeza de que os seus membros n\u00e3o deixar\u00e3o de apoiar com generosa disponibilidade as indica\u00e7\u00f5es que lhe forem dadas por estas fontes autorizadas. Continuo a acompanhar com viva aten\u00e7\u00e3o a vossa obra na Igreja e, nas minhas ora\u00e7\u00f5es, confio todos v\u00f3s \u00e0 Sant\u00edssima Virgem Maria, Estrela da Nova Evangeliza\u00e7\u00e3o e vos dou de cora\u00e7\u00e3o a B\u00ean\u00e7\u00e3o Apost\u00f3lica. <\/p>\n\n<p>(*) Cfr \u00abL\u2019Osservatore Romano\u00bb, 22 setembro 2002.<\/p>\n","protected":false},"excerpt":{"rendered":"<p>Discurso do Santo Padre Jo\u00e3o Paulo II aos iniciadores, aos catequistas itinerantes e aos presb\u00edteros do Caminho Neocatecumenal 21\/9\/2002 S\u00e3o Jo\u00e3o Paulo II Castel Gondolfo, 21 de setembro de 2002.\u00a0* OS ESTATUTOS: UMA CLARA E SEGURA REGRA DE VIDAPARA O CAMINHO NEOCATECUMENAL Os Estatutos devem constituir para o Caminho Neocatecumenal uma &#8220;clara e segura regra de vida&#8221;. \u00c9 o que recomendou o Papa aos catequistas e aos presb\u00edteros das Comunidades<\/p>\n<div class=\"read-more\"><a class=\"btn read-more-btn\" href=\"https:\/\/neocatechumenaleiter.org\/pt-br\/palavras-dos-papas\/sao-joao-paulo-ii\/discurso-do-santo-padre-joao-paulo-ii-aos-iniciadores-aos-catequistas-itinerantes-e-aos-presbiteros-do-caminho-neocatecumenal-21-9-2002\/\">Ler mais<\/a><\/div>\n","protected":false},"author":2,"featured_media":0,"parent":4247,"menu_order":99,"comment_status":"closed","ping_status":"closed","template":"","meta":{"footnotes":""},"class_list":["post-5683","page","type-page","status-publish","hentry"],"_links":{"self":[{"href":"https:\/\/neocatechumenaleiter.org\/pt-br\/wp-json\/wp\/v2\/pages\/5683","targetHints":{"allow":["GET"]}}],"collection":[{"href":"https:\/\/neocatechumenaleiter.org\/pt-br\/wp-json\/wp\/v2\/pages"}],"about":[{"href":"https:\/\/neocatechumenaleiter.org\/pt-br\/wp-json\/wp\/v2\/types\/page"}],"author":[{"embeddable":true,"href":"https:\/\/neocatechumenaleiter.org\/pt-br\/wp-json\/wp\/v2\/users\/2"}],"replies":[{"embeddable":true,"href":"https:\/\/neocatechumenaleiter.org\/pt-br\/wp-json\/wp\/v2\/comments?post=5683"}],"version-history":[{"count":6,"href":"https:\/\/neocatechumenaleiter.org\/pt-br\/wp-json\/wp\/v2\/pages\/5683\/revisions"}],"predecessor-version":[{"id":14110,"href":"https:\/\/neocatechumenaleiter.org\/pt-br\/wp-json\/wp\/v2\/pages\/5683\/revisions\/14110"}],"up":[{"embeddable":true,"href":"https:\/\/neocatechumenaleiter.org\/pt-br\/wp-json\/wp\/v2\/pages\/4247"}],"wp:attachment":[{"href":"https:\/\/neocatechumenaleiter.org\/pt-br\/wp-json\/wp\/v2\/media?parent=5683"}],"curies":[{"name":"wp","href":"https:\/\/api.w.org\/{rel}","templated":true}]}}