{"id":5691,"date":"2020-03-28T05:58:39","date_gmt":"2020-03-28T04:58:39","guid":{"rendered":"https:\/\/neocatechumenaleiter.org\/palavras-dos-papas\/sao-joao-paulo-ii\/saudacao-do-papa-joao-paulo-ii-aos-jovens-das-comunidades-neocatecumenais-da-italia-24-2-2002\/"},"modified":"2020-04-03T18:58:40","modified_gmt":"2020-04-03T17:58:40","slug":"saudacao-do-papa-joao-paulo-ii-aos-jovens-das-comunidades-neocatecumenais-da-italia-24-2-2002","status":"publish","type":"page","link":"https:\/\/neocatechumenaleiter.org\/pt-br\/palavras-dos-papas\/sao-joao-paulo-ii\/saudacao-do-papa-joao-paulo-ii-aos-jovens-das-comunidades-neocatecumenais-da-italia-24-2-2002\/","title":{"rendered":"Sauda\u00e7\u00e3o do Papa Jo\u00e3o Paulo II aos jovens das Comunidades Neocatecumenais da It\u00e1lia 24\/2\/2002"},"content":{"rendered":"\n<h1 class=\"has-text-align-center wp-block-heading\">Sauda\u00e7\u00e3o do Papa Jo\u00e3o Paulo II aos jovens das Comunidades Neocatecumenais da It\u00e1lia 24\/2\/2002<\/h1>\n\n<div style=\"height:20px\" aria-hidden=\"true\" class=\"wp-block-spacer\"><\/div>\n\n<h4 class=\"has-text-align-center wp-block-heading\">S\u00e3o Jo\u00e3o Paulo II<\/h4>\n\n<div style=\"height:20px\" aria-hidden=\"true\" class=\"wp-block-spacer\"><\/div>\n\n<p><strong>Pra\u00e7a de S\u00e3o Pedro, 24 de fevereiro de 2002 <\/strong><\/p>\n\n<p>&#8220;Nos vemos em Toronto&#8221;. Com estas palavras, pronunciadas no final da ora\u00e7\u00e3o mariana, Jo\u00e3o Paulo II renovou o convite \u00e0s novas gera\u00e7\u00f5es para participarem da XVII Jornada Mundial da Juventude que ser\u00e1 realizada no Canad\u00e1. O convite foi dirigido a milhares de jovens pertencentes \u00e0s Comunidades Neocatecumenais das par\u00f3quias e dioceses de toda a It\u00e1lia presentes na Pra\u00e7a de S\u00e3o Pedro no <em>Angelus<\/em> do domingo 24 de fevereiro.&#013;\n&#013;\nEstas s\u00e3o as palavras do Papa:<\/p>\n\n<p>Sa\u00fado com especial afeto os jovens, t\u00e3o numerosos, pertencentes \u00e0s Comunidades Neocatecumenais das par\u00f3quias e dioceses de toda a It\u00e1lia. Car\u00edssimos, v\u00f3s estais &#8220;em caminho&#8221; para a Jornada Mundial da Juventude que ter\u00e1 lugar em Toronto no pr\u00f3ximo m\u00eas de julho. Sois jovens em caminho com Cristo. Eu vos agrade\u00e7o porque com a vossa presen\u00e7a me ofereceis a ocasi\u00e3o de renovar o convite aos vossos coet\u00e2neos italianos e de outros pa\u00edses do mundo, a se prepararem com empenho para este importante encontro. Que possais dar raz\u00e3o em todas as circunst\u00e2ncias, com humildade e respeito, da esperan\u00e7a que est\u00e1 em v\u00f3s. Obrigado pela visita, e nos vemos em Toronto!<\/p>\n","protected":false},"excerpt":{"rendered":"<p>Sauda\u00e7\u00e3o do Papa Jo\u00e3o Paulo II aos jovens das Comunidades Neocatecumenais da It\u00e1lia 24\/2\/2002 S\u00e3o Jo\u00e3o Paulo II Pra\u00e7a de S\u00e3o Pedro, 24 de fevereiro de 2002 &#8220;Nos vemos em Toronto&#8221;. Com estas palavras, pronunciadas no final da ora\u00e7\u00e3o mariana, Jo\u00e3o Paulo II renovou o convite \u00e0s novas gera\u00e7\u00f5es para participarem da XVII Jornada Mundial da Juventude que ser\u00e1 realizada no Canad\u00e1. O convite foi dirigido a milhares de jovens<\/p>\n<div class=\"read-more\"><a class=\"btn read-more-btn\" href=\"https:\/\/neocatechumenaleiter.org\/pt-br\/palavras-dos-papas\/sao-joao-paulo-ii\/saudacao-do-papa-joao-paulo-ii-aos-jovens-das-comunidades-neocatecumenais-da-italia-24-2-2002\/\">Ler mais<\/a><\/div>\n","protected":false},"author":2,"featured_media":0,"parent":4247,"menu_order":98,"comment_status":"closed","ping_status":"closed","template":"","meta":{"footnotes":""},"class_list":["post-5691","page","type-page","status-publish","hentry"],"_links":{"self":[{"href":"https:\/\/neocatechumenaleiter.org\/pt-br\/wp-json\/wp\/v2\/pages\/5691","targetHints":{"allow":["GET"]}}],"collection":[{"href":"https:\/\/neocatechumenaleiter.org\/pt-br\/wp-json\/wp\/v2\/pages"}],"about":[{"href":"https:\/\/neocatechumenaleiter.org\/pt-br\/wp-json\/wp\/v2\/types\/page"}],"author":[{"embeddable":true,"href":"https:\/\/neocatechumenaleiter.org\/pt-br\/wp-json\/wp\/v2\/users\/2"}],"replies":[{"embeddable":true,"href":"https:\/\/neocatechumenaleiter.org\/pt-br\/wp-json\/wp\/v2\/comments?post=5691"}],"version-history":[{"count":5,"href":"https:\/\/neocatechumenaleiter.org\/pt-br\/wp-json\/wp\/v2\/pages\/5691\/revisions"}],"predecessor-version":[{"id":6516,"href":"https:\/\/neocatechumenaleiter.org\/pt-br\/wp-json\/wp\/v2\/pages\/5691\/revisions\/6516"}],"up":[{"embeddable":true,"href":"https:\/\/neocatechumenaleiter.org\/pt-br\/wp-json\/wp\/v2\/pages\/4247"}],"wp:attachment":[{"href":"https:\/\/neocatechumenaleiter.org\/pt-br\/wp-json\/wp\/v2\/media?parent=5691"}],"curies":[{"name":"wp","href":"https:\/\/api.w.org\/{rel}","templated":true}]}}