{"id":5693,"date":"2020-03-28T06:07:59","date_gmt":"2020-03-28T05:07:59","guid":{"rendered":"https:\/\/neocatechumenaleiter.org\/palavras-dos-papas\/sao-joao-paulo-ii\/carta-do-santo-padre-joao-paulo-ii-ao-cardeal-james-francis-stafford-presidente-do-pontificio-conselho-para-os-leigos-sobre-a-elaboracao-dos-estatutos\/"},"modified":"2020-04-03T18:54:24","modified_gmt":"2020-04-03T17:54:24","slug":"carta-do-santo-padre-joao-paulo-ii-ao-cardeal-james-francis-stafford-presidente-do-pontificio-conselho-para-os-leigos-sobre-a-elaboracao-dos-estatutos","status":"publish","type":"page","link":"https:\/\/neocatechumenaleiter.org\/pt-br\/palavras-dos-papas\/sao-joao-paulo-ii\/carta-do-santo-padre-joao-paulo-ii-ao-cardeal-james-francis-stafford-presidente-do-pontificio-conselho-para-os-leigos-sobre-a-elaboracao-dos-estatutos\/","title":{"rendered":"Carta do Santo Padre Jo\u00e3o Paulo II ao cardeal James Francis Stafford, presidente do Pontif\u00edcio Conselho para os Leigos, sobre a elabora\u00e7\u00e3o dos Estatutos"},"content":{"rendered":"\n<h1 class=\"has-text-align-center wp-block-heading\">Carta do Santo Padre Jo\u00e3o Paulo II ao cardeal James Francis Stafford, presidente do Pontif\u00edcio Conselho para os Leigos, sobre a elabora\u00e7\u00e3o dos Estatutos<\/h1>\n\n<div style=\"height:20px\" aria-hidden=\"true\" class=\"wp-block-spacer\"><\/div>\n\n<h4 class=\"has-text-align-center wp-block-heading\">S\u00e3o Jo\u00e3o Paulo II<\/h4>\n\n<div style=\"height:20px\" aria-hidden=\"true\" class=\"wp-block-spacer\"><\/div>\n\n<p><strong>Cidade do Vaticano, 5 de abril de 2001<\/strong><\/p>\n\n<p>Jo\u00e3o Paulo II fez chegar uma mensagem ao cardeal James Francis Stafford, presidente\u00ad do Pontif\u00edcio Conselho para os Leigos, que confirma a compet\u00eancia do Dicast\u00e9rio na\u00ad aprova\u00e7\u00e3o dos estatutos do Caminho Neocatecumenal, &#8220;assim que eles forem devidamente redigidos&#8221;, e o encarrega &#8220;de continuar a acompanhar o Caminho tamb\u00e9m no futuro&#8221;.<\/p>\n\n<p>Este \u00e9 o texto da mensagem:&#013;\n&#013;\nAo venerado irm\u00e3o cardeal James Francis Stafford, presidente do Pontif\u00edcio Conselho para os Leigos<\/p>\n\n<p>1. J\u00e1 se passaram quatro anos desde aquele memor\u00e1vel 24 de janeiro de 1997, quando me encontrei com os iniciadores do Caminho Neocatecumenal\u00ad e com eles os numerosos respons\u00e1veis das comunidades do Caminho espalhadas pelo mundo. Naquela ocasi\u00e3o, unindo-me \u00e0s suas ora\u00e7\u00f5es de louvor e de agradecimento ao Senhor pelos preciosos frutos produzidos pelo Caminho em 30 anos de vida, n\u00e3o deixei de ressaltar a import\u00e2ncia de algumas exig\u00eancias inevit\u00e1veis das quais dependem a pr\u00f3pria \u00adexist\u00eancia do Caminho. Dentre elas, a elabora\u00e7\u00e3o de uma norma\u00ad estatut\u00e1ria espec\u00edfica em vista de um reconhecimento jur\u00eddico formal (cf. L&#8217;Osservatore Romano, 25 de janeiro de 1997, n.4). Assim se abria uma nova fase, decisiva para o futuro desta realidade eclesial.<\/p>\n\n<p>2. J\u00e1 na Exorta\u00e7\u00e3o Apost\u00f3lica <em>Christifideles laici<\/em> (30 de dezembro\u00ad de 1988) lembrava que &#8220;nenhum carisma est\u00e1 dispensado da sua refer\u00eancia e submiss\u00e3o aos pastores da Igreja&#8221; (n. 24) e remetia ao que est\u00e1 escrito sobre isso na Constitui\u00e7\u00e3o Dogm\u00e1tica <em>Lumen Gentium:<\/em> &#8220;o ju\u00edzo acerca da sua (dos carismas) autenticidade e do seu exerc\u00edcio regular pertence \u00e0queles que presidem a Igreja e aos quais compete de modo especial n\u00e3o extinguir o Esp\u00edrito, mas examinar \u00adtudo e conservar o que \u00e9 bom (cf. 1Ts 5,12.19-21)&#8221; (n. 12). Na verdade, \u00e9 nesta condi\u00e7\u00e3o que os carismas, em sua diversidade e complementariedade, podem cooperar para o bem comum (cf. <em>Christifideles laici<\/em>, 24).&#013;\n&#013;\nPortanto, o processo de reconhecimento e acolhida dos carismas n\u00e3o \u00e9 f\u00e1cil. Ele requer um profundo discernimento da vontade de Deus e deve ser acompanhado pela ora\u00e7\u00e3o constante\u00ad, para que os cora\u00e7\u00f5es se abram docilmente \u00e0 voz do Esp\u00edrito na comunh\u00e3o eclesial. O cume deste processo \u00e9 o ato oficial do reconhecimento e da aprova\u00e7\u00e3o dos estatutos como clara e segura regra de vida, um momento em que as realidades eclesiais envolvidas vivem sempre com grande alegria e com viva gratid\u00e3o a Deus e \u00e0 Igreja. Com efeito, \u00e9 um novo ponto de partida, \u00e9 um sinal vis\u00edvel de uma identidade eclesial madura (cf. <em>Christifideles laici<\/em>, 30).<\/p>\n\n<p>3. Sei com quanto zelo e solicitude pastoral o Pontif\u00edcio Conselho para os Leigos se empenhou e se empenha para acompanhar o Caminho Neocatecumenal nesta etapa determinante da sua vida, a elabora\u00e7\u00e3o dos estatutos. Confiei esta tarefa delicada, senhor cardeal, a esse Pontif\u00edcio Conselho para os Leigos, em raz\u00e3o da autoridade que lhe compete, de acordo com as normas can\u00f4nicas vigentes, como tamb\u00e9m pela singular experi\u00eancia que tem sobre esta mat\u00e9ria. Justamente nisso se baseia a esperan\u00e7a de um feliz \u00eaxito do procedimento, que j\u00e1 se encontra rumo \u00e0 fase conclusiva. Enquanto exprimo ao Pontif\u00edcio Conselho para os Leigos o meu vivo apre\u00e7o e o meu reconhecimento pela seriedade e rigor na realiza\u00e7\u00e3o da tarefa a ele confiada, confirmo a sua compet\u00eancia na aprova\u00e7\u00e3o dos supracitados estatutos, uma vez que j\u00e1 foram devidamente redigidos, e o encarrego de continuar a acompanhar o Caminho tamb\u00e9m no futuro. Tenho certeza de que, no cumprimento deste mandato, o Pontif\u00edcio Conselho para os Leigos poder\u00e1 contar com a colabora\u00e7\u00e3o e com o esp\u00edrito de filial docilidade do Caminho Neocatecumenal. Encomendando ao Senhor, por intercess\u00e3o de Maria, M\u00e3e da Igreja, a atividade do Dicast\u00e9rio que Vossa Emin\u00eancia preside, dou a minha afetuosa b\u00ean\u00e7\u00e3o a ti, venerado irm\u00e3o, assim como aos seus colaboradores e colaboradoras.<\/p>\n","protected":false},"excerpt":{"rendered":"<p>Carta do Santo Padre Jo\u00e3o Paulo II ao cardeal James Francis Stafford, presidente do Pontif\u00edcio Conselho para os Leigos, sobre a elabora\u00e7\u00e3o dos Estatutos S\u00e3o Jo\u00e3o Paulo II Cidade do Vaticano, 5 de abril de 2001 Jo\u00e3o Paulo II fez chegar uma mensagem ao cardeal James Francis Stafford, presidente\u00ad do Pontif\u00edcio Conselho para os Leigos, que confirma a compet\u00eancia do Dicast\u00e9rio na\u00ad aprova\u00e7\u00e3o dos estatutos do Caminho Neocatecumenal, &#8220;assim que<\/p>\n<div class=\"read-more\"><a class=\"btn read-more-btn\" href=\"https:\/\/neocatechumenaleiter.org\/pt-br\/palavras-dos-papas\/sao-joao-paulo-ii\/carta-do-santo-padre-joao-paulo-ii-ao-cardeal-james-francis-stafford-presidente-do-pontificio-conselho-para-os-leigos-sobre-a-elaboracao-dos-estatutos\/\">Ler mais<\/a><\/div>\n","protected":false},"author":2,"featured_media":0,"parent":4247,"menu_order":97,"comment_status":"closed","ping_status":"closed","template":"","meta":{"footnotes":""},"class_list":["post-5693","page","type-page","status-publish","hentry"],"_links":{"self":[{"href":"https:\/\/neocatechumenaleiter.org\/pt-br\/wp-json\/wp\/v2\/pages\/5693","targetHints":{"allow":["GET"]}}],"collection":[{"href":"https:\/\/neocatechumenaleiter.org\/pt-br\/wp-json\/wp\/v2\/pages"}],"about":[{"href":"https:\/\/neocatechumenaleiter.org\/pt-br\/wp-json\/wp\/v2\/types\/page"}],"author":[{"embeddable":true,"href":"https:\/\/neocatechumenaleiter.org\/pt-br\/wp-json\/wp\/v2\/users\/2"}],"replies":[{"embeddable":true,"href":"https:\/\/neocatechumenaleiter.org\/pt-br\/wp-json\/wp\/v2\/comments?post=5693"}],"version-history":[{"count":7,"href":"https:\/\/neocatechumenaleiter.org\/pt-br\/wp-json\/wp\/v2\/pages\/5693\/revisions"}],"predecessor-version":[{"id":6514,"href":"https:\/\/neocatechumenaleiter.org\/pt-br\/wp-json\/wp\/v2\/pages\/5693\/revisions\/6514"}],"up":[{"embeddable":true,"href":"https:\/\/neocatechumenaleiter.org\/pt-br\/wp-json\/wp\/v2\/pages\/4247"}],"wp:attachment":[{"href":"https:\/\/neocatechumenaleiter.org\/pt-br\/wp-json\/wp\/v2\/media?parent=5693"}],"curies":[{"name":"wp","href":"https:\/\/api.w.org\/{rel}","templated":true}]}}