{"id":6018,"date":"2020-03-30T22:13:04","date_gmt":"2020-03-30T21:13:04","guid":{"rendered":"https:\/\/neocatechumenaleiter.org\/palavras-dos-papas\/francisco\/discurso-do-papa-francisco-aos-membros-do-movimento-neocatecumenal-18-3-2016\/"},"modified":"2020-04-01T00:12:35","modified_gmt":"2020-03-31T23:12:35","slug":"discurso-do-papa-francisco-aos-membros-do-movimento-neocatecumenal-18-3-2016","status":"publish","type":"page","link":"https:\/\/neocatechumenaleiter.org\/pt-br\/palavras-dos-papas\/francisco\/discurso-do-papa-francisco-aos-membros-do-movimento-neocatecumenal-18-3-2016\/","title":{"rendered":"Discurso do Papa Francisco aos membros do movimento Neocatecumenal, 18\/3\/2016"},"content":{"rendered":"\n<h1 class=\"has-text-align-center wp-block-heading\">Discurso do Papa Francisco aos membros do movimento Neocatecumenal, 18\/3\/2016<\/h1>\n\n<div style=\"height:20px\" aria-hidden=\"true\" class=\"wp-block-spacer\"><\/div>\n\n<h4 class=\"has-text-align-center wp-block-heading\">Francisco<\/h4>\n\n<div style=\"height:20px\" aria-hidden=\"true\" class=\"wp-block-spacer\"><\/div>\n\n<p><em>Queridos irm\u00e3os e irm\u00e3s, bom dia!<\/em><\/p>\n\n<p>Sinto-me feliz por me encontrar convosco e agrade\u00e7o-vos porque viestes em t\u00e3o t\u00e3o grande n\u00famero. Transmito uma sauda\u00e7\u00e3o especial aos que est\u00e3o para partir! Recebestes a chamada para evangelizar: bendigo o Senhor por isto, pelo dom do Caminho e pelo dom de cada um de v\u00f3s. Gostaria de ressaltar tr\u00eas palavras que o Evangelho vos confiou, como um mandato para a miss\u00e3o: <i>unidade, gl\u00f3ria<\/i>\u00a0e\u00a0<i>mundo<\/i>.<\/p>\n\n<p><i>Unidade<\/i>. Jesus pede ao Pai a fim de que os seus sejam &#8220;perfeitos na unidade&#8221; (<i>Jo<\/i> 17, 23): deseja que sejam entre si &#8220;uma s\u00f3 coisa&#8221; (v. 22), como Ele e o Pai. Foi o seu \u00faltimo pedido antes da Paix\u00e3o, o mais sentido: que haja comunh\u00e3o na Igreja. A comunh\u00e3o \u00e9 essencial. O inimigo de Deus e do homem, o diabo, nada pode contra o Evangelho, contra a humilde for\u00e7a da ora\u00e7\u00e3o e dos sacramentos, mas pode fazer muito mal \u00e0 Igreja tentando a nossa humanidade. Provoca a presun\u00e7\u00e3o, o julgamento sobre os outros, os fechamentos, as divis\u00f5es. Ele mesmo \u00e9 &#8220;o divisor&#8221; e com frequ\u00eancia come\u00e7a por fazer acreditar que somos bons, at\u00e9 melhores do que os outros: assim tem o terreno pronto para semear o joio. \u00c9 a tenta\u00e7\u00e3o de todas as comunidades e pode insinuar-se tamb\u00e9m nos melhores carismas da Igreja.<\/p>\n\n<p>Recebestes um grande carisma, para a renova\u00e7\u00e3o batismal da vida: com efeito, entra-se na Igreja atrav\u00e9s do Batismo. Todos os carismas s\u00e3o uma gra\u00e7a de Deus para aumentar a comunh\u00e3o. Mas o carisma pode deteriorar-se quando nos fechamos ou nos orgulhamos, quando queremos distinguir-nos dos outros. Portanto \u00e9 preciso conserv\u00e1-lo. Conservai o vosso carisma! Como? Seguindo a via mestra:<i>\u00a0a unidade humilde e obediente<\/i>. Se houver esta via, o Esp\u00edrito Santo continua a agir, como fez em Maria, aberta, humilde e obediente. \u00c9 necess\u00e1rio vigiar sempre o carisma, purificando os eventuais excessos humanos mediante a busca da unidade com todos e a obedi\u00eancia \u00e0 Igreja. Assim\u00a0<i>respiramos na Igreja e com a Igreja<\/i>; deste modo permanecemos filhos d\u00f3ceis da &#8220;Santa M\u00e3e Igreja Hier\u00e1rquica&#8221;, com &#8220;o \u00e2nimo preparado e pronto&#8221; para a miss\u00e3o (cf. S. In\u00e1cio de Loyola, <i>Exerc\u00edcios espirituais<\/i>, 353).<\/p>\n\n<p>Evidencio este aspecto: a Igreja \u00e9 a nossa M\u00e3e. Como os filhos trazem impressa no rosto a semelhan\u00e7a com a m\u00e3e, assim todos n\u00f3s nos assemelhamos com a nossa m\u00e3e, a Igreja. Depois do Batismo j\u00e1 n\u00e3o vivemos como indiv\u00edduos isolados, mas tornamo-nos <i>homens e mulheres de comunh\u00e3o<\/i>, chamados a ser\u00a0<i>agentes de comunh\u00e3o<\/i>\u00a0no mundo. Porque Jesus n\u00e3o s\u00f3<i>\u00a0fundou a Igreja para n\u00f3s, mas fundou-nos como Igreja<\/i>. A Igreja n\u00e3o \u00e9 s\u00f3 um instrumento para n\u00f3s: n\u00f3s somos Igreja. Dela renascemos, por ela somos nutridos com o P\u00e3o da vida, dela recebemos palavras de vida, somos perdoados e acompanhados \u00e0 casa. Esta \u00e9 a fecundidade da Igreja, que \u00e9 M\u00e3e: n\u00e3o \u00e9 uma organiza\u00e7\u00e3o que procura seguidores, nem um grupo que vai em frente seguindo a l\u00f3gica das suas ideias, mas uma M\u00e3e que transmite a vida recebida de Jesus.<\/p>\n\n<p>Esta fecundidade exprime-se atrav\u00e9s do minist\u00e9rio e da guia dos pastores. Com efeito, tamb\u00e9m a institui\u00e7\u00e3o \u00e9 um carisma porque tem as suas ra\u00edzes na mesma fonte, que \u00e9 o Esp\u00edrito Santo. Ele \u00e9 a \u00e1gua viva, mas a \u00e1gua s\u00f3 pode continuar a dar vida se a planta for bem cuidada e podada. Saciai-vos na fonte do amor, o Esp\u00edrito, e cuidai com delicadeza e respeito do inteiro organismo eclesial, especialmente das partes mais fr\u00e1geis, para que cres\u00e7a em conjunto, harmonioso e fecundo.<\/p>\n\n<p>Segunda palavra:\u00a0<i>gl\u00f3ria<\/i>. Antes da sua Paix\u00e3o, Jesus preanuncia que ser\u00e1 &#8220;glorificado&#8221; na cruz: nela resplandecer\u00e1 a sua gl\u00f3ria (cf. <i>Jo<\/i>\u00a017, 5). Mas \u00e9 uma gl\u00f3ria nova: a gl\u00f3ria mundana manifesta-se quando somos importantes, admirados, quando possu\u00edmos bens e temos sucesso. Mas a gl\u00f3ria de Deus revela-se na cruz: \u00e9 o amor, que nela resplandece e difunde-se. \u00c9 uma gl\u00f3ria paradoxal: sem fragor, nem lucro nem aplausos. Mas s\u00f3 esta gl\u00f3ria torna fecundo o Evangelho. Assim tamb\u00e9m a M\u00e3e Igreja \u00e9 fecunda quando imita o amor misericordiosos de Deus, que se prop\u00f5e e nunca se imp\u00f5e. Ele \u00e9 humilde, age como a chuva na terra, como o ar que respiramos, como uma pequena semente que produz o fruto no sil\u00eancio. Quem anuncia o amor s\u00f3 pode faz\u00ea-lo com o mesmo estilo de amor.<\/p>\n\n<p>E a terceira palavra que ouvimos \u00e9\u00a0<i>mundo<\/i>. &#8220;Deus amou de tal forma o mundo&#8221; que enviou Jesus (cf. <i>Jo<\/i> 3, 16). Quem ama n\u00e3o permanece distante, mas vai ao encontro. V\u00f3s ireis ao encontro de muitas cidades, em tantos pa\u00edses. Deus n\u00e3o se sente atra\u00eddo pela mundanidade, ali\u00e1s, detesta-a; mas ama o mundo que criou e ama os seus filhos no mundo assim como s\u00e3o, onde vivem, mesmo que estejam &#8220;distantes&#8221;. N\u00e3o ser\u00e1 f\u00e1cil a vida para v\u00f3s nos pa\u00edses distantes, noutras culturas, n\u00e3o ser\u00e1 f\u00e1cil. Mas \u00e9 a vossa miss\u00e3o. E fazeis isso por amor, por amor \u00e0 m\u00e3e Igreja, \u00e0 unidade desta m\u00e3e fecunda: fazeis isto para que a Igreja seja m\u00e3e e fecunda. Mostrai aos filhos o olhar terno do Pai e considerai um dom as realidades que encontrareis; familiarizai com as culturas, as l\u00ednguas e os costumes locais, respeitando-os e reconhecendo as sementes de gra\u00e7a que o Esp\u00edrito j\u00e1 lan\u00e7ou. Sem ceder \u00e0 tenta\u00e7\u00e3o de transplantar modelos adquiridos, <i>semeai o primeiro an\u00fancio<\/i>: &#8220;O que \u00e9 mais belo, mais importante, mais atraente e, ao mesmo tempo, mais necess\u00e1rio&#8221; (Exort. ap.\u00a0<em>Evangelii gaudium, 35<\/em>). \u00c9 a boa nova que se deve sempre propagar, caso contr\u00e1rio a f\u00e9 corre o risco de se tornar uma doutrina fria e sem vida. Evangelizar como fam\u00edlias, vivendo a unidade e a simplicidade, j\u00e1 \u00e9 um an\u00fancio de vida, um bom testemunho, pelo qual agrade\u00e7o muito. E agrade\u00e7o-vos, em meu nome mas tamb\u00e9m em nome de toda a Igreja, este gesto de ir ao encontro do desconhecido e sofrer. Porque haver\u00e1 sofrimento, mas tamb\u00e9m a alegria da gl\u00f3ria de Deus, a gl\u00f3ria da Cruz. Acompanho-vos e encorajo-vos, e pe\u00e7o-vos por favor que n\u00e3o vos esque\u00e7ais de rezar por mim. Permane\u00e7o aqui, mas com o cora\u00e7\u00e3o vou convosco.<\/p>\n","protected":false},"excerpt":{"rendered":"<p>Discurso do Papa Francisco aos membros do movimento Neocatecumenal, 18\/3\/2016 Francisco Queridos irm\u00e3os e irm\u00e3s, bom dia! Sinto-me feliz por me encontrar convosco e agrade\u00e7o-vos porque viestes em t\u00e3o t\u00e3o grande n\u00famero. Transmito uma sauda\u00e7\u00e3o especial aos que est\u00e3o para partir! Recebestes a chamada para evangelizar: bendigo o Senhor por isto, pelo dom do Caminho e pelo dom de cada um de v\u00f3s. Gostaria de ressaltar tr\u00eas palavras que o<\/p>\n<div class=\"read-more\"><a class=\"btn read-more-btn\" href=\"https:\/\/neocatechumenaleiter.org\/pt-br\/palavras-dos-papas\/francisco\/discurso-do-papa-francisco-aos-membros-do-movimento-neocatecumenal-18-3-2016\/\">Ler mais<\/a><\/div>\n","protected":false},"author":2,"featured_media":0,"parent":4355,"menu_order":4,"comment_status":"closed","ping_status":"closed","template":"","meta":{"footnotes":""},"class_list":["post-6018","page","type-page","status-publish","hentry"],"_links":{"self":[{"href":"https:\/\/neocatechumenaleiter.org\/pt-br\/wp-json\/wp\/v2\/pages\/6018","targetHints":{"allow":["GET"]}}],"collection":[{"href":"https:\/\/neocatechumenaleiter.org\/pt-br\/wp-json\/wp\/v2\/pages"}],"about":[{"href":"https:\/\/neocatechumenaleiter.org\/pt-br\/wp-json\/wp\/v2\/types\/page"}],"author":[{"embeddable":true,"href":"https:\/\/neocatechumenaleiter.org\/pt-br\/wp-json\/wp\/v2\/users\/2"}],"replies":[{"embeddable":true,"href":"https:\/\/neocatechumenaleiter.org\/pt-br\/wp-json\/wp\/v2\/comments?post=6018"}],"version-history":[{"count":7,"href":"https:\/\/neocatechumenaleiter.org\/pt-br\/wp-json\/wp\/v2\/pages\/6018\/revisions"}],"predecessor-version":[{"id":6217,"href":"https:\/\/neocatechumenaleiter.org\/pt-br\/wp-json\/wp\/v2\/pages\/6018\/revisions\/6217"}],"up":[{"embeddable":true,"href":"https:\/\/neocatechumenaleiter.org\/pt-br\/wp-json\/wp\/v2\/pages\/4355"}],"wp:attachment":[{"href":"https:\/\/neocatechumenaleiter.org\/pt-br\/wp-json\/wp\/v2\/media?parent=6018"}],"curies":[{"name":"wp","href":"https:\/\/api.w.org\/{rel}","templated":true}]}}