{"id":6028,"date":"2020-03-30T22:56:36","date_gmt":"2020-03-30T21:56:36","guid":{"rendered":"https:\/\/neocatechumenaleiter.org\/palavras-dos-papas\/bento-xvi\/audiencia-privada-aos-iniciadores-do-caminho-neocatecumenal-19-11-2005\/"},"modified":"2020-06-14T03:10:57","modified_gmt":"2020-06-14T02:10:57","slug":"audiencia-privada-aos-iniciadores-do-caminho-neocatecumenal-19-11-2005","status":"publish","type":"page","link":"https:\/\/neocatechumenaleiter.org\/pt-br\/palavras-dos-papas\/bento-xvi\/audiencia-privada-aos-iniciadores-do-caminho-neocatecumenal-19-11-2005\/","title":{"rendered":"Audi\u00eancia privada aos iniciadores do Caminho Neocatecumenal, 19\/11\/2005"},"content":{"rendered":"\n<h1 class=\"has-text-align-center wp-block-heading\">Audi\u00eancia privada aos iniciadores do Caminho Neocatecumenal, 19\/11\/2005<\/h1>\n\n<div style=\"height:20px\" aria-hidden=\"true\" class=\"wp-block-spacer\"><\/div>\n\n<h4 class=\"has-text-align-center wp-block-heading\">Bento XVI<\/h4>\n\n<div style=\"height:20px\" aria-hidden=\"true\" class=\"wp-block-spacer\"><\/div>\n\n<p><strong>Cidade do Vaticano, 19 de novembro de 2005<\/strong><\/p>\n\n<p><em>No dia 19 de novembro de 2005, o Santo Padre Bento XVI recebeu, em uma audi\u00eancia privada, pela primeira vez, os iniciadores do Caminho Neocatecumenal.&#13;\n<br\/><br\/>Kiko descreveu o\u00a0 encontro deste modo:<\/em><\/p>\n\n<p>&#8220;Foi um encontro maravilhoso. &#13;\nHav\u00edamos pedido uma Audi\u00eancia com o Papa, sabendo que era dific\u00edlimo, e ele a concedeu. Tivemos em maio passado uma conviv\u00eancia de fam\u00edlias e fizemos o envio de 200. Perguntamos ao Papa Bento XVI se poderia \u2013 como fizera Jo\u00e3o Paulo II enviando mais de 400 fam\u00edlias a todo o mundo \u2013 dar o crucifixo a essas novas fam\u00edlias e tirar com elas uma foto para mostrar, ali onde v\u00e3o, que s\u00e3o cat\u00f3licas \u2013 porque ir\u00e3o a ambientes muito dif\u00edceis da Am\u00e9rica e do norte da Europa. Comunicaram-nos que o Papa est\u00e1 contente em enviar no dia 12 de janeiro essas 200 fam\u00edlias a todo o mundo. \u00c9 um encontro important\u00edssimo! Ser\u00e1 a primeira vez que o papa Bento XVI dir\u00e1 uma palavra sobre o Caminho Neocatecumenal diante de toda a Igreja. Todos est\u00e3o esperando.<\/p>\n\n<p>A Audi\u00eancia privada que tivemos no dia 19 de novembro foi bel\u00edssima: falei um pouco do plano de evangeliza\u00e7\u00e3o que hav\u00edamos apresentado a Jo\u00e3o Paulo II, com uma \u201cimplantatio Ecclesiae\u201d com as fam\u00edlias em miss\u00e3o, um pouco como fazia S\u00e3o Bento; mostrei ao Papa um mapa no qual est\u00e3o os 27 semin\u00e1rios da Europa e onde est\u00e3o as fam\u00edlias em miss\u00e3o\u2026 Bem, quando faltavam 5 minutos para o final da Audi\u00eancia, o Papa disse: \u201cMuito bem, agora falemos da liturgia. Ontem falei com o Cardeal Arinze e definimos algumas coisas\u201d. Disse-nos que podemos fazer breves moni\u00e7\u00f5es \u00e0s leituras, alguns ecos da palavra (3 ou 4), que claramente n\u00e3o substituam a homilia. A paz permanece onde a fazemos e em rela\u00e7\u00e3o \u00e0 comunh\u00e3o sob duas esp\u00e9cies, podemos continuar fazendo como agora, depois se ver\u00e1&#8221;.<\/p>\n\n<div class=\"wp-block-image is-style-default\"><figure class=\"aligncenter size-large\"><img loading=\"lazy\" decoding=\"async\" width=\"614\" height=\"406\" src=\"https:\/\/neocatechumenaleiter.org\/wp-content\/uploads\/2020\/02\/Camino_Neocatecumenal_Benedicto_XVI_Kiko_Carmen_Mario_audiencia.jpg\" alt=\"\" class=\"wp-image-1100\" srcset=\"https:\/\/neocatechumenaleiter.org\/wp-content\/uploads\/2020\/02\/Camino_Neocatecumenal_Benedicto_XVI_Kiko_Carmen_Mario_audiencia.jpg 614w, https:\/\/neocatechumenaleiter.org\/wp-content\/uploads\/2020\/02\/Camino_Neocatecumenal_Benedicto_XVI_Kiko_Carmen_Mario_audiencia-300x198.jpg 300w\" sizes=\"auto, (max-width: 614px) 100vw, 614px\" \/><\/figure><\/div>\n","protected":false},"excerpt":{"rendered":"<p>Audi\u00eancia privada aos iniciadores do Caminho Neocatecumenal, 19\/11\/2005 Bento XVI Cidade do Vaticano, 19 de novembro de 2005 No dia 19 de novembro de 2005, o Santo Padre Bento XVI recebeu, em uma audi\u00eancia privada, pela primeira vez, os iniciadores do Caminho Neocatecumenal.&#13; Kiko descreveu o\u00a0 encontro deste modo: &#8220;Foi um encontro maravilhoso. &#13; Hav\u00edamos pedido uma Audi\u00eancia com o Papa, sabendo que era dific\u00edlimo, e ele a concedeu. Tivemos<\/p>\n<div class=\"read-more\"><a class=\"btn read-more-btn\" href=\"https:\/\/neocatechumenaleiter.org\/pt-br\/palavras-dos-papas\/bento-xvi\/audiencia-privada-aos-iniciadores-do-caminho-neocatecumenal-19-11-2005\/\">Ler mais<\/a><\/div>\n","protected":false},"author":2,"featured_media":0,"parent":4357,"menu_order":0,"comment_status":"closed","ping_status":"closed","template":"","meta":{"footnotes":""},"class_list":["post-6028","page","type-page","status-publish","hentry"],"_links":{"self":[{"href":"https:\/\/neocatechumenaleiter.org\/pt-br\/wp-json\/wp\/v2\/pages\/6028","targetHints":{"allow":["GET"]}}],"collection":[{"href":"https:\/\/neocatechumenaleiter.org\/pt-br\/wp-json\/wp\/v2\/pages"}],"about":[{"href":"https:\/\/neocatechumenaleiter.org\/pt-br\/wp-json\/wp\/v2\/types\/page"}],"author":[{"embeddable":true,"href":"https:\/\/neocatechumenaleiter.org\/pt-br\/wp-json\/wp\/v2\/users\/2"}],"replies":[{"embeddable":true,"href":"https:\/\/neocatechumenaleiter.org\/pt-br\/wp-json\/wp\/v2\/comments?post=6028"}],"version-history":[{"count":8,"href":"https:\/\/neocatechumenaleiter.org\/pt-br\/wp-json\/wp\/v2\/pages\/6028\/revisions"}],"predecessor-version":[{"id":15845,"href":"https:\/\/neocatechumenaleiter.org\/pt-br\/wp-json\/wp\/v2\/pages\/6028\/revisions\/15845"}],"up":[{"embeddable":true,"href":"https:\/\/neocatechumenaleiter.org\/pt-br\/wp-json\/wp\/v2\/pages\/4357"}],"wp:attachment":[{"href":"https:\/\/neocatechumenaleiter.org\/pt-br\/wp-json\/wp\/v2\/media?parent=6028"}],"curies":[{"name":"wp","href":"https:\/\/api.w.org\/{rel}","templated":true}]}}