{"id":6040,"date":"2020-03-30T23:21:49","date_gmt":"2020-03-30T22:21:49","guid":{"rendered":"https:\/\/neocatechumenaleiter.org\/palavras-dos-papas\/bento-xvi\/discurso-aos-membros-do-caminho-neocatecumenal-12-1-2006\/"},"modified":"2020-04-01T00:29:12","modified_gmt":"2020-03-31T23:29:12","slug":"discurso-aos-membros-do-caminho-neocatecumenal-12-1-2006","status":"publish","type":"page","link":"https:\/\/neocatechumenaleiter.org\/pt-br\/palavras-dos-papas\/bento-xvi\/discurso-aos-membros-do-caminho-neocatecumenal-12-1-2006\/","title":{"rendered":"Discurso aos membros do Caminho Neocatecumenal, 12\/1\/2006"},"content":{"rendered":"\n<h1 class=\"has-text-align-center wp-block-heading\">Discurso aos membros do Caminho Neocatecumenal, 12\/1\/2006<\/h1>\n\n<div style=\"height:20px\" aria-hidden=\"true\" class=\"wp-block-spacer\"><\/div>\n\n<h4 class=\"has-text-align-center wp-block-heading\">Bento XVI<\/h4>\n\n<div style=\"height:20px\" aria-hidden=\"true\" class=\"wp-block-spacer\"><\/div>\n\n<p><strong>Cidade do Vaticano \u2013 Sala Paulo VI, 12 de janeiro de 2006<\/strong><\/p>\n\n<p>&#8220;Gra\u00e7as \u00e0 ades\u00e3o fiel a cada uma das diretrizes da Igreja, tornareis ainda mais eficaz o vosso apostolado&#8221;: \u00e9 a exorta\u00e7\u00e3o dirigida ao Caminho Neocatecumenal em ocasi\u00e3o da Audi\u00eancia ocorrida na manh\u00e3 da quinta-feira, 12 de janeiro, na sala Paulo VI.&#013;\nAbaixo o texto do discurso pronunciado pelo Santo Padre, o Papa:<\/p>\n\n<p>&#8220;Amados irm\u00e3os e irm\u00e3s:&#013;\n&#013;\nObrigado de cora\u00e7\u00e3o por esta vossa visita, que me oferece a oportunidade de transmitir uma especial sauda\u00e7\u00e3o tamb\u00e9m aos outros membros do Caminho Neocatecumenal espalhados por muitas regi\u00f5es do mundo. Dirijo o meu pensamento a cada um dos presentes, a come\u00e7ar pelos venerados cardeais, bispos e sacerdotes. Sa\u00fado os respons\u00e1veis do Caminho Neocatecumenal: o senhor Kiko Arg\u00fcello, a quem agrade\u00e7o as palavras que me dirigiu em vosso nome; a senhora Carmen Hern\u00e1ndez; e o padre M\u00e1rio Pezzi. Sa\u00fado os seminaristas, os jovens e especialmente as fam\u00edlias que se preparam para receber um especial &#8220;envio&#8221; mission\u00e1rio e assim partir para diversas na\u00e7\u00f5es, sobretudo da Am\u00e9rica Latina.<\/p>\n\n<div class=\"wp-block-image is-style-default\"><figure class=\"alignleft size-large\"><img loading=\"lazy\" decoding=\"async\" width=\"400\" height=\"266\" src=\"https:\/\/neocatechumenaleiter.org\/wp-content\/uploads\/2020\/02\/Camino_Neocatecumenal_Audiencia_Papa_Benedicto_XVI_2006.jpg\" alt=\"\" class=\"wp-image-1111\" srcset=\"https:\/\/neocatechumenaleiter.org\/wp-content\/uploads\/2020\/02\/Camino_Neocatecumenal_Audiencia_Papa_Benedicto_XVI_2006.jpg 400w, https:\/\/neocatechumenaleiter.org\/wp-content\/uploads\/2020\/02\/Camino_Neocatecumenal_Audiencia_Papa_Benedicto_XVI_2006-300x200.jpg 300w\" sizes=\"auto, (max-width: 400px) 100vw, 400px\" \/><\/figure><\/div>\n\n<p>Esta tarefa se situa no contexto da nova evangeliza\u00e7\u00e3o, na qual precisamente a fam\u00edlia desempenha um papel muito importante. V\u00f3s pedistes que o Sucessor de Pedro a conferisse, como j\u00e1 aconteceu com o meu venerado predecessor Jo\u00e3o Paulo II, no dia 12 de dezembro de 1994, porque a vossa a\u00e7\u00e3o apost\u00f3lica deseja colocar-se no cora\u00e7\u00e3o da Igreja, em total sintonia com as suas diretrizes e em comunh\u00e3o com as Igrejas particulares onde ireis trabalhar, valorizando plenamente a riqueza dos carismas que o Senhor suscitou atrav\u00e9s dos iniciadores do Caminho. Prezadas fam\u00edlias, o crucifixo que haveis de receber ser\u00e1 o vosso insepar\u00e1vel companheiro de caminho, enquanto proclamareis com a vossa a\u00e7\u00e3o mission\u00e1ria que somente em Jesus Cristo, morto e ressuscitado, h\u00e1 salva\u00e7\u00e3o. Dele sereis testemunhas mansas e jubilosas, percorrendo com simplicidade e pobreza os caminhos de todos os continentes, sustentados pela ora\u00e7\u00e3o incessante e pela escuta da palavra de Deus, e alimentados pela participa\u00e7\u00e3o na vida lit\u00fargica das Igrejas particulares para as quais sois enviados.<\/p>\n\n<p>A import\u00e2ncia da liturgia e, em particular, da Santa Missa na evangeliza\u00e7\u00e3o foi salientada v\u00e1rias vezes pelos meus predecessores, e a vossa longa experi\u00eancia pode confirmar muito bem que a centralidade do mist\u00e9rio de Cristo, celebrado nos ritos lit\u00fargicos, constitui um caminho privilegiado e indispens\u00e1vel para construir comunidades crist\u00e3s vivas e perseverantes. Precisamente para ajudar o Caminho Neocatecumenal a tornar ainda mais incisiva a sua a\u00e7\u00e3o evangelizadora, em comunh\u00e3o com todo o Povo de Deus, recentemente a Congrega\u00e7\u00e3o para o Culto Divino e a Disciplina dos Sacramentos promulgou, em meu nome, algumas normas relativas \u00e0 celebra\u00e7\u00e3o eucar\u00edstica, depois do per\u00edodo de experi\u00eancia concedido pelo Servo de Deus Jo\u00e3o Paulo II. Estou certo de que estas normas, que retomam quanto est\u00e1 previsto nos livros lit\u00fargicos aprovados pela Igreja, ser\u00e3o atentamente observadas por v\u00f3s. Gra\u00e7as \u00e0 ades\u00e3o fiel a cada uma das diretrizes da Igreja, tornareis ainda mais eficaz o vosso apostolado, em plena sintonia e comunh\u00e3o com o Papa e com os pastores de todas as dioceses. Agindo desta forma, o Senhor continuar\u00e1 a aben\u00e7oar-vos com copiosos frutos pastorais.<\/p>\n\n<div class=\"wp-block-image is-style-default\"><figure class=\"alignright size-large\"><img loading=\"lazy\" decoding=\"async\" width=\"400\" height=\"256\" src=\"https:\/\/neocatechumenaleiter.org\/wp-content\/uploads\/2020\/02\/Camino_Neocatecumenal_Audiencia_Papa_Benedicto_XVI_2006_familias-en-mision.jpg\" alt=\"\" class=\"wp-image-1118\" srcset=\"https:\/\/neocatechumenaleiter.org\/wp-content\/uploads\/2020\/02\/Camino_Neocatecumenal_Audiencia_Papa_Benedicto_XVI_2006_familias-en-mision.jpg 400w, https:\/\/neocatechumenaleiter.org\/wp-content\/uploads\/2020\/02\/Camino_Neocatecumenal_Audiencia_Papa_Benedicto_XVI_2006_familias-en-mision-300x192.jpg 300w\" sizes=\"auto, (max-width: 400px) 100vw, 400px\" \/><\/figure><\/div>\n\n<p>Com efeito, ao longo destes anos pudestes realizar muitas coisas, e numerosas voca\u00e7\u00f5es ao sacerd\u00f3cio e \u00e0 vida consagrada nasceram no interior das vossas comunidades. Hoje, todavia, dirigimos a nossa aten\u00e7\u00e3o particularmente \u00e0s fam\u00edlias. Mais de 200 delas est\u00e3o prestes a ser enviadas em miss\u00e3o; trata-se de fam\u00edlias que partem sem grandes ajudas humanas, mas que contam em primeiro lugar com a assist\u00eancia da Provid\u00eancia Divina.<\/p>\n\n<p>Queridas fam\u00edlias, com a vossa hist\u00f3ria v\u00f3s podeis dar testemunho do fato que o Senhor n\u00e3o abandona quantos confiam n&#8217;Ele. Continuai a difundir o Evangelho da vida. Onde quer que a vossa miss\u00e3o vos conduzir, deixai-vos iluminar pela consoladora palavra de Jesus: &#8220;Em primeiro lugar, buscai o Reino de Deus e a sua justi\u00e7a, e Deus vos dar\u00e1, em acr\u00e9scimo, todas estas coisas&#8221;; e em seguida: &#8220;Portanto, n\u00e3o vos preocupeis com o dia de amanh\u00e3, pois o dia de amanh\u00e3 ter\u00e1 j\u00e1 as suas preocupa\u00e7\u00f5es&#8221; <em>(Mt 6, 33-34)<\/em>.&#013;\n&#013;\nNum mundo que procura certezas humanas e seguran\u00e7as terrenas, demonstrai que Cristo \u00e9 a rocha s\u00f3lida sobre a qual construir o edif\u00edcio da pr\u00f3pria exist\u00eancia, e que a confian\u00e7a depositada nele nunca \u00e9 v\u00e3. A Sagrada Fam\u00edlia de Nazar\u00e9 vos proteja e vos sirva de modelo. Asseguro a minha ora\u00e7\u00e3o por v\u00f3s e por todos os membros do Caminho Neocatecumenal, enquanto concedo carinhosamente a cada um a B\u00ean\u00e7\u00e3o Apost\u00f3lica&#8221;.<\/p>\n","protected":false},"excerpt":{"rendered":"<p>Discurso aos membros do Caminho Neocatecumenal, 12\/1\/2006 Bento XVI Cidade do Vaticano \u2013 Sala Paulo VI, 12 de janeiro de 2006 &#8220;Gra\u00e7as \u00e0 ades\u00e3o fiel a cada uma das diretrizes da Igreja, tornareis ainda mais eficaz o vosso apostolado&#8221;: \u00e9 a exorta\u00e7\u00e3o dirigida ao Caminho Neocatecumenal em ocasi\u00e3o da Audi\u00eancia ocorrida na manh\u00e3 da quinta-feira, 12 de janeiro, na sala Paulo VI.&#013; Abaixo o texto do discurso pronunciado pelo Santo<\/p>\n<div class=\"read-more\"><a class=\"btn read-more-btn\" href=\"https:\/\/neocatechumenaleiter.org\/pt-br\/palavras-dos-papas\/bento-xvi\/discurso-aos-membros-do-caminho-neocatecumenal-12-1-2006\/\">Ler mais<\/a><\/div>\n","protected":false},"author":2,"featured_media":0,"parent":4357,"menu_order":1,"comment_status":"closed","ping_status":"closed","template":"","meta":{"footnotes":""},"class_list":["post-6040","page","type-page","status-publish","hentry"],"_links":{"self":[{"href":"https:\/\/neocatechumenaleiter.org\/pt-br\/wp-json\/wp\/v2\/pages\/6040","targetHints":{"allow":["GET"]}}],"collection":[{"href":"https:\/\/neocatechumenaleiter.org\/pt-br\/wp-json\/wp\/v2\/pages"}],"about":[{"href":"https:\/\/neocatechumenaleiter.org\/pt-br\/wp-json\/wp\/v2\/types\/page"}],"author":[{"embeddable":true,"href":"https:\/\/neocatechumenaleiter.org\/pt-br\/wp-json\/wp\/v2\/users\/2"}],"replies":[{"embeddable":true,"href":"https:\/\/neocatechumenaleiter.org\/pt-br\/wp-json\/wp\/v2\/comments?post=6040"}],"version-history":[{"count":5,"href":"https:\/\/neocatechumenaleiter.org\/pt-br\/wp-json\/wp\/v2\/pages\/6040\/revisions"}],"predecessor-version":[{"id":6219,"href":"https:\/\/neocatechumenaleiter.org\/pt-br\/wp-json\/wp\/v2\/pages\/6040\/revisions\/6219"}],"up":[{"embeddable":true,"href":"https:\/\/neocatechumenaleiter.org\/pt-br\/wp-json\/wp\/v2\/pages\/4357"}],"wp:attachment":[{"href":"https:\/\/neocatechumenaleiter.org\/pt-br\/wp-json\/wp\/v2\/media?parent=6040"}],"curies":[{"name":"wp","href":"https:\/\/api.w.org\/{rel}","templated":true}]}}