{"id":6056,"date":"2020-03-31T00:07:37","date_gmt":"2020-03-30T23:07:37","guid":{"rendered":"https:\/\/neocatechumenaleiter.org\/palavras-dos-papas\/francisco\/regina-coeli-do-papa-francisco-no-dia-seguinte-ao-encontro-internacional-no-50o-aniversario-do-caminho-neocatecumenal-6-5-2018\/"},"modified":"2020-03-31T23:53:42","modified_gmt":"2020-03-31T22:53:42","slug":"regina-coeli-do-papa-francisco-no-dia-seguinte-ao-encontro-internacional-no-50o-aniversario-do-caminho-neocatecumenal-6-5-2018","status":"publish","type":"page","link":"https:\/\/neocatechumenaleiter.org\/pt-br\/palavras-dos-papas\/francisco\/regina-coeli-do-papa-francisco-no-dia-seguinte-ao-encontro-internacional-no-50o-aniversario-do-caminho-neocatecumenal-6-5-2018\/","title":{"rendered":"&#8220;Regina Coeli&#8221; do Papa Francisco no dia seguinte ao Encontro Internacional no 50\u00ba anivers\u00e1rio do Caminho Neocatecumenal, 6\/5\/2018"},"content":{"rendered":"\n<h1 class=\"has-text-align-center wp-block-heading\"> &#8220;Regina Coeli&#8221; do Papa Francisco no dia seguinte ao Encontro Internacional no 50\u00ba anivers\u00e1rio do Caminho Neocatecumenal, 6\/5\/2018<\/h1>\n\n<div style=\"height:20px\" aria-hidden=\"true\" class=\"wp-block-spacer\"><\/div>\n\n<h4 class=\"has-text-align-center wp-block-heading\">Francisco<\/h4>\n\n<div style=\"height:20px\" aria-hidden=\"true\" class=\"wp-block-spacer\"><\/div>\n\n<p><strong><em>Pra\u00e7a de S\u00e3o Pedro&#013;\nDomingo, 6 de maio de 2018<\/em><\/strong><\/p>\n\n<p><i>Amados irm\u00e3os e irm\u00e3s, bom dia!<\/i><\/p>\n\n<p>Neste tempo pascal, a Palavra de Deus continua a indicar-nos estilos de vida\u00a0coerentes para sermos a\u00a0comunidade do Ressuscitado. Entre eles, o Evangelho de hoje apresenta a recomenda\u00e7\u00e3o de Jesus: &#8220;Permanecei no meu amor&#8221; (<i>Jo<\/i> 15, 9): permanecer no amor de Jesus. Habitar na corrente do amor de Deus, habitar estavelmente nele, \u00e9 a condi\u00e7\u00e3o para fazer com que o nosso amor n\u00e3o perca pelo caminho o seu fervor e a sua aud\u00e1cia. Tamb\u00e9m n\u00f3s, como Jesus e n\u2019Ele, devemos acolher com gratid\u00e3o o amor que vem do Pai e permanecer neste amor, procurando n\u00e3o nos separar dele com o ego\u00edsmo e com o pecado. \u00c9 um programa exigente mas n\u00e3o imposs\u00edvel.<\/p>\n\n<p>Antes de mais \u00e9 importante tomar consci\u00eancia de que o amor de Cristo n\u00e3o \u00e9 um sentimento superficial, n\u00e3o, \u00e9 uma atitude fundamental do cora\u00e7\u00e3o, que se manifesta vivendo como Ele quer. Com efeito, Jesus afirma: &#8220;Se guardardes os meus mandamentos, permanecereis no meu amor; do mesmo modo que eu tenho guardado os mandamentos de meu Pai, e permane\u00e7o no seu amor&#8221; (v. 10). O amor realiza-se na vida de cada dia, nas atitudes, nas a\u00e7\u00f5es; se assim n\u00e3o for, \u00e9 apenas algo ilus\u00f3rio. S\u00e3o palavras, palavras, palavras: isto n\u00e3o \u00e9 amor. O amor \u00e9 concreto, todos os dias. Jesus pede-nos para observar os seus mandamentos, que se resumem nisto: &#8220;que vos ameis uns aos outros como eu vos amei&#8221; (v. 12).<\/p>\n\n<p>Como fazer para que este amor que o Senhor ressuscitado nos oferece possa ser partilhado pelos outros? V\u00e1rias vezes Jesus indicou quem o outro que devemos amar, n\u00e3o por palavras mas por obras. \u00c9 aquele que encontro no meu caminho e que, com o seu rosto e com a sua hist\u00f3ria, me interpela: \u00e9 aquele que, com a sua presen\u00e7a, me leva a sair dos meus interesses e das minhas seguran\u00e7as; \u00e9 aquele que espera a minha disponibilidade para ouvir e percorrer um pouco de caminho juntos. Disponibilidade em rela\u00e7\u00e3o ao irm\u00e3o e irm\u00e3, quem quer que ele seja e qual for a situa\u00e7\u00e3o em que se encontra, come\u00e7ando por quem est\u00e1 pr\u00f3ximo de mim na fam\u00edlia, na comunidade, no trabalho, na escola&#8230; Desta maneira, se eu permanecer unido a Jesus, o seu amor pode alcan\u00e7ar o outro e atra\u00ed-lo a si, \u00e0 sua amizade. E este amor pelos outros n\u00e3o pode acontecer s\u00f3 em momentos extraordin\u00e1rios, mas deve tornar-se a constante da nossa exist\u00eancia. Eis por que somos chamados, por exemplo, a preservar os idosos como um tesouro precioso e com amor, mesmo se causam problemas econ\u00f4micos e inconvenientes, mas devemos preserv\u00e1-los. Eis por que devemos dar aos doentes, at\u00e9 no \u00faltimo est\u00e1gio, toda a assist\u00eancia poss\u00edvel. Eis por que se devem acolher sempre os nascituros; eis por que, em s\u00edntese, a vida deve ser sempre tutelada e amada desde a concep\u00e7\u00e3o at\u00e9 ao seu fim natural. E isto \u00e9 amor. N\u00f3s somos amados por Deus em Jesus Cristo, que nos pede para nos amarmos como Ele nos ama. Mas n\u00e3o podemos fazer isso se n\u00e3o tivermos em n\u00f3s seu mesmo cora\u00e7\u00e3o.<\/p>\n\n<p>A Eucaristia, na qual somos chamados a participar todos os domingos, tem a finalidade de formar em n\u00f3s o Cora\u00e7\u00e3o de Cristo, de modo que toda a nossa vida seja guiada pelas suas atitudes generosas. A Virgem Maria nos ajude a permanecer no amor de Jesus e a crescer no amor para com todos, sobretudo para com os mais d\u00e9beis, a fim de corresponder plenamente \u00e0 nossa voca\u00e7\u00e3o crist\u00e3.<\/p>\n\n<hr class=\"wp-block-separator\" \/>\n\n<p><strong>Depois do Regina Coeli:<\/strong><\/p>\n\n<p><em>Amados irm\u00e3os e irm\u00e3s: <\/em><\/p>\n\n<p>Ontem, em Aachen (Alemanha), foi proclamada Beata Clara Fey, fundadora das Irm\u00e3s do Menino Jesus Pobre, que viveu na segunda metade do s\u00e9culo XIX. Demos gra\u00e7as a Deus por esta testemunha zelosa do Evangelho, educadora cuidadosa da juventude desfavorecida.<\/p>\n\n<p>Convido a rezar pela popula\u00e7\u00e3o da Rep\u00fablica Centro-Africana, pa\u00eds que tive a alegria de visitar e que levo no cora\u00e7\u00e3o, e onde nos dias passados se verificaram graves viol\u00eancias com numerosos mortos e feridos, entre os quais um sacerdote. O Senhor, por intercess\u00e3o da Virgem Maria, ajude todos a dizer n\u00e3o \u00e0 viol\u00eancia e \u00e0 vingan\u00e7a, para construir juntos a paz.<\/p>\n\n<p>Sa\u00fado todos v\u00f3s, romanos e peregrinos, especialmente os vindos de Oviedo (Espanha), os estudantes de Vrbov\u00e9 (Eslov\u00e1quia) e os coroinhas de Berna. Uma sauda\u00e7\u00e3o especial aos novos Guardas Su\u00ed\u00e7os, seus familiares e amigos, no dia da festa deste corpo hist\u00f3rico e digno. Um aplauso para eles!&#013;\n <\/p>\n\n<p>Sa\u00fado os representantes da <em>Associa\u00e7\u00e3o Meter<\/em>, os quais encorajo a prosseguir o compromisso a favor das crian\u00e7as v\u00edtimas da viol\u00eancia; assim como os fi\u00e9is de Piacenza e Borgoricco e as atletas ginastas de Castelfranco Emilia. Escutei alguns cantos dos Neocatec\u00famenos&#8230; Ali est\u00e3o! Obrigado! Obrigado por vosso trabalho de evangeliza\u00e7\u00e3o. Estais por todos os lados, obrigado!<\/p>\n\n<p>Sa\u00fado tamb\u00e9m a todos os detentos da penitenci\u00e1ria de Latina que est\u00e3o neste momento unidos a n\u00f3s espiritualmente.<\/p>\n\n<p>A todos desejo um bom domingo. E por favor n\u00e3o vos esque\u00e7ais de rezar por mim. Bom almo\u00e7o e at\u00e9 \u00e0 vista! <\/p>\n","protected":false},"excerpt":{"rendered":"<p>&#8220;Regina Coeli&#8221; do Papa Francisco no dia seguinte ao Encontro Internacional no 50\u00ba anivers\u00e1rio do Caminho Neocatecumenal, 6\/5\/2018 Francisco Pra\u00e7a de S\u00e3o Pedro&#013; Domingo, 6 de maio de 2018 Amados irm\u00e3os e irm\u00e3s, bom dia! Neste tempo pascal, a Palavra de Deus continua a indicar-nos estilos de vida\u00a0coerentes para sermos a\u00a0comunidade do Ressuscitado. Entre eles, o Evangelho de hoje apresenta a recomenda\u00e7\u00e3o de Jesus: &#8220;Permanecei no meu amor&#8221; (Jo 15,<\/p>\n<div class=\"read-more\"><a class=\"btn read-more-btn\" href=\"https:\/\/neocatechumenaleiter.org\/pt-br\/palavras-dos-papas\/francisco\/regina-coeli-do-papa-francisco-no-dia-seguinte-ao-encontro-internacional-no-50o-aniversario-do-caminho-neocatecumenal-6-5-2018\/\">Ler mais<\/a><\/div>\n","protected":false},"author":2,"featured_media":0,"parent":4355,"menu_order":7,"comment_status":"closed","ping_status":"closed","template":"","meta":{"footnotes":""},"class_list":["post-6056","page","type-page","status-publish","hentry"],"_links":{"self":[{"href":"https:\/\/neocatechumenaleiter.org\/pt-br\/wp-json\/wp\/v2\/pages\/6056","targetHints":{"allow":["GET"]}}],"collection":[{"href":"https:\/\/neocatechumenaleiter.org\/pt-br\/wp-json\/wp\/v2\/pages"}],"about":[{"href":"https:\/\/neocatechumenaleiter.org\/pt-br\/wp-json\/wp\/v2\/types\/page"}],"author":[{"embeddable":true,"href":"https:\/\/neocatechumenaleiter.org\/pt-br\/wp-json\/wp\/v2\/users\/2"}],"replies":[{"embeddable":true,"href":"https:\/\/neocatechumenaleiter.org\/pt-br\/wp-json\/wp\/v2\/comments?post=6056"}],"version-history":[{"count":5,"href":"https:\/\/neocatechumenaleiter.org\/pt-br\/wp-json\/wp\/v2\/pages\/6056\/revisions"}],"predecessor-version":[{"id":6215,"href":"https:\/\/neocatechumenaleiter.org\/pt-br\/wp-json\/wp\/v2\/pages\/6056\/revisions\/6215"}],"up":[{"embeddable":true,"href":"https:\/\/neocatechumenaleiter.org\/pt-br\/wp-json\/wp\/v2\/pages\/4355"}],"wp:attachment":[{"href":"https:\/\/neocatechumenaleiter.org\/pt-br\/wp-json\/wp\/v2\/media?parent=6056"}],"curies":[{"name":"wp","href":"https:\/\/api.w.org\/{rel}","templated":true}]}}