{"id":6230,"date":"2020-04-01T02:14:45","date_gmt":"2020-04-01T01:14:45","guid":{"rendered":"https:\/\/neocatechumenaleiter.org\/palavras-dos-papas\/sao-joao-paulo-ii\/visita-do-papa-joao-paulo-ii-a-paroquia-nossa-senhora-de-lourdes-de-tor-marancia-13-2-1983\/"},"modified":"2020-04-11T16:09:44","modified_gmt":"2020-04-11T15:09:44","slug":"visita-do-papa-joao-paulo-ii-a-paroquia-nossa-senhora-de-lourdes-de-tor-marancia-13-2-1983","status":"publish","type":"page","link":"https:\/\/neocatechumenaleiter.org\/pt-br\/palavras-dos-papas\/sao-joao-paulo-ii\/visita-do-papa-joao-paulo-ii-a-paroquia-nossa-senhora-de-lourdes-de-tor-marancia-13-2-1983\/","title":{"rendered":"Visita do papa Jo\u00e3o Paulo II \u00e0 par\u00f3quia Nossa Senhora de Lourdes de Tor Marancia 13\/2\/1983"},"content":{"rendered":"\n<h1 class=\"has-text-align-center wp-block-heading\">Visita do papa Jo\u00e3o Paulo II \u00e0 par\u00f3quia Nossa Senhora de Lourdes de Tor Marancia 13\/2\/1983<\/h1>\n\n<div style=\"height:20px\" aria-hidden=\"true\" class=\"wp-block-spacer\"><\/div>\n\n<h4 class=\"has-text-align-center wp-block-heading\">S\u00e3o Jo\u00e3o Paulo II<\/h4>\n\n<div style=\"height:20px\" aria-hidden=\"true\" class=\"wp-block-spacer\"><\/div>\n\n<p><strong>Roma, 13 de fevereiro de 1983 <\/strong><\/p>\n\n<p>Depois de ter permanecido ainda alguns momentos com os jovens, o Santo Padre voltou novamente \u00e0 igreja, onde o esperavam os membros das quatro comunidades neocatecumenais, que fazem o Caminho na par\u00f3quia. O p\u00e1roco os apresentou. Giampiero, catequista da comunidade, explicou depois ao Papa como estas comunidades nasceram em Nossa Senhora de Lourdes e lhe apresentou alguns sacerdotes itinerantes que, saindo da par\u00f3quia, levaram a Palavra do Senhor a v\u00e1rias na\u00e7\u00f5es do mundo.&#013;\n&#013;\nSucessivamente cada um destes sacerdotes quis contar em breves palavras a sua pr\u00f3pria hist\u00f3ria ao Papa, come\u00e7ando de sua entrada nas Comunidades Neocatecumenais para depois testemunharem a felicidade da condi\u00e7\u00e3o de itinerantes.&#013;\n&#013;\nO Santo Padre, respondendo \u00e0s palavras de sauda\u00e7\u00e3o que lhe haviam dirigido e querendo deixar aos neocatec\u00famenos uma palavra, depois de ter recordado o encontro de poucos dias atr\u00e1s com os presb\u00edteros das Comunidades Neocatecumenais, disse entre outras coisas:<\/p>\n\n<div class=\"wp-block-image\"><figure class=\"alignleft size-large\"><img loading=\"lazy\" decoding=\"async\" width=\"708\" height=\"558\" src=\"https:\/\/neocatechumenaleiter.org\/wp-content\/uploads\/2020\/03\/Camino_Neocatecumenal_Juan_Pablo_II_visita_parroquia_Lourdes_1983.jpg\" alt=\"\" class=\"wp-image-1725\" srcset=\"https:\/\/neocatechumenaleiter.org\/wp-content\/uploads\/2020\/03\/Camino_Neocatecumenal_Juan_Pablo_II_visita_parroquia_Lourdes_1983.jpg 708w, https:\/\/neocatechumenaleiter.org\/wp-content\/uploads\/2020\/03\/Camino_Neocatecumenal_Juan_Pablo_II_visita_parroquia_Lourdes_1983-300x236.jpg 300w\" sizes=\"auto, (max-width: 708px) 100vw, 708px\" \/><\/figure><\/div>\n\n<p>&#8220;Gostaria neste momento de chamar vossa aten\u00e7\u00e3o sobre as palavras das can\u00e7\u00f5es que tendes cantado ao me acolher. Trata-se de palavras comoventes: &#8220;&#8230;Maria, tu acreditaste na palavra do Senhor!&#8221;. Trata-se das palavras centrais, nas quais se exprime todo o mist\u00e9rio de Maria; o mist\u00e9rio de Maria, assim nestas palavras, ditas por sua prima Isabel. Nestas palavras est\u00e1 verdadeiramente Maria. Aquela que acreditou nas palavras do Senhor com uma f\u00e9 \u00fanica. O Mist\u00e9rio que lhe tinha sido revelado era tamb\u00e9m \u00fanico: necessitava de uma f\u00e9 grand\u00edssima, uma f\u00e9 mariana para aceitar estas palavras, para acreditar nestas palavras e para aceitar o seu conte\u00fado. Creio que Maria, aquela que acreditou nas palavras do Senhor, \u00e9 aquela que oferece um modelo, mostra uma estrada a todos n\u00f3s, especialmente a todos v\u00f3s; pois o que quer dizer ser membro de uma Comunidade Neocatecumenal? O que quer dizer ser catequista? Quer dizer aquele que acreditou na palavra do Senhor; que fez desta Palavra o conte\u00fado, poder\u00edamos dizer, carne de sua vida, a subst\u00e2ncia de sua vida e assim assimilou profundamente esta palavra do Senhor; podemos dizer que a Palavra trabalha nele e quer ser manifestada como se fosse uma crian\u00e7a que deseja nascer; dessa forma esta Palavra quer ser expressada, dada, transmitida. E ent\u00e3o, como faziam os ap\u00f3stolos, tamb\u00e9m estes catequistas itinerantes e outros ap\u00f3stolos dos nossos tempos deixam suas casas, seus pa\u00edses, sua p\u00e1tria, suas par\u00f3quias e v\u00e3o \u00e0 procura de outros mundos, de outros pa\u00edses, de outros povos, aprendem outras l\u00ednguas para levar outras pessoas, outras comunidades \u00e0 palavra do Senhor, a tudo aquilo em que creram pessoalmente. Car\u00edssimos, eu vos desejo que caminheis bem sobre esta estrada, que caminheis bem sobre esta estrada na par\u00f3quia, tamb\u00e9m na par\u00f3quia de Nossa Senhora de Lourdes e, como fiz com os jovens, assim tamb\u00e9m quero repetir a v\u00f3s que vos confieis \u00e0 M\u00e3e de Cristo e da Igreja.   <\/p>\n\n<p>Confio a ela especialmente as vossas pessoas, as vossas fam\u00edlias, as vossas comunidades e depois a vossa miss\u00e3o de catequistas, o vosso empenho catequ\u00e9tico. Eu vos confio a Maria, aquela que acreditou na palavra do Senhor: que a sua f\u00e9 traga \u00e0 vossa f\u00e9 frutos abundantes&#8221;.<\/p>\n","protected":false},"excerpt":{"rendered":"<p>Visita do papa Jo\u00e3o Paulo II \u00e0 par\u00f3quia Nossa Senhora de Lourdes de Tor Marancia 13\/2\/1983 S\u00e3o Jo\u00e3o Paulo II Roma, 13 de fevereiro de 1983 Depois de ter permanecido ainda alguns momentos com os jovens, o Santo Padre voltou novamente \u00e0 igreja, onde o esperavam os membros das quatro comunidades neocatecumenais, que fazem o Caminho na par\u00f3quia. O p\u00e1roco os apresentou. Giampiero, catequista da comunidade, explicou depois ao Papa<\/p>\n<div class=\"read-more\"><a class=\"btn read-more-btn\" href=\"https:\/\/neocatechumenaleiter.org\/pt-br\/palavras-dos-papas\/sao-joao-paulo-ii\/visita-do-papa-joao-paulo-ii-a-paroquia-nossa-senhora-de-lourdes-de-tor-marancia-13-2-1983\/\">Ler mais<\/a><\/div>\n","protected":false},"author":2,"featured_media":0,"parent":4247,"menu_order":18,"comment_status":"closed","ping_status":"closed","template":"","meta":{"footnotes":""},"class_list":["post-6230","page","type-page","status-publish","hentry"],"_links":{"self":[{"href":"https:\/\/neocatechumenaleiter.org\/pt-br\/wp-json\/wp\/v2\/pages\/6230","targetHints":{"allow":["GET"]}}],"collection":[{"href":"https:\/\/neocatechumenaleiter.org\/pt-br\/wp-json\/wp\/v2\/pages"}],"about":[{"href":"https:\/\/neocatechumenaleiter.org\/pt-br\/wp-json\/wp\/v2\/types\/page"}],"author":[{"embeddable":true,"href":"https:\/\/neocatechumenaleiter.org\/pt-br\/wp-json\/wp\/v2\/users\/2"}],"replies":[{"embeddable":true,"href":"https:\/\/neocatechumenaleiter.org\/pt-br\/wp-json\/wp\/v2\/comments?post=6230"}],"version-history":[{"count":5,"href":"https:\/\/neocatechumenaleiter.org\/pt-br\/wp-json\/wp\/v2\/pages\/6230\/revisions"}],"predecessor-version":[{"id":6854,"href":"https:\/\/neocatechumenaleiter.org\/pt-br\/wp-json\/wp\/v2\/pages\/6230\/revisions\/6854"}],"up":[{"embeddable":true,"href":"https:\/\/neocatechumenaleiter.org\/pt-br\/wp-json\/wp\/v2\/pages\/4247"}],"wp:attachment":[{"href":"https:\/\/neocatechumenaleiter.org\/pt-br\/wp-json\/wp\/v2\/media?parent=6230"}],"curies":[{"name":"wp","href":"https:\/\/api.w.org\/{rel}","templated":true}]}}