{"id":6232,"date":"2020-04-01T02:21:38","date_gmt":"2020-04-01T01:21:38","guid":{"rendered":"https:\/\/neocatechumenaleiter.org\/palavras-dos-papas\/sao-joao-paulo-ii\/saudacao-do-papa-joao-paulo-ii-aos-participantes-do-congresso-sobre-penitencia-e-reconciliacao-durante-o-angelus-dominical-13-2-1983\/"},"modified":"2020-04-11T16:02:52","modified_gmt":"2020-04-11T15:02:52","slug":"saudacao-do-papa-joao-paulo-ii-aos-participantes-do-congresso-sobre-penitencia-e-reconciliacao-durante-o-angelus-dominical-13-2-1983","status":"publish","type":"page","link":"https:\/\/neocatechumenaleiter.org\/pt-br\/palavras-dos-papas\/sao-joao-paulo-ii\/saudacao-do-papa-joao-paulo-ii-aos-participantes-do-congresso-sobre-penitencia-e-reconciliacao-durante-o-angelus-dominical-13-2-1983\/","title":{"rendered":"Sauda\u00e7\u00e3o do papa Jo\u00e3o Paulo II aos participantes do Congresso sobre &#8220;Penit\u00eancia e Reconcilia\u00e7\u00e3o&#8221; durante o &#8220;\u00c2ngelus&#8221; dominical 13\/2\/1983"},"content":{"rendered":"\n<h1 class=\"has-text-align-center wp-block-heading\">Sauda\u00e7\u00e3o do papa Jo\u00e3o Paulo II aos participantes do Congresso sobre &#8220;Penit\u00eancia e Reconcilia\u00e7\u00e3o&#8221; durante o &#8220;\u00c2ngelus&#8221; dominical 13\/2\/1983<\/h1>\n\n<div style=\"height:20px\" aria-hidden=\"true\" class=\"wp-block-spacer\"><\/div>\n\n<h4 class=\"has-text-align-center wp-block-heading\">S\u00e3o Jo\u00e3o Paulo II<\/h4>\n\n<div style=\"height:20px\" aria-hidden=\"true\" class=\"wp-block-spacer\"><\/div>\n\n<p><strong>Pra\u00e7a de S\u00e3o Pedro, 13 de fevereiro de 1983 <\/strong><\/p>\n\n<p><em>O Santo Padre, depois de ter conduzido a habitual ora\u00e7\u00e3o do &#8220;Angelus Domini&#8221;, dirigiu algumas sauda\u00e7\u00f5es particulares aos grupos presentes e ent\u00e3o disse:<\/em><\/p>\n\n<p>&#8220;Desejo dirigir uma calorosa sauda\u00e7\u00e3o ao numeroso grupo aqui presente, que participou nestes dias, em Roma, do Congresso sobre &#8220;Penit\u00eancia e Reconcilia\u00e7\u00e3o&#8221;, promovido pelas Comunidades Neocatecumenais. Quero manifestar uma vez mais, irm\u00e3os car\u00edssimos, a minha satisfa\u00e7\u00e3o por este vosso congresso, que reuniu cerca de sessenta bispos e dois mil p\u00e1rocos e sacerdotes, provenientes dos cinco continentes, para refletirem sobre o tema do pr\u00f3ximo S\u00ednodo dos Bispos. No encontro que tive convosco, quinta-feira passada, pude apreciar mais uma vez o entusiasmo que vos distingue. Continuai com infatig\u00e1vel e sempre renovada generosidade no vosso empenho de apostolado e de testemunho crist\u00e3o, em particular no campo da catequese, em que tantos frutos bons tendes produzido nestes anos. A minha B\u00ean\u00e7\u00e3o Apost\u00f3lica vos acompanhe como tamb\u00e9m a todos os membros das Comunidades Neocatecumenais do mundo&#8221;.<\/p>\n","protected":false},"excerpt":{"rendered":"<p>Sauda\u00e7\u00e3o do papa Jo\u00e3o Paulo II aos participantes do Congresso sobre &#8220;Penit\u00eancia e Reconcilia\u00e7\u00e3o&#8221; durante o &#8220;\u00c2ngelus&#8221; dominical 13\/2\/1983 S\u00e3o Jo\u00e3o Paulo II Pra\u00e7a de S\u00e3o Pedro, 13 de fevereiro de 1983 O Santo Padre, depois de ter conduzido a habitual ora\u00e7\u00e3o do &#8220;Angelus Domini&#8221;, dirigiu algumas sauda\u00e7\u00f5es particulares aos grupos presentes e ent\u00e3o disse: &#8220;Desejo dirigir uma calorosa sauda\u00e7\u00e3o ao numeroso grupo aqui presente, que participou nestes dias, em<\/p>\n<div class=\"read-more\"><a class=\"btn read-more-btn\" href=\"https:\/\/neocatechumenaleiter.org\/pt-br\/palavras-dos-papas\/sao-joao-paulo-ii\/saudacao-do-papa-joao-paulo-ii-aos-participantes-do-congresso-sobre-penitencia-e-reconciliacao-durante-o-angelus-dominical-13-2-1983\/\">Ler mais<\/a><\/div>\n","protected":false},"author":2,"featured_media":0,"parent":4247,"menu_order":17,"comment_status":"closed","ping_status":"closed","template":"","meta":{"footnotes":""},"class_list":["post-6232","page","type-page","status-publish","hentry"],"_links":{"self":[{"href":"https:\/\/neocatechumenaleiter.org\/pt-br\/wp-json\/wp\/v2\/pages\/6232","targetHints":{"allow":["GET"]}}],"collection":[{"href":"https:\/\/neocatechumenaleiter.org\/pt-br\/wp-json\/wp\/v2\/pages"}],"about":[{"href":"https:\/\/neocatechumenaleiter.org\/pt-br\/wp-json\/wp\/v2\/types\/page"}],"author":[{"embeddable":true,"href":"https:\/\/neocatechumenaleiter.org\/pt-br\/wp-json\/wp\/v2\/users\/2"}],"replies":[{"embeddable":true,"href":"https:\/\/neocatechumenaleiter.org\/pt-br\/wp-json\/wp\/v2\/comments?post=6232"}],"version-history":[{"count":5,"href":"https:\/\/neocatechumenaleiter.org\/pt-br\/wp-json\/wp\/v2\/pages\/6232\/revisions"}],"predecessor-version":[{"id":6852,"href":"https:\/\/neocatechumenaleiter.org\/pt-br\/wp-json\/wp\/v2\/pages\/6232\/revisions\/6852"}],"up":[{"embeddable":true,"href":"https:\/\/neocatechumenaleiter.org\/pt-br\/wp-json\/wp\/v2\/pages\/4247"}],"wp:attachment":[{"href":"https:\/\/neocatechumenaleiter.org\/pt-br\/wp-json\/wp\/v2\/media?parent=6232"}],"curies":[{"name":"wp","href":"https:\/\/api.w.org\/{rel}","templated":true}]}}