{"id":6238,"date":"2020-04-01T02:49:48","date_gmt":"2020-04-01T01:49:48","guid":{"rendered":"https:\/\/neocatechumenaleiter.org\/palavras-dos-papas\/sao-joao-paulo-ii\/audiencia-especial-concedida-pelo-papa-joao-paulo-iiaos-bispos-e-parocos-participantes-do-congresso-sobre-penitencia-e-reconciliacao-promovido-pelo-caminho-neocatecumenal-10-2-1983\/"},"modified":"2020-04-08T18:42:02","modified_gmt":"2020-04-08T17:42:02","slug":"audiencia-especial-concedida-pelo-papa-joao-paulo-iiaos-bispos-e-parocos-participantes-do-congresso-sobre-penitencia-e-reconciliacao-promovido-pelo-caminho-neocatecumenal-10-2-1983","status":"publish","type":"page","link":"https:\/\/neocatechumenaleiter.org\/pt-br\/palavras-dos-papas\/sao-joao-paulo-ii\/audiencia-especial-concedida-pelo-papa-joao-paulo-iiaos-bispos-e-parocos-participantes-do-congresso-sobre-penitencia-e-reconciliacao-promovido-pelo-caminho-neocatecumenal-10-2-1983\/","title":{"rendered":"Audi\u00eancia especial concedida pelo Papa Jo\u00e3o Paulo II aos bispos e p\u00e1rocos participantes do Congresso sobre &#8220;Penit\u00eancia e Reconcilia\u00e7\u00e3o&#8221;, promovido pelo Caminho Neocatecumenal 10\/2\/1983"},"content":{"rendered":"\n<h1 class=\"has-text-align-center wp-block-heading\">Audi\u00eancia especial concedida pelo Papa Jo\u00e3o Paulo II aos bispos e p\u00e1rocos participantes do Congresso sobre &#8220;Penit\u00eancia e Reconcilia\u00e7\u00e3o&#8221;, promovido pelo Caminho Neocatecumenal 10\/2\/1983<\/h1>\n\n<div style=\"height:20px\" aria-hidden=\"true\" class=\"wp-block-spacer\"><\/div>\n\n<h4 class=\"has-text-align-center wp-block-heading\">S\u00e3o Jo\u00e3o Paulo II<\/h4>\n\n<div style=\"height:20px\" aria-hidden=\"true\" class=\"wp-block-spacer\"><\/div>\n\n<p><strong>Roma, Sala Paulo VI, 10 de fevereiro de 1983 <\/strong><\/p>\n\n<p><em>Cerca de 2 mil p\u00e1rocos provenientes de 5 continentes e uns 60 bispos, tamb\u00e9m provenientes de todas as partes do mundo, reuniram-se com o Papa na manh\u00e3 de hoje, quinta-feira 10 de fevereiro, na Sala Paulo VI. Os sacerdotes e os Bispos est\u00e3o participando em Roma, desde segunda-feira 7 de fevereiro, de um congresso organizado pelas Comunidades Neocatecumenais, sobre o tema de particular atualidade na vida da Igreja: &#8220;A reconcilia\u00e7\u00e3o e a penit\u00eancia na miss\u00e3o da Igreja&#8221;. Algumas das reflex\u00f5es realizadas no decorrer do congresso, que ser\u00e1 conclu\u00eddo nesta tarde com uma solene concelebra\u00e7\u00e3o, foram apresentadas ao Papa, no in\u00edcio da audi\u00eancia, por um bispo e alguns sacerdotes.\u00a0\u00a0\u00a0\u00a0\u00a0<\/em>&#013;\n&#013;\n<em>\u00c0 numerosa assembleia, cujos membros foram apresentados ao Papa por Kiko Arg\u00fcello, o Santo Padre dirigiu o seguinte discurso:<\/em><\/p>\n\n<p>Car\u00edssimos irm\u00e3os:&#013;\n&#013;\n1. Estou feliz por ter hoje a possibilidade de me encontrar com um grupo de membros das &#8220;Comunidades Neocatecumenais&#8221;, reunidos em Roma para meditar juntos sobre &#8220;a reconcilia\u00e7\u00e3o e a penit\u00eancia na miss\u00e3o da Igreja&#8221;, que \u00e9 o tema do pr\u00f3ximo S\u00ednodo dos Bispos.&#013;\n&#013;\nSa\u00fado os bispos, os p\u00e1rocos e os sacerdotes aqui presentes, vindos nesta ocasi\u00e3o de todos os continentes.&#013;\n&#013;\nDesejo ter uma palavra de reflex\u00e3o sobre a experi\u00eancia espiritual e eclesial que pretendeis realizar, para que vos sirva de est\u00edmulo a um empenho cada vez maior para dar, dentro do contexto do mundo contempor\u00e2neo, um l\u00edmpido e sincero exemplo de profunda f\u00e9 crist\u00e3, vivida constantemente em \u00edntima, d\u00f3cil e alegre uni\u00e3o com os Pastores da Igreja.<\/p>\n\n<p>O vosso testemunho quer fundamentalmente ser de an\u00fancio da mensagem evang\u00e9lica, que tem como centro a proclama\u00e7\u00e3o de que Jesus de Nazar\u00e9 \u00e9 o Messias, o Senhor, o Filho de Deus encarnado, morto e ressuscitado para a nossa salva\u00e7\u00e3o. &#8220;A evangeliza\u00e7\u00e3o \u2500 disse Paulo VI \u2500 dever\u00e1 conter sempre,\u00a0como base, centro e \u00e1pice do seu dinamismo, uma proclama\u00e7\u00e3o clara que, em Jesus Cristo, Filho de Deus feito homem, morto e ressuscitado, a salva\u00e7\u00e3o \u00e9 oferecida a todos os homens, como dom da gra\u00e7a e da miseric\u00f3rdia do mesmo Deus&#8221; (Exorta\u00e7\u00e3o Apost\u00f3lica <em>Evangelii Nuntiandi<\/em>, 27).&#013;\n&#013;\nUma das t\u00edpicas manifesta\u00e7\u00f5es da vossa comunidade \u00e9 precisamente a evangeliza\u00e7\u00e3o desenvolvida em pa\u00edses e ambientes que ou nunca ouviram o an\u00fancio crist\u00e3o ou se tornaram quase surdos e indiferentes a tal an\u00fancio pelo prevalecer de ideologias, concep\u00e7\u00f5es, comportamentos de recusa ou de indiferen\u00e7a para com o mesmo &#8220;problema de Deus&#8221;.\u00a0 Eis porque pretendeis preparar e formar catequistas que dever\u00e3o procurar, antes de mais nada, aprofundar e viver pessoalmente o mist\u00e9rio de Cristo, para depois fazer que outros dele participem. &#8220;Catequizar \u2500 escrevi na Exorta\u00e7\u00e3o Apost\u00f3lica sobre a catequese no nosso tempo \u2500 \u00e9 levar algu\u00e9m, de certa maneira, a perscrutar este mist\u00e9rio em todas as suas dimens\u00f5es&#8230; revelar na pessoa de Cristo todo o des\u00edgnio eterno de Deus, que nela se realiza&#8230;\u00a0A finalidade da catequese \u00e9 colocar algu\u00e9m n\u00e3o apenas em contato, mas em comunh\u00e3o, em intimidade com Jesus Cristo: somente Ele pode conduzir ao amor do Pai no Esp\u00edrito e depois fazer-nos participar da vida da Sant\u00edssima Trindade&#8221; (Exorta\u00e7\u00e3o Apost\u00f3lica <em>Catechesi Tradendae<\/em>, 5).<\/p>\n\n<p>Conhe\u00e7o o compromisso das vossas comunidades na merit\u00f3ria obra da catequese. Nestes anos, as Confer\u00eancias Episcopais intensificaram os seus esfor\u00e7os neste campo de excepcional import\u00e2ncia para a vida do povo de Deus. Seguir os m\u00e9todos, as indica\u00e7\u00f5es, os itiner\u00e1rios, os textos oferecidos pelos Episcopados, como tamb\u00e9m exercer o minist\u00e9rio da catequese na comunh\u00e3o e na disciplina eclesial, com refer\u00eancia ao fundamental minist\u00e9rio do bispo e dos sacerdotes a ele associados, ser\u00e1 uma preciosa ajuda para a vossa catequese em todos os n\u00edveis e haver\u00e1 de proporcionar certamente grandes frutos espirituais entre os fi\u00e9is. Fim espec\u00edfico de toda a obra e forma de catequese ser\u00e1 o fazer germinar, crescer e desenvolver a semente da f\u00e9, depositada pelo Esp\u00edrito Santo com o primeiro an\u00fancio e eficazmente transmitida com o Batismo.<\/p>\n\n<div class=\"wp-block-image\"><figure class=\"alignright size-medium\"><img loading=\"lazy\" decoding=\"async\" width=\"300\" height=\"240\" src=\"https:\/\/neocatechumenaleiter.org\/wp-content\/uploads\/2020\/03\/Camino_Neocatecumenal_Juan_Pablo_II_audiencia_especial_penitencia_reconciliacion_1983-300x240.jpg\" alt=\"\" class=\"wp-image-1693\" srcset=\"https:\/\/neocatechumenaleiter.org\/wp-content\/uploads\/2020\/03\/Camino_Neocatecumenal_Juan_Pablo_II_audiencia_especial_penitencia_reconciliacion_1983-300x240.jpg 300w, https:\/\/neocatechumenaleiter.org\/wp-content\/uploads\/2020\/03\/Camino_Neocatecumenal_Juan_Pablo_II_audiencia_especial_penitencia_reconciliacion_1983.jpg 706w\" sizes=\"auto, (max-width: 300px) 100vw, 300px\" \/><\/figure><\/div>\n\n<p>2. Nas vossas comunidades quereis aprofundar, n\u00e3o s\u00f3 em termos te\u00f3ricos, mas de modo todo especial, em dimens\u00e3o vital, o significado, o valor, a riqueza, as exig\u00eancias do Batismo, o Sacramento que \u00e9 condi\u00e7\u00e3o necess\u00e1ria \u00e0 salva\u00e7\u00e3o, que une \u00e0 morte, \u00e0 sepultura e \u00e0 ressurrei\u00e7\u00e3o do Salvador; que faz viver a vida mesma de Cristo, que transforma o batizado em templo do Esp\u00edrito Santo, em filho adotivo do Pai celeste, em irm\u00e3o e herdeiro de Cristo, em membro do Corpo de Cristo, que \u00e9 a Igreja. Tal aprofundamento est\u00e1 orientado para a redescoberta e a valoriza\u00e7\u00e3o das riquezas pr\u00f3prias do Batismo, recebido normalmente na inf\u00e2ncia, e ao qual, portanto, \u00e9 necess\u00e1rio fazer refer\u00eancia n\u00e3o como a um fato puramente jur\u00eddico, mas como ao verdadeiro momento fundamental de toda a vida crist\u00e3.  Cultivando aquela que poder\u00edamos chamar de uma &#8220;espiritualidade batismal&#8221;, v\u00f3s pretendeis animar, orientar, fecundar o vosso itiner\u00e1rio de f\u00e9, como um desenvolvimento l\u00f3gico das exig\u00eancias intr\u00ednsecas do Sacramento, de tal sorte que o vosso testemunho seja cada vez mais aut\u00eantico, sincero, coerente, eficaz, e para que possais estar cada vez mais dispon\u00edveis a responder prontamente ao apelo divino.<\/p>\n\n<p>Tal disponibilidade deve ser manifestada na cont\u00ednua medita\u00e7\u00e3o e na religiosa escuta da Sagrada Tradi\u00e7\u00e3o e da Sagrada Escritura, que constituem &#8220;um s\u00f3 dep\u00f3sito sagrado da Palavra de Deus, confiado \u00e0 Igreja&#8221; (Constitui\u00e7\u00e3o Dogm\u00e1tica <em>Dei Verbum<\/em>, 10). Daqui resulta a exig\u00eancia de um constante e s\u00e9rio trabalho de aprofundamento pessoal e comunit\u00e1rio da Palavra de Deus e do ensinamento do Magist\u00e9rio da Igreja, tamb\u00e9m mediante a participa\u00e7\u00e3o em s\u00e9rios cursos b\u00edblicos e teol\u00f3gicos. Tal empenho de estudo e de reflex\u00e3o mais do que nunca se faz necess\u00e1rio para quem, devendo desenvolver a fun\u00e7\u00e3o de catequista, tem o dever de alimentar os pr\u00f3prios irm\u00e3os com um s\u00f3lido alimento espiritual.&#013;\n&#013;\nTende sempre presente a solene e vigorosa afirma\u00e7\u00e3o do Concilio Ecum\u00eanico Vaticano II: &#8220;A Igreja venerou sempre as divinas Escrituras como venera o pr\u00f3prio Corpo de Senhor, n\u00e3o deixando jamais, sobretudo na Sagrada Liturgia, de tomar e distribuir aos fi\u00e9is o p\u00e3o da vida, quer da mesa da Palavra de Deus, quer do Corpo de Cristo&#8221; (Constitui\u00e7\u00e3o Dogm\u00e1tica <em>Dei Verbum<\/em>, 21).<\/p>\n\n<p>De Cristo Palavra a Cristo Eucaristia, porque o sacrif\u00edcio eucar\u00edstico \u00e9 a fonte, o centro e o \u00e1pice de toda a vida crist\u00e3. Celebrai a Eucaristia e, sobretudo, a P\u00e1scoa, com verdadeira piedade, com grande dignidade, com amor pelos ritos lit\u00fargicos da Igreja, com exata observ\u00e2ncia das normas estabelecidas pela autoridade competente, com desejo de comunh\u00e3o com todos os irm\u00e3os.<\/p>\n\n<p>3. A vossa disponibilidade ao apelo divino deve ser manifestada, al\u00e9m disso, na cont\u00ednua, cotidiana, incans\u00e1vel ora\u00e7\u00e3o, express\u00e3o antes de mais nada de adora\u00e7\u00e3o, que o homem fr\u00e1gil, d\u00e9bil, ciente da pr\u00f3pria conting\u00eancia e da pr\u00f3pria condi\u00e7\u00e3o de criatura, oferece a Deus, o Transcendente, o Infinito, o Todo-Poderoso, o Criador, mas tamb\u00e9m o Pai amoroso e misericordioso; ora\u00e7\u00e3o que, portanto, torna-se tamb\u00e9m di\u00e1logo \u00edntimo e afetuoso entre o filho e o Pai. Ora\u00e7\u00e3o que se torna coro suplicante no &#8220;Pai-Nosso&#8221;, que nos foi ensinado por Jesus mesmo; ora\u00e7\u00e3o que se torna solene e consciente profiss\u00e3o de f\u00e9 crist\u00e3 no Credo ou S\u00edmbolo Apost\u00f3lico; ora\u00e7\u00e3o que encontra nos Salmos os v\u00e1rios e complexos sinais interiores com que o orante, o Povo da Promessa, o novo Povo eleito, isto \u00e9, a Igreja, o crist\u00e3o, nas v\u00e1rias situa\u00e7\u00f5es espirituais, pode dirigir-se a Deus, sua esperan\u00e7a, sua rocha, sua salva\u00e7\u00e3o: &#8220;Se o Salmo ora \u2500 sugere-nos Santo Agostinho \u2500, orai; se chora, chorai; se exulta, exultai; se espera, esperai; se teme, temei. Tudo o que est\u00e1 escrito aqui \u00e9 o nosso espelho&#8221; (Santo Agostinho, Enarr. in Ps. XXX, II, s. III, 1; CCL 38, 213).<\/p>\n\n<p>4. A vossa disponibilidade ao apelo divino manifesta-se no realizar, dia ap\u00f3s dia, a palavra exigente de Jesus: &#8220;Convertei-vos e crede no Evangelho&#8221; (Mc 1,35). Esta convers\u00e3o, esta &#8220;mudan\u00e7a de mentalidade&#8221; \u00e9 antes de tudo rejei\u00e7\u00e3o do verdadeiro mal, o pecado, que nos afasta de Deus. Esta convers\u00e3o \u00e9 um cont\u00ednuo caminho de retorno \u00e0 casa do Pai como o do filho pr\u00f3digo (cf. Lc 15,11-32). Esta convers\u00e3o encontra o seu sinal salv\u00edfico no Sacramento da Penit\u00eancia ou da Reconcilia\u00e7\u00e3o.&#013;\n&#013;\n&#8220;Estar livre do pecado \u2500 escrevi na Bula de promulga\u00e7\u00e3o do Jubileu pelo 1950\u00ba anivers\u00e1rio da Reden\u00e7\u00e3o \u2500 \u00e9 fruto e exig\u00eancia prim\u00e1ria da f\u00e9 em Cristo Redentor e na sua Igreja&#8230; Para servir esta liberdade, o Senhor Jesus instituiu na sua Igreja o Sacramento da Penit\u00eancia, para que aqueles que cometeram pecado depois do Batismo sejam reconciliados com Deus, a quem ofenderam, e com a Igreja mesma, que feriram&#8221; (Jo\u00e3o Paulo II, Bula <em>Aperite portas Redemptori<\/em>, 5).<\/p>\n\n<div class=\"wp-block-image\"><figure class=\"alignleft size-medium\"><img loading=\"lazy\" decoding=\"async\" width=\"300\" height=\"200\" src=\"https:\/\/neocatechumenaleiter.org\/wp-content\/uploads\/2020\/03\/Camino_Neocatecumenal_Juan_Pablo_II_audiencia_especial_penitencia_reconciliacion_19832-300x200.jpg\" alt=\"\" class=\"wp-image-1700\" srcset=\"https:\/\/neocatechumenaleiter.org\/wp-content\/uploads\/2020\/03\/Camino_Neocatecumenal_Juan_Pablo_II_audiencia_especial_penitencia_reconciliacion_19832-300x200.jpg 300w, https:\/\/neocatechumenaleiter.org\/wp-content\/uploads\/2020\/03\/Camino_Neocatecumenal_Juan_Pablo_II_audiencia_especial_penitencia_reconciliacion_19832.jpg 768w\" sizes=\"auto, (max-width: 300px) 100vw, 300px\" \/><\/figure><\/div>\n\n<p>O minist\u00e9rio da Reconcilia\u00e7\u00e3o \u2500 este dom admir\u00e1vel da infinita miseric\u00f3rdia de Deus \u2500 \u00e9 confiado a v\u00f3s, sacerdotes. Sede ministros sempre dignos, prontos, zelosos, dispon\u00edveis, pacientes, serenos, seguindo com fiel dilig\u00eancia as normas estabelecidas neste campo pela autoridade eclesi\u00e1stica. Os fi\u00e9is poder\u00e3o assim encontrar neste Sacramento um aut\u00eantico sinal e instrumento de renascimento espiritual e de evidente liberdade interior.&#013;\n&#013;\nE v\u00f3s, irm\u00e3os todos, celebrai o Sacramento da Reconcilia\u00e7\u00e3o com grande confian\u00e7a na miseric\u00f3rdia de Deus, em total ades\u00e3o ao minist\u00e9rio e \u00e0 disciplina da Igreja, mediante a confiss\u00e3o individual, como repetidas vezes recomenda o novo C\u00f3digo de Direito Can\u00f4nico, para o perd\u00e3o e a paz dos disc\u00edpulos do Senhor e como an\u00fancio eficaz da bondade do Senhor para todos.<\/p>\n\n<p>5. Durante o vosso itiner\u00e1rio espiritual procurai harmonizar as exig\u00eancias &#8220;catecumenais&#8221; com o empenho da necess\u00e1ria dedica\u00e7\u00e3o aos irm\u00e3os, \u00e0 fam\u00edlia, aos deveres profissionais e sociais. Sobretudo n\u00e3o deveis ceder \u00e0 tenta\u00e7\u00e3o de vos fechar em v\u00f3s mesmos, isolando-vos da vida da comunidade paroquial ou diocesana, j\u00e1 que apenas de uma efetiva inser\u00e7\u00e3o naqueles organismos mais amplos podem advir autenticidade e efic\u00e1cia ao vosso empenho apost\u00f3lico.&#013;\n&#013;\nN\u00e3o quero concluir estas minhas reflex\u00f5es sem recordar a v\u00f3s e \u00e0s comunidades que representais o que eu disse recentemente por ocasi\u00e3o da apresenta\u00e7\u00e3o oficial do novo C\u00f3digo de Direito Can\u00f4nico: o crist\u00e3o deve dispor o pr\u00f3prio \u00e2nimo para o acolher e coloc\u00e1-lo em pr\u00e1tica.\u00a0 As leis s\u00e3o mun\u00edfico dom de Deus e a sua observ\u00e2ncia \u00e9 verdadeira sabedoria.&#013;\n&#013;\nO direito da Igreja \u00e9 um meio, um auxilio e tamb\u00e9m uma prote\u00e7\u00e3o para se manter em comunh\u00e3o com o Senhor.\u00a0 Portanto, as normas jur\u00eddicas, como tamb\u00e9m as lit\u00fargicas, devem ser observadas sem neglig\u00eancia e sem omiss\u00f5es.&#013;\n&#013;\nEstou certo de que as vossas comunidades, animadas pelo fervor de se distinguir na celebra\u00e7\u00e3o do Batismo, da Eucaristia e da Penit\u00eancia, querem tamb\u00e9m distinguir-se, sob a orienta\u00e7\u00e3o da Igreja, neste empenho de fidelidade \u00e0 disciplina comum.<\/p>\n\n<div class=\"wp-block-image\"><figure class=\"alignright size-large\"><img loading=\"lazy\" decoding=\"async\" width=\"768\" height=\"529\" src=\"https:\/\/neocatechumenaleiter.org\/wp-content\/uploads\/2020\/03\/Camino_Neocatecumenal_Juan_Pablo_II_audiencia_especial_penitencia_reconciliacion_19833.jpg\" alt=\"\" class=\"wp-image-1711\" srcset=\"https:\/\/neocatechumenaleiter.org\/wp-content\/uploads\/2020\/03\/Camino_Neocatecumenal_Juan_Pablo_II_audiencia_especial_penitencia_reconciliacion_19833.jpg 768w, https:\/\/neocatechumenaleiter.org\/wp-content\/uploads\/2020\/03\/Camino_Neocatecumenal_Juan_Pablo_II_audiencia_especial_penitencia_reconciliacion_19833-300x207.jpg 300w\" sizes=\"auto, (max-width: 768px) 100vw, 768px\" \/><\/figure><\/div>\n\n<p><em>Car\u00edssimos irm\u00e3os:<\/em><\/p>\n\n<p>Enquanto apresento estes meus pensamentos para a vossa reflex\u00e3o, invoco a abund\u00e2ncia da gra\u00e7a divina sobre v\u00f3s aqui presentes e sobre todas as comunidades que representais.\u00a0 Confio todos v\u00f3s \u00e0 Maria Sant\u00edssima, exemplo incompar\u00e1vel de f\u00e9 ardente e de d\u00f3cil acolhimento da vontade de Deus. Ela, que &#8220;avan\u00e7ou pela peregrina\u00e7\u00e3o da f\u00e9, mantendo fielmente a uni\u00e3o com seu Filho at\u00e9 \u00e0 cruz&#8221; (<em>Lumen Gentium<\/em>, 58) vos conforte com o seu materno sorriso no cotidiano caminho do seguimento de Cristo.&#013;\n&#013;\nCom a minha B\u00ean\u00e7\u00e3o Apost\u00f3lica.<\/p>\n","protected":false},"excerpt":{"rendered":"<p>Audi\u00eancia especial concedida pelo Papa Jo\u00e3o Paulo II aos bispos e p\u00e1rocos participantes do Congresso sobre &#8220;Penit\u00eancia e Reconcilia\u00e7\u00e3o&#8221;, promovido pelo Caminho Neocatecumenal 10\/2\/1983 S\u00e3o Jo\u00e3o Paulo II Roma, Sala Paulo VI, 10 de fevereiro de 1983 Cerca de 2 mil p\u00e1rocos provenientes de 5 continentes e uns 60 bispos, tamb\u00e9m provenientes de todas as partes do mundo, reuniram-se com o Papa na manh\u00e3 de hoje, quinta-feira 10 de fevereiro,<\/p>\n<div class=\"read-more\"><a class=\"btn read-more-btn\" href=\"https:\/\/neocatechumenaleiter.org\/pt-br\/palavras-dos-papas\/sao-joao-paulo-ii\/audiencia-especial-concedida-pelo-papa-joao-paulo-iiaos-bispos-e-parocos-participantes-do-congresso-sobre-penitencia-e-reconciliacao-promovido-pelo-caminho-neocatecumenal-10-2-1983\/\">Ler mais<\/a><\/div>\n","protected":false},"author":2,"featured_media":0,"parent":4247,"menu_order":16,"comment_status":"closed","ping_status":"closed","template":"","meta":{"footnotes":""},"class_list":["post-6238","page","type-page","status-publish","hentry"],"_links":{"self":[{"href":"https:\/\/neocatechumenaleiter.org\/pt-br\/wp-json\/wp\/v2\/pages\/6238","targetHints":{"allow":["GET"]}}],"collection":[{"href":"https:\/\/neocatechumenaleiter.org\/pt-br\/wp-json\/wp\/v2\/pages"}],"about":[{"href":"https:\/\/neocatechumenaleiter.org\/pt-br\/wp-json\/wp\/v2\/types\/page"}],"author":[{"embeddable":true,"href":"https:\/\/neocatechumenaleiter.org\/pt-br\/wp-json\/wp\/v2\/users\/2"}],"replies":[{"embeddable":true,"href":"https:\/\/neocatechumenaleiter.org\/pt-br\/wp-json\/wp\/v2\/comments?post=6238"}],"version-history":[{"count":7,"href":"https:\/\/neocatechumenaleiter.org\/pt-br\/wp-json\/wp\/v2\/pages\/6238\/revisions"}],"predecessor-version":[{"id":6803,"href":"https:\/\/neocatechumenaleiter.org\/pt-br\/wp-json\/wp\/v2\/pages\/6238\/revisions\/6803"}],"up":[{"embeddable":true,"href":"https:\/\/neocatechumenaleiter.org\/pt-br\/wp-json\/wp\/v2\/pages\/4247"}],"wp:attachment":[{"href":"https:\/\/neocatechumenaleiter.org\/pt-br\/wp-json\/wp\/v2\/media?parent=6238"}],"curies":[{"name":"wp","href":"https:\/\/api.w.org\/{rel}","templated":true}]}}