{"id":6240,"date":"2020-03-02T19:53:13","date_gmt":"2020-03-02T18:53:13","guid":{"rendered":"https:\/\/neocatechumenaleiter.org\/palavras-dos-papas\/sao-joao-paulo-ii\/visita-do-papa-joao-paulo-ii-a-paroquia-de-sao-mauro-abade-9-5-1982\/"},"modified":"2021-08-10T11:01:42","modified_gmt":"2021-08-10T10:01:42","slug":"visita-do-papa-joao-paulo-ii-a-paroquia-de-sao-mauro-abade-9-5-1982","status":"publish","type":"page","link":"https:\/\/neocatechumenaleiter.org\/pt-br\/palavras-dos-papas\/sao-joao-paulo-ii\/visita-do-papa-joao-paulo-ii-a-paroquia-de-sao-mauro-abade-9-5-1982\/","title":{"rendered":"Visita do papa Jo\u00e3o Paulo II \u00e0 par\u00f3quia de S\u00e3o Mauro Abade 9\/5\/1982"},"content":{"rendered":"\n<h1 class=\"has-text-align-center wp-block-heading\">Visita do papa Jo\u00e3o Paulo II \u00e0 par\u00f3quia de S\u00e3o Mauro Abade 9\/5\/1982<\/h1>\n\n<div style=\"height:20px\" aria-hidden=\"true\" class=\"wp-block-spacer\"><\/div>\n\n<h4 class=\"has-text-align-center wp-block-heading\">S\u00e3o Jo\u00e3o Paulo II<\/h4>\n\n<div style=\"height:20px\" aria-hidden=\"true\" class=\"wp-block-spacer\"><\/div>\n\n<p><strong>Roma, 9 de maio de 1982 <\/strong><\/p>\n\n<p><em>Ao final da Missa, o Santo Padre iniciou a s\u00e9rie de encontros com os diversos grupos paroquiais: todos evidentemente jovens e no in\u00edcio de seu caminho.<\/em>&#13;\n&#13;\n<em>Junto com esta juventude, o Papa p\u00f4de, sem d\u00favida, ver o grande entusiasmo que anima todos estes seguidores decididos a ajudarem o p\u00e1roco e os seus colaboradores mais diretos a animar a comunidade.<\/em>&#13;\n&#13;\n<em>Na capela, o Papa encontrou primeiramente os catequistas e a Comunidade Neocatecumenal que o p\u00e1roco apresentou com estas palavras:<\/em><\/p>\n\n<p>&#8220;Santidade, tenho o prazer de lhe apresentar os grupos desta par\u00f3quia: o grupo de catequistas da primeira comunh\u00e3o, p\u00f3s-comunh\u00e3o, Crisma e jovens. Em dezembro, se formou a Comunidade Neocatecumenal. Os catequistas s\u00e3o alguns casais vindos da par\u00f3quia de S\u00e3o Tim\u00f3teo de Casal Palocco, sempre do nosso setor sul. Trata-se de uma comunidade heterog\u00eanea com n\u00facleos familiares de diversas proced\u00eancias, seja do ambiente como do c\u00edrculo cultural: ricos e pobres; por\u00e9m ambos ricos no Senhor.  O respons\u00e1vel da comunidade \u00e9 o Daniel, que tamb\u00e9m \u00e9 cantor e com a esposa, Anna, e os outros correspons\u00e1veis tornaram-se precursores nesta par\u00f3quia. Os outros catequistas vieram em seguida pelo convite que fiz: s\u00e3o m\u00e3es, cl\u00e9rigos, jovens e tamb\u00e9m pais e as freiras. S\u00e3o irm\u00e3s da Provid\u00eancia e uma irm\u00e3 Palotina que colabora na catequese. Muitos destes irm\u00e3os v\u00eam de longe, no sentido de que n\u00e3o estavam na Igreja. S\u00e3o pessoas que tinham abandonado completamente a rela\u00e7\u00e3o com o Senhor Jesus&#8221;.<\/p>\n\n<p>Em seguida, tomou a palavra Domenico, catequista da Comunidade Neocatecumenal, o qual relatou como ele e seu amigo Carlo vieram a S\u00e3o Mauro com a esperan\u00e7a de repetir a bela experi\u00eancia que j\u00e1 h\u00e1 sete anos levavam em S\u00e3o Tim\u00f3teo: uma experi\u00eancia de f\u00e9 que modificou radicalmente a vida deles e a de tantos outros companheiros seus do Caminho.<\/p>\n\n<p><em>O Papa respondeu:<\/em><\/p>\n\n<p>&#8220;Obrigado pelos vossos testemunhos. Esses testemunhos podem ilustrar muito bem aquilo que meditamos hoje sobre a videira e os ramos e como Cristo traz a vida a cada um de n\u00f3s, ao cora\u00e7\u00e3o humano, ao eu interior e depois tamb\u00e9m \u00e0 dimens\u00e3o social da nossa vida. Estamos reunidos em uma capela que substitui a igreja paroquial. Visitando a par\u00f3quia me vem \u00e0 mente espontaneamente a necessidade de uma igreja. A igreja n\u00e3o existe ainda, a igreja como edif\u00edcio. Mas a Igreja j\u00e1 est\u00e1 constru\u00edda. Constr\u00f3i-se a Igreja espiritual, constr\u00f3i-se por meio da Palavra de Deus e dos Sacramentos. Constr\u00f3i-se por meio da Palavra de Deus, cujos ministros, servidores, ap\u00f3stolos, sois v\u00f3s catequistas.<\/p>\n\n<p>Tamb\u00e9m se constr\u00f3i com os Sacramentos, come\u00e7ando com o Batismo, e sois v\u00f3s, grupo Neocatecumenal, as testemunhas da for\u00e7a do Sacramento, pois n\u00e3o se trata de uma ideia, mas de uma pessoa que vive e vivifica: este \u00e9 o Sacramento. O Sacramento nos traz a vida, a palavra de Deus nos traz a luz, e o Sacramento nos traz a vida divina: luz divina, vida divina. Assim a Igreja se constr\u00f3i gra\u00e7as ao vosso apostolado. Desejo-vos que sejais fermento desta constru\u00e7\u00e3o da Igreja viva de S\u00e3o Mauro e vos aben\u00e7oo de cora\u00e7\u00e3o&#8221;.<\/p>\n","protected":false},"excerpt":{"rendered":"<p>Visita do papa Jo\u00e3o Paulo II \u00e0 par\u00f3quia de S\u00e3o Mauro Abade 9\/5\/1982 S\u00e3o Jo\u00e3o Paulo II Roma, 9 de maio de 1982 Ao final da Missa, o Santo Padre iniciou a s\u00e9rie de encontros com os diversos grupos paroquiais: todos evidentemente jovens e no in\u00edcio de seu caminho.&#13; &#13; Junto com esta juventude, o Papa p\u00f4de, sem d\u00favida, ver o grande entusiasmo que anima todos estes seguidores decididos a<\/p>\n<div class=\"read-more\"><a class=\"btn read-more-btn\" href=\"https:\/\/neocatechumenaleiter.org\/pt-br\/palavras-dos-papas\/sao-joao-paulo-ii\/visita-do-papa-joao-paulo-ii-a-paroquia-de-sao-mauro-abade-9-5-1982\/\">Ler mais<\/a><\/div>\n","protected":false},"author":2,"featured_media":0,"parent":4247,"menu_order":16,"comment_status":"closed","ping_status":"closed","template":"","meta":{"footnotes":""},"class_list":["post-6240","page","type-page","status-publish","hentry"],"_links":{"self":[{"href":"https:\/\/neocatechumenaleiter.org\/pt-br\/wp-json\/wp\/v2\/pages\/6240","targetHints":{"allow":["GET"]}}],"collection":[{"href":"https:\/\/neocatechumenaleiter.org\/pt-br\/wp-json\/wp\/v2\/pages"}],"about":[{"href":"https:\/\/neocatechumenaleiter.org\/pt-br\/wp-json\/wp\/v2\/types\/page"}],"author":[{"embeddable":true,"href":"https:\/\/neocatechumenaleiter.org\/pt-br\/wp-json\/wp\/v2\/users\/2"}],"replies":[{"embeddable":true,"href":"https:\/\/neocatechumenaleiter.org\/pt-br\/wp-json\/wp\/v2\/comments?post=6240"}],"version-history":[{"count":6,"href":"https:\/\/neocatechumenaleiter.org\/pt-br\/wp-json\/wp\/v2\/pages\/6240\/revisions"}],"predecessor-version":[{"id":24081,"href":"https:\/\/neocatechumenaleiter.org\/pt-br\/wp-json\/wp\/v2\/pages\/6240\/revisions\/24081"}],"up":[{"embeddable":true,"href":"https:\/\/neocatechumenaleiter.org\/pt-br\/wp-json\/wp\/v2\/pages\/4247"}],"wp:attachment":[{"href":"https:\/\/neocatechumenaleiter.org\/pt-br\/wp-json\/wp\/v2\/media?parent=6240"}],"curies":[{"name":"wp","href":"https:\/\/api.w.org\/{rel}","templated":true}]}}