{"id":6242,"date":"2020-03-02T19:51:15","date_gmt":"2020-03-02T18:51:15","guid":{"rendered":"https:\/\/neocatechumenaleiter.org\/palavras-dos-papas\/sao-joao-paulo-ii\/o-papa-joao-paulo-ii-aos-salmistas-das-comunidades-neocatecumenais-no-angelus-dominical-21-3-1982\/"},"modified":"2021-08-10T11:01:37","modified_gmt":"2021-08-10T10:01:37","slug":"o-papa-joao-paulo-ii-aos-salmistas-das-comunidades-neocatecumenais-no-angelus-dominical-21-3-1982","status":"publish","type":"page","link":"https:\/\/neocatechumenaleiter.org\/pt-br\/palavras-dos-papas\/sao-joao-paulo-ii\/o-papa-joao-paulo-ii-aos-salmistas-das-comunidades-neocatecumenais-no-angelus-dominical-21-3-1982\/","title":{"rendered":"Papa Jo\u00e3o Paulo II sa\u00fada os salmistas das Comunidades Neocatecumenais no &#8220;Angelus&#8221; dominical 21\/3\/1982"},"content":{"rendered":"\n<h1 class=\"has-text-align-center wp-block-heading\">Papa Jo\u00e3o Paulo II sa\u00fada os salmistas das Comunidades Neocatecumenais no &#8220;Angelus&#8221; dominical 21\/3\/1982<\/h1>\n\n<div style=\"height:20px\" aria-hidden=\"true\" class=\"wp-block-spacer\"><\/div>\n\n<h4 class=\"has-text-align-center wp-block-heading\">S\u00e3o Jo\u00e3o Paulo II<\/h4>\n\n<div style=\"height:20px\" aria-hidden=\"true\" class=\"wp-block-spacer\"><\/div>\n\n<p><strong>Roma, 21 de mar\u00e7o de 1982 <\/strong><\/p>\n\n<p>Apresentamos parte do discurso pronunciado pelo Santo Padre antes da ora\u00e7\u00e3o do <em>Angelus Domini<\/em> dominical:<\/p>\n\n<p>Desejo retomar ainda o tema &#8220;A Reconcilia\u00e7\u00e3o e a Penit\u00eancia na miss\u00e3o da Igreja&#8221;, tema que nos acompanha durante toda a Quaresma, tendo em conta o S\u00ednodo dos Bispos que est\u00e1 em prepara\u00e7\u00e3o.&#13;\n&#13;\nA primeira e fundamental reconcilia\u00e7\u00e3o com Deus em Jesus Cristo e a primeira convers\u00e3o (isto \u00e9, penit\u00eancia) realizam-se no sacramento do Batismo.&#13;\n&#13;\nNo caso do Batismo dos adultos, esta primeira convers\u00e3o a Deus e a fundamental reconcilia\u00e7\u00e3o com Ele em Cristo s\u00e3o fruto de uma longa prepara\u00e7\u00e3o: de uma profunda inicia\u00e7\u00e3o. Esta prepara\u00e7\u00e3o chama-se \u2500 desde os primeiros s\u00e9culos da Igreja \u2500 catecumenato.&#13;\n&#13;\nO Catecumenato sempre foi particularmente intenso no per\u00edodo da Quaresma. Esta tradi\u00e7\u00e3o permanece viva ainda nos nossos tempos, em que recebem o sacramento do Batismo, em grande parte, os rec\u00e9m-nascidos no \u00e2mbito das fam\u00edlias crist\u00e3s. Mas tamb\u00e9m nos nossos tempos, a Quaresma deve servir \u2500 se n\u00e3o para a prepara\u00e7\u00e3o da primeira convers\u00e3o mediante o Batismo \u2500 ao menos para o seu aprofundamento e renova\u00e7\u00e3o. E muito frequentemente ela deve servir para a nova convers\u00e3o e reconcilia\u00e7\u00e3o com Deus no sacramento da Penit\u00eancia.<\/p>\n\n<div class=\"wp-block-image\"><figure class=\"alignleft size-medium\"><img loading=\"lazy\" decoding=\"async\" width=\"245\" height=\"300\" src=\"https:\/\/neocatechumenaleiter.org\/wp-content\/uploads\/2020\/03\/Camino_Neocatecumenal_Juan_Pablo_II_encuentro_salmistas_1982-245x300.jpg\" alt=\"\" class=\"wp-image-1668\" srcset=\"https:\/\/neocatechumenaleiter.org\/wp-content\/uploads\/2020\/03\/Camino_Neocatecumenal_Juan_Pablo_II_encuentro_salmistas_1982-245x300.jpg 245w, https:\/\/neocatechumenaleiter.org\/wp-content\/uploads\/2020\/03\/Camino_Neocatecumenal_Juan_Pablo_II_encuentro_salmistas_1982.jpg 563w\" sizes=\"auto, (max-width: 245px) 100vw, 245px\" \/><\/figure><\/div>\n\n<p>Por isso, especialmente no per\u00edodo da Quaresma, intensifica-se a catequese da Igreja sob v\u00e1rias formas (por exemplo: em par\u00f3quias, em grupos ou em exerc\u00edcios espirituais individuais, assim chamados retiros).<\/p>\n\n<p>A catequese \u00e9 tamb\u00e9m o melhor meio para a reflex\u00e3o sobre o problema da reconcilia\u00e7\u00e3o e da penit\u00eancia na miss\u00e3o da Igreja, o que \u00e9 de n\u00f3s esperado pelo S\u00ednodo dos Bispos. Recomendemos a Deus este trabalho quaresmal da Igreja mediante a intercess\u00e3o da M\u00e3e do Verbo Encarnado&#8230;&#13;\n&#13;\nDirijo uma cordial sauda\u00e7\u00e3o aos cantores-salmistas das Comunidades Neocatecumenais, que vieram a Roma para um encontro de prepara\u00e7\u00e3o para a liturgia do tr\u00edduo pascal.<\/p>\n\n<p>Car\u00edssimos: o mist\u00e9rio de Cristo ressuscitado, que estais preparando para celebrar com os vossos cantos, seja testemunhado tamb\u00e9m com vossa vida, de modo que, pelo equil\u00edbrio harmonioso das palavras e das obras, seja exaltado diante do mundo Aquele que &#8220;morrendo destruiu a morte e ressurgindo restaurou a vida&#8221;.<\/p>\n\n<p><em>A todos v\u00f3s e aos vossos entes queridos a minha B\u00ean\u00e7\u00e3o Apost\u00f3lica.<\/em><\/p>\n","protected":false},"excerpt":{"rendered":"<p>Papa Jo\u00e3o Paulo II sa\u00fada os salmistas das Comunidades Neocatecumenais no &#8220;Angelus&#8221; dominical 21\/3\/1982 S\u00e3o Jo\u00e3o Paulo II Roma, 21 de mar\u00e7o de 1982 Apresentamos parte do discurso pronunciado pelo Santo Padre antes da ora\u00e7\u00e3o do Angelus Domini dominical: Desejo retomar ainda o tema &#8220;A Reconcilia\u00e7\u00e3o e a Penit\u00eancia na miss\u00e3o da Igreja&#8221;, tema que nos acompanha durante toda a Quaresma, tendo em conta o S\u00ednodo dos Bispos que est\u00e1<\/p>\n<div class=\"read-more\"><a class=\"btn read-more-btn\" href=\"https:\/\/neocatechumenaleiter.org\/pt-br\/palavras-dos-papas\/sao-joao-paulo-ii\/o-papa-joao-paulo-ii-aos-salmistas-das-comunidades-neocatecumenais-no-angelus-dominical-21-3-1982\/\">Ler mais<\/a><\/div>\n","protected":false},"author":2,"featured_media":0,"parent":4247,"menu_order":15,"comment_status":"closed","ping_status":"closed","template":"","meta":{"footnotes":""},"class_list":["post-6242","page","type-page","status-publish","hentry"],"_links":{"self":[{"href":"https:\/\/neocatechumenaleiter.org\/pt-br\/wp-json\/wp\/v2\/pages\/6242","targetHints":{"allow":["GET"]}}],"collection":[{"href":"https:\/\/neocatechumenaleiter.org\/pt-br\/wp-json\/wp\/v2\/pages"}],"about":[{"href":"https:\/\/neocatechumenaleiter.org\/pt-br\/wp-json\/wp\/v2\/types\/page"}],"author":[{"embeddable":true,"href":"https:\/\/neocatechumenaleiter.org\/pt-br\/wp-json\/wp\/v2\/users\/2"}],"replies":[{"embeddable":true,"href":"https:\/\/neocatechumenaleiter.org\/pt-br\/wp-json\/wp\/v2\/comments?post=6242"}],"version-history":[{"count":6,"href":"https:\/\/neocatechumenaleiter.org\/pt-br\/wp-json\/wp\/v2\/pages\/6242\/revisions"}],"predecessor-version":[{"id":24070,"href":"https:\/\/neocatechumenaleiter.org\/pt-br\/wp-json\/wp\/v2\/pages\/6242\/revisions\/24070"}],"up":[{"embeddable":true,"href":"https:\/\/neocatechumenaleiter.org\/pt-br\/wp-json\/wp\/v2\/pages\/4247"}],"wp:attachment":[{"href":"https:\/\/neocatechumenaleiter.org\/pt-br\/wp-json\/wp\/v2\/media?parent=6242"}],"curies":[{"name":"wp","href":"https:\/\/api.w.org\/{rel}","templated":true}]}}