{"id":6302,"date":"2020-03-02T02:08:50","date_gmt":"2020-03-02T01:08:50","guid":{"rendered":"https:\/\/neocatechumenaleiter.org\/palavras-dos-papas\/sao-joao-paulo-ii\/saudacao-aos-salmistas-das-comunidades-neocatecumenais-16-3-1980\/"},"modified":"2021-08-10T11:00:46","modified_gmt":"2021-08-10T10:00:46","slug":"saudacao-aos-salmistas-das-comunidades-neocatecumenais-16-3-1980","status":"publish","type":"page","link":"https:\/\/neocatechumenaleiter.org\/pt-br\/palavras-dos-papas\/sao-joao-paulo-ii\/saudacao-aos-salmistas-das-comunidades-neocatecumenais-16-3-1980\/","title":{"rendered":"Sauda\u00e7\u00e3o aos salmistas das Comunidades Neocatecumenais 16\/3\/1980"},"content":{"rendered":"\n<h1 class=\"has-text-align-center wp-block-heading\">Sauda\u00e7\u00e3o aos salmistas das Comunidades Neocatecumenais 16\/3\/1980<\/h1>\n\n<div style=\"height:20px\" aria-hidden=\"true\" class=\"wp-block-spacer\"><\/div>\n\n<h4 class=\"has-text-align-center wp-block-heading\">S\u00e3o Jo\u00e3o Paulo II<\/h4>\n\n<div style=\"height:20px\" aria-hidden=\"true\" class=\"wp-block-spacer\"><\/div>\n\n<p><strong>Roma, 16 de mar\u00e7o de 1980<\/strong><\/p>\n\n<p><em>O grupo mais numeroso era o formado por cerca de dois mil cantores e salmistas das comunidades neocatecumenais de todas as partes da It\u00e1lia, reunidos em Roma para uma conviv\u00eancia de prepara\u00e7\u00e3o para a P\u00e1scoa que, dirigida por Kiko Arg\u00fcello, tem como objetivo ajudar os salmistas a conduzir, do modo mais apropriado poss\u00edvel, a Vig\u00edlia Pascal que as distintas comunidades neocatecumenais viver\u00e3o na noite da P\u00e1scoa. Estas s\u00e3o as palavras do Papa:<\/em><\/p>\n\n<div class=\"wp-block-image\"><figure class=\"aligncenter size-full\"><img loading=\"lazy\" decoding=\"async\" width=\"720\" height=\"557\" src=\"https:\/\/neocatechumenaleiter.org\/wp-content\/uploads\/2020\/03\/Camino_Neocatecumenal_Juan_Pablo_II_encuentro_salmistas_1980.jpg\" alt=\"\" class=\"wp-image-1475\" srcset=\"https:\/\/neocatechumenaleiter.org\/wp-content\/uploads\/2020\/03\/Camino_Neocatecumenal_Juan_Pablo_II_encuentro_salmistas_1980.jpg 720w, https:\/\/neocatechumenaleiter.org\/wp-content\/uploads\/2020\/03\/Camino_Neocatecumenal_Juan_Pablo_II_encuentro_salmistas_1980-300x232.jpg 300w\" sizes=\"auto, (max-width: 720px) 100vw, 720px\" \/><\/figure><\/div>\n\n<p>&#8220;Dirijo uma sauda\u00e7\u00e3o particular aos membros das comunidades neocatecumenais que se prop\u00f5em a ajudar os batizados a compreender, apreciar e favorecer a inestim\u00e1vel felicidade do sacramento do Batismo, atrav\u00e9s de um itiner\u00e1rio de evangeliza\u00e7\u00e3o, de catequese e de participa\u00e7\u00e3o na vida lit\u00fargica, gradual e intensivo e que, de qualquer modo, nos faz recordar o antigo catecumenato.<\/p>\n\n<p>Car\u00edssimos, exorto-vos a vos comprometerem cada vez com maior generosidade no vosso esfor\u00e7o de contribuir para a edifica\u00e7\u00e3o do corpo m\u00edstico de Cristo e para a a\u00e7\u00e3o de apostolado da Igreja, obedecendo ao mandamento do Senhor: &#8220;Ide, pois, ensinai todas as na\u00e7\u00f5es, batizando-as em nome do Pai, do Filho e do Esp\u00edrito Santo&#8221; (<i>Mt<\/i> 28, 19). Que vos ampare e vos guie a constante fidelidade ao ensino do Magist\u00e9rio e a obedi\u00eancia aos pastores da Igreja.<\/p>\n\n<p>Desejo-vos de todo o cora\u00e7\u00e3o que vivais com dedica\u00e7\u00e3o e entusiasmo os vossos prop\u00f3sitos, \u00e0 luz da Exorta\u00e7\u00e3o Apost\u00f3lica <em>Evangelii Nuntiandi,<\/em> do meu venerado predecessor Paulo VI, e da <em>Catechesi Tradendae <\/em>por mim publicada com base nas indica\u00e7\u00f5es do S\u00ednodo dos Bispos sobre a catequese. Acompanhe-vos a minha b\u00ean\u00e7\u00e3o que, de bom grado, estendo aos vossos familiares&#8221;.<\/p>\n","protected":false},"excerpt":{"rendered":"<p>Sauda\u00e7\u00e3o aos salmistas das Comunidades Neocatecumenais 16\/3\/1980 S\u00e3o Jo\u00e3o Paulo II Roma, 16 de mar\u00e7o de 1980 O grupo mais numeroso era o formado por cerca de dois mil cantores e salmistas das comunidades neocatecumenais de todas as partes da It\u00e1lia, reunidos em Roma para uma conviv\u00eancia de prepara\u00e7\u00e3o para a P\u00e1scoa que, dirigida por Kiko Arg\u00fcello, tem como objetivo ajudar os salmistas a conduzir, do modo mais apropriado poss\u00edvel,<\/p>\n<div class=\"read-more\"><a class=\"btn read-more-btn\" href=\"https:\/\/neocatechumenaleiter.org\/pt-br\/palavras-dos-papas\/sao-joao-paulo-ii\/saudacao-aos-salmistas-das-comunidades-neocatecumenais-16-3-1980\/\">Ler mais<\/a><\/div>\n","protected":false},"author":2,"featured_media":0,"parent":4247,"menu_order":6,"comment_status":"closed","ping_status":"closed","template":"","meta":{"footnotes":""},"class_list":["post-6302","page","type-page","status-publish","hentry"],"_links":{"self":[{"href":"https:\/\/neocatechumenaleiter.org\/pt-br\/wp-json\/wp\/v2\/pages\/6302","targetHints":{"allow":["GET"]}}],"collection":[{"href":"https:\/\/neocatechumenaleiter.org\/pt-br\/wp-json\/wp\/v2\/pages"}],"about":[{"href":"https:\/\/neocatechumenaleiter.org\/pt-br\/wp-json\/wp\/v2\/types\/page"}],"author":[{"embeddable":true,"href":"https:\/\/neocatechumenaleiter.org\/pt-br\/wp-json\/wp\/v2\/users\/2"}],"replies":[{"embeddable":true,"href":"https:\/\/neocatechumenaleiter.org\/pt-br\/wp-json\/wp\/v2\/comments?post=6302"}],"version-history":[{"count":10,"href":"https:\/\/neocatechumenaleiter.org\/pt-br\/wp-json\/wp\/v2\/pages\/6302\/revisions"}],"predecessor-version":[{"id":23983,"href":"https:\/\/neocatechumenaleiter.org\/pt-br\/wp-json\/wp\/v2\/pages\/6302\/revisions\/23983"}],"up":[{"embeddable":true,"href":"https:\/\/neocatechumenaleiter.org\/pt-br\/wp-json\/wp\/v2\/pages\/4247"}],"wp:attachment":[{"href":"https:\/\/neocatechumenaleiter.org\/pt-br\/wp-json\/wp\/v2\/media?parent=6302"}],"curies":[{"name":"wp","href":"https:\/\/api.w.org\/{rel}","templated":true}]}}