{"id":6310,"date":"2020-04-01T23:23:12","date_gmt":"2020-04-01T22:23:12","guid":{"rendered":"https:\/\/neocatechumenaleiter.org\/palavras-dos-papas\/bento-xvi\/angelus-na-praca-de-sao-pedro-29-10-2006\/"},"modified":"2020-04-25T15:17:28","modified_gmt":"2020-04-25T14:17:28","slug":"angelus-na-praca-de-sao-pedro-29-10-2006","status":"publish","type":"page","link":"https:\/\/neocatechumenaleiter.org\/pt-br\/palavras-dos-papas\/bento-xvi\/angelus-na-praca-de-sao-pedro-29-10-2006\/","title":{"rendered":"&#8220;\u00c2ngelus&#8221; na Pra\u00e7a de S\u00e3o Pedro 29\/10\/2006"},"content":{"rendered":"\n<h1 class=\"has-text-align-center wp-block-heading\">&#8220;\u00c2ngelus&#8221; na Pra\u00e7a de S\u00e3o Pedro 29\/10\/2006<\/h1>\n\n<div style=\"height:20px\" aria-hidden=\"true\" class=\"wp-block-spacer\"><\/div>\n\n<h4 class=\"has-text-align-center wp-block-heading\">Bento XVI<\/h4>\n\n<div style=\"height:20px\" aria-hidden=\"true\" class=\"wp-block-spacer\"><\/div>\n\n<p><strong>Pra\u00e7a de S\u00e3o Pedro, 29 de outubro de 2006 <\/strong><\/p>\n\n<p><em>No &#8220;\u00c2ngelus&#8221; de hoje, o papa Bento XVI, sem nomear diretamente o Caminho Neocatecumenal, fala de &#8220;experi\u00eancias de catequeses&#8221; propostas a jovens e adultos &#8220;que permitem percorrer um caminho de redescoberta da f\u00e9 de modo maduro e consciente, para assumir depois um coerente compromisso de testemunho&#8221; e afirma que esta tarefa \u00e9 muito importante hoje.<\/em><\/p>\n\n<p>Queridos irm\u00e3os e irm\u00e3s:&#013;\n&#013;\nNo Evangelho deste domingo (Mc 10,46-52) lemos que, enquanto o Senhor passa pelas estradas de Jeric\u00f3, um cego chamado Bartimeu se dirige a Ele gritando forte: &#8220;Filho de Davi, tem compaix\u00e3o de mim!&#8221;. Esta ora\u00e7\u00e3o toca o cora\u00e7\u00e3o de Cristo, que se det\u00e9m, manda cham\u00e1-lo\u00ad e o cura. O momento decisivo foi o encontro pessoal, direto, entre o Senhor e aquele homem, que sofria. Encontram-se um diante do outro: Deus, com a sua vontade de curar, e o homem que deseja ser curado. Duas liberdades, duas vontades convergentes: &#8220;Que queres que eu te fa\u00e7a?&#8221;, pergunta-lhe o Senhor. &#8220;Que eu possa ver novamente!&#8221;, responde o cego. &#8220;Vai, a tua f\u00e9 te salvou&#8221;. Com estas palavras realiza-se o milagre. Alegria de Deus, alegria do homem. E Bartimeu, vindo \u00e0 luz\u00a0\u2013\u00a0narra o Evangelho\u00ad \u2013 &#8220;come\u00e7ou a segui-lo pelo caminho&#8221;, isto \u00e9, torna-se um disc\u00edpulo de Jesus e sobe com o Mestre a Jerusal\u00e9m para participar com Ele do grande mist\u00e9rio da salva\u00e7\u00e3o. Esta narra\u00e7\u00e3o, em seus aspectos fundamentais, evoca o itiner\u00e1rio do catec\u00fameno rumo ao sacramento do Batismo que na Igreja antiga era tamb\u00e9m chamado de &#8220;Ilumina\u00e7\u00e3o&#8221;.&#013;\n&#013;\nA f\u00e9 \u00e9 um caminho de ilumina\u00e7\u00e3o: parte da humildade de reconhecer-se necessitados de salva\u00e7\u00e3o e chega ao encontro pessoal com Cristo que chama a segui-lo pelo caminho do amor. Sobre este modelo se orientam na Igreja os itiner\u00e1rios de inicia\u00e7\u00e3o crist\u00e3 que preparam para os sacramentos do Batismo, da Confirma\u00e7\u00e3o (ou Crisma) e da Eucaristia. Nos lugares de antiga evangeliza\u00e7\u00e3o, onde est\u00e1 difundido o Batismo das crian\u00e7as, s\u00e3o propostas aos jovens e aos adultos experi\u00eancias de catequeses e de espiritualidade que permitem percorrer um caminho de redescoberta da f\u00e9 de modo maduro e consciente, para assumir depois um coerente compromisso de testemunho.<\/p>\n\n<p>Como \u00e9 importante\u00ad o trabalho que os pastores e os catequistas realizam neste campo! A redescoberta do valor do pr\u00f3prio Batismo \u00e9 a base do\u00ad compromisso mission\u00e1rio de cada crist\u00e3o, porque vemos no Evangelho que quem se deixa cativar por Cristo n\u00e3o pode deixar de dar testemunho\u00ad da alegria de seguir os seus passos. Neste m\u00eas de outubro, particularmente\u00ad dedicado \u00e0s miss\u00f5es, compreendemos ainda mais que, precisamente em virtude do Batismo, possu\u00edmos uma conatural voca\u00e7\u00e3o mission\u00e1ria. Invoquemos a intercess\u00e3o da Virgem Maria para que se multipliquem os mission\u00e1rios do Evangelho. Intimamente unido ao Senhor, cada batizado possa sentir o chamado para anunciar a todos o amor de Deus com o testemunho da pr\u00f3pria vida.<\/p>\n","protected":false},"excerpt":{"rendered":"<p>&#8220;\u00c2ngelus&#8221; na Pra\u00e7a de S\u00e3o Pedro 29\/10\/2006 Bento XVI Pra\u00e7a de S\u00e3o Pedro, 29 de outubro de 2006 No &#8220;\u00c2ngelus&#8221; de hoje, o papa Bento XVI, sem nomear diretamente o Caminho Neocatecumenal, fala de &#8220;experi\u00eancias de catequeses&#8221; propostas a jovens e adultos &#8220;que permitem percorrer um caminho de redescoberta da f\u00e9 de modo maduro e consciente, para assumir depois um coerente compromisso de testemunho&#8221; e afirma que esta tarefa \u00e9<\/p>\n<div class=\"read-more\"><a class=\"btn read-more-btn\" href=\"https:\/\/neocatechumenaleiter.org\/pt-br\/palavras-dos-papas\/bento-xvi\/angelus-na-praca-de-sao-pedro-29-10-2006\/\">Ler mais<\/a><\/div>\n","protected":false},"author":2,"featured_media":0,"parent":4357,"menu_order":2,"comment_status":"closed","ping_status":"closed","template":"","meta":{"footnotes":""},"class_list":["post-6310","page","type-page","status-publish","hentry"],"_links":{"self":[{"href":"https:\/\/neocatechumenaleiter.org\/pt-br\/wp-json\/wp\/v2\/pages\/6310","targetHints":{"allow":["GET"]}}],"collection":[{"href":"https:\/\/neocatechumenaleiter.org\/pt-br\/wp-json\/wp\/v2\/pages"}],"about":[{"href":"https:\/\/neocatechumenaleiter.org\/pt-br\/wp-json\/wp\/v2\/types\/page"}],"author":[{"embeddable":true,"href":"https:\/\/neocatechumenaleiter.org\/pt-br\/wp-json\/wp\/v2\/users\/2"}],"replies":[{"embeddable":true,"href":"https:\/\/neocatechumenaleiter.org\/pt-br\/wp-json\/wp\/v2\/comments?post=6310"}],"version-history":[{"count":7,"href":"https:\/\/neocatechumenaleiter.org\/pt-br\/wp-json\/wp\/v2\/pages\/6310\/revisions"}],"predecessor-version":[{"id":8475,"href":"https:\/\/neocatechumenaleiter.org\/pt-br\/wp-json\/wp\/v2\/pages\/6310\/revisions\/8475"}],"up":[{"embeddable":true,"href":"https:\/\/neocatechumenaleiter.org\/pt-br\/wp-json\/wp\/v2\/pages\/4357"}],"wp:attachment":[{"href":"https:\/\/neocatechumenaleiter.org\/pt-br\/wp-json\/wp\/v2\/media?parent=6310"}],"curies":[{"name":"wp","href":"https:\/\/api.w.org\/{rel}","templated":true}]}}