{"id":6314,"date":"2020-04-01T23:39:59","date_gmt":"2020-04-01T22:39:59","guid":{"rendered":"https:\/\/neocatechumenaleiter.org\/palavras-dos-papas\/bento-xvi\/convivencia-de-bispos-da-asia-e-da-australia-na-domus-galilaeae-18-11-2006\/"},"modified":"2020-06-16T19:21:18","modified_gmt":"2020-06-16T18:21:18","slug":"convivencia-de-bispos-da-asia-e-da-australia-na-domus-galilaeae-18-11-2006","status":"publish","type":"page","link":"https:\/\/neocatechumenaleiter.org\/pt-br\/palavras-dos-papas\/bento-xvi\/convivencia-de-bispos-da-asia-e-da-australia-na-domus-galilaeae-18-11-2006\/","title":{"rendered":"Conviv\u00eancia de bispos da \u00c1sia e da Austr\u00e1lia na Domus Galilaeae 18\/11\/2006"},"content":{"rendered":"\n<h1 class=\"has-text-align-center wp-block-heading\">Conviv\u00eancia de bispos da \u00c1sia e da Austr\u00e1lia na Domus Galilaeae 18\/11\/2006<\/h1>\n\n<div style=\"height:20px\" aria-hidden=\"true\" class=\"wp-block-spacer\"><\/div>\n\n<h4 class=\"has-text-align-center wp-block-heading\">Bento XVI<\/h4>\n\n<div style=\"height:20px\" aria-hidden=\"true\" class=\"wp-block-spacer\"><\/div>\n\n<p><strong>Domus Galilaeae, 18-24 de novembro de 2006<\/strong><\/p>\n\n<p><em>De 18 a 26 de novembro de 2006 foi celebrada uma conviv\u00eancia com 126 bispos da \u00c1sia (e alguns da Austr\u00e1lia) dentre os quais 65 provenientes da \u00cdndia, junto com o cardeal Telesphore Toppo, arcebispo de Ranchi e presidente da Confer\u00eancia Episcopal da \u00cdndia. Em sua sauda\u00e7\u00e3o no final da conviv\u00eancia, o cardeal disse palavras particularmente significativas sobre a obra do Caminho Neocatecumenal.\u00a0 Reportamos aqui dois breves par\u00e1grafos:<\/em><\/p>\n\n<p>&#8220;&#8230; Acerca do Caminho Neocatecumenal, o fundamental \u00e9 o que vivemos nestes dias e as experi\u00eancias das visitas aos lugares santos. N\u00e3o sabia que tr\u00eas bispos de Roma \u2500 Paulo VI, Jo\u00e3o Paulo II e o atual Papa \u2500 fossem t\u00e3o envolvidos com o Caminho\u00ad Neocatecumenal&#8230;&#13;\n&#13;\nTeria muitas coisas a dizer: esta n\u00e3o \u00e9 uma obra do Kiko, n\u00e3o \u00e9 uma obra da Carmen ou de n\u00f3s que fomos escolhidos e trazidos aqui \u2500 eles certamente s\u00e3o vasos escolhidos, acreditais, verdade? \u2500 mas esta \u00e9 uma obra do pr\u00f3prio Deus para a Igreja, porque Ele ama a Igreja. Atrav\u00e9s dos tempos suscita pessoas; como fez no passado tamb\u00e9m o faz hoje. Realmente \u00e9 uma obra de Deus&#8230;<\/p>\n\n<p>Ainda que seja a primeira vez que tenho contato com o Caminho Neocatecumenal, digo que este Caminho \u00e9 a necessidade deste momento e se n\u00e3o levamos isso a s\u00e9rio\u00ad, n\u00e3o seremos capazes de evangelizar <em>ad gentes<\/em> e perderemos tamb\u00e9m aqueles a quem chamamos\u00ad de crist\u00e3os batizados. Por isso, se somos verdadeiramente crist\u00e3os, temos necessidade de ser evangelizados se quisermos evangelizar os outros.&#13;\n&#13;\nDevo dizer uma outra coisa. Esta n\u00e3o pode ser uma obra destes leigos ou destes itinerantes\u00ad ou de outros: esta \u00e9 a obra da Igreja. Estes itinerantes, estes mission\u00e1rios necessitam\u00ad do minist\u00e9rio da Igreja: esta \u00e9 a obra do Corpo de Cristo. E n\u00f3s devemos estar juntos e trabalhar juntos. N\u00e3o podemos tirar o corpo e deixar os leigos evangelizarem sozinhos: se o Senhor suscita leigos cheios de zelo, os bispos e os presb\u00edteros devem estar completamente com eles, toda a Igreja. Por natureza a Igreja \u00e9 mission\u00e1ria: a Igreja deve evangelizar, a Igreja deve proclamar Jesus, caso contr\u00e1rio n\u00e3o somos Igreja. Por isso estou verdadeiramente feliz&#8221;.<\/p>\n\n<p>Reportamos o telegrama que o Santo Padre enviou aos cardeais, aos bispos e a todos os participantes da conviv\u00eancia:<\/p>\n\n<p>Por ocasi\u00e3o do encontro de bispos, presb\u00edteros e fi\u00e9is leigos da \u00c1sia e da Austr\u00e1lia para refletirem sobre os desafios e urg\u00eancias mission\u00e1rias, o Sumo Pont\u00edfice dirige aos participantes uma auspiciosa sauda\u00e7\u00e3o e, enquanto deseja que essa providencial iniciativa seja um momento de comum reflex\u00e3o e partilha da f\u00e9, suscitando um renovado empenho de anunciar Cristo com o testemunho da pr\u00f3pria vida, invoca com grande efus\u00e3o os favores celestes e envia a implorada B\u00ean\u00e7\u00e3o Apost\u00f3lica.<\/p>\n\n<p><em>Cardeal Tarcisio Bertone<br\/>&#13;\nSecret\u00e1rio de Estado de Sua Santidade Bento XVI<\/em><\/p>\n","protected":false},"excerpt":{"rendered":"<p>Conviv\u00eancia de bispos da \u00c1sia e da Austr\u00e1lia na Domus Galilaeae 18\/11\/2006 Bento XVI Domus Galilaeae, 18-24 de novembro de 2006 De 18 a 26 de novembro de 2006 foi celebrada uma conviv\u00eancia com 126 bispos da \u00c1sia (e alguns da Austr\u00e1lia) dentre os quais 65 provenientes da \u00cdndia, junto com o cardeal Telesphore Toppo, arcebispo de Ranchi e presidente da Confer\u00eancia Episcopal da \u00cdndia. Em sua sauda\u00e7\u00e3o no final<\/p>\n<div class=\"read-more\"><a class=\"btn read-more-btn\" href=\"https:\/\/neocatechumenaleiter.org\/pt-br\/palavras-dos-papas\/bento-xvi\/convivencia-de-bispos-da-asia-e-da-australia-na-domus-galilaeae-18-11-2006\/\">Ler mais<\/a><\/div>\n","protected":false},"author":2,"featured_media":0,"parent":4357,"menu_order":3,"comment_status":"closed","ping_status":"closed","template":"","meta":{"footnotes":""},"class_list":["post-6314","page","type-page","status-publish","hentry"],"_links":{"self":[{"href":"https:\/\/neocatechumenaleiter.org\/pt-br\/wp-json\/wp\/v2\/pages\/6314","targetHints":{"allow":["GET"]}}],"collection":[{"href":"https:\/\/neocatechumenaleiter.org\/pt-br\/wp-json\/wp\/v2\/pages"}],"about":[{"href":"https:\/\/neocatechumenaleiter.org\/pt-br\/wp-json\/wp\/v2\/types\/page"}],"author":[{"embeddable":true,"href":"https:\/\/neocatechumenaleiter.org\/pt-br\/wp-json\/wp\/v2\/users\/2"}],"replies":[{"embeddable":true,"href":"https:\/\/neocatechumenaleiter.org\/pt-br\/wp-json\/wp\/v2\/comments?post=6314"}],"version-history":[{"count":8,"href":"https:\/\/neocatechumenaleiter.org\/pt-br\/wp-json\/wp\/v2\/pages\/6314\/revisions"}],"predecessor-version":[{"id":15949,"href":"https:\/\/neocatechumenaleiter.org\/pt-br\/wp-json\/wp\/v2\/pages\/6314\/revisions\/15949"}],"up":[{"embeddable":true,"href":"https:\/\/neocatechumenaleiter.org\/pt-br\/wp-json\/wp\/v2\/pages\/4357"}],"wp:attachment":[{"href":"https:\/\/neocatechumenaleiter.org\/pt-br\/wp-json\/wp\/v2\/media?parent=6314"}],"curies":[{"name":"wp","href":"https:\/\/api.w.org\/{rel}","templated":true}]}}