{"id":6449,"date":"2020-04-03T02:29:10","date_gmt":"2020-04-03T01:29:10","guid":{"rendered":"https:\/\/neocatechumenaleiter.org\/palavras-dos-papas\/sao-joao-paulo-ii\/visita-a-paroquia-de-sao-basilio-10-3-1979\/"},"modified":"2020-04-17T19:58:46","modified_gmt":"2020-04-17T18:58:46","slug":"visita-a-paroquia-de-sao-basilio-10-3-1979","status":"publish","type":"page","link":"https:\/\/neocatechumenaleiter.org\/pt-br\/palavras-dos-papas\/sao-joao-paulo-ii\/visita-a-paroquia-de-sao-basilio-10-3-1979\/","title":{"rendered":"Visita \u00e0 par\u00f3quia de S\u00e3o Bas\u00edlio 10\/3\/1979"},"content":{"rendered":"\n<h1 class=\"has-text-align-center wp-block-heading\">Visita \u00e0 par\u00f3quia de S\u00e3o Bas\u00edlio 10\/3\/1979<\/h1>\n\n<div style=\"height:20px\" aria-hidden=\"true\" class=\"wp-block-spacer\"><\/div>\n\n<h4 class=\"has-text-align-center wp-block-heading\">S\u00e3o Jo\u00e3o Paulo II<\/h4>\n\n<div style=\"height:20px\" aria-hidden=\"true\" class=\"wp-block-spacer\"><\/div>\n\n<p><strong>Roma, 10 de mar\u00e7o de 1979<\/strong><\/p>\n\n<p>Apresenta\u00e7\u00e3o do p\u00e1roco Pe. Carmelo:&#013;\n\u00abSanto Padre, aqui se encontram reunidas quatro Comunidades Neocatecumenais.&#013;\nAs comunidades est\u00e3o fundamentadas sobre um trip\u00e9: a escuta da Palavra de Deus, que se faz \u00e0s quartas-feiras, e a celebra\u00e7\u00e3o eucar\u00edstica, aos s\u00e1bados. A celebra\u00e7\u00e3o da Palavra \u00e9 preparada em grupos. Depois se fundamenta sobre o segundo pilar, que \u00e9 a Eucaristia, precedida de uma catequese profunda sobre o mist\u00e9rio eucar\u00edstico. O terceiro pilar \u00e9 a vida comunit\u00e1ria, nas conviv\u00eancias; chegar a viver na comunidade uma vida comunit\u00e1ria, n\u00e3o apenas comum. Destas quatro comunidades, a primeira nasceu h\u00e1 quatro anos; e depois, ano ap\u00f3s ano, nasceram as demais. Aqui est\u00e1 presente o catequista que veio na primeira vez, Gioacchino\u00bb.<\/p>\n\n<p>Gioacchino dirigindo-se ao Santo Padre disse:&#013;\n\u00abSanto Padre, todos n\u00f3s aqui reunidos estamos contentes de ter o senhor em nosso meio, de acolh\u00ea-lo em &#8216;Nome do Senhor&#8217;, como &#8216;aquele que vem em Nome do Senhor&#8217;. Queremos expressar, eu, em nome de todos estes irm\u00e3os, a grande alegria de poder descobrir, no Caminho Neocatecumenal, a Igreja como nossa M\u00e3e, que nos est\u00e1 levando pouco a pouco a redescobrir nosso Batismo. Sentimos uma gratid\u00e3o imensa ao Senhor e \u00e0 Igreja, porque este Caminho est\u00e1 nos ajudando muit\u00edssimo a sentir o Senhor Jesus Cristo vivo e presente em nossa vida e a criar a comunh\u00e3o fraterna. Agradecemos \u00e0 Igreja \u2013 e o senhor no meio de n\u00f3s a faz particularmente presente e viva \u2013 que nos est\u00e1 proporcionando este grande dom de redescobrir nosso Batismo. Agora, como o senhor nos convida a fazer sempre, cantamos&#8230;<\/p>\n\n<p><strong>&#8220;Por isso cantamos: A morte \u00e9 absorvida pela vit\u00f3ria!&#8221;<\/strong><\/p>\n\n<p>Estas s\u00e3o as palavras que pronunciou espontaneamente o Papa:<\/p>\n\n<div class=\"wp-block-image is-style-default\"><figure class=\"alignleft size-large\"><img loading=\"lazy\" decoding=\"async\" width=\"400\" height=\"321\" src=\"https:\/\/neocatechumenaleiter.org\/wp-content\/uploads\/2020\/03\/Camino_Neocatecumenal_Juan_Pablo_II_visita_parroquia_San_Basilio_1979.jpg\" alt=\"\" class=\"wp-image-1280\" srcset=\"https:\/\/neocatechumenaleiter.org\/wp-content\/uploads\/2020\/03\/Camino_Neocatecumenal_Juan_Pablo_II_visita_parroquia_San_Basilio_1979.jpg 400w, https:\/\/neocatechumenaleiter.org\/wp-content\/uploads\/2020\/03\/Camino_Neocatecumenal_Juan_Pablo_II_visita_parroquia_San_Basilio_1979-300x241.jpg 300w\" sizes=\"auto, (max-width: 400px) 100vw, 400px\" \/><\/figure><\/div>\n\n<p>\u00abDe todas as palavras que voc\u00ea disse, a mais importante \u00e9 &#8216;redescobrir&#8217;. Muitos pensam que sabem tudo sobre a Igreja, Cristo, o Evangelho, Deus&#8230; Sabem tudo, e n\u00e3o t\u00eam nada a descobrir. Na escola ensinaram-nos, ent\u00e3o basta a escola; depois nos esquecemos, mas sabemos tudo. Por\u00e9m, tudo est\u00e1 por ser descoberto, tudo est\u00e1 para se redescobrir. Somente a f\u00e9 que sabe se descobrir a si mesma, seu conte\u00fado, sua atitude fundamental, \u00e9 a f\u00e9 din\u00e2mica. Para a Igreja e para o povo de Deus \u00e9 preciso uma f\u00e9 din\u00e2mica que busca descobrir, que sabe se encontrar a si mesma.<\/p>\n\n<p>Desejo-vos que sigais adiante no caminho que haveis come\u00e7ado, que descubrais, cada vez mais, o mist\u00e9rio da Igreja, o mist\u00e9rio de Cristo, o mist\u00e9rio de Deus. Este descobrimento nos conduz at\u00e9 n\u00f3s mesmos: j\u00e1 que o mist\u00e9rio de Cristo, o mist\u00e9rio da Igreja finalmente nos explica a n\u00f3s mesmos. N\u00e3o posso viver sem a Igreja, sem compreender o que sou, sem compreender a mim mesmo. H\u00e1 um esfor\u00e7o muito feliz, muito positivo e desejo que persevereis\u00bb.<\/p>\n","protected":false},"excerpt":{"rendered":"<p>Visita \u00e0 par\u00f3quia de S\u00e3o Bas\u00edlio 10\/3\/1979 S\u00e3o Jo\u00e3o Paulo II Roma, 10 de mar\u00e7o de 1979 Apresenta\u00e7\u00e3o do p\u00e1roco Pe. Carmelo:&#013; \u00abSanto Padre, aqui se encontram reunidas quatro Comunidades Neocatecumenais.&#013; As comunidades est\u00e3o fundamentadas sobre um trip\u00e9: a escuta da Palavra de Deus, que se faz \u00e0s quartas-feiras, e a celebra\u00e7\u00e3o eucar\u00edstica, aos s\u00e1bados. A celebra\u00e7\u00e3o da Palavra \u00e9 preparada em grupos. Depois se fundamenta sobre o segundo pilar,<\/p>\n<div class=\"read-more\"><a class=\"btn read-more-btn\" href=\"https:\/\/neocatechumenaleiter.org\/pt-br\/palavras-dos-papas\/sao-joao-paulo-ii\/visita-a-paroquia-de-sao-basilio-10-3-1979\/\">Ler mais<\/a><\/div>\n","protected":false},"author":2,"featured_media":0,"parent":4247,"menu_order":0,"comment_status":"closed","ping_status":"closed","template":"","meta":{"footnotes":""},"class_list":["post-6449","page","type-page","status-publish","hentry"],"_links":{"self":[{"href":"https:\/\/neocatechumenaleiter.org\/pt-br\/wp-json\/wp\/v2\/pages\/6449","targetHints":{"allow":["GET"]}}],"collection":[{"href":"https:\/\/neocatechumenaleiter.org\/pt-br\/wp-json\/wp\/v2\/pages"}],"about":[{"href":"https:\/\/neocatechumenaleiter.org\/pt-br\/wp-json\/wp\/v2\/types\/page"}],"author":[{"embeddable":true,"href":"https:\/\/neocatechumenaleiter.org\/pt-br\/wp-json\/wp\/v2\/users\/2"}],"replies":[{"embeddable":true,"href":"https:\/\/neocatechumenaleiter.org\/pt-br\/wp-json\/wp\/v2\/comments?post=6449"}],"version-history":[{"count":9,"href":"https:\/\/neocatechumenaleiter.org\/pt-br\/wp-json\/wp\/v2\/pages\/6449\/revisions"}],"predecessor-version":[{"id":7497,"href":"https:\/\/neocatechumenaleiter.org\/pt-br\/wp-json\/wp\/v2\/pages\/6449\/revisions\/7497"}],"up":[{"embeddable":true,"href":"https:\/\/neocatechumenaleiter.org\/pt-br\/wp-json\/wp\/v2\/pages\/4247"}],"wp:attachment":[{"href":"https:\/\/neocatechumenaleiter.org\/pt-br\/wp-json\/wp\/v2\/media?parent=6449"}],"curies":[{"name":"wp","href":"https:\/\/api.w.org\/{rel}","templated":true}]}}