{"id":6451,"date":"2020-04-03T02:38:52","date_gmt":"2020-04-03T01:38:52","guid":{"rendered":"https:\/\/neocatechumenaleiter.org\/palavras-dos-papas\/sao-joao-paulo-ii\/visita-a-paroquia-de-santo-antonio-da-piazza-asti-6-5-1979\/"},"modified":"2020-06-08T18:17:06","modified_gmt":"2020-06-08T17:17:06","slug":"visita-a-paroquia-de-santo-antonio-da-piazza-asti-6-5-1979","status":"publish","type":"page","link":"https:\/\/neocatechumenaleiter.org\/pt-br\/palavras-dos-papas\/sao-joao-paulo-ii\/visita-a-paroquia-de-santo-antonio-da-piazza-asti-6-5-1979\/","title":{"rendered":"Visita \u00e0 par\u00f3quia de Santo Ant\u00f4nio da Piazza Asti 6-5-1979"},"content":{"rendered":"\n<h1 class=\"has-text-align-center wp-block-heading\">Visita \u00e0 par\u00f3quia de Santo Ant\u00f4nio da Piazza Asti 6\/5\/1979<\/h1>\n\n<div style=\"height:20px\" aria-hidden=\"true\" class=\"wp-block-spacer\"><\/div>\n\n<h4 class=\"has-text-align-center wp-block-heading\">S\u00e3o Jo\u00e3o Paulo II<\/h4>\n\n<div style=\"height:20px\" aria-hidden=\"true\" class=\"wp-block-spacer\"><\/div>\n\n<p><strong>Roma, 6 de maio de 1979 *<\/strong><\/p>\n\n<p>No domingo 6 de maio de 1979, na jornada dedicada \u00e0s voca\u00e7\u00f5es, o papa Jo\u00e3o Paulo II visitou a Par\u00f3quia de Santo Antonio da Piazza Asti (em Tuscolano), onde, depois de ter celebrado a Santa Missa, \u00e0s 17h30, teve um encontro separadamente com os distintos grupos da par\u00f3quia e com as duas Comunidades Neocatecumenais que est\u00e3o caminhando h\u00e1 dois anos e meio e h\u00e1 seis meses, respectivamente, com seus catequistas, provenientes da segunda comunidade de Santa Francesca Cabrini, de Roma.&#13;\n&#13;\nO Papa, acompanhado pelo cardeal Poletti e pelo bispo da regi\u00e3o, Dom Salimei, foi acolhido com o canto: &#8220;Jerusal\u00e9m, Jerusal\u00e9m, Jerusal\u00e9m reconstru\u00edda&#8221; (do c\u00e2ntico de Tobias); enquanto os irm\u00e3os cantavam, Jo\u00e3o Paulo II foi cumprimentando os grupos e dirigiu uma palavra a cada um, detendo-se ao final para cantar o Aleluia junto com os cantores.&#13;\n&#13;\nTerminado o canto, o p\u00e1roco apresentou o Caminho ao Papa:<\/p>\n\n<p>\u00abSantidade, s\u00e3o duas comunidades que se chamam Neocatecumenais e com este nome querem expressar o caminho de convers\u00e3o que come\u00e7aram para redescobrir a f\u00e9 que receberam no Batismo: f\u00e9 que pode ter ficado no estado de embri\u00e3o e que, por meio deste caminho de f\u00e9, com a escuta da Palavra de Deus, deve incubar-se e crescer, tornando-se adulta.&#13;\n&#13;\n\u00c9 uma via, digamos assim, para chamar os afastados, os pecadores que nunca ouviram falar de convers\u00e3o, e depois alcan\u00e7ar o testemunho de amor a Deus e ao pr\u00f3ximo. Isso \u00e9 tudo\u00bb.<\/p>\n\n<p>O Papa disse em seguida:<\/p>\n\n<p>\u00abTudo isso explicais com a vossa comunidade, com a vossa comunh\u00e3o fraterna e com a vossa alegria, tamb\u00e9m com o vosso canto e, certamente, com a ora\u00e7\u00e3o; porque quando se descobre a verdadeira realidade do Batismo, da Gra\u00e7a de Deus, da nossa filia\u00e7\u00e3o divina, quando se descobre tudo isso, ent\u00e3o se entra na alegria profunda e tamb\u00e9m comunicativa, quer dizer que se procura comunicar esta descoberta e esta alegria aos demais.&#13;\n&#13;\nPenso, na verdade, que aquele que era o Esp\u00edrito dos grupos de catec\u00famenos da Igreja primitiva \u00e9 tamb\u00e9m o Esp\u00edrito dos grupos Neocatecumenais na Igreja contempor\u00e2nea.<\/p>\n\n<p>Desejo-vos que continueis assim e que rezeis alguma vez pelo Papa\u00bb.<\/p>\n\n<p><em>(*) Cfr. \u00abL\u2019Osservatore Romano\u00bb, 7-8 maio 1979.<\/em><\/p>\n","protected":false},"excerpt":{"rendered":"<p>Visita \u00e0 par\u00f3quia de Santo Ant\u00f4nio da Piazza Asti 6\/5\/1979 S\u00e3o Jo\u00e3o Paulo II Roma, 6 de maio de 1979 * No domingo 6 de maio de 1979, na jornada dedicada \u00e0s voca\u00e7\u00f5es, o papa Jo\u00e3o Paulo II visitou a Par\u00f3quia de Santo Antonio da Piazza Asti (em Tuscolano), onde, depois de ter celebrado a Santa Missa, \u00e0s 17h30, teve um encontro separadamente com os distintos grupos da par\u00f3quia e<\/p>\n<div class=\"read-more\"><a class=\"btn read-more-btn\" href=\"https:\/\/neocatechumenaleiter.org\/pt-br\/palavras-dos-papas\/sao-joao-paulo-ii\/visita-a-paroquia-de-santo-antonio-da-piazza-asti-6-5-1979\/\">Ler mais<\/a><\/div>\n","protected":false},"author":2,"featured_media":0,"parent":4247,"menu_order":1,"comment_status":"closed","ping_status":"closed","template":"","meta":{"footnotes":""},"class_list":["post-6451","page","type-page","status-publish","hentry"],"_links":{"self":[{"href":"https:\/\/neocatechumenaleiter.org\/pt-br\/wp-json\/wp\/v2\/pages\/6451","targetHints":{"allow":["GET"]}}],"collection":[{"href":"https:\/\/neocatechumenaleiter.org\/pt-br\/wp-json\/wp\/v2\/pages"}],"about":[{"href":"https:\/\/neocatechumenaleiter.org\/pt-br\/wp-json\/wp\/v2\/types\/page"}],"author":[{"embeddable":true,"href":"https:\/\/neocatechumenaleiter.org\/pt-br\/wp-json\/wp\/v2\/users\/2"}],"replies":[{"embeddable":true,"href":"https:\/\/neocatechumenaleiter.org\/pt-br\/wp-json\/wp\/v2\/comments?post=6451"}],"version-history":[{"count":8,"href":"https:\/\/neocatechumenaleiter.org\/pt-br\/wp-json\/wp\/v2\/pages\/6451\/revisions"}],"predecessor-version":[{"id":14147,"href":"https:\/\/neocatechumenaleiter.org\/pt-br\/wp-json\/wp\/v2\/pages\/6451\/revisions\/14147"}],"up":[{"embeddable":true,"href":"https:\/\/neocatechumenaleiter.org\/pt-br\/wp-json\/wp\/v2\/pages\/4247"}],"wp:attachment":[{"href":"https:\/\/neocatechumenaleiter.org\/pt-br\/wp-json\/wp\/v2\/media?parent=6451"}],"curies":[{"name":"wp","href":"https:\/\/api.w.org\/{rel}","templated":true}]}}