{"id":6457,"date":"2020-04-03T02:47:31","date_gmt":"2020-04-03T01:47:31","guid":{"rendered":"https:\/\/neocatechumenaleiter.org\/palavras-dos-papas\/sao-joao-paulo-ii\/saudacao-aos-itinerantes-audiencia-geral-26-9-1979\/"},"modified":"2020-04-23T21:37:13","modified_gmt":"2020-04-23T20:37:13","slug":"saudacao-aos-itinerantes-audiencia-geral-26-9-1979","status":"publish","type":"page","link":"https:\/\/neocatechumenaleiter.org\/pt-br\/palavras-dos-papas\/sao-joao-paulo-ii\/saudacao-aos-itinerantes-audiencia-geral-26-9-1979\/","title":{"rendered":"Sauda\u00e7\u00e3o aos itinerantes: Audi\u00eancia geral 26\/9\/1979"},"content":{"rendered":"\n<h1 class=\"has-text-align-center wp-block-heading\">Sauda\u00e7\u00e3o aos itinerantes: Audi\u00eancia geral 26\/9\/1979<\/h1>\n\n<div style=\"height:20px\" aria-hidden=\"true\" class=\"wp-block-spacer\"><\/div>\n\n<h4 class=\"has-text-align-center wp-block-heading\">S\u00e3o Jo\u00e3o Paulo II<\/h4>\n\n<div style=\"height:20px\" aria-hidden=\"true\" class=\"wp-block-spacer\"><\/div>\n\n<div class=\"wp-block-image is-style-default\"><figure class=\"alignright size-large\"><img loading=\"lazy\" decoding=\"async\" width=\"400\" height=\"295\" src=\"https:\/\/neocatechumenaleiter.org\/wp-content\/uploads\/2020\/03\/Camino_Neocatecumenal_Juan_Pablo_II_visita_audiencia_general_1979.jpg\" alt=\"\" class=\"wp-image-1293\" srcset=\"https:\/\/neocatechumenaleiter.org\/wp-content\/uploads\/2020\/03\/Camino_Neocatecumenal_Juan_Pablo_II_visita_audiencia_general_1979.jpg 400w, https:\/\/neocatechumenaleiter.org\/wp-content\/uploads\/2020\/03\/Camino_Neocatecumenal_Juan_Pablo_II_visita_audiencia_general_1979-300x221.jpg 300w\" sizes=\"auto, (max-width: 400px) 100vw, 400px\" \/><\/figure><\/div>\n\n<p><strong>Na Audi\u00eancia geral. Roma, 26 de setembro de 1979 (*)\u00a0<\/strong><\/p>\n\n<p>Aos sacerdotes e leigos itinerantes das Comunidades Neocatecumenais, Jo\u00e3o Paulo II disse:<\/p>\n\n<p>\u00ab&#8230;Participa nesta audi\u00eancia um numeroso grupo de itinerantes pertencentes ao movimento Neocatecumenal, que se prop\u00f5e a&#013;\najudar os crist\u00e3os a redescobrir a realidade do Batismo e a viver, com alegria, a sua riqueza libertadora. Possa o vosso testemunho, prestado em plena sintonia com os leg\u00edtimos pastores, suscitar em muitos irm\u00e3os o desejo e o empenho de uma vida mais coerente com as exig\u00eancias do Batismo e de sua inesgot\u00e1vel riqueza.&#013;\nQue vos acompanhe a minha B\u00ean\u00e7\u00e3o Apost\u00f3lica.\u00bb<\/p>\n","protected":false},"excerpt":{"rendered":"<p>Sauda\u00e7\u00e3o aos itinerantes: Audi\u00eancia geral 26\/9\/1979 S\u00e3o Jo\u00e3o Paulo II Na Audi\u00eancia geral. Roma, 26 de setembro de 1979 (*)\u00a0 Aos sacerdotes e leigos itinerantes das Comunidades Neocatecumenais, Jo\u00e3o Paulo II disse: \u00ab&#8230;Participa nesta audi\u00eancia um numeroso grupo de itinerantes pertencentes ao movimento Neocatecumenal, que se prop\u00f5e a&#013; ajudar os crist\u00e3os a redescobrir a realidade do Batismo e a viver, com alegria, a sua riqueza libertadora. Possa o vosso testemunho,<\/p>\n<div class=\"read-more\"><a class=\"btn read-more-btn\" href=\"https:\/\/neocatechumenaleiter.org\/pt-br\/palavras-dos-papas\/sao-joao-paulo-ii\/saudacao-aos-itinerantes-audiencia-geral-26-9-1979\/\">Ler mais<\/a><\/div>\n","protected":false},"author":2,"featured_media":0,"parent":4247,"menu_order":2,"comment_status":"closed","ping_status":"closed","template":"","meta":{"footnotes":""},"class_list":["post-6457","page","type-page","status-publish","hentry"],"_links":{"self":[{"href":"https:\/\/neocatechumenaleiter.org\/pt-br\/wp-json\/wp\/v2\/pages\/6457","targetHints":{"allow":["GET"]}}],"collection":[{"href":"https:\/\/neocatechumenaleiter.org\/pt-br\/wp-json\/wp\/v2\/pages"}],"about":[{"href":"https:\/\/neocatechumenaleiter.org\/pt-br\/wp-json\/wp\/v2\/types\/page"}],"author":[{"embeddable":true,"href":"https:\/\/neocatechumenaleiter.org\/pt-br\/wp-json\/wp\/v2\/users\/2"}],"replies":[{"embeddable":true,"href":"https:\/\/neocatechumenaleiter.org\/pt-br\/wp-json\/wp\/v2\/comments?post=6457"}],"version-history":[{"count":5,"href":"https:\/\/neocatechumenaleiter.org\/pt-br\/wp-json\/wp\/v2\/pages\/6457\/revisions"}],"predecessor-version":[{"id":8278,"href":"https:\/\/neocatechumenaleiter.org\/pt-br\/wp-json\/wp\/v2\/pages\/6457\/revisions\/8278"}],"up":[{"embeddable":true,"href":"https:\/\/neocatechumenaleiter.org\/pt-br\/wp-json\/wp\/v2\/pages\/4247"}],"wp:attachment":[{"href":"https:\/\/neocatechumenaleiter.org\/pt-br\/wp-json\/wp\/v2\/media?parent=6457"}],"curies":[{"name":"wp","href":"https:\/\/api.w.org\/{rel}","templated":true}]}}