{"id":6459,"date":"2020-03-01T02:52:20","date_gmt":"2020-03-01T01:52:20","guid":{"rendered":"https:\/\/neocatechumenaleiter.org\/palavras-dos-papas\/sao-joao-paulo-ii\/visita-a-paroquia-de-sao-lucas-evangelista-4-11-1979\/"},"modified":"2021-08-10T11:00:29","modified_gmt":"2021-08-10T10:00:29","slug":"visita-a-paroquia-de-sao-lucas-evangelista-4-11-1979","status":"publish","type":"page","link":"https:\/\/neocatechumenaleiter.org\/pt-br\/palavras-dos-papas\/sao-joao-paulo-ii\/visita-a-paroquia-de-sao-lucas-evangelista-4-11-1979\/","title":{"rendered":"Visita \u00e0 par\u00f3quia de S\u00e3o Lucas Evangelista 4\/11\/1979"},"content":{"rendered":"\n<h1 class=\"has-text-align-center wp-block-heading\">Visita \u00e0 par\u00f3quia de S\u00e3o Lucas Evangelista 4\/11\/1979<\/h1>\n\n<div style=\"height:20px\" aria-hidden=\"true\" class=\"wp-block-spacer\"><\/div>\n\n<h4 class=\"has-text-align-center wp-block-heading\">S\u00e3o Jo\u00e3o Paulo II<\/h4>\n\n<div style=\"height:20px\" aria-hidden=\"true\" class=\"wp-block-spacer\"><\/div>\n\n<p><strong>Roma, 4 de novembro de 1979 *<\/strong><\/p>\n\n<p><em>Particularmente significativo foi o encontro com as cinco comunidades neocatecumenais que come\u00e7aram suas atividades na par\u00f3quia h\u00e1 sete anos, em 1972.<\/em><br\/><em>O Santo Padre quis manter um col\u00f3quio com os respons\u00e1veis destas comunidades que o receberam com palavras de sauda\u00e7\u00e3o e apresenta\u00e7\u00e3o; entre outros, o catequista Franco disse:<\/em><\/p>\n\n<p>\u00abN\u00f3s tamb\u00e9m gostar\u00edamos de acrescentar algo como catequistas desta par\u00f3quia. Santo Padre, alegrou-nos e admirou-nos ler \u2500 embora ainda n\u00e3o tenhamos conseguido aprofundar \u2500  o maravilhoso documento &#8220;Catechesi Tradendae&#8221;. Para n\u00f3s \u00e9 realmente uma alegria ver como, ao mesmo tempo em que o magist\u00e9rio da Igreja emite estes documentos, j\u00e1 existe uma realidade. Neste documento, o senhor diz que \u00e9 necess\u00e1rio um crescimento na f\u00e9 para que haja pessoas que possam acolher, sobretudo, os afastados da Igreja, os dispersos. Eis que aqui, pela gra\u00e7a do Senhor, temos uma realidade que est\u00e1 crescendo. E por isso estamos content\u00edssimos; e tamb\u00e9m por estas visitas que o senhor nos faz. N\u00f3s gostamos muito dos itinerantes. O senhor, Santo Padre, verdadeiramente \u00e9 um Papa itinerante que leva o &#8220;Kerigma&#8221;, este an\u00fancio de Jesus Cristo ressuscitado da morte, que nos resgatou da nossa pr\u00f3pria morte\u00bb.<\/p>\n\n<p>O Santo Padre, ent\u00e3o, pronunciou o seguinte discurso:<\/p>\n\n<p>\u00abTodos falaram muito, muito bem. Vosso sacerdote assistente, que usa a barba, Pe. Giancarlo, e tamb\u00e9m Franco (Franco \u00e9 um de v\u00f3s, me parece, vosso porta-voz), ele nos explicou exatamente o esp\u00edrito, a atmosfera, tudo o que constitui o vosso grupo; porque grupo n\u00e3o \u00e9 somente um n\u00famero, \u00e9 um esp\u00edrito. O grupo, ou melhor, a comunidade, se constitui sempre de dentro, interiormente, porque \u00e9 interiormente onde o Esp\u00edrito Santo toca; toca aquilo que cada um de n\u00f3s \u00e9, a sua intimidade pessoal, a sua intimidade espiritual, mas n\u00e3o nos toca a nenhum de n\u00f3s separadamente, individualmente, porque nos criou para ser comunidade, para viver na comunh\u00e3o; toca a cada um para nos reconstruir na comunh\u00e3o, e assim se explicam tamb\u00e9m todas estas comunidades na comunh\u00e3o crist\u00e3, como a vossa, como todas as vossas, porque sois cinco comunidades.<\/p>\n\n<p>Penso que existe uma regra, uma regra simples: para dar \u00e9 necess\u00e1rio ter algo. \u00c9 necess\u00e1rio dar alguma coisa n\u00e3o no sentido material, certamente, mas no sentido espiritual. Para dar \u00e9 preciso ter algo dentro que seja imaterial, espiritual. E esse &#8220;algo&#8221;, que \u00e9 invis\u00edvel, deve ser descoberto.<\/p>\n\n<div class=\"wp-block-image is-style-default\"><figure class=\"alignright size-large\"><img loading=\"lazy\" decoding=\"async\" width=\"400\" height=\"322\" src=\"https:\/\/neocatechumenaleiter.org\/wp-content\/uploads\/2020\/03\/Camino_Neocatecumenal_Juan_Pablo_II_visita_parroquia_Luca_Evangelista_1979.jpg\" alt=\"\" class=\"wp-image-1303\" srcset=\"https:\/\/neocatechumenaleiter.org\/wp-content\/uploads\/2020\/03\/Camino_Neocatecumenal_Juan_Pablo_II_visita_parroquia_Luca_Evangelista_1979.jpg 400w, https:\/\/neocatechumenaleiter.org\/wp-content\/uploads\/2020\/03\/Camino_Neocatecumenal_Juan_Pablo_II_visita_parroquia_Luca_Evangelista_1979-300x242.jpg 300w\" sizes=\"auto, (max-width: 400px) 100vw, 400px\" \/><\/figure><\/div>\n\n<p>Ent\u00e3o, acredito que esta \u00e9 a regra do vosso movimento Neocatecumenal: trata-se de descobrir, de redescobrir aquilo que est\u00e1 dentro. Muitos s\u00e3o os crist\u00e3os batizados, mas estes talvez ainda n\u00e3o tenham descoberto o seu Batismo, ou quase tenham esquecido o seu Batismo. Foram batizados, o seu Batismo est\u00e1 nas atas, encontra-se nos registros, est\u00e1 registrado na par\u00f3quia, est\u00e1 registrado tamb\u00e9m em seus cora\u00e7\u00f5es, mas este registro interior se encontra quase morto, adormecido. E deve ser descoberto!&#13;\nQuando se descobre que tem, depois h\u00e1 que d\u00e1-lo. Quando descoberto, n\u00e3o se pode deixar de dar, porque isso \u00e9 o que nos impulsiona a d\u00e1-lo. Assim nasceram todos os ap\u00f3stolos. Todos os ap\u00f3stolos nasceram assim. Acredito que se agora surgem catequistas itinerantes, se o Papa igualmente se fez itinerante, isto tamb\u00e9m \u00e9 um fruto que ele descobriu. Se uma vez foi descoberta aquela riqueza, aquele mist\u00e9rio, aquele mist\u00e9rio de Cristo, aquele mist\u00e9rio que constitui nossa identidade pessoal, espiritual, crist\u00e3, n\u00e3o se pode deixar de querer d\u00e1-lo aos outros.<\/p>\n\n<p>Estou muito contente com este encontro, eu vos animo a continuar. Continuar quer dizer seguir o Esp\u00edrito Santo e seguir tamb\u00e9m a vossa voca\u00e7\u00e3o, porque descobrindo o mist\u00e9rio de Cristo vivente em n\u00f3s, descobre-se tamb\u00e9m a nossa voca\u00e7\u00e3o. E agora dou a todos a minha b\u00ean\u00e7\u00e3o.\u00bb<\/p>\n\n<p><em>(*) Cfr. \u00abL\u2019Osservatore Romano\u00bb, 5-6 novembro 1979.<\/em><\/p>\n","protected":false},"excerpt":{"rendered":"<p>Visita \u00e0 par\u00f3quia de S\u00e3o Lucas Evangelista 4\/11\/1979 S\u00e3o Jo\u00e3o Paulo II Roma, 4 de novembro de 1979 * Particularmente significativo foi o encontro com as cinco comunidades neocatecumenais que come\u00e7aram suas atividades na par\u00f3quia h\u00e1 sete anos, em 1972.O Santo Padre quis manter um col\u00f3quio com os respons\u00e1veis destas comunidades que o receberam com palavras de sauda\u00e7\u00e3o e apresenta\u00e7\u00e3o; entre outros, o catequista Franco disse: \u00abN\u00f3s tamb\u00e9m gostar\u00edamos de<\/p>\n<div class=\"read-more\"><a class=\"btn read-more-btn\" href=\"https:\/\/neocatechumenaleiter.org\/pt-br\/palavras-dos-papas\/sao-joao-paulo-ii\/visita-a-paroquia-de-sao-lucas-evangelista-4-11-1979\/\">Ler mais<\/a><\/div>\n","protected":false},"author":2,"featured_media":0,"parent":4247,"menu_order":3,"comment_status":"closed","ping_status":"closed","template":"","meta":{"footnotes":""},"class_list":["post-6459","page","type-page","status-publish","hentry"],"_links":{"self":[{"href":"https:\/\/neocatechumenaleiter.org\/pt-br\/wp-json\/wp\/v2\/pages\/6459","targetHints":{"allow":["GET"]}}],"collection":[{"href":"https:\/\/neocatechumenaleiter.org\/pt-br\/wp-json\/wp\/v2\/pages"}],"about":[{"href":"https:\/\/neocatechumenaleiter.org\/pt-br\/wp-json\/wp\/v2\/types\/page"}],"author":[{"embeddable":true,"href":"https:\/\/neocatechumenaleiter.org\/pt-br\/wp-json\/wp\/v2\/users\/2"}],"replies":[{"embeddable":true,"href":"https:\/\/neocatechumenaleiter.org\/pt-br\/wp-json\/wp\/v2\/comments?post=6459"}],"version-history":[{"count":6,"href":"https:\/\/neocatechumenaleiter.org\/pt-br\/wp-json\/wp\/v2\/pages\/6459\/revisions"}],"predecessor-version":[{"id":14643,"href":"https:\/\/neocatechumenaleiter.org\/pt-br\/wp-json\/wp\/v2\/pages\/6459\/revisions\/14643"}],"up":[{"embeddable":true,"href":"https:\/\/neocatechumenaleiter.org\/pt-br\/wp-json\/wp\/v2\/pages\/4247"}],"wp:attachment":[{"href":"https:\/\/neocatechumenaleiter.org\/pt-br\/wp-json\/wp\/v2\/media?parent=6459"}],"curies":[{"name":"wp","href":"https:\/\/api.w.org\/{rel}","templated":true}]}}