{"id":6519,"date":"2020-03-02T03:25:54","date_gmt":"2020-03-02T02:25:54","guid":{"rendered":"https:\/\/neocatechumenaleiter.org\/palavras-dos-papas\/sao-joao-paulo-ii\/visita-a-paroquia-de-nossa-senhora-de-coromoto-13-3-1981\/"},"modified":"2021-08-10T11:01:09","modified_gmt":"2021-08-10T10:01:09","slug":"visita-a-paroquia-de-nossa-senhora-de-coromoto-13-3-1981","status":"publish","type":"page","link":"https:\/\/neocatechumenaleiter.org\/pt-br\/palavras-dos-papas\/sao-joao-paulo-ii\/visita-a-paroquia-de-nossa-senhora-de-coromoto-13-3-1981\/","title":{"rendered":"Visita \u00e0 par\u00f3quia de Nossa Senhora de Coromoto 13\/3\/1981"},"content":{"rendered":"\n<h1 class=\"has-text-align-center wp-block-heading\">Visita \u00e0 par\u00f3quia de Nossa Senhora de Coromoto 13\/3\/1981<\/h1>\n\n<div style=\"height:20px\" aria-hidden=\"true\" class=\"wp-block-spacer\"><\/div>\n\n<h4 class=\"has-text-align-center wp-block-heading\">S\u00e3o Jo\u00e3o Paulo II<\/h4>\n\n<div style=\"height:20px\" aria-hidden=\"true\" class=\"wp-block-spacer\"><\/div>\n\n<p><strong>Roma, 15 de mar\u00e7o de 1981 *<\/strong><\/p>\n\n<p>Detendo-se brevemente com os membros da associa\u00e7\u00e3o de bochistas, constitu\u00edda recentemente para ajudar, principalmente, os anci\u00e3os da regi\u00e3o, Jo\u00e3o Paulo II chegou de novo \u00e0 igreja onde o p\u00e1roco lhe apresentou as comunidades neocatecumenais que, desde h\u00e1 alguns anos, est\u00e3o inseridas na vida da par\u00f3quia.<\/p>\n\n<div class=\"wp-block-image\"><figure class=\"alignleft size-large\"><img loading=\"lazy\" decoding=\"async\" width=\"694\" height=\"558\" src=\"https:\/\/neocatechumenaleiter.org\/wp-content\/uploads\/2020\/03\/Camino_Neocatecumenal_Juan_Pablo_II_visita_parroquia_Coromoto_1981.jpg\" alt=\"\" class=\"wp-image-1518\" srcset=\"https:\/\/neocatechumenaleiter.org\/wp-content\/uploads\/2020\/03\/Camino_Neocatecumenal_Juan_Pablo_II_visita_parroquia_Coromoto_1981.jpg 694w, https:\/\/neocatechumenaleiter.org\/wp-content\/uploads\/2020\/03\/Camino_Neocatecumenal_Juan_Pablo_II_visita_parroquia_Coromoto_1981-300x241.jpg 300w\" sizes=\"auto, (max-width: 694px) 100vw, 694px\" \/><\/figure><\/div>\n\n<p>&#8220;Este \u00e9 o grupo dos irm\u00e3os do Caminho Neocatecumenal \u2013  disse monsenhor Gulizia. Juntamente com eles est\u00e1 a equipe de catequistas provenientes da par\u00f3quia dos M\u00e1rtires Canadenses que, em janeiro de 1970, vieram \u00e0 nossa par\u00f3quia para iniciar a catequese para o Caminho Neocatecumenal. Passaram-se 11 anos, Santo Padre, e podemos dizer que depois de v\u00e1rios acontecimentos, sofrimentos e alegrias, este Caminho se concretiza, permanecendo firme o amadurecimento deles no caminho da f\u00e9, no servi\u00e7o tamb\u00e9m \u00e0s necessidades da par\u00f3quia. Est\u00e3o presentes os sacerdotes itinerantes e tamb\u00e9m um numeroso grupo de catequistas que preparam os jovens para a Confirma\u00e7\u00e3o, porque este setor, juntamente com aquele da prepara\u00e7\u00e3o para o Batismo e com o da catequese para os noivos, est\u00e1 confiado a estes irm\u00e3os. Santo Padre, esta \u00e9 a realidade da nossa comunidade paroquial, \u00e9 um dos sinais de comunh\u00e3o eclesial para construir o Reino de Deus em nossa par\u00f3quia.&#8221;<\/p>\n\n<p>A alegria e a gratid\u00e3o de poder encontrar mais uma vez o Papa que, j\u00e1 em outras visitas pastorais, teve a oportunidade de conhecer as comunidades neocatecumenais, foram expressas em nome de todos os presentes por Giampiero, catequista na par\u00f3quia de Nossa Senhora de Coromoto.<\/p>\n\n<p>&#8220;\u00c9 uma grande alegria para n\u00f3s \u2013  disse entre outras coisas \u2013  v\u00ea-lo aqui, especialmente depois da homilia que nos dirigiu hoje.  O senhor terminou-a com uma pergunta: &#8220;Onde est\u00e3o os colaboradores do bispo para a evangeliza\u00e7\u00e3o?&#8221; Ent\u00e3o, n\u00f3s estamos aqui para lhe dizer que estamos prontos para responder ao seu chamado. Em particular, queremos lhe apresentar a primeira comunidade que em breve come\u00e7ar\u00e1 a ir pelas casas de dois em dois para anunciar com simplicidade e humildade o Reino de Deus: Jesus Cristo a todos os habitantes do bairro.<\/p>\n\n<p>\u00c9 fundamental \u2013\u00a0disse ainda Giampiero \u2013 anunciar ao homem de hoje a Boa Not\u00edcia do Evangelho, o amor de Deus que se manifesta na Cruz de Jesus Cristo, mostrando-se como aquele que ama os pecadores. O mundo de hoje n\u00e3o cr\u00ea mais que \u00e9 Deus quem toma a iniciativa como em Abra\u00e3o. O homem de hoje n\u00e3o acredita mais, pensa que \u00e9 ele que d\u00e1 o primeiro passo.&#13;\n&#13;\nPortanto \u2013 disse o catequista, concluindo \u2013 \u00e9 necess\u00e1rio voltar a anunciar a este mundo o amor de Deus. Isso \u00e9 fundamental anunciar, caso contr\u00e1rio todo o Evangelho se perde se n\u00e3o se anuncia o amor aos pecadores. Mas como podemos anunciar isso? Como podemos ser testemunhas se n\u00e3o somos enviados? Como podemos ser enviados se n\u00e3o fizemos antes a experi\u00eancia de Jesus Cristo? Ent\u00e3o \u00e9 importante abrir no interior da par\u00f3quia um caminho em que cada um possa ser gestado progressivamente na f\u00e9 e em que sua f\u00e9 finalmente possa se tornar mission\u00e1ria, testemunho perante o mundo.&#8221;&#13;\n&#13;\n<em>Depois de Giampiero, outros dois catequistas contaram ao Papa as suas experi\u00eancias de pastoral junto com as fam\u00edlias, indicando as dificuldades que se interp\u00f5em ao an\u00fancio da mensagem crist\u00e3 nesta nova forma, mas demonstrando tamb\u00e9m o entusiasmo que os anima.<\/em>&#13;\n&#13;\n\u00a0<\/p>\n\n<p><em>O Santo Padre respondeu dizendo dentre outras coisas:<\/em><\/p>\n\n<p>&#8220;Desejo-vos que cres\u00e7ais nesta experi\u00eancia viva do vosso Batismo. Vossos testemunhos s\u00e3o sempre muito interessantes porque prov\u00eam de uma experi\u00eancia vivida, vivida interiormente, pessoalmente, de uma experi\u00eancia puramente religiosa, evang\u00e9lica. Quero aben\u00e7oar os vossos grupos e o vosso Caminho Neocatecumenal, que \u00e9 caminho vosso, mas tamb\u00e9m caminho ao encontro dos outros. Aben\u00e7oando a todos v\u00f3s aqui presentes, quero aben\u00e7oar tamb\u00e9m todos aqueles em cujas portas v\u00f3s ireis procurar acolhida; acolhida para a vossa palavra, para a vossa miss\u00e3o catequ\u00e9tica. Eu vos aben\u00e7oo de cora\u00e7\u00e3o e desejo que cres\u00e7ais nesta f\u00e9, nesta experi\u00eancia vivida do vosso Batismo. N\u00f3s, como nos diz tamb\u00e9m S\u00e3o Pedro, devemos nos comportar um pouco como rec\u00e9m-nascidos, crian\u00e7as, e devemos nos comportar deste modo durante toda a vida, porque o Batismo determina toda a nossa vida com um dom, um dom incompreens\u00edvel: o dom da filia\u00e7\u00e3o divina, o dom de sermos semelhantes ao Filho de Deus, filhos de Deus, filhos no Filho. Esta \u00e9 a boa not\u00edcia: o Evangelho. Viver isto e torn\u00e1-lo vivo aos outros \u00e9 difundir o Evangelho&#8221;.<\/p>\n\n<p><em>(*) Cfr. \u00abL\u2019Osservatore Romano\u00bb, 16-17 mar\u00e7o 1981.<\/em><\/p>\n","protected":false},"excerpt":{"rendered":"<p>Visita \u00e0 par\u00f3quia de Nossa Senhora de Coromoto 13\/3\/1981 S\u00e3o Jo\u00e3o Paulo II Roma, 15 de mar\u00e7o de 1981 * Detendo-se brevemente com os membros da associa\u00e7\u00e3o de bochistas, constitu\u00edda recentemente para ajudar, principalmente, os anci\u00e3os da regi\u00e3o, Jo\u00e3o Paulo II chegou de novo \u00e0 igreja onde o p\u00e1roco lhe apresentou as comunidades neocatecumenais que, desde h\u00e1 alguns anos, est\u00e3o inseridas na vida da par\u00f3quia. &#8220;Este \u00e9 o grupo dos<\/p>\n<div class=\"read-more\"><a class=\"btn read-more-btn\" href=\"https:\/\/neocatechumenaleiter.org\/pt-br\/palavras-dos-papas\/sao-joao-paulo-ii\/visita-a-paroquia-de-nossa-senhora-de-coromoto-13-3-1981\/\">Ler mais<\/a><\/div>\n","protected":false},"author":2,"featured_media":0,"parent":4247,"menu_order":8,"comment_status":"closed","ping_status":"closed","template":"","meta":{"footnotes":""},"class_list":["post-6519","page","type-page","status-publish","hentry"],"_links":{"self":[{"href":"https:\/\/neocatechumenaleiter.org\/pt-br\/wp-json\/wp\/v2\/pages\/6519","targetHints":{"allow":["GET"]}}],"collection":[{"href":"https:\/\/neocatechumenaleiter.org\/pt-br\/wp-json\/wp\/v2\/pages"}],"about":[{"href":"https:\/\/neocatechumenaleiter.org\/pt-br\/wp-json\/wp\/v2\/types\/page"}],"author":[{"embeddable":true,"href":"https:\/\/neocatechumenaleiter.org\/pt-br\/wp-json\/wp\/v2\/users\/2"}],"replies":[{"embeddable":true,"href":"https:\/\/neocatechumenaleiter.org\/pt-br\/wp-json\/wp\/v2\/comments?post=6519"}],"version-history":[{"count":8,"href":"https:\/\/neocatechumenaleiter.org\/pt-br\/wp-json\/wp\/v2\/pages\/6519\/revisions"}],"predecessor-version":[{"id":14545,"href":"https:\/\/neocatechumenaleiter.org\/pt-br\/wp-json\/wp\/v2\/pages\/6519\/revisions\/14545"}],"up":[{"embeddable":true,"href":"https:\/\/neocatechumenaleiter.org\/pt-br\/wp-json\/wp\/v2\/pages\/4247"}],"wp:attachment":[{"href":"https:\/\/neocatechumenaleiter.org\/pt-br\/wp-json\/wp\/v2\/media?parent=6519"}],"curies":[{"name":"wp","href":"https:\/\/api.w.org\/{rel}","templated":true}]}}