{"id":6521,"date":"2020-03-02T03:30:33","date_gmt":"2020-03-02T02:30:33","guid":{"rendered":"https:\/\/neocatechumenaleiter.org\/palavras-dos-papas\/sao-joao-paulo-ii\/encontro-com-os-salmistas-no-patio-de-sao-damaso-31-3-1981\/"},"modified":"2021-08-10T11:01:14","modified_gmt":"2021-08-10T10:01:14","slug":"encontro-com-os-salmistas-no-patio-de-sao-damaso-31-3-1981","status":"publish","type":"page","link":"https:\/\/neocatechumenaleiter.org\/pt-br\/palavras-dos-papas\/sao-joao-paulo-ii\/encontro-com-os-salmistas-no-patio-de-sao-damaso-31-3-1981\/","title":{"rendered":"Encontro com os salmistas no p\u00e1tio de S\u00e3o D\u00e2maso 31\/3\/1981"},"content":{"rendered":"\n<h1 class=\"has-text-align-center wp-block-heading\">Encontro com os salmistas no p\u00e1tio de S\u00e3o D\u00e2maso 31\/3\/1981<\/h1>\n\n<div style=\"height:20px\" aria-hidden=\"true\" class=\"wp-block-spacer\"><\/div>\n\n<h4 class=\"has-text-align-center wp-block-heading\">S\u00e3o Jo\u00e3o Paulo II<\/h4>\n\n<div style=\"height:20px\" aria-hidden=\"true\" class=\"wp-block-spacer\"><\/div>\n\n<p><strong>P\u00e1tio de S\u00e3o D\u00e2maso. Roma, 31 de mar\u00e7o de 1981<\/strong><\/p>\n\n<p><em>Mais de tr\u00eas mil cantores-salmistas de numerosas comunidades neocatecumenais italianas terminaram ontem pela tarde, no p\u00e1tio de S\u00e3o D\u00e2maso na presen\u00e7a do Santo Padre, o dia de conviv\u00eancia nacional organizado para preparar os cantos para a Vig\u00edlia Pascal.<\/em><\/p>\n\n<div class=\"wp-block-image\"><figure class=\"alignright size-large\"><img loading=\"lazy\" decoding=\"async\" width=\"690\" height=\"553\" src=\"https:\/\/neocatechumenaleiter.org\/wp-content\/uploads\/2020\/03\/Camino_Neocatecumenal_Juan_Pablo_II_encuentro_salmistas_1981.jpg\" alt=\"\" class=\"wp-image-1529\" srcset=\"https:\/\/neocatechumenaleiter.org\/wp-content\/uploads\/2020\/03\/Camino_Neocatecumenal_Juan_Pablo_II_encuentro_salmistas_1981.jpg 690w, https:\/\/neocatechumenaleiter.org\/wp-content\/uploads\/2020\/03\/Camino_Neocatecumenal_Juan_Pablo_II_encuentro_salmistas_1981-300x240.jpg 300w\" sizes=\"auto, (max-width: 690px) 100vw, 690px\" \/><\/figure><\/div>\n\n<p>Os cantores-salmistas, reunidos durante todo o dia de ontem num teatro-tenda de Roma, quiseram ter o encontro com o Papa para lhe oferecer, por meio do canto, o sinal de um testemunho crist\u00e3o e o sentido de seus cora\u00e7\u00f5es. Nas comunidades neocatecumenais, mais de dois mil em toda a It\u00e1lia, os cantores-salmistas s\u00e3o aqueles que, mesmo n\u00e3o possuindo dotes especiais de cantor ou uma particular sensibilidade musical, conseguem, ainda assim, interpretar o canto como ora\u00e7\u00e3o e conseguem transmitir aos outros o sentido do c\u00e2ntico-ora\u00e7\u00e3o. Ontem pela tarde, guiados por Kiko Arg\u00fcello, o fundador das Comunidades Neocatecumenais, ofereceram ao Santo Padre o fruto dos seus intensos trabalhos de prepara\u00e7\u00e3o, executando alguns salmos readaptados num estilo mais moderno e algumas can\u00e7\u00f5es significativas, por meio das quais prop\u00f5em fazer os irm\u00e3os viverem, durante a Vig\u00edlia Pascal, a verdadeira espera da Ressurrei\u00e7\u00e3o. Foi extraordinariamente significativo a este respeito, a can\u00e7\u00e3o interpretada ontem pela tarde para o Papa por um grupo de crian\u00e7as pertencentes a quatro comunidades neocatecumenais de Roma. <\/p>\n\n<p>&#8220;Por que \u2500 perguntaram estas crian\u00e7as cuja idade oscilava entre quatro e seis anos \u2500 esta noite \u00e9 diferente?&#8221;. &#8220;Por que todas as noites vamos para a cama cedo, depois de ter jantado, e esta noite estamos acordados at\u00e9 tarde e ainda n\u00e3o jantamos?&#8221;. &#8220;Por que em outras noites n\u00e3o esperamos ningu\u00e9m e nesta noite estamos esperando algu\u00e9m?&#8221;. &#8220;Em que esta noite \u00e9 diferente das outras?&#8221;. Toda a comunidade lhes responde cantando a alegria da Ressurrei\u00e7\u00e3o.<\/p>\n\n<p>&#8220;Assim \u2500 explicou Kiko ao Santo Padre \u2500 viveremos a nossa P\u00e1scoa junto com os nossos irm\u00e3os e junto com os nossos filhos&#8221;.<\/p>\n\n<p><em>O Santo Padre, terminados os cantos, quis agradec\u00ea-los pelo encontro t\u00e3o fortemente desejado e pelo testemunho que, com suas can\u00e7\u00f5es, vieram oferecer-lhe.<\/em><\/p>\n\n<p>&#8220;Desejo que os prepareis bem para este grande mist\u00e9rio da Noite Pascal.&#13;\n&#13;\nA Igreja \u2500 disse ent\u00e3o o Santo Padre \u2500 se prepara para celebrar a Noite Pascal do Senhor, da sua Ressurrei\u00e7\u00e3o, durante este per\u00edodo da Quaresma. Assim faz para que o Senhor encontre os nossos cora\u00e7\u00f5es preparados, maduros, maduros ao seu mist\u00e9rio, maduros ao seu amor. \u00c9 certamente com o testemunho da Palavra de Deus e com gestos de amor que devemos amadurecer para esta noite e para este amor definitivo que se revelou na Noite Pascal. Por isso, eu desejo que vos prepareis bem para este grande mist\u00e9rio que est\u00e1 no centro da nossa f\u00e9 e est\u00e1 tamb\u00e9m no centro da hist\u00f3ria do homem e do cosmo.&#13;\n&#13;\nEu j\u00e1 vos encontrei outras vezes em diversas par\u00f3quias romanas e espero que nestas par\u00f3quias colaboreis com os sacerdotes e tamb\u00e9m com os bispos nos setores da diocese de Roma, com o cardeal Vig\u00e1rio, porque \u00e9 assim que confirmais tamb\u00e9m o vosso entusiasmo pascal. A P\u00e1scoa \u00e9 o dia da Igreja. Na Igreja, em seu conjunto, em sua vida, devemos procurar um espa\u00e7o, um espa\u00e7o aut\u00eantico para o nosso entusiasmo religioso e para o nosso apostolado.&#13;\n&#13;\nGostaria de vos agradecer pela vossa visita, por todos estes cantos religiosos muito bonitos e cantados com grande for\u00e7a, com grande entusiasmo. Eu vos agrade\u00e7o por esta visita e aben\u00e7oo a todos v\u00f3s, aben\u00e7oo as vossas fam\u00edlias e as vossas crian\u00e7as, elas que tiveram tamb\u00e9m uma participa\u00e7\u00e3o especial e muito bela nesta tarde.<\/p>\n\n<p>Gostaria de dizer, ainda, uma palavra especial para todos aqueles que sofrem ao vosso redor: comunicai-lhes esta palavra, esta mem\u00f3ria, esta recorda\u00e7\u00e3o do Papa a todos eles, porque espiritualmente os tenho sempre muito pr\u00f3ximos, pois eles participam de modo especial da paix\u00e3o de Nosso Senhor Jesus Cristo, e assim participando do mist\u00e9rio da sua paix\u00e3o, nos preparam para a sua P\u00e1scoa.&#13;\nPor fim, quero vos aben\u00e7oar, aben\u00e7oando tamb\u00e9m todas as pessoas queridas por v\u00f3s, em Roma e tamb\u00e9m em todas as cidades da It\u00e1lia e fora da It\u00e1lia.<\/p>\n","protected":false},"excerpt":{"rendered":"<p>Encontro com os salmistas no p\u00e1tio de S\u00e3o D\u00e2maso 31\/3\/1981 S\u00e3o Jo\u00e3o Paulo II P\u00e1tio de S\u00e3o D\u00e2maso. Roma, 31 de mar\u00e7o de 1981 Mais de tr\u00eas mil cantores-salmistas de numerosas comunidades neocatecumenais italianas terminaram ontem pela tarde, no p\u00e1tio de S\u00e3o D\u00e2maso na presen\u00e7a do Santo Padre, o dia de conviv\u00eancia nacional organizado para preparar os cantos para a Vig\u00edlia Pascal. Os cantores-salmistas, reunidos durante todo o dia de<\/p>\n<div class=\"read-more\"><a class=\"btn read-more-btn\" href=\"https:\/\/neocatechumenaleiter.org\/pt-br\/palavras-dos-papas\/sao-joao-paulo-ii\/encontro-com-os-salmistas-no-patio-de-sao-damaso-31-3-1981\/\">Ler mais<\/a><\/div>\n","protected":false},"author":2,"featured_media":0,"parent":4247,"menu_order":9,"comment_status":"closed","ping_status":"closed","template":"","meta":{"footnotes":""},"class_list":["post-6521","page","type-page","status-publish","hentry"],"_links":{"self":[{"href":"https:\/\/neocatechumenaleiter.org\/pt-br\/wp-json\/wp\/v2\/pages\/6521","targetHints":{"allow":["GET"]}}],"collection":[{"href":"https:\/\/neocatechumenaleiter.org\/pt-br\/wp-json\/wp\/v2\/pages"}],"about":[{"href":"https:\/\/neocatechumenaleiter.org\/pt-br\/wp-json\/wp\/v2\/types\/page"}],"author":[{"embeddable":true,"href":"https:\/\/neocatechumenaleiter.org\/pt-br\/wp-json\/wp\/v2\/users\/2"}],"replies":[{"embeddable":true,"href":"https:\/\/neocatechumenaleiter.org\/pt-br\/wp-json\/wp\/v2\/comments?post=6521"}],"version-history":[{"count":6,"href":"https:\/\/neocatechumenaleiter.org\/pt-br\/wp-json\/wp\/v2\/pages\/6521\/revisions"}],"predecessor-version":[{"id":24031,"href":"https:\/\/neocatechumenaleiter.org\/pt-br\/wp-json\/wp\/v2\/pages\/6521\/revisions\/24031"}],"up":[{"embeddable":true,"href":"https:\/\/neocatechumenaleiter.org\/pt-br\/wp-json\/wp\/v2\/pages\/4247"}],"wp:attachment":[{"href":"https:\/\/neocatechumenaleiter.org\/pt-br\/wp-json\/wp\/v2\/media?parent=6521"}],"curies":[{"name":"wp","href":"https:\/\/api.w.org\/{rel}","templated":true}]}}