{"id":6527,"date":"2020-03-02T02:02:53","date_gmt":"2020-03-02T01:02:53","guid":{"rendered":"https:\/\/neocatechumenaleiter.org\/palavras-dos-papas\/sao-joao-paulo-ii\/visita-do-papa-joao-paulo-ii-a-paroquia-de-sao-timoteo\/"},"modified":"2021-08-10T11:00:40","modified_gmt":"2021-08-10T10:00:40","slug":"visita-do-papa-joao-paulo-ii-a-paroquia-de-sao-timoteo","status":"publish","type":"page","link":"https:\/\/neocatechumenaleiter.org\/pt-br\/palavras-dos-papas\/sao-joao-paulo-ii\/visita-do-papa-joao-paulo-ii-a-paroquia-de-sao-timoteo\/","title":{"rendered":"Visita do papa Jo\u00e3o Paulo II \u00e0 par\u00f3quia de S\u00e3o Tim\u00f3teo"},"content":{"rendered":"\n<h1 class=\"has-text-align-center wp-block-heading\">Visita do papa Jo\u00e3o Paulo II \u00e0 par\u00f3quia de S\u00e3o Tim\u00f3teo 10\/2\/1980<\/h1>\n\n<div style=\"height:20px\" aria-hidden=\"true\" class=\"wp-block-spacer\"><\/div>\n\n<h4 class=\"has-text-align-center wp-block-heading\">S\u00e3o Jo\u00e3o Paulo II<\/h4>\n\n<div style=\"height:20px\" aria-hidden=\"true\" class=\"wp-block-spacer\"><\/div>\n\n<p><strong>Roma, 10 de fevereiro de 1980 *<\/strong><\/p>\n\n<p><em>Acolhido pelo canto dos presentes, o Santo Padre entrou na sala onde estavam reunidas as comunidades neocatecumenais nascidas na par\u00f3quia.<\/em> <em>Ap\u00f3s serem apresentadas com as <\/em><em>palavras do p\u00e1roco, que destacou como ele pr\u00f3prio, com a ajuda desses irm\u00e3os, tem percorrido um novo caminho de convers\u00e3o, foram dados testemunhos de alguns catec\u00famenos.<\/em>&#13;\n<em>Dom\u00eanico, um homem de meia idade, recordou como a experi\u00eancia catecumenal o fez descobrir a verdadeira dimens\u00e3o do cristianismo, que \u00e9 vida vivida e n\u00e3o somente ades\u00e3o intelectual, conseguindo assim superar graves dificuldades familiares. Elisabetta, de 21 anos, amadurecida com o descobrimento de Deus, contou sua experi\u00eancia de questionadora. Uma senhora casada e m\u00e3e de quatro filhos confessou como uma frase, \u201chaver\u00e1 um caminho para os desesperados\u201d, escutada em uma Igreja onde casualmente havia entrado, a salvou da ang\u00fastia e do suic\u00eddio. Francesco contou como o dom gratuito de Deus o fez descobrir a riqueza da vida. Depois falou um catequista, Giampiero Donnini, que fez presente como tem sido muito importante para a vida da par\u00f3quia o estabelecimento das comunidades neocatecumenais, que se apresentam como estruturas permanentes para introduzir a todos os que querem iniciar o caminho a uma f\u00e9 mais adulta e madura.<\/em><\/p>\n\n<div class=\"wp-block-image\"><figure class=\"alignright size-medium\"><img loading=\"lazy\" decoding=\"async\" width=\"300\" height=\"241\" src=\"https:\/\/neocatechumenaleiter.org\/wp-content\/uploads\/2020\/03\/Camino_Neocatecumenal_Juan_Pablo_II_visita_parroquia_San_Timoteo-300x241.jpg\" alt=\"\" class=\"wp-image-1460\" srcset=\"https:\/\/neocatechumenaleiter.org\/wp-content\/uploads\/2020\/03\/Camino_Neocatecumenal_Juan_Pablo_II_visita_parroquia_San_Timoteo-300x241.jpg 300w, https:\/\/neocatechumenaleiter.org\/wp-content\/uploads\/2020\/03\/Camino_Neocatecumenal_Juan_Pablo_II_visita_parroquia_San_Timoteo.jpg 697w\" sizes=\"auto, (max-width: 300px) 100vw, 300px\" \/><\/figure><\/div>\n\n<p><em>O Papa agradeceu por esses testemunhos profundos e sinceros, recordando, como todos bem sabemos, o que significa a palavra &#8220;catec\u00fameno&#8221;.<\/em><\/p>\n\n<p>&#8220;Mas devemos dizer tamb\u00e9m \u2013 continuou o Papa \u2013 que essa palavra quase desapareceu. Os catec\u00famenos, especialmente nos povos tradicionalmente cat\u00f3licos, s\u00e3o as crian\u00e7as pequenas, rec\u00e9m-nascidas. Mas elas n\u00e3o s\u00e3o catec\u00famenas porque n\u00e3o podem ser preparadas para o Batismo. Os catec\u00famenos dos primeiros s\u00e9culos constitu\u00edam uma realidade muito importante na Igreja: eu creio que o que as Comunidades Neocatecumenais fazem para a f\u00e9 agora \u00e9 o mesmo que era feito naquela \u00e9poca. Mas o fazem porque foram batizados por outros no come\u00e7o da vida. O sentido do catecumenato \u00e9 o de preparar-se para o Batismo: preparar-se, no sentido pleno da palavra, quer dizer ser introduzidos nos mist\u00e9rios de Deus vivente, porque no Batismo se recebe n\u00e3o s\u00f3 o nome de crist\u00e3o, mas tamb\u00e9m a participa\u00e7\u00e3o no pr\u00f3prio Cristo, no mist\u00e9rio de Deus vivente para o homem. Os testemunhos que me trouxestes provam todos que h\u00e1 um momento de gra\u00e7a, um momento de &#13;\nilumina\u00e7\u00e3o, um momento no qual se encontra a Deus vivente que quer viver em vossa vida, viver vossa vida. Isso \u00e9 de muito valor para vossa experi\u00eancia pessoal de crist\u00e3os, mas sobretudo \u00e9 de muito valor para a forma\u00e7\u00e3o apost\u00f3lica.<\/p>\n\n<p>Essa experiencia deve estar como base de toda forma\u00e7\u00e3o apost\u00f3lica, digamos catequ\u00e9tica: n\u00e3o somente se deve conhecer f\u00f3rmulas de f\u00e9 e teologia, mas tamb\u00e9m entrar em contato com o mist\u00e9rio da vida divina, aberta a todos n\u00f3s com Jesus Cristo. S\u00f3 depois da experi\u00eancia pessoal se pode dar testemunho. Desejo que aprofundeis sempre mais vossa f\u00e9 e que tenhais sempre convosco a alegria&#8221;.<\/p>\n\n<p><em>(*) Cfr. \u00abL\u2019Osservatore Romano\u00bb, 11-12 fevereiro 1980.<\/em><\/p>\n","protected":false},"excerpt":{"rendered":"<p>Visita do papa Jo\u00e3o Paulo II \u00e0 par\u00f3quia de S\u00e3o Tim\u00f3teo 10\/2\/1980 S\u00e3o Jo\u00e3o Paulo II Roma, 10 de fevereiro de 1980 * Acolhido pelo canto dos presentes, o Santo Padre entrou na sala onde estavam reunidas as comunidades neocatecumenais nascidas na par\u00f3quia. Ap\u00f3s serem apresentadas com as palavras do p\u00e1roco, que destacou como ele pr\u00f3prio, com a ajuda desses irm\u00e3os, tem percorrido um novo caminho de convers\u00e3o, foram dados<\/p>\n<div class=\"read-more\"><a class=\"btn read-more-btn\" href=\"https:\/\/neocatechumenaleiter.org\/pt-br\/palavras-dos-papas\/sao-joao-paulo-ii\/visita-do-papa-joao-paulo-ii-a-paroquia-de-sao-timoteo\/\">Ler mais<\/a><\/div>\n","protected":false},"author":2,"featured_media":0,"parent":4247,"menu_order":5,"comment_status":"closed","ping_status":"closed","template":"","meta":{"footnotes":""},"class_list":["post-6527","page","type-page","status-publish","hentry"],"_links":{"self":[{"href":"https:\/\/neocatechumenaleiter.org\/pt-br\/wp-json\/wp\/v2\/pages\/6527","targetHints":{"allow":["GET"]}}],"collection":[{"href":"https:\/\/neocatechumenaleiter.org\/pt-br\/wp-json\/wp\/v2\/pages"}],"about":[{"href":"https:\/\/neocatechumenaleiter.org\/pt-br\/wp-json\/wp\/v2\/types\/page"}],"author":[{"embeddable":true,"href":"https:\/\/neocatechumenaleiter.org\/pt-br\/wp-json\/wp\/v2\/users\/2"}],"replies":[{"embeddable":true,"href":"https:\/\/neocatechumenaleiter.org\/pt-br\/wp-json\/wp\/v2\/comments?post=6527"}],"version-history":[{"count":12,"href":"https:\/\/neocatechumenaleiter.org\/pt-br\/wp-json\/wp\/v2\/pages\/6527\/revisions"}],"predecessor-version":[{"id":14670,"href":"https:\/\/neocatechumenaleiter.org\/pt-br\/wp-json\/wp\/v2\/pages\/6527\/revisions\/14670"}],"up":[{"embeddable":true,"href":"https:\/\/neocatechumenaleiter.org\/pt-br\/wp-json\/wp\/v2\/pages\/4247"}],"wp:attachment":[{"href":"https:\/\/neocatechumenaleiter.org\/pt-br\/wp-json\/wp\/v2\/media?parent=6527"}],"curies":[{"name":"wp","href":"https:\/\/api.w.org\/{rel}","templated":true}]}}