{"id":6531,"date":"2020-03-02T02:12:50","date_gmt":"2020-03-02T01:12:50","guid":{"rendered":"https:\/\/neocatechumenaleiter.org\/palavras-dos-papas\/sao-joao-paulo-ii\/saudacao-a-um-grupo-de-irmaos-das-comunidades-da-america-central-16-10-1980\/"},"modified":"2021-08-10T11:00:51","modified_gmt":"2021-08-10T10:00:51","slug":"saudacao-a-um-grupo-de-irmaos-das-comunidades-da-america-central-16-10-1980","status":"publish","type":"page","link":"https:\/\/neocatechumenaleiter.org\/pt-br\/palavras-dos-papas\/sao-joao-paulo-ii\/saudacao-a-um-grupo-de-irmaos-das-comunidades-da-america-central-16-10-1980\/","title":{"rendered":"Sauda\u00e7\u00e3o a um grupo de irm\u00e3os das comunidades da Am\u00e9rica Central 16\/10\/1980"},"content":{"rendered":"\n<h1 class=\"has-text-align-center wp-block-heading\">Sauda\u00e7\u00e3o a um grupo de irm\u00e3os das comunidades da Am\u00e9rica Central 16\/10\/1980<\/h1>\n\n<div style=\"height:20px\" aria-hidden=\"true\" class=\"wp-block-spacer\"><\/div>\n\n<h4 class=\"has-text-align-center wp-block-heading\">Papa Jo\u00e3o Paulo II<\/h4>\n\n<div style=\"height:20px\" aria-hidden=\"true\" class=\"wp-block-spacer\"><\/div>\n\n<p><strong>Audi\u00eancia geral. Roma, 16 de outubro de 1980<\/strong><\/p>\n\n<p><em>Jo\u00e3o Paulo II, ap\u00f3s ter pronunciado o discurso que dirige aos fi\u00e9is na Audi\u00eancia geral das quartas-feiras, saudou a cada um dos grupos ali presentes. Ao grupo de irm\u00e3os pertencentes \u00e0s comunidades neocatecumenais dos pa\u00edses da Am\u00e9rica Central, disse o Papa:<\/em><\/p>\n\n<div class=\"wp-block-image\"><figure class=\"alignright size-large\"><img loading=\"lazy\" decoding=\"async\" width=\"400\" height=\"320\" src=\"https:\/\/neocatechumenaleiter.org\/wp-content\/uploads\/2020\/03\/Camino_Neocatecumenal_Juan_Pablo_II_audiencia_general_1980.jpg\" alt=\"\" class=\"wp-image-1487\" srcset=\"https:\/\/neocatechumenaleiter.org\/wp-content\/uploads\/2020\/03\/Camino_Neocatecumenal_Juan_Pablo_II_audiencia_general_1980.jpg 400w, https:\/\/neocatechumenaleiter.org\/wp-content\/uploads\/2020\/03\/Camino_Neocatecumenal_Juan_Pablo_II_audiencia_general_1980-300x240.jpg 300w\" sizes=\"auto, (max-width: 400px) 100vw, 400px\" \/><\/figure><\/div>\n\n<p>Est\u00e1 presente nesta audi\u00eancia um grupo de sacerdotes, casais e catequistas pertencentes ao movimento neocatecumenal de v\u00e1rios pa\u00edses da Am\u00e9rica Central. Sa\u00fado-vos com afeto, queridos irm\u00e3os e irm\u00e3s que vos dedicais a uma tarefa \u00e0 qual a Igreja atribui grande import\u00e2ncia: a edifica\u00e7\u00e3o na f\u00e9 da comunidade eclesial atrav\u00e9s de uma catequese sistem\u00e1tica, s\u00f3lida e progressiva. Dedicai-vos com generosidade a esse trabalho t\u00e3o necess\u00e1rio; sede fi\u00e9is \u00e0 viv\u00eancia pessoal da mensagem crist\u00e3 e \u00e0 transmiss\u00e3o aos outros.<\/p>\n\n<p>Aben\u00e7oo o vosso prop\u00f3sito de comunh\u00e3o \u00edntima com os vossos pastores, o vosso trabalho, pessoas, fam\u00edlias e comunidades eclesiais&#8221;.<\/p>\n","protected":false},"excerpt":{"rendered":"<p>Sauda\u00e7\u00e3o a um grupo de irm\u00e3os das comunidades da Am\u00e9rica Central 16\/10\/1980 Papa Jo\u00e3o Paulo II Audi\u00eancia geral. Roma, 16 de outubro de 1980 Jo\u00e3o Paulo II, ap\u00f3s ter pronunciado o discurso que dirige aos fi\u00e9is na Audi\u00eancia geral das quartas-feiras, saudou a cada um dos grupos ali presentes. Ao grupo de irm\u00e3os pertencentes \u00e0s comunidades neocatecumenais dos pa\u00edses da Am\u00e9rica Central, disse o Papa: Est\u00e1 presente nesta audi\u00eancia um<\/p>\n<div class=\"read-more\"><a class=\"btn read-more-btn\" href=\"https:\/\/neocatechumenaleiter.org\/pt-br\/palavras-dos-papas\/sao-joao-paulo-ii\/saudacao-a-um-grupo-de-irmaos-das-comunidades-da-america-central-16-10-1980\/\">Ler mais<\/a><\/div>\n","protected":false},"author":2,"featured_media":0,"parent":4247,"menu_order":0,"comment_status":"closed","ping_status":"closed","template":"","meta":{"footnotes":""},"class_list":["post-6531","page","type-page","status-publish","hentry"],"_links":{"self":[{"href":"https:\/\/neocatechumenaleiter.org\/pt-br\/wp-json\/wp\/v2\/pages\/6531","targetHints":{"allow":["GET"]}}],"collection":[{"href":"https:\/\/neocatechumenaleiter.org\/pt-br\/wp-json\/wp\/v2\/pages"}],"about":[{"href":"https:\/\/neocatechumenaleiter.org\/pt-br\/wp-json\/wp\/v2\/types\/page"}],"author":[{"embeddable":true,"href":"https:\/\/neocatechumenaleiter.org\/pt-br\/wp-json\/wp\/v2\/users\/2"}],"replies":[{"embeddable":true,"href":"https:\/\/neocatechumenaleiter.org\/pt-br\/wp-json\/wp\/v2\/comments?post=6531"}],"version-history":[{"count":14,"href":"https:\/\/neocatechumenaleiter.org\/pt-br\/wp-json\/wp\/v2\/pages\/6531\/revisions"}],"predecessor-version":[{"id":23995,"href":"https:\/\/neocatechumenaleiter.org\/pt-br\/wp-json\/wp\/v2\/pages\/6531\/revisions\/23995"}],"up":[{"embeddable":true,"href":"https:\/\/neocatechumenaleiter.org\/pt-br\/wp-json\/wp\/v2\/pages\/4247"}],"wp:attachment":[{"href":"https:\/\/neocatechumenaleiter.org\/pt-br\/wp-json\/wp\/v2\/media?parent=6531"}],"curies":[{"name":"wp","href":"https:\/\/api.w.org\/{rel}","templated":true}]}}