{"id":6564,"date":"2020-03-02T03:32:17","date_gmt":"2020-03-02T02:32:17","guid":{"rendered":"https:\/\/neocatechumenaleiter.org\/palavras-dos-papas\/sao-joao-paulo-ii\/visita-a-paroquia-de-santa-francisca-romana-28-11-1981\/"},"modified":"2021-08-10T11:01:19","modified_gmt":"2021-08-10T10:01:19","slug":"visita-a-paroquia-de-santa-francisca-romana-28-11-1981","status":"publish","type":"page","link":"https:\/\/neocatechumenaleiter.org\/pt-br\/palavras-dos-papas\/sao-joao-paulo-ii\/visita-a-paroquia-de-santa-francisca-romana-28-11-1981\/","title":{"rendered":"Visita \u00e0 par\u00f3quia de Santa Francisca Romana 28\/11\/1981"},"content":{"rendered":"\n<h1 class=\"has-text-align-center wp-block-heading\">Visita \u00e0 par\u00f3quia de Santa Francisca Romana 28\/11\/1981<\/h1>\n\n<div style=\"height:20px\" aria-hidden=\"true\" class=\"wp-block-spacer\"><\/div>\n\n<h4 class=\"has-text-align-center wp-block-heading\">S\u00e3o Jo\u00e3o Paulo II<\/h4>\n\n<div style=\"height:20px\" aria-hidden=\"true\" class=\"wp-block-spacer\"><\/div>\n\n<p><strong>Roma, 28 de novembro de 1981<\/strong><\/p>\n\n<p><em>Reunidos em uma sala estavam os representantes de todos os grupos de adultos que trabalham na par\u00f3quia: a Ordem Terceira Franciscana, o Apostolado da Ora\u00e7\u00e3o, o grupo Vicentino, o grupo Assistencial e o grupo Neocatecumenal. Tamb\u00e9m a eles o Santo Padre dirigiu uma breve reflex\u00e3o espiritual:<\/em><\/p>\n\n<p>&#8220;Os diversos grupos espirituais respondem a carismas diversos: carisma franciscano, carisma da Ordem Terceira, carisma vicentino para o grupo caritativo e depois o carisma Neocatecumenal. Como ensinava S\u00e3o Paulo, estes carismas formam um corpo espiritual. Os diversos carismas fazem parte do corpo espiritual e tomam suas caracter\u00edsticas do Esp\u00edrito.&#13;\n&#13;\nOs carismas s\u00e3o diversos como as c\u00e9lulas do corpo f\u00edsico, mas o \u00fanico Esp\u00edrito os faz viver a mesma vida. Espero que a palavra de S\u00e3o Paulo seja o vosso ensinamento, a vossa meta nesta par\u00f3quia e seja para v\u00f3s fonte de paz e progresso espiritual&#8221;.<\/p>\n","protected":false},"excerpt":{"rendered":"<p>Visita \u00e0 par\u00f3quia de Santa Francisca Romana 28\/11\/1981 S\u00e3o Jo\u00e3o Paulo II Roma, 28 de novembro de 1981 Reunidos em uma sala estavam os representantes de todos os grupos de adultos que trabalham na par\u00f3quia: a Ordem Terceira Franciscana, o Apostolado da Ora\u00e7\u00e3o, o grupo Vicentino, o grupo Assistencial e o grupo Neocatecumenal. Tamb\u00e9m a eles o Santo Padre dirigiu uma breve reflex\u00e3o espiritual: &#8220;Os diversos grupos espirituais respondem a<\/p>\n<div class=\"read-more\"><a class=\"btn read-more-btn\" href=\"https:\/\/neocatechumenaleiter.org\/pt-br\/palavras-dos-papas\/sao-joao-paulo-ii\/visita-a-paroquia-de-santa-francisca-romana-28-11-1981\/\">Ler mais<\/a><\/div>\n","protected":false},"author":2,"featured_media":0,"parent":4247,"menu_order":10,"comment_status":"closed","ping_status":"closed","template":"","meta":{"footnotes":""},"class_list":["post-6564","page","type-page","status-publish","hentry"],"_links":{"self":[{"href":"https:\/\/neocatechumenaleiter.org\/pt-br\/wp-json\/wp\/v2\/pages\/6564","targetHints":{"allow":["GET"]}}],"collection":[{"href":"https:\/\/neocatechumenaleiter.org\/pt-br\/wp-json\/wp\/v2\/pages"}],"about":[{"href":"https:\/\/neocatechumenaleiter.org\/pt-br\/wp-json\/wp\/v2\/types\/page"}],"author":[{"embeddable":true,"href":"https:\/\/neocatechumenaleiter.org\/pt-br\/wp-json\/wp\/v2\/users\/2"}],"replies":[{"embeddable":true,"href":"https:\/\/neocatechumenaleiter.org\/pt-br\/wp-json\/wp\/v2\/comments?post=6564"}],"version-history":[{"count":6,"href":"https:\/\/neocatechumenaleiter.org\/pt-br\/wp-json\/wp\/v2\/pages\/6564\/revisions"}],"predecessor-version":[{"id":24041,"href":"https:\/\/neocatechumenaleiter.org\/pt-br\/wp-json\/wp\/v2\/pages\/6564\/revisions\/24041"}],"up":[{"embeddable":true,"href":"https:\/\/neocatechumenaleiter.org\/pt-br\/wp-json\/wp\/v2\/pages\/4247"}],"wp:attachment":[{"href":"https:\/\/neocatechumenaleiter.org\/pt-br\/wp-json\/wp\/v2\/media?parent=6564"}],"curies":[{"name":"wp","href":"https:\/\/api.w.org\/{rel}","templated":true}]}}