{"id":6566,"date":"2020-03-02T19:43:56","date_gmt":"2020-03-02T18:43:56","guid":{"rendered":"https:\/\/neocatechumenaleiter.org\/palavras-dos-papas\/sao-joao-paulo-ii\/audiencia-privada-aos-catequistas-itinerantes-na-sala-clementina-7-1-1882\/"},"modified":"2021-08-10T11:01:25","modified_gmt":"2021-08-10T10:01:25","slug":"audiencia-privada-aos-catequistas-itinerantes-na-sala-clementina-7-1-1882","status":"publish","type":"page","link":"https:\/\/neocatechumenaleiter.org\/pt-br\/palavras-dos-papas\/sao-joao-paulo-ii\/audiencia-privada-aos-catequistas-itinerantes-na-sala-clementina-7-1-1882\/","title":{"rendered":"Audi\u00eancia privada aos catequistas itinerantes na Sala Clementina 7\/1\/1882"},"content":{"rendered":"\n<h1 class=\"has-text-align-center wp-block-heading\">Audi\u00eancia privada aos catequistas itinerantes na Sala Clementina 7\/1\/1882<\/h1>\n\n<div style=\"height:20px\" aria-hidden=\"true\" class=\"wp-block-spacer\"><\/div>\n\n<h4 class=\"has-text-align-center wp-block-heading\">S\u00e3o Jo\u00e3o Paulo II<\/h4>\n\n<div style=\"height:20px\" aria-hidden=\"true\" class=\"wp-block-spacer\"><\/div>\n\n<p><strong>Roma, 7 de janeiro de 1982 *<\/strong><\/p>\n\n<p><em>O Santo Padre recebeu em audi\u00eancia mais de 300 catequistas itinerantes das Comunidades Neocatecumenais procedentes de 70 na\u00e7\u00f5es.<\/em><br\/><br\/><em>Depois da acolhida com um canto, Kiko dirigiu ao Papa as seguintes palavras:<\/em><\/p>\n\n<p>&#8220;Car\u00edssimo Padre:&#13;\nEst\u00e3o aqui presentes 300 catequistas das Comunidades Neocatecumenais que fundaram o Caminho Neocatecumenal em 70 na\u00e7\u00f5es; formam pequenas equipes de evangeliza\u00e7\u00e3o compostas de 1 sacerdote e 2 leigos, como uma pequena comunidade, imagem da Sagrada Fam\u00edlia de Nazar\u00e9, que ajudam na par\u00f3quia a levar adiante a renova\u00e7\u00e3o do Conc\u00edlio Vaticano II. Eu, Padre, queria apresentar de uma forma muito breve os presb\u00edteros itinerantes que vieram de todas as na\u00e7\u00f5es, da Austr\u00e1lia, da \u00c1frica, etc. Fiquem em p\u00e9 os presb\u00edteros para que o Santo Padre os veja <em>(os presb\u00edteros se levantam)<\/em>. Os matrim\u00f4nios, as fam\u00edlias que venderam todos os seus bens e partiram com os seus filhos para anunciar o Evangelho, para ajudar nas miss\u00f5es de todo o mundo. Ponham-se em p\u00e9 as fam\u00edlias e as crian\u00e7as <em>(as fam\u00edlias se levantam com os seus filhos). <\/em>Tamb\u00e9m est\u00e3o presentes as mo\u00e7as c\u00e9libes que ofereceram suas vidas para o an\u00fancio do Evangelho. Fiquem em p\u00e9 as mo\u00e7as.&#13;\nPor \u00faltimo os mo\u00e7os, os jovens que tamb\u00e9m ofereceram suas vidas para anunciar o Evangelho; 5 deles decidiram recentemente entrar no semin\u00e1rio <em>(podeis sentar).<\/em><\/p>\n\n<p>Tamb\u00e9m vimos, Padre, como nos lugares onde o Caminho Neocatecumenal leva mais de 10 anos j\u00e1 come\u00e7am a surgir voca\u00e7\u00f5es. Estamos muito contentes. Este ano na It\u00e1lia se levantaram 57 jovens para entrar no Semin\u00e1rio, e na Espanha 42. Estivemos reunidos por 20 dias, perto do Santu\u00e1rio de Loreto, refletindo sobre aquilo que Deus est\u00e1 fazendo nas diversas na\u00e7\u00f5es onde estamos levando adiante o nosso minist\u00e9rio de evangeliza\u00e7\u00e3o. Fomos nos colocar aos p\u00e9s da Virgem Maria para lhe confiar nossa miss\u00e3o e pedir, na pequena casa de Loreto que, sendo nossa miss\u00e3o fundar na par\u00f3quia pequenas comunidades como a Sagrada Fam\u00edlia de Nazar\u00e9, que vivam em humildade, simplicidade e louvor, que Ela nos ajude a lev\u00e1-la adiante.&#13;\nO nosso maior desejo, que pedimos \u00e0 Virgem como um segredo,\u00a0 sempre foi de poder um dia trazer estes irm\u00e3os aqui, onde est\u00e1 Pedro, a <em>&#8220;Pedra&#8221;<\/em> sobre a qual Cristo quis fundar a sua Igreja. Uma vez que estes irm\u00e3os devem falar com tantos bispos em tantas na\u00e7\u00f5es, que est\u00e3o montados sobre a <em>Merkab\u00e1<\/em>\u00a0de Deus da evangeliza\u00e7\u00e3o, aqui estamos para mostrar a nossa ades\u00e3o mais profunda fazendo com o senhor uma esp\u00e9cie de gesto de ades\u00e3o. Eu lhes perguntei antes: V\u00f3s reconheceis que o Bispo de Roma, Pedro, \u00e9 a pedra sobre a qual Cristo edificou a sua Igreja? E todos responderam que o reconhecem.<\/p>\n\n<p>Depois lhes perguntei: Prometeis obedi\u00eancia e fidelidade a Pedro e a todos os bispos da Igreja que est\u00e3o em comunh\u00e3o com ele? E eles prometeram. Ainda lhes perguntei se est\u00e3o dispostos a oferecer suas vidas para servirem \u00e0 Igreja ajudando a levar adiante a renova\u00e7\u00e3o do Conc\u00edlio Vaticano II por meio do Caminho Neocatecumenal, que quer renovar o Batismo nos crist\u00e3os. E todos disseram que sim. Por isso, Padre, eu gostaria em nome de todos, se me permite, ajoelhar-me diante do senhor, e todos estes irm\u00e3os comigo, como um pequeno gesto de ades\u00e3o completa a Pedro. Porque eu, Padre, disse-lhes uma coisa: por meio da minha experi\u00eancia em tantas na\u00e7\u00f5es e dos sofrimentos que tive, entendi que Deus obedece aos seus bispos. Deus mesmo os obedece. Isso me impressionou tanto que pensei: Se Deus mesmo os obedece, como eu n\u00e3o os obedecerei, e todos n\u00f3s?<\/p>\n\n<p>Ent\u00e3o, Padre, gostaria de me colocar de joelhos diante do senhor&#8221;.<\/p>\n\n<p>(Kiko se aproxima do trono do Papa e se coloca de joelhos, enquanto todos os itinerantes se ajoelham; o Papa lhe oferece a sua m\u00e3o para que a beije e levantando-se apoia a outra m\u00e3o sobre as costas de Kiko; depois convida todos a se levantarem). A seguir, o discurso do Papa:&#13;\n&#13;\n\u00a0<\/p>\n\n<div class=\"wp-block-image\"><figure class=\"alignleft size-medium\"><img loading=\"lazy\" decoding=\"async\" width=\"300\" height=\"242\" src=\"https:\/\/neocatechumenaleiter.org\/wp-content\/uploads\/2020\/03\/Camino_Neocatecumenal_Juan_Pablo_II_audiencia_catequistas_itinerantes_1982-300x242.jpg\" alt=\"\" class=\"wp-image-1634\" srcset=\"https:\/\/neocatechumenaleiter.org\/wp-content\/uploads\/2020\/03\/Camino_Neocatecumenal_Juan_Pablo_II_audiencia_catequistas_itinerantes_1982-300x242.jpg 300w, https:\/\/neocatechumenaleiter.org\/wp-content\/uploads\/2020\/03\/Camino_Neocatecumenal_Juan_Pablo_II_audiencia_catequistas_itinerantes_1982.jpg 695w\" sizes=\"auto, (max-width: 300px) 100vw, 300px\" \/><\/figure><\/div>\n\n<p>&#8220;Amad\u00edssimos:&#13;\n1. Sinceramente, alegra-me poder me encontrar hoje convosco, catequistas itinerantes provenientes de numerosas Comunidades Neocatecumenais e desejo exprimir-vos a minha complac\u00eancia juntamente com uma palavra de encorajamento para o vosso compromisso catequ\u00e9tico, t\u00e3o valioso para a comunidade eclesial.&#13;\nV\u00f3s vos propondes viver em plenitude o an\u00fancio fundamental da f\u00e9, a boa not\u00edcia, a saber, que Jesus de Nazar\u00e9 \u00e9 o Filho eterno de Deus, encarnado e ressuscitado para a vossa salva\u00e7\u00e3o; quereis acolher em profundidade o v\u00ednculo indissol\u00favel que existe entre a ades\u00e3o a este an\u00fancio de vida e de ressurrei\u00e7\u00e3o e a cont\u00ednua convers\u00e3o interior, o que requer mudan\u00e7a de mentalidade, de atitudes, de comportamentos de ego\u00edsmo, de fechamento em si, de autossufici\u00eancia, de modo a adquirir uma nova perspectiva e uma nova vis\u00e3o \u2500 precisamente a que se funda na mensagem de Jesus Cristo \u2500 que exige humilde abertura a Deus e a todos os irm\u00e3os. Neste caminho de f\u00e9 que, sem d\u00favida, apresenta as suas etapas fadigosas e as suas inevit\u00e1veis dificuldades, \u00e9 para v\u00f3s amparo, conforto, ilumina\u00e7\u00e3o e orienta\u00e7\u00e3o a Palavra de Deus, a Sagrada Escritura, que deve ser aprofundada, lida, meditada e estudada, com a consci\u00eancia de que ela n\u00e3o \u00e9 um simples livro, mas \u00e9 Deus mesmo que fala, atua, interpela, envolve e convida a uma atenta escuta, levando \u00e0 total ades\u00e3o \u00e0 sua vontade. E a palavra de Deus, quer a do Antigo Testamento quer a do Novo, vos faz encontrar com Aquele de quem a Escritura est\u00e1 repleta, ou seja, com Jesus Cristo, o qual com a encarna\u00e7\u00e3o &#8220;se uniu de algum modo a todo o homem&#8221; <em>(cf. Gaudium et Spes, 22).<\/em>&#13;\n&#13;\n<em>\u00a0<\/em><\/p>\n\n<div class=\"wp-block-image\"><figure class=\"alignright size-medium\"><img loading=\"lazy\" decoding=\"async\" width=\"300\" height=\"242\" src=\"https:\/\/neocatechumenaleiter.org\/wp-content\/uploads\/2020\/03\/Camino_Neocatecumenal_Juan_Pablo_II_audiencia_catequistas_itinerantes_19822-300x242.jpg\" alt=\"\" class=\"wp-image-1641\" srcset=\"https:\/\/neocatechumenaleiter.org\/wp-content\/uploads\/2020\/03\/Camino_Neocatecumenal_Juan_Pablo_II_audiencia_catequistas_itinerantes_19822-300x242.jpg 300w, https:\/\/neocatechumenaleiter.org\/wp-content\/uploads\/2020\/03\/Camino_Neocatecumenal_Juan_Pablo_II_audiencia_catequistas_itinerantes_19822.jpg 694w\" sizes=\"auto, (max-width: 300px) 100vw, 300px\" \/><\/figure><\/div>\n\n<p>2. Nas vossas reflex\u00f5es comunit\u00e1rias quisestes meditar sobre o valor basilar do sacramento do Batismo no itiner\u00e1rio espiritual do crist\u00e3o e desejais reviver, na vossa vida de crist\u00e3os, a complexa e rica experi\u00eancia que a Igreja nos primeiros s\u00e9culos fazia os seus novos filhos percorrerem.\u00a0 Sem cair num f\u00e1cil arqueologismo de formas, sois conscientes de que realizar a dimens\u00e3o batismal significa, antes de tudo, procurar colher na sua origem a identidade aut\u00eantica de sermos crist\u00e3os; isto \u00e9, viver a profunda mudan\u00e7a que se realizou na nossa realidade humana com a irrup\u00e7\u00e3o da gra\u00e7a divina:\u00a0 termo-nos tornado templos vivos da Sant\u00edssima Trindade, ramos da videira, que \u00e9 Cristo, membros do Corpo M\u00edstico, do Cristo Total, isto \u00e9, da Igreja. Escrevendo sobre os maravilhosos efeitos sobrenaturais do Batismo, assim se exprimia S\u00e3o Fulberto de Chartres, bispo: &#8220;Sabemos com certeza que, sendo pecadores no primeiro nascimento, somos purificados no segundo; escravos no primeiro, somos livres pelo segundo; terrenos no primeiro, somos celestes pelo segundo; carnais por culpa do primeiro nascimento, tornamo-nos espirituais pela gra\u00e7a do segundo; por aquele filhos da ira, por este filhos da gra\u00e7a. Quem, portanto, ofende a dignidade do Batismo, saiba que ofende a Deus mesmo&#8230; \u00c9, pois, uma gra\u00e7a da doutrina da salva\u00e7\u00e3o conhecer a profundidade do mist\u00e9rio do Batismo&#8221; <em>(Ep. 5: PL 141, 198 s.). <\/em>Realizar a dimens\u00e3o batismal significa unir-se intimamente a Cristo na Eucaristia, fonte e cume da vida crist\u00e3 e de toda a evangeliza\u00e7\u00e3o <em>(cf. Lumen Gentium, 11; Presbyterorum Ordinis, 5)<\/em>; significa amar generosamente, concretamente, efetivamente todos os homens, de modo especial aqueles que, espiritual ou materialmente, s\u00e3o pobres e necessitados; significa reestruturar toda a pr\u00f3pria vida moral em coer\u00eancia e em conformidade com as promessas batismais.&#13;\nEste caminho, caminho da f\u00e9, caminho do redescobrimento do Batismo\u00a0 \u2500 dizia aos vossos amigos da par\u00f3quia dos Santos M\u00e1rtires Canadenses em Roma \u2500 deve ser um caminho do homem novo; este v\u00ea qual \u00e9 a verdadeira propor\u00e7\u00e3o, ou melhor, a despropor\u00e7\u00e3o da cria\u00e7\u00e3o de sua exist\u00eancia, da sua condi\u00e7\u00e3o de criatura em rela\u00e7\u00e3o ao Deus, \u00e0 sua majestade infinita, ao Deus Redentor, ao Deus Santo e Santificador, e procura realizar-se naquela perspectiva&#8221; <em>(Insegnamenti di Giovanni Paolo II, III\/2, 1980, p. 1044).<\/em>&#13;\n&#13;\n\u00a0<\/p>\n\n<p>3. Neste per\u00edodo lit\u00fargico do Natal, os evangelhos de Mateus e de Lucas nos apresentam algumas pessoas, cujo comportamento para com o rec\u00e9m-nascido Jesus foi particularmente exemplar para n\u00f3s: os misteriosos magos, com a riqueza da sua cultura, atenta e sens\u00edvel aos sinais da transcend\u00eancia; os pobres pastores, vigilantes do rebanho, prontos e obedientes \u00e0s advert\u00eancias dos anjos; Jos\u00e9, o homem justo, que no sono est\u00e1tico est\u00e1 em cont\u00ednua escuta da vontade do Eterno e, sobretudo, Maria, a Virgem M\u00e3e, que a Deus se confia completamente, pronuncia o <em>fiat<\/em>\u00a0e concebe no seu seio o Filho do Alt\u00edssimo para o apresentar e oferec\u00ea-lo aos homens.&#13;\nA Ela, de modo particular, car\u00edssimos irm\u00e3os e irm\u00e3s, vos confio como tamb\u00e9m o vosso compromisso generoso, para que, em perfeita e concorde ades\u00e3o \u00e0 Igreja e sempre sob a dire\u00e7\u00e3o pastoral dos bispos, ofere\u00e7ais uma contribui\u00e7\u00e3o pessoal para a obra fundamental da catequese, fazendo de modo a n\u00e3o transmitir a vossa doutrina ou a de outro mestre, mas &#8220;os ensinamentos de Jesus Cristo, a Verdade que Ele comunica, ou, mais precisamente, a Verdade que Ele \u00e9&#8221; <em>( Ex. Ap. Catechesi Tradendae, 6).<\/em><\/p>\n\n<p><strong>Com esses votos e em sinal do meu afeto, concedo-vos de cora\u00e7\u00e3o a B\u00ean\u00e7\u00e3o Apost\u00f3lica.&#8221;<\/strong><\/p>\n\n<p><em>(*) Cfr. \u00abL\u2019Osservatore Romano\u00bb, 7-8 janeiro 1982.<\/em><\/p>\n","protected":false},"excerpt":{"rendered":"<p>Audi\u00eancia privada aos catequistas itinerantes na Sala Clementina 7\/1\/1882 S\u00e3o Jo\u00e3o Paulo II Roma, 7 de janeiro de 1982 * O Santo Padre recebeu em audi\u00eancia mais de 300 catequistas itinerantes das Comunidades Neocatecumenais procedentes de 70 na\u00e7\u00f5es. Depois da acolhida com um canto, Kiko dirigiu ao Papa as seguintes palavras: &#8220;Car\u00edssimo Padre:&#13; Est\u00e3o aqui presentes 300 catequistas das Comunidades Neocatecumenais que fundaram o Caminho Neocatecumenal em 70 na\u00e7\u00f5es; formam<\/p>\n<div class=\"read-more\"><a class=\"btn read-more-btn\" href=\"https:\/\/neocatechumenaleiter.org\/pt-br\/palavras-dos-papas\/sao-joao-paulo-ii\/audiencia-privada-aos-catequistas-itinerantes-na-sala-clementina-7-1-1882\/\">Ler mais<\/a><\/div>\n","protected":false},"author":2,"featured_media":0,"parent":4247,"menu_order":12,"comment_status":"closed","ping_status":"closed","template":"","meta":{"footnotes":""},"class_list":["post-6566","page","type-page","status-publish","hentry"],"_links":{"self":[{"href":"https:\/\/neocatechumenaleiter.org\/pt-br\/wp-json\/wp\/v2\/pages\/6566","targetHints":{"allow":["GET"]}}],"collection":[{"href":"https:\/\/neocatechumenaleiter.org\/pt-br\/wp-json\/wp\/v2\/pages"}],"about":[{"href":"https:\/\/neocatechumenaleiter.org\/pt-br\/wp-json\/wp\/v2\/types\/page"}],"author":[{"embeddable":true,"href":"https:\/\/neocatechumenaleiter.org\/pt-br\/wp-json\/wp\/v2\/users\/2"}],"replies":[{"embeddable":true,"href":"https:\/\/neocatechumenaleiter.org\/pt-br\/wp-json\/wp\/v2\/comments?post=6566"}],"version-history":[{"count":6,"href":"https:\/\/neocatechumenaleiter.org\/pt-br\/wp-json\/wp\/v2\/pages\/6566\/revisions"}],"predecessor-version":[{"id":14568,"href":"https:\/\/neocatechumenaleiter.org\/pt-br\/wp-json\/wp\/v2\/pages\/6566\/revisions\/14568"}],"up":[{"embeddable":true,"href":"https:\/\/neocatechumenaleiter.org\/pt-br\/wp-json\/wp\/v2\/pages\/4247"}],"wp:attachment":[{"href":"https:\/\/neocatechumenaleiter.org\/pt-br\/wp-json\/wp\/v2\/media?parent=6566"}],"curies":[{"name":"wp","href":"https:\/\/api.w.org\/{rel}","templated":true}]}}