{"id":6622,"date":"2020-03-02T02:22:10","date_gmt":"2020-03-02T01:22:10","guid":{"rendered":"https:\/\/neocatechumenaleiter.org\/palavras-dos-papas\/sao-joao-paulo-ii\/visita-a-paroquia-da-natividade-de-nosso-senhor-jesus-cristo-14-12-1980\/"},"modified":"2021-08-10T11:01:03","modified_gmt":"2021-08-10T10:01:03","slug":"visita-a-paroquia-da-natividade-de-nosso-senhor-jesus-cristo-14-12-1980","status":"publish","type":"page","link":"https:\/\/neocatechumenaleiter.org\/pt-br\/palavras-dos-papas\/sao-joao-paulo-ii\/visita-a-paroquia-da-natividade-de-nosso-senhor-jesus-cristo-14-12-1980\/","title":{"rendered":"Visita \u00e0 par\u00f3quia da Natividade de Nosso Senhor Jesus Cristo 14\/12\/1980"},"content":{"rendered":"\n<h1 class=\"has-text-align-center wp-block-heading\">Visita \u00e0 par\u00f3quia da Natividade de Nosso Senhor Jesus Cristo 14\/12\/1980<\/h1>\n\n<div style=\"height:20px\" aria-hidden=\"true\" class=\"wp-block-spacer\"><\/div>\n\n<h4 class=\"has-text-align-center wp-block-heading\">S\u00e3o Jo\u00e3o Paulo II<\/h4>\n\n<div style=\"height:20px\" aria-hidden=\"true\" class=\"wp-block-spacer\"><\/div>\n\n<p><strong>Roma, 14 de dezembro de 1980<\/strong><\/p>\n\n<p><em>As comunidades neocatecumenais est\u00e3o presentes, percorrendo o que elas chamam de &#8220;Caminho\u201d e trabalhando apostolicamente em v\u00e1rias par\u00f3quias de Roma. Por isso o Papa se encontra frequentemente com elas durante suas visitas pastorais \u00e0s distintas par\u00f3quias da cidade e sempre lhes dirige palavras de conforto e exorta\u00e7\u00e3o. Fazemos refer\u00eancia aqui ao encontro que ocorreu no domingo 14 de dezembro, na par\u00f3quia romana da Natividade de Nosso Senhor Jesus Cristo, com quatro Comunidades Neocatecumenais que caminham ali. Na cripta do templo, onde as comunidades se re\u00fanem, Kiko saudou o Santo Padre em nome de todos, e Jo\u00e3o Paulo II espontaneamente lhes falou assim:<\/em><\/p>\n\n<div class=\"wp-block-image\"><figure class=\"alignright size-large\"><img loading=\"lazy\" decoding=\"async\" width=\"273\" height=\"404\" src=\"https:\/\/neocatechumenaleiter.org\/wp-content\/uploads\/2020\/03\/Camino_Neocatecumenal_Juan_Pablo_II_visita_parroquia_Natividad_1980.jpg\" alt=\"\" class=\"wp-image-1507\" srcset=\"https:\/\/neocatechumenaleiter.org\/wp-content\/uploads\/2020\/03\/Camino_Neocatecumenal_Juan_Pablo_II_visita_parroquia_Natividad_1980.jpg 273w, https:\/\/neocatechumenaleiter.org\/wp-content\/uploads\/2020\/03\/Camino_Neocatecumenal_Juan_Pablo_II_visita_parroquia_Natividad_1980-203x300.jpg 203w\" sizes=\"auto, (max-width: 273px) 100vw, 273px\" \/><\/figure><\/div>\n\n<p>&#8220;Encontramo-nos muitas vezes em v\u00e1rias par\u00f3quias de Roma, a \u00faltima vez foi na par\u00f3quia dos M\u00e1rtires Canadenses. Ao chegar aqui encontrei muitas crian\u00e7as e as abracei. Isso me fez pensar rapidamente nas palavras do Senhor, que disse uma vez que todos devemos nos &#8216;<em>tornar como as crian\u00e7as&#8217;<\/em>, ainda que tenhamos 50 ou 60 anos como eu, ou mais; devemos ser como crian\u00e7as. Trata-se precisamente da filia\u00e7\u00e3o sobrenatural, que faz raiz em n\u00f3s e come\u00e7a no momento do Batismo. V\u00f3s que, como neocatec\u00famenos, estais centrados em vossa espiritualidade no mist\u00e9rio do Batismo, deveis viver profundamente o mist\u00e9rio da filia\u00e7\u00e3o divina, o mist\u00e9rio de ser filhos de Deus, e tudo o que procede desta realidade que constitui o aut\u00eantico dinamismo da filia\u00e7\u00e3o divina.<\/p>\n\n<p>Isso \u00e9 essencialmente o que queria vos dizer; mas digo de uma maneira particular porque sois paroquianos da par\u00f3quia da Natividade, onde o mist\u00e9rio do Filho de Deus feito homem est\u00e1 no centro da vida comunit\u00e1ria e tamb\u00e9m porque j\u00e1 est\u00e1 pr\u00f3xima a festa do Natal. Desejo que caminheis sempre, e progridais sempre nessa realidade interior e sobrenatural que \u00e9 a realidade da gra\u00e7a, da gra\u00e7a dos filhos adotivos de Deus, feitos semelhantes a seu Filho unig\u00eanito que se fez homem para nos atrair e nos fazer semelhantes a Ele&#8221;.&#13;\nQuando o Papa acabou de pronunciar essas palavras, Kiko lhe apresentou alguns catequistas itinerantes que, formados na par\u00f3quia da Natividade, est\u00e3o agora levando seu testemunho a v\u00e1rios pa\u00edses do mundo.&#13;\nEntre eles havia um jovem sacerdote que acabara de voltar da Am\u00e9rica Latina. O sacerdote quis explicar a Jo\u00e3o Paulo II a dram\u00e1tica situa\u00e7\u00e3o que os mission\u00e1rios e catequistas t\u00eam que enfrentar, especialmente na Am\u00e9rica Central e do Sul. &#8220;Necessitamos, disse o sacerdote, ser confortados, Santo Padre, porque \u00e9 muito dif\u00edcil a situa\u00e7\u00e3o que a Am\u00e9rica Central est\u00e1 vivendo. Voltamos aqui como S\u00e3o Paulo nos perguntando se corremos em v\u00e3o, porque nos encontramos em uma situa\u00e7\u00e3o na qual n\u00e3o sabemos se a Igreja \u00e9 para a revolu\u00e7\u00e3o, como muitos dizem a\u00ed, ou se \u00e9 para anunciar Jesus Cristo&#8221;.<\/p>\n\n<p><em>Antes de que o sacerdote tivesse terminado de falar, o Papa disse com voz forte e clara:<\/em><\/p>\n\n<p><strong><em>&#8220;Anunciai a Cristo somente!<\/em><\/strong><\/p>\n\n<p>Dou-te a resposta: Anunciai a Cristo! A Cristo somente! <em>(um estrondoso aplauso abafou as palavras do Pastor Supremo)<\/em>. Posso acrescentar \u2013 continuou o Santo Padre \u2013 que n\u00e3o passe um s\u00f3 dia sem que eu reze por esses pa\u00edses, sobretudo pelos mais atormentados, aos quais sigo com amor e confian\u00e7a. Tendes que saber \u2013 concluiu o Papa depois de uma breve pausa \u2013 que ali h\u00e1 tamb\u00e9m uma M\u00e3e muito forte!&#8221;<\/p>\n","protected":false},"excerpt":{"rendered":"<p>Visita \u00e0 par\u00f3quia da Natividade de Nosso Senhor Jesus Cristo 14\/12\/1980 S\u00e3o Jo\u00e3o Paulo II Roma, 14 de dezembro de 1980 As comunidades neocatecumenais est\u00e3o presentes, percorrendo o que elas chamam de &#8220;Caminho\u201d e trabalhando apostolicamente em v\u00e1rias par\u00f3quias de Roma. Por isso o Papa se encontra frequentemente com elas durante suas visitas pastorais \u00e0s distintas par\u00f3quias da cidade e sempre lhes dirige palavras de conforto e exorta\u00e7\u00e3o. Fazemos refer\u00eancia<\/p>\n<div class=\"read-more\"><a class=\"btn read-more-btn\" href=\"https:\/\/neocatechumenaleiter.org\/pt-br\/palavras-dos-papas\/sao-joao-paulo-ii\/visita-a-paroquia-da-natividade-de-nosso-senhor-jesus-cristo-14-12-1980\/\">Ler mais<\/a><\/div>\n","protected":false},"author":2,"featured_media":0,"parent":4247,"menu_order":8,"comment_status":"closed","ping_status":"closed","template":"","meta":{"footnotes":""},"class_list":["post-6622","page","type-page","status-publish","hentry"],"_links":{"self":[{"href":"https:\/\/neocatechumenaleiter.org\/pt-br\/wp-json\/wp\/v2\/pages\/6622","targetHints":{"allow":["GET"]}}],"collection":[{"href":"https:\/\/neocatechumenaleiter.org\/pt-br\/wp-json\/wp\/v2\/pages"}],"about":[{"href":"https:\/\/neocatechumenaleiter.org\/pt-br\/wp-json\/wp\/v2\/types\/page"}],"author":[{"embeddable":true,"href":"https:\/\/neocatechumenaleiter.org\/pt-br\/wp-json\/wp\/v2\/users\/2"}],"replies":[{"embeddable":true,"href":"https:\/\/neocatechumenaleiter.org\/pt-br\/wp-json\/wp\/v2\/comments?post=6622"}],"version-history":[{"count":8,"href":"https:\/\/neocatechumenaleiter.org\/pt-br\/wp-json\/wp\/v2\/pages\/6622\/revisions"}],"predecessor-version":[{"id":24014,"href":"https:\/\/neocatechumenaleiter.org\/pt-br\/wp-json\/wp\/v2\/pages\/6622\/revisions\/24014"}],"up":[{"embeddable":true,"href":"https:\/\/neocatechumenaleiter.org\/pt-br\/wp-json\/wp\/v2\/pages\/4247"}],"wp:attachment":[{"href":"https:\/\/neocatechumenaleiter.org\/pt-br\/wp-json\/wp\/v2\/media?parent=6622"}],"curies":[{"name":"wp","href":"https:\/\/api.w.org\/{rel}","templated":true}]}}