{"id":6638,"date":"2020-03-03T05:05:52","date_gmt":"2020-03-03T04:05:52","guid":{"rendered":"https:\/\/neocatechumenaleiter.org\/palavras-dos-papas\/sao-joao-paulo-ii\/visita-do-papa-joao-paulo-ii-a-paroquia-de-santo-irineu-9-3-1986\/"},"modified":"2021-08-10T11:05:31","modified_gmt":"2021-08-10T10:05:31","slug":"visita-do-papa-joao-paulo-ii-a-paroquia-de-santo-irineu-9-3-1986","status":"publish","type":"page","link":"https:\/\/neocatechumenaleiter.org\/pt-br\/palavras-dos-papas\/sao-joao-paulo-ii\/visita-do-papa-joao-paulo-ii-a-paroquia-de-santo-irineu-9-3-1986\/","title":{"rendered":"Visita do Papa Jo\u00e3o Paulo II \u00e0 par\u00f3quia de Santo Irineu 9\/3\/1986"},"content":{"rendered":"\n<h1 class=\"has-text-align-center wp-block-heading\">Visita do Papa Jo\u00e3o Paulo II \u00e0 par\u00f3quia de Santo Irineu 9\/3\/1986<\/h1>\n\n<div style=\"height:20px\" aria-hidden=\"true\" class=\"wp-block-spacer\"><\/div>\n\n<h4 class=\"has-text-align-center wp-block-heading\">S\u00e3o Jo\u00e3o Paulo II<\/h4>\n\n<div style=\"height:20px\" aria-hidden=\"true\" class=\"wp-block-spacer\"><\/div>\n\n<div class=\"wp-block-image\"><figure class=\"alignright size-large\"><img loading=\"lazy\" decoding=\"async\" width=\"700\" height=\"563\" src=\"https:\/\/neocatechumenaleiter.org\/wp-content\/uploads\/2020\/03\/Camino_Neocatecumenal_Juan_Pablo_II_visita_parroquia_San_Irineo_1986.jpg\" alt=\"\" class=\"wp-image-1931\" srcset=\"https:\/\/neocatechumenaleiter.org\/wp-content\/uploads\/2020\/03\/Camino_Neocatecumenal_Juan_Pablo_II_visita_parroquia_San_Irineo_1986.jpg 700w, https:\/\/neocatechumenaleiter.org\/wp-content\/uploads\/2020\/03\/Camino_Neocatecumenal_Juan_Pablo_II_visita_parroquia_San_Irineo_1986-300x241.jpg 300w\" sizes=\"auto, (max-width: 700px) 100vw, 700px\" \/><\/figure><\/div>\n\n<p><strong>Roma, 9 de mar\u00e7o de 1986<\/strong><\/p>\n\n<p>H\u00e1 13 anos nascia em Santo Irineu a primeira Comunidade Neocatecumenal. Desde ent\u00e3o, o Caminho se desenvolveu atraindo um n\u00famero cada vez maior de pessoas, tanto que hoje as comunidades presentes na par\u00f3quia s\u00e3o cinco e para alguns fi\u00e9is \u00e9 chegado o momento da <em>redditio<\/em>, da profiss\u00e3o p\u00fablica da f\u00e9, depois de estarem como mission\u00e1rios pelo bairro por alguns anos.&#13;\n&#13;\nJo\u00e3o Paulo II se encontrou na Igreja paroquial com a vibrante realidade das Comunidades Neocatecumenais. Foi um encontro longo e festivo em que n\u00e3o faltaram momentos de profunda como\u00e7\u00e3o, sobretudo quando dois jovens proclamaram o &#8220;Credo&#8221;, recordando o caminho de convers\u00e3o e da descoberta do amor de Deus.&#13;\n&#13;\nAcolhido com o canto &#8220;Maria, tu acreditaste na Palavra do Senhor&#8221;, o Santo Padre se deteve por um longo tempo para saudar os presentes e, em particular, as numerosas crian\u00e7as.&#13;\n&#13;\nDepois de uma breve apresenta\u00e7\u00e3o do p\u00e1roco, o catequista Edoardo Magri dirigiu ao Papa uma sauda\u00e7\u00e3o em que ilustrou a atividade realizada pelas comunidades e os resultados. Explicou o significado da etapa da <em>traditio<\/em>, durante a qual os irm\u00e3os s\u00e3o enviados de casa em casa para anunciar o Evangelho, e o da <em>redditio<\/em>, que culmina no Domingo de Ramos com a entrega\u00ad da palma da vit\u00f3ria, s\u00edmbolo do chamado do crist\u00e3o a dar testemunho da pr\u00f3pria f\u00e9 at\u00e9 o mart\u00edrio.&#13;\n&#13;\n&#8220;Depois da <em>redditio\u00a0<\/em>\u2013\u00a0disse o catequista Edoardo Magri \u2013 n\u00f3s pedimos aos irm\u00e3os para se colocarem \u00e0 disposi\u00e7\u00e3o do p\u00e1roco, justamente porque o Caminho Neocatecumenal n\u00e3o quer ser\u00ad um movimento que leva adiante algo seu, mas quer estar na Igreja a servi\u00e7o da Igreja&#8221;.&#13;\n&#13;\nAos membros das Comunidades Neocatecumenais Jo\u00e3o Paulo II dirigiu estas palavras:<\/p>\n\n<p>Car\u00edssimos, quando eu escuto este canto, este canto a Maria: &#8220;Maria, tu acreditaste na palavra do Senhor&#8221;, sei imediatamente que est\u00e1 presente um grupo neocatecumenal. Em qualquer lugar, em todo lugar que ou\u00e7o este canto, escuto-o em diversos pa\u00edses e em diversos continentes, como recentemente escutei este canto na \u00cdndia, o mesmo tom, a mesma melodia, as mesmas palavras: esta invoca\u00e7\u00e3o a Maria, que acreditou, e assim se tornou a primeira que acreditou, podemos dizer uma corifeia de todos os crentes. Acreditou, no sentido mais pleno e mais frutuoso. &#8220;Maria tu acreditaste na palavra do Senhor&#8221;: assim sua parente Isabel a aben\u00e7oou, a sua prima aben\u00e7oou Maria com estas palavras. E com estas palavras n\u00f3s a aben\u00e7oamos, a Igreja a aben\u00e7oa, toda a Igreja e v\u00f3s Neocatecumenais especialmente a aben\u00e7oam. Porque para v\u00f3s, o caminho da f\u00e9 \u00e9 a coisa essencial, caminho da f\u00e9, aquele caminho que tem o seu in\u00edcio sacramental no Batismo, aquele caminho que tem a sua dimens\u00e3o ao longo da vida do homem, de cada um de n\u00f3s.&#13;\nEste caminho, como dissestes muito bem, sobretudo na primeira exposi\u00e7\u00e3o, este caminho tem tamb\u00e9m o seu ritmo. Este ritmo se exprime com estas duas palavras: &#8220;Traditio&#8221; e &#8220;Redditio&#8221;. A f\u00e9 deve ser &#8220;tradita&#8221;, transmitida e acolhida, recebida e isto se faz com o Batismo e isto \u00e9 feito depois na educa\u00e7\u00e3o crist\u00e3. Isto \u00e9 feito por meio das diversas pessoas, dos diversos mensageiros de Deus, como foi para Maria o mensageiro ang\u00e9lico: Gabriel. Isso foi feito por meio de Jesus Cristo que \u00e9 o primeiro, o absoluto mensageiro de Deus para toda a humanidade. Isso foi feito por meio dos ap\u00f3stolos e se faz por meio da Igreja. Este primeiro ritmo, esta primeira etapa, \u00e9 receber a &#8220;Traditio&#8221;, a tradi\u00e7\u00e3o: a f\u00e9 vem &#8220;tradita&#8221; e vem recebida; depois isso deve ter um prosseguimento, uma continuidade com uma outra etapa: esta \u00e9 a &#8220;Redditio&#8221;: a f\u00e9 uma vez recebida deve ser transmitida, porque \u00e9 um bem, um tesouro, \u00e9 um tesouro gratuito que nos \u00e9 oferecido por Deus, n\u00e3o apenas para ser guardado dentro de n\u00f3s, para ser vivido num sentido intimista, privado, mas nos \u00e9 dado, nos \u00e9 &#8220;tradito&#8221; para ser transmitido aos outros. Mas \u00e9 preciso que haja um grande entusiasmo, uma grande convic\u00e7\u00e3o da f\u00e9 para lev\u00e1-la aos demais, para transmiti-la aos outros.&#13;\nE assim os Neocatecumenais tornam-se catequistas itinerantes, levando o evangelho de Cristo, levando o testemunho da f\u00e9; n\u00e3o somente palavras santas com sentido abstrato, mas palavras testemunhadas, Palavra de Deus testemunhada pela f\u00e9 de cada um. Isso \u00e9 uma for\u00e7a.&#13;\nBem, car\u00edssimos, eu vos desejo que este duplo ritmo da f\u00e9: &#8220;Traditio&#8221; e &#8220;Redditio&#8221;, constitua sempre o ritmo da vossa vida, seja quando estejais em caminho ou quando tamb\u00e9m, terminado o Caminho, retornais, mas retornais como crist\u00e3os precisamente maduros, na comunidade da Igreja, na comunidade da par\u00f3quia.&#13;\n<\/p>\n\n<p>Vejo-vos sempre com muito gosto, os encontros convosco s\u00e3o muito alegres por causa de dois elementos: um \u00e9 o canto, um canto muito en\u00e9rgico, que ressoa, que ressoa; e o outro s\u00e3o as crian\u00e7as, os pequeninos que fazem, digamos assim, o seu pr\u00f3prio Caminho Neocatecumenal, gra\u00e7as a Deus! E nos d\u00e3o uma grande alegria, sempre, a n\u00f3s todos, para mim uma grande alegria quando os vejo. Desejo abra\u00e7ar a todos v\u00f3s com esta b\u00ean\u00e7\u00e3o e tamb\u00e9m vos desejo uma boa P\u00e1scoa no vosso Caminho Neocatecumenal. Que Deus onipotente vos aben\u00e7oe, Pai, Filho e Esp\u00edrito Santo.<\/p>\n\n<p>Boa P\u00e1scoa!<\/p>\n","protected":false},"excerpt":{"rendered":"<p>Visita do Papa Jo\u00e3o Paulo II \u00e0 par\u00f3quia de Santo Irineu 9\/3\/1986 S\u00e3o Jo\u00e3o Paulo II Roma, 9 de mar\u00e7o de 1986 H\u00e1 13 anos nascia em Santo Irineu a primeira Comunidade Neocatecumenal. Desde ent\u00e3o, o Caminho se desenvolveu atraindo um n\u00famero cada vez maior de pessoas, tanto que hoje as comunidades presentes na par\u00f3quia s\u00e3o cinco e para alguns fi\u00e9is \u00e9 chegado o momento da redditio, da profiss\u00e3o p\u00fablica<\/p>\n<div class=\"read-more\"><a class=\"btn read-more-btn\" href=\"https:\/\/neocatechumenaleiter.org\/pt-br\/palavras-dos-papas\/sao-joao-paulo-ii\/visita-do-papa-joao-paulo-ii-a-paroquia-de-santo-irineu-9-3-1986\/\">Ler mais<\/a><\/div>\n","protected":false},"author":2,"featured_media":0,"parent":4247,"menu_order":35,"comment_status":"closed","ping_status":"closed","template":"","meta":{"footnotes":""},"class_list":["post-6638","page","type-page","status-publish","hentry"],"_links":{"self":[{"href":"https:\/\/neocatechumenaleiter.org\/pt-br\/wp-json\/wp\/v2\/pages\/6638","targetHints":{"allow":["GET"]}}],"collection":[{"href":"https:\/\/neocatechumenaleiter.org\/pt-br\/wp-json\/wp\/v2\/pages"}],"about":[{"href":"https:\/\/neocatechumenaleiter.org\/pt-br\/wp-json\/wp\/v2\/types\/page"}],"author":[{"embeddable":true,"href":"https:\/\/neocatechumenaleiter.org\/pt-br\/wp-json\/wp\/v2\/users\/2"}],"replies":[{"embeddable":true,"href":"https:\/\/neocatechumenaleiter.org\/pt-br\/wp-json\/wp\/v2\/comments?post=6638"}],"version-history":[{"count":4,"href":"https:\/\/neocatechumenaleiter.org\/pt-br\/wp-json\/wp\/v2\/pages\/6638\/revisions"}],"predecessor-version":[{"id":24306,"href":"https:\/\/neocatechumenaleiter.org\/pt-br\/wp-json\/wp\/v2\/pages\/6638\/revisions\/24306"}],"up":[{"embeddable":true,"href":"https:\/\/neocatechumenaleiter.org\/pt-br\/wp-json\/wp\/v2\/pages\/4247"}],"wp:attachment":[{"href":"https:\/\/neocatechumenaleiter.org\/pt-br\/wp-json\/wp\/v2\/media?parent=6638"}],"curies":[{"name":"wp","href":"https:\/\/api.w.org\/{rel}","templated":true}]}}