{"id":6640,"date":"2020-04-06T21:39:31","date_gmt":"2020-04-06T20:39:31","guid":{"rendered":"https:\/\/neocatechumenaleiter.org\/palavras-dos-papas\/sao-joao-paulo-ii\/vigilia-pascal-na-basilica-de-sao-pedro-solene-renovacao-das-promessas-batismais-de-duas-comunidades-ao-final-do-itinerario-neocatecumenal-29-3-1986\/"},"modified":"2020-04-22T23:01:31","modified_gmt":"2020-04-22T22:01:31","slug":"vigilia-pascal-na-basilica-de-sao-pedro-solene-renovacao-das-promessas-batismais-de-duas-comunidades-ao-final-do-itinerario-neocatecumenal-29-3-1986","status":"publish","type":"page","link":"https:\/\/neocatechumenaleiter.org\/pt-br\/palavras-dos-papas\/sao-joao-paulo-ii\/vigilia-pascal-na-basilica-de-sao-pedro-solene-renovacao-das-promessas-batismais-de-duas-comunidades-ao-final-do-itinerario-neocatecumenal-29-3-1986\/","title":{"rendered":"Vig\u00edlia Pascal na Bas\u00edlica de S\u00e3o Pedro com duas comunidades de Madri 29\/3\/1986"},"content":{"rendered":"\n<h1 class=\"has-text-align-center wp-block-heading\">Vig\u00edlia Pascal na Bas\u00edlica de S\u00e3o Pedro com duas comunidades de Madri 29\/3\/1986<\/h1>\n\n<div style=\"height:20px\" aria-hidden=\"true\" class=\"wp-block-spacer\"><\/div>\n\n<h4 class=\"has-text-align-center wp-block-heading\">S\u00e3o Jo\u00e3o Paulo II<\/h4>\n\n<div style=\"height:20px\" aria-hidden=\"true\" class=\"wp-block-spacer\"><\/div>\n\n<p><strong>Bas\u00edlica de S\u00e3o Pedro, 29 de mar\u00e7o de 1986<\/strong><\/p>\n\n<p><em>Durante a celebra\u00e7\u00e3o da Vig\u00edlia Pascal com o Santo Padre, num setor reservado da Bas\u00edlica Vaticana, os 100 membros da primeira comunidade neocatecumenal de Nossa Senhora\u00ad do Tr\u00e2nsito de Madri e da primeira comunidade do Centro Neocatecumenal Diocesano de Madri renovaram solenemente as promessas batismais ao terminarem o itiner\u00e1rio\u00ad neocatecumenal.<\/em><\/p>\n\n<div class=\"wp-block-image\"><figure class=\"aligncenter size-large\"><img loading=\"lazy\" decoding=\"async\" width=\"480\" height=\"389\" src=\"https:\/\/neocatechumenaleiter.org\/wp-content\/uploads\/2020\/03\/Camino_Neocatecumenal_Juan_Pablo_II_vigilia_pascual_hermanos_vestidura_blanca_Transito_Madrid_1986.jpg\" alt=\"\" class=\"wp-image-1941\" srcset=\"https:\/\/neocatechumenaleiter.org\/wp-content\/uploads\/2020\/03\/Camino_Neocatecumenal_Juan_Pablo_II_vigilia_pascual_hermanos_vestidura_blanca_Transito_Madrid_1986.jpg 480w, https:\/\/neocatechumenaleiter.org\/wp-content\/uploads\/2020\/03\/Camino_Neocatecumenal_Juan_Pablo_II_vigilia_pascual_hermanos_vestidura_blanca_Transito_Madrid_1986-300x243.jpg 300w\" sizes=\"auto, (max-width: 480px) 100vw, 480px\" \/><\/figure><\/div>\n","protected":false},"excerpt":{"rendered":"<p>Vig\u00edlia Pascal na Bas\u00edlica de S\u00e3o Pedro com duas comunidades de Madri 29\/3\/1986 S\u00e3o Jo\u00e3o Paulo II Bas\u00edlica de S\u00e3o Pedro, 29 de mar\u00e7o de 1986 Durante a celebra\u00e7\u00e3o da Vig\u00edlia Pascal com o Santo Padre, num setor reservado da Bas\u00edlica Vaticana, os 100 membros da primeira comunidade neocatecumenal de Nossa Senhora\u00ad do Tr\u00e2nsito de Madri e da primeira comunidade do Centro Neocatecumenal Diocesano de Madri renovaram solenemente as promessas<\/p>\n<div class=\"read-more\"><a class=\"btn read-more-btn\" href=\"https:\/\/neocatechumenaleiter.org\/pt-br\/palavras-dos-papas\/sao-joao-paulo-ii\/vigilia-pascal-na-basilica-de-sao-pedro-solene-renovacao-das-promessas-batismais-de-duas-comunidades-ao-final-do-itinerario-neocatecumenal-29-3-1986\/\">Ler mais<\/a><\/div>\n","protected":false},"author":2,"featured_media":0,"parent":4247,"menu_order":37,"comment_status":"closed","ping_status":"closed","template":"","meta":{"footnotes":""},"class_list":["post-6640","page","type-page","status-publish","hentry"],"_links":{"self":[{"href":"https:\/\/neocatechumenaleiter.org\/pt-br\/wp-json\/wp\/v2\/pages\/6640","targetHints":{"allow":["GET"]}}],"collection":[{"href":"https:\/\/neocatechumenaleiter.org\/pt-br\/wp-json\/wp\/v2\/pages"}],"about":[{"href":"https:\/\/neocatechumenaleiter.org\/pt-br\/wp-json\/wp\/v2\/types\/page"}],"author":[{"embeddable":true,"href":"https:\/\/neocatechumenaleiter.org\/pt-br\/wp-json\/wp\/v2\/users\/2"}],"replies":[{"embeddable":true,"href":"https:\/\/neocatechumenaleiter.org\/pt-br\/wp-json\/wp\/v2\/comments?post=6640"}],"version-history":[{"count":5,"href":"https:\/\/neocatechumenaleiter.org\/pt-br\/wp-json\/wp\/v2\/pages\/6640\/revisions"}],"predecessor-version":[{"id":8158,"href":"https:\/\/neocatechumenaleiter.org\/pt-br\/wp-json\/wp\/v2\/pages\/6640\/revisions\/8158"}],"up":[{"embeddable":true,"href":"https:\/\/neocatechumenaleiter.org\/pt-br\/wp-json\/wp\/v2\/pages\/4247"}],"wp:attachment":[{"href":"https:\/\/neocatechumenaleiter.org\/pt-br\/wp-json\/wp\/v2\/media?parent=6640"}],"curies":[{"name":"wp","href":"https:\/\/api.w.org\/{rel}","templated":true}]}}