{"id":6642,"date":"2020-04-06T21:56:52","date_gmt":"2020-04-06T20:56:52","guid":{"rendered":"https:\/\/neocatechumenaleiter.org\/palavras-dos-papas\/sao-joao-paulo-ii\/visita-do-papa-joao-paulo-ii-a-paroquia-de-sao-felix-de-cantalice-4-5-1986\/"},"modified":"2020-06-06T19:38:39","modified_gmt":"2020-06-06T18:38:39","slug":"visita-do-papa-joao-paulo-ii-a-paroquia-de-sao-felix-de-cantalice-4-5-1986","status":"publish","type":"page","link":"https:\/\/neocatechumenaleiter.org\/pt-br\/palavras-dos-papas\/sao-joao-paulo-ii\/visita-do-papa-joao-paulo-ii-a-paroquia-de-sao-felix-de-cantalice-4-5-1986\/","title":{"rendered":"Visita \u00e0 par\u00f3quia de S\u00e3o Felix de Cantalice 4\/5\/1986"},"content":{"rendered":"\n<h1 class=\"has-text-align-center wp-block-heading\">Visita \u00e0 par\u00f3quia de S\u00e3o Felix de Cantalice 4\/5\/1986<\/h1>\n\n<div style=\"height:20px\" aria-hidden=\"true\" class=\"wp-block-spacer\"><\/div>\n\n<h4 class=\"has-text-align-center wp-block-heading\">S\u00e3o Jo\u00e3o Paulo II<\/h4>\n\n<div style=\"height:20px\" aria-hidden=\"true\" class=\"wp-block-spacer\"><\/div>\n\n<div class=\"wp-block-image\"><figure class=\"alignleft size-large\"><img loading=\"lazy\" decoding=\"async\" width=\"495\" height=\"396\" src=\"https:\/\/neocatechumenaleiter.org\/wp-content\/uploads\/2020\/06\/Camino-Neocatecumenal-Visita-parroquia-San-Felice-Cantalice.jpg\" alt=\"\" class=\"wp-image-13925\" srcset=\"https:\/\/neocatechumenaleiter.org\/wp-content\/uploads\/2020\/06\/Camino-Neocatecumenal-Visita-parroquia-San-Felice-Cantalice.jpg 495w, https:\/\/neocatechumenaleiter.org\/wp-content\/uploads\/2020\/06\/Camino-Neocatecumenal-Visita-parroquia-San-Felice-Cantalice-300x240.jpg 300w\" sizes=\"auto, (max-width: 495px) 100vw, 495px\" \/><\/figure><\/div>\n\n<p><strong>Roma, 4 de maio de 1986 *<\/strong><\/p>\n\n<p><em>\u00c9 consider\u00e1vel a representa\u00e7\u00e3o dos grupos neocatecumenais na par\u00f3quia. O Papa teve um encontro particular com eles em que, depois de ter escutado o testemunho de um dos catequistas da comunidade, quis recordar os numerosos encontros com os grupos neocatecumenais em todas as par\u00f3quias de Roma e durante as visitas que realizou em outras cidades da It\u00e1lia e do mundo. Grupos que, recordou o Papa, t\u00eam algo que permite distingui-los\u00ad rapidamente dos outros.<\/em><\/p>\n\n<p><em>Apresenta\u00e7\u00e3o do catequista da par\u00f3quia (Giacomo):<\/em>&#13;\n&#13;\n&#8220;Santidade, falo eu porque sou o catequista destes irm\u00e3os. Primeiramente, estou muito contente de estar com o senhor, na gra\u00e7a que a Igreja nos doa com plenitude, com do\u00e7ura. Digo isto porque eu por natureza sou um violento e tive uma inf\u00e2ncia muito sofrida, muito atribulada; como n\u00e3o estava na Igreja, isto criou em mim uma imagem de um Deus justiceiro que teria que me pagar por tudo o que eu tinha sofrido.\u00a0 Isso me fez sofrer muito, crescer de uma maneira completamente equivocada, a ser um desses crist\u00e3os que s\u00e3o esc\u00e2ndalo porque pregam coisas que n\u00e3o p\u00f5em em pr\u00e1tica. Quando me dei conta desta realidade, de que era um esc\u00e2ndalo para os outros porque tinha feito da viol\u00eancia o meu &#8220;credo&#8221;, j\u00e1 estava casado e tinha dois filhos pequenos e com medo de mim mesmo, Padre, e pensei tamb\u00e9m em colocar fim \u00e0 minha vida; pedi \u00e0 Virgem Maria, de quem era devoto, que me ajudasse, que desse um sentido \u00e0quilo que fazia, porque estava completamente perdido. Num domingo, quando fui \u00e0 missa, encontrei um leigo, um como eu, que anunciou o perd\u00e3o e a miseric\u00f3rdia de Jesus Cristo para as pessoas violentas como eu, Padre. Tamb\u00e9m para os violentos como eu, o Senhor tinha um caminho para retornar ao amor e ao perd\u00e3o. Eis, Padre, que j\u00e1 s\u00e3o 15 anos que estou neste Caminho e a Igreja me envia ao mundo para anunciar o perd\u00e3o e a miseric\u00f3rdia&#8221;.<\/p>\n\n<p><em>O Papa dirigiu estas palavras \u00e0s comunidades neocatecumenais presentes:<\/em><\/p>\n\n<p>Obrigado por este testemunho. N\u00e3o \u00e9 a primeira vez que escuto o testemunho de um neocatecumenal e sempre me deixa muito impressionado\u00ad. Mas quando me aproximei e escutei o canto &#8220;Maria, bendita Maria&#8221;, ent\u00e3o imediatamente soube quem eram os que cantavam\u00ad, porque com este canto vos reconhe\u00e7o em toda parte: no meio do continente africano ou na \u00cdndia, em qualquer lugar do mundo vos destacais\u00ad com este canto<em> &#8220;Maria, bendita Maria, tu acreditaste na Palavra do Senhor&#8221;.<\/em>&#13;\n&#13;\nIsto caracteriza o vosso caminho, caracteriza o caminho de todas as comunidades neocatecumenais, de cada um de v\u00f3s, porque se trata de um caminho de f\u00e9; de uma f\u00e9 que \u00e0s vezes \u00e9 quase que totalmente\u00ad reencontrada numa\u00a0 convers\u00e3o profunda. Por vezes esta f\u00e9 \u00e9 novamente reencontrada no sentido de que \u00e9 profunda, reencontrada na sua profundidade. Na sua profundidade. A f\u00e9 tem uma profundidade estupenda, imensa, da qual n\u00f3s fi\u00e9is nem sempre somos conscientes. A f\u00e9 \u00e9 a participa\u00e7\u00e3o\u00ad no pr\u00f3prio conhecimento de Deus. Deus nos faz conhecer a si mesmo e a f\u00e9 nos prepara para a vis\u00e3o de Deus e\u00a0 leva o germe desta vis\u00e3o de Deus. A f\u00e9 deve ser sempre descoberta durante o curso da nossa\u00ad vida. Muitas vezes \u00e9 negligenciada pelos\u00a0 pelos crist\u00e3os esta dimens\u00e3o profunda da f\u00e9; muitos n\u00e3o sabem que coisa \u00e9, o que carregam dentro de si, mesmo sendo crentes, tendo a f\u00e9!&#13;\n&#13;\nVosso Caminho consiste nisto: encontrar totalmente a f\u00e9 ou reencontrar no sentido de aprofundamento daquilo que j\u00e1\u00a0se tinha antes. E se insere muito bem o significado do vosso canto: &#8220;<em>Maria, bendita Maria, tu acreditaste na Palavra do Senhor<\/em>&#8220;.<\/p>\n\n<p>N\u00e3o \u00e9 poss\u00edvel conceber uma f\u00e9 mais perfeita que a f\u00e9 de Maria. Este \u00e9 o v\u00e9rtice da f\u00e9 que cada criatura humana teve Nela. Uma f\u00e9 que \u00e9 demonstrada sobretudo depois da Anuncia\u00e7\u00e3o. Podemos dizer que \u00e9 uma f\u00e9 inacredit\u00e1vel:\u00ad falta-nos um paradigma para exprimir esta f\u00e9 de Maria. Isabel disse isto tamb\u00e9m a Maria &#8220;Bendita aquela que acreditou na Palavra do Senhor&#8221;.&#13;\n&#13;\nA f\u00e9 de Maria \u00e9, certamente, exemplo da f\u00e9 que todos os crentes devem ter, todos os que reencontram esta f\u00e9, que a aprofundam e especialmente de todos v\u00f3s que tendes este caminho da f\u00e9 como carisma pr\u00f3prio, como miss\u00e3o pr\u00f3pria do vosso ser Neocatecumenal.&#13;\n&#13;\nAssim, sempre me d\u00e1 alegria encontrar os vossos grupos, porque encontro\u00ad com os pais, com os adultos, encontro muitas crian\u00e7as. Dizem que os neocatec\u00famenos\u00ad t\u00eam fam\u00edlias numerosas, t\u00eam tantos filhos: esta \u00e9 tamb\u00e9m uma prova de f\u00e9, da f\u00e9 em Deus.<\/p>\n\n<p>Para dar vida ao homem \u00e9 preciso a f\u00e9 em Deus. Se hoje n\u00f3s vivemos esta grande crise denominada demogr\u00e1fica, crise da fam\u00edlia, crise da paternidade, da maternidade, crise grande e profunda, esta \u00e9 uma consequ\u00eancia da falta de f\u00e9 em Deus. N\u00e3o \u00e9 poss\u00edvel  melhorar isso sen\u00e3o com uma f\u00e9 profunda em Deus. \u00c9 preciso ter f\u00e9 em Deus para dar a vida ao homem.<\/p>\n\n<p>(*) Cfr. \u00abL\u2019Osservatore Romano\u00bb, 5-6 maggio 1986, con integrazioni dalla registrazione diretta.<\/p>\n","protected":false},"excerpt":{"rendered":"<p>Visita \u00e0 par\u00f3quia de S\u00e3o Felix de Cantalice 4\/5\/1986 S\u00e3o Jo\u00e3o Paulo II Roma, 4 de maio de 1986 * \u00c9 consider\u00e1vel a representa\u00e7\u00e3o dos grupos neocatecumenais na par\u00f3quia. O Papa teve um encontro particular com eles em que, depois de ter escutado o testemunho de um dos catequistas da comunidade, quis recordar os numerosos encontros com os grupos neocatecumenais em todas as par\u00f3quias de Roma e durante as visitas<\/p>\n<div class=\"read-more\"><a class=\"btn read-more-btn\" href=\"https:\/\/neocatechumenaleiter.org\/pt-br\/palavras-dos-papas\/sao-joao-paulo-ii\/visita-do-papa-joao-paulo-ii-a-paroquia-de-sao-felix-de-cantalice-4-5-1986\/\">Ler mais<\/a><\/div>\n","protected":false},"author":2,"featured_media":0,"parent":4247,"menu_order":37,"comment_status":"closed","ping_status":"closed","template":"","meta":{"footnotes":""},"class_list":["post-6642","page","type-page","status-publish","hentry"],"_links":{"self":[{"href":"https:\/\/neocatechumenaleiter.org\/pt-br\/wp-json\/wp\/v2\/pages\/6642","targetHints":{"allow":["GET"]}}],"collection":[{"href":"https:\/\/neocatechumenaleiter.org\/pt-br\/wp-json\/wp\/v2\/pages"}],"about":[{"href":"https:\/\/neocatechumenaleiter.org\/pt-br\/wp-json\/wp\/v2\/types\/page"}],"author":[{"embeddable":true,"href":"https:\/\/neocatechumenaleiter.org\/pt-br\/wp-json\/wp\/v2\/users\/2"}],"replies":[{"embeddable":true,"href":"https:\/\/neocatechumenaleiter.org\/pt-br\/wp-json\/wp\/v2\/comments?post=6642"}],"version-history":[{"count":6,"href":"https:\/\/neocatechumenaleiter.org\/pt-br\/wp-json\/wp\/v2\/pages\/6642\/revisions"}],"predecessor-version":[{"id":13946,"href":"https:\/\/neocatechumenaleiter.org\/pt-br\/wp-json\/wp\/v2\/pages\/6642\/revisions\/13946"}],"up":[{"embeddable":true,"href":"https:\/\/neocatechumenaleiter.org\/pt-br\/wp-json\/wp\/v2\/pages\/4247"}],"wp:attachment":[{"href":"https:\/\/neocatechumenaleiter.org\/pt-br\/wp-json\/wp\/v2\/media?parent=6642"}],"curies":[{"name":"wp","href":"https:\/\/api.w.org\/{rel}","templated":true}]}}