{"id":6644,"date":"2020-04-06T22:02:33","date_gmt":"2020-04-06T21:02:33","guid":{"rendered":"https:\/\/neocatechumenaleiter.org\/palavras-dos-papas\/sao-joao-paulo-ii\/audiencia-privada-do-papa-joao-paulo-ii-as-comunidades-neocatecumenais-da-espanha-e-ivrea-7-12-1986\/"},"modified":"2020-06-06T16:21:54","modified_gmt":"2020-06-06T15:21:54","slug":"audiencia-privada-do-papa-joao-paulo-ii-as-comunidades-neocatecumenais-da-espanha-e-ivrea-7-12-1986","status":"publish","type":"page","link":"https:\/\/neocatechumenaleiter.org\/pt-br\/palavras-dos-papas\/sao-joao-paulo-ii\/audiencia-privada-do-papa-joao-paulo-ii-as-comunidades-neocatecumenais-da-espanha-e-ivrea-7-12-1986\/","title":{"rendered":"Audi\u00eancia privada \u00e0s comunidades da Espanha e Ivrea 7\/12\/1986"},"content":{"rendered":"\n<h1 class=\"has-text-align-center wp-block-heading\">Audi\u00eancia privada \u00e0s comunidades da Espanha e Ivrea 7\/12\/1986<\/h1>\n\n<div style=\"height:20px\" aria-hidden=\"true\" class=\"wp-block-spacer\"><\/div>\n\n<h4 class=\"has-text-align-center wp-block-heading\">S\u00e3o Jo\u00e3o Paulo II<\/h4>\n\n<div style=\"height:20px\" aria-hidden=\"true\" class=\"wp-block-spacer\"><\/div>\n\n<p><strong>Cidade do Vaticano\u00a0\u2013\u00a0Sala Clementina, 7 de dezembro de 1986 *<\/strong><\/p>\n\n<p><em>O Papa recebeu nesta manh\u00e3, em audi\u00eancia privada, os membros das Comunidades Neocatecumenais\u00ad de cinco par\u00f3quias da Espanha e uma de Ivrea, em peregrina\u00e7\u00e3o \u00e0 Tumba de S\u00e3o Pedro e \u00e0 Santa Casa de Loreto.<\/em>&#13;\n&#13;\n<em>Segue o discurso pronunciado pelo Santo Padre:<\/em><\/p>\n\n<p>&#8220;\u00c9 motivo de particular alegria o encontro convosco, irm\u00e3os e irm\u00e3s das comunidades neocatecumenais, que vindes confessar a vossa f\u00e9\u00ad crist\u00e3, proclamar a f\u00e9, e que com a vossa visita a Roma fazem profiss\u00e3o de catolicidade, de universalidade diante do sucessor\u00ad de Pedro, nesta etapa importante do vosso Caminho Neocatecumenal\u00ad: peregrina\u00e7\u00e3o ao centro da cristandade em pleno s\u00e9culo XX, sinal da vossa vontade de uni\u00e3o e fidelidade \u00e0 Igreja de Cristo.&#13;\n&#13;\nN\u00e3o poderia faltar ao vosso itiner\u00e1rio a visita \u00e0 M\u00e3e; por isso, coloquem aos p\u00e9s da Sant\u00edssima Virgem vossas esperan\u00e7as e vossos desejos apost\u00f3licos para que, por sua intercess\u00e3o, o seu divino Filho fa\u00e7a verdadeiramente fecundo o vosso testemunho de ora\u00e7\u00e3o, de sacrif\u00edcio, de caridade, de servi\u00e7o aos irm\u00e3os.&#13;\n&#13;\nDesejo animar-vos no vosso caminhar anunciando a Boa Not\u00edcia do Reino para que sejais portadores da mensagem da esperan\u00e7a. Repito a exorta\u00e7\u00e3o de S\u00e3o Pedro: &#8220;Estai sempre prontos a dar raz\u00e3o da vossa esperan\u00e7a a todo aquele que vos pedir&#8221;.&#13;\n&#13;\nQue este per\u00edodo lit\u00fargico que estamos vivendo seja de grande esperan\u00e7a pela vinda do Redentor, Aquele que \u00e9 o portador da paz que o mundo n\u00e3o pode dar.&#13;\n&#13;\nNas minhas ora\u00e7\u00f5es eu vos confio a Maria, modelo de esperan\u00e7a, para que o vosso generoso servi\u00e7o evang\u00e9lico, em plena comunh\u00e3o com os pastores da Igreja, produza grandes frutos de vida crist\u00e3.&#13;\n&#13;\nAben\u00e7oo a todos v\u00f3s de cora\u00e7\u00e3o: adultos e crian\u00e7as, irm\u00e3os e irm\u00e3s, a todos, em nome do Pai e do Filho e do Esp\u00edrito Santo&#8221;.<\/p>\n\n<p><em>(*) Cfr. \u00abL\u2019Osservatore Romano\u00bb, 9-10 dicembre 1986.<\/em><\/p>\n\n<figure class=\"wp-block-gallery aligncenter columns-2 is-cropped wp-block-gallery-1 is-layout-flex wp-block-gallery-is-layout-flex\"><ul class=\"blocks-gallery-grid\"><li class=\"blocks-gallery-item\"><figure><img loading=\"lazy\" decoding=\"async\" width=\"690\" height=\"560\" src=\"https:\/\/neocatechumenaleiter.org\/wp-content\/uploads\/2020\/03\/Camino_Neocatecumenal_Juan_Pablo_II_visita_parroquia_San_Felice_1986.jpg\" alt=\"S&#xE3;o Jo&#xE3;o Paulo II Audi&#xEA;ncia privada &#xE0;s comunidades da Espanha e Ivrea\" data-id=\"1947\" data-full-url=\"https:\/\/neocatechumenaleiter.org\/wp-content\/uploads\/2020\/03\/Camino_Neocatecumenal_Juan_Pablo_II_visita_parroquia_San_Felice_1986.jpg\" data-link=\"https:\/\/neocatechumenaleiter.org\/palabras-de-los-papas\/s-juan-pablo-ii\/visita-a-la-parroquia-de-san-felice-da-cantalice-4-5-1986\/camino_neocatecumenal_juan_pablo_ii_visita_parroquia_san_felice_1986\/\" class=\"wp-image-1951\" srcset=\"https:\/\/neocatechumenaleiter.org\/wp-content\/uploads\/2020\/03\/Camino_Neocatecumenal_Juan_Pablo_II_visita_parroquia_San_Felice_1986.jpg 690w, https:\/\/neocatechumenaleiter.org\/wp-content\/uploads\/2020\/03\/Camino_Neocatecumenal_Juan_Pablo_II_visita_parroquia_San_Felice_1986-300x243.jpg 300w\" sizes=\"auto, (max-width: 690px) 100vw, 690px\" \/><figcaption class=\"blocks-gallery-item__caption\">Iniciadores do Caminho Neocatecumenal cumprimentam o Papa Jo\u00e3o Paulo II<\/figcaption><\/figure><\/li><li class=\"blocks-gallery-item\"><figure><img loading=\"lazy\" decoding=\"async\" width=\"689\" height=\"560\" src=\"https:\/\/neocatechumenaleiter.org\/wp-content\/uploads\/2020\/03\/Camino_Neocatecumenal_Juan_Pablo_II_visita_parroquia_San_Felice_19862.jpg\" alt=\"S&#xE3;o Jo&#xE3;o Paulo II Audi&#xEA;ncia privada &#xE0;s comunidades da Espanha e Ivrea\" data-id=\"1954\" data-full-url=\"https:\/\/neocatechumenaleiter.org\/wp-content\/uploads\/2020\/03\/Camino_Neocatecumenal_Juan_Pablo_II_visita_parroquia_San_Felice_19862.jpg\" data-link=\"https:\/\/neocatechumenaleiter.org\/palabras-de-los-papas\/s-juan-pablo-ii\/visita-a-la-parroquia-de-san-felice-da-cantalice-4-5-1986\/camino_neocatecumenal_juan_pablo_ii_visita_parroquia_san_felice_19862\/\" class=\"wp-image-1958\" srcset=\"https:\/\/neocatechumenaleiter.org\/wp-content\/uploads\/2020\/03\/Camino_Neocatecumenal_Juan_Pablo_II_visita_parroquia_San_Felice_19862.jpg 689w, https:\/\/neocatechumenaleiter.org\/wp-content\/uploads\/2020\/03\/Camino_Neocatecumenal_Juan_Pablo_II_visita_parroquia_San_Felice_19862-300x244.jpg 300w\" sizes=\"auto, (max-width: 689px) 100vw, 689px\" \/><figcaption class=\"blocks-gallery-item__caption\">As comunidades da Espanha e Ivrea proclamam o Credo perante o Papa<\/figcaption><\/figure><\/li><\/ul><\/figure>","protected":false},"excerpt":{"rendered":"<p>Audi\u00eancia privada \u00e0s comunidades da Espanha e Ivrea 7\/12\/1986 S\u00e3o Jo\u00e3o Paulo II Cidade do Vaticano\u00a0\u2013\u00a0Sala Clementina, 7 de dezembro de 1986 * O Papa recebeu nesta manh\u00e3, em audi\u00eancia privada, os membros das Comunidades Neocatecumenais\u00ad de cinco par\u00f3quias da Espanha e uma de Ivrea, em peregrina\u00e7\u00e3o \u00e0 Tumba de S\u00e3o Pedro e \u00e0 Santa Casa de Loreto.&#13; &#13; Segue o discurso pronunciado pelo Santo Padre: &#8220;\u00c9 motivo de particular<\/p>\n<div class=\"read-more\"><a class=\"btn read-more-btn\" href=\"https:\/\/neocatechumenaleiter.org\/pt-br\/palavras-dos-papas\/sao-joao-paulo-ii\/audiencia-privada-do-papa-joao-paulo-ii-as-comunidades-neocatecumenais-da-espanha-e-ivrea-7-12-1986\/\">Ler mais<\/a><\/div>\n","protected":false},"author":2,"featured_media":0,"parent":4247,"menu_order":38,"comment_status":"closed","ping_status":"closed","template":"","meta":{"footnotes":""},"class_list":["post-6644","page","type-page","status-publish","hentry"],"_links":{"self":[{"href":"https:\/\/neocatechumenaleiter.org\/pt-br\/wp-json\/wp\/v2\/pages\/6644","targetHints":{"allow":["GET"]}}],"collection":[{"href":"https:\/\/neocatechumenaleiter.org\/pt-br\/wp-json\/wp\/v2\/pages"}],"about":[{"href":"https:\/\/neocatechumenaleiter.org\/pt-br\/wp-json\/wp\/v2\/types\/page"}],"author":[{"embeddable":true,"href":"https:\/\/neocatechumenaleiter.org\/pt-br\/wp-json\/wp\/v2\/users\/2"}],"replies":[{"embeddable":true,"href":"https:\/\/neocatechumenaleiter.org\/pt-br\/wp-json\/wp\/v2\/comments?post=6644"}],"version-history":[{"count":6,"href":"https:\/\/neocatechumenaleiter.org\/pt-br\/wp-json\/wp\/v2\/pages\/6644\/revisions"}],"predecessor-version":[{"id":13901,"href":"https:\/\/neocatechumenaleiter.org\/pt-br\/wp-json\/wp\/v2\/pages\/6644\/revisions\/13901"}],"up":[{"embeddable":true,"href":"https:\/\/neocatechumenaleiter.org\/pt-br\/wp-json\/wp\/v2\/pages\/4247"}],"wp:attachment":[{"href":"https:\/\/neocatechumenaleiter.org\/pt-br\/wp-json\/wp\/v2\/media?parent=6644"}],"curies":[{"name":"wp","href":"https:\/\/api.w.org\/{rel}","templated":true}]}}