{"id":6648,"date":"2020-04-06T22:08:30","date_gmt":"2020-04-06T21:08:30","guid":{"rendered":"https:\/\/neocatechumenaleiter.org\/palavras-dos-papas\/sao-joao-paulo-ii\/o-papa-joao-paulo-ii-visita-a-paroquia-de-santa-maria-rainha-do-mundo-em-torre-spaccata-14-12-1986\/"},"modified":"2020-04-23T19:53:44","modified_gmt":"2020-04-23T18:53:44","slug":"o-papa-joao-paulo-ii-visita-a-paroquia-de-santa-maria-rainha-do-mundo-em-torre-spaccata-14-12-1986","status":"publish","type":"page","link":"https:\/\/neocatechumenaleiter.org\/pt-br\/palavras-dos-papas\/sao-joao-paulo-ii\/o-papa-joao-paulo-ii-visita-a-paroquia-de-santa-maria-rainha-do-mundo-em-torre-spaccata-14-12-1986\/","title":{"rendered":"Visita \u00e0 par\u00f3quia de Santa Maria Rainha do Mundo em Torre Spaccata 14\/12\/1986"},"content":{"rendered":"\n<h1 class=\"has-text-align-center wp-block-heading\">Visita \u00e0 par\u00f3quia de Santa Maria Rainha do Mundo em Torre Spaccata 14\/12\/1986<\/h1>\n\n<div style=\"height:20px\" aria-hidden=\"true\" class=\"wp-block-spacer\"><\/div>\n\n<h4 class=\"has-text-align-center wp-block-heading\">S. Jo\u00e3o Paulo II<\/h4>\n\n<div style=\"height:20px\" aria-hidden=\"true\" class=\"wp-block-spacer\"><\/div>\n\n<p><strong>Roma, 14 de dezembro de 1986 <\/strong><\/p>\n\n<p><em>Conclu\u00eddo o encontro com o Conselho Pastoral, em uma outra sala o Papa se encontrou com os representantes de todos os grupos e associa\u00e7\u00f5es, que foram apresentados pelo p\u00e1roco. Entre os fi\u00e9is estavam tamb\u00e9m presentes alguns itinerantes.<\/em>&#013;\n&#013;\n<em>A todos o Papa dirigiu estas palavras:<\/em><\/p>\n\n<p>&#8220;Sa\u00fado a todos os presentes e, por meio de v\u00f3s, todos os grupos de apostolado de leigos, grupos diversos, caracterizados por um certo programa, de uma certa espiritualidade. Por exemplo, h\u00e1 uma espiritualidade carmelitana que tem o seu sinal vis\u00edvel no escapul\u00e1rio carmelitano, que h\u00e1 muitos anos eu carrego comigo. Depois h\u00e1 uma espiritualidade Neocatecumenal e de outros grupos. Outros programas, outras espiritualidades. Todos contribuem para o bem comum da Igreja. Isto que digo corresponde \u00e0s palavras de S\u00e3o Paulo: a Igreja Corpo de Cristo. Muitos \u00f3rg\u00e3os, muitos membros, muitas c\u00e9lulas contribuem para a vida do corpo, de um organismo. N\u00f3s tamb\u00e9m somos um organismo espiritual, um organismo m\u00edstico, que se chama Corpo de Cristo e todos recebemos deste organismo os diversos impulsos do Esp\u00edrito Santo, as diversas gra\u00e7as, gra\u00e7as especiais, os diversos carismas. Depois, com este impulso, com estas gra\u00e7as procuramos contribuir para o bem do corpo, para o conjunto do corpo m\u00edstico de Cristo, da par\u00f3quia que \u00e9, na analogia paulina, Corpo de Cristo. Quero expressar a minha grande alegria pelo modo como hoje haveis celebrado o 25\u00ba anivers\u00e1rio da vossa par\u00f3quia, um modo muito digno, muito belo, com grande participa\u00e7\u00e3o, com uma celebra\u00e7\u00e3o durante a qual rezou-se bem e cantou-se bem. E depois pela coroa\u00e7\u00e3o da Virgem, Rainha do Mundo. Desejo todo o bem a cada um de v\u00f3s e \u00e0s vossas associa\u00e7\u00f5es. Que elas sejam uma fonte de bem para os outros e para v\u00f3s mesmos. Tamb\u00e9m vos desejo um Feliz Natal.&#8221;<\/p>\n","protected":false},"excerpt":{"rendered":"<p>Visita \u00e0 par\u00f3quia de Santa Maria Rainha do Mundo em Torre Spaccata 14\/12\/1986 S. Jo\u00e3o Paulo II Roma, 14 de dezembro de 1986 Conclu\u00eddo o encontro com o Conselho Pastoral, em uma outra sala o Papa se encontrou com os representantes de todos os grupos e associa\u00e7\u00f5es, que foram apresentados pelo p\u00e1roco. Entre os fi\u00e9is estavam tamb\u00e9m presentes alguns itinerantes.&#013; &#013; A todos o Papa dirigiu estas palavras: &#8220;Sa\u00fado a<\/p>\n<div class=\"read-more\"><a class=\"btn read-more-btn\" href=\"https:\/\/neocatechumenaleiter.org\/pt-br\/palavras-dos-papas\/sao-joao-paulo-ii\/o-papa-joao-paulo-ii-visita-a-paroquia-de-santa-maria-rainha-do-mundo-em-torre-spaccata-14-12-1986\/\">Ler mais<\/a><\/div>\n","protected":false},"author":2,"featured_media":0,"parent":4247,"menu_order":39,"comment_status":"closed","ping_status":"closed","template":"","meta":{"footnotes":""},"class_list":["post-6648","page","type-page","status-publish","hentry"],"_links":{"self":[{"href":"https:\/\/neocatechumenaleiter.org\/pt-br\/wp-json\/wp\/v2\/pages\/6648","targetHints":{"allow":["GET"]}}],"collection":[{"href":"https:\/\/neocatechumenaleiter.org\/pt-br\/wp-json\/wp\/v2\/pages"}],"about":[{"href":"https:\/\/neocatechumenaleiter.org\/pt-br\/wp-json\/wp\/v2\/types\/page"}],"author":[{"embeddable":true,"href":"https:\/\/neocatechumenaleiter.org\/pt-br\/wp-json\/wp\/v2\/users\/2"}],"replies":[{"embeddable":true,"href":"https:\/\/neocatechumenaleiter.org\/pt-br\/wp-json\/wp\/v2\/comments?post=6648"}],"version-history":[{"count":5,"href":"https:\/\/neocatechumenaleiter.org\/pt-br\/wp-json\/wp\/v2\/pages\/6648\/revisions"}],"predecessor-version":[{"id":8258,"href":"https:\/\/neocatechumenaleiter.org\/pt-br\/wp-json\/wp\/v2\/pages\/6648\/revisions\/8258"}],"up":[{"embeddable":true,"href":"https:\/\/neocatechumenaleiter.org\/pt-br\/wp-json\/wp\/v2\/pages\/4247"}],"wp:attachment":[{"href":"https:\/\/neocatechumenaleiter.org\/pt-br\/wp-json\/wp\/v2\/media?parent=6648"}],"curies":[{"name":"wp","href":"https:\/\/api.w.org\/{rel}","templated":true}]}}