{"id":6652,"date":"2020-04-06T22:50:49","date_gmt":"2020-04-06T21:50:49","guid":{"rendered":"https:\/\/neocatechumenaleiter.org\/palavras-dos-papas\/sao-joao-paulo-ii\/vigilia-pascal-na-basilica-de-sao-pedro-2-4-1984\/"},"modified":"2020-04-20T18:11:40","modified_gmt":"2020-04-20T17:11:40","slug":"vigilia-pascal-na-basilica-de-sao-pedro-2-4-1984","status":"publish","type":"page","link":"https:\/\/neocatechumenaleiter.org\/pt-br\/palavras-dos-papas\/sao-joao-paulo-ii\/vigilia-pascal-na-basilica-de-sao-pedro-2-4-1984\/","title":{"rendered":"Vig\u00edlia Pascal na Bas\u00edlica de S\u00e3o Pedro 2\/4\/1984"},"content":{"rendered":"\n<h1 class=\"has-text-align-center wp-block-heading\">Vig\u00edlia Pascal na Bas\u00edlica de S\u00e3o Pedro 2\/4\/1984<\/h1>\n\n<div style=\"height:20px\" aria-hidden=\"true\" class=\"wp-block-spacer\"><\/div>\n\n<h4 class=\"has-text-align-center wp-block-heading\">S\u00e3o Jo\u00e3o Paulo II<\/h4>\n\n<div style=\"height:20px\" aria-hidden=\"true\" class=\"wp-block-spacer\"><\/div>\n\n<p><strong>Bas\u00edlica de S\u00e3o Pedro, 21 de abril de 1984<\/strong><\/p>\n\n<p><em>Imediatamente depois das leituras e da homilia pronunciada pelo Papa, teve lugar o rito da b\u00ean\u00e7\u00e3o da \u00e1gua e o Batismo de 29 catec\u00famenos de diversos pa\u00edses\u2026 A comunidade inteira dos fi\u00e9is foi convidada a renovar e reconfirmar a pr\u00f3pria f\u00e9 no momento em que os novos irm\u00e3os se dirigiam ao altar para receber os sacramentos de inicia\u00e7\u00e3o crist\u00e3. Na<\/em><em> primeira fila da pra\u00e7a estavam 100 membros das comunidades neocatecumenais da par\u00f3quia de Santa Francesca Cabrini, com suas t\u00fanicas brancas, acompanhados de Kiko Arg\u00fcello e Carmen Hern\u00e1ndez, para renovar suas pr\u00f3prias promessas batismais.<\/em><\/p>\n\n<figure class=\"wp-block-gallery aligncenter columns-2 is-cropped wp-block-gallery-1 is-layout-flex wp-block-gallery-is-layout-flex\"><ul class=\"blocks-gallery-grid\"><li class=\"blocks-gallery-item\"><figure><img loading=\"lazy\" decoding=\"async\" width=\"366\" height=\"157\" src=\"https:\/\/neocatechumenaleiter.org\/wp-content\/uploads\/2020\/03\/Camino_Neocatecumenal_Juan_Pablo_II_vigilia_pascual_hermanos_vestidura_blanca_19842.jpg\" alt=\"\" data-id=\"1815\" data-full-url=\"https:\/\/neocatechumenaleiter.org\/wp-content\/uploads\/2020\/03\/Camino_Neocatecumenal_Juan_Pablo_II_vigilia_pascual_hermanos_vestidura_blanca_19842.jpg\" data-link=\"https:\/\/neocatechumenaleiter.org\/?attachment_id=1815\" class=\"wp-image-1819\" srcset=\"https:\/\/neocatechumenaleiter.org\/wp-content\/uploads\/2020\/03\/Camino_Neocatecumenal_Juan_Pablo_II_vigilia_pascual_hermanos_vestidura_blanca_19842.jpg 366w, https:\/\/neocatechumenaleiter.org\/wp-content\/uploads\/2020\/03\/Camino_Neocatecumenal_Juan_Pablo_II_vigilia_pascual_hermanos_vestidura_blanca_19842-300x129.jpg 300w\" sizes=\"auto, (max-width: 366px) 100vw, 366px\" \/><\/figure><\/li><li class=\"blocks-gallery-item\"><figure><img loading=\"lazy\" decoding=\"async\" width=\"362\" height=\"158\" src=\"https:\/\/neocatechumenaleiter.org\/wp-content\/uploads\/2020\/03\/Camino_Neocatecumenal_Juan_Pablo_II_vigilia_pascual_hermanos_vestidura_blanca_1984.jpg\" alt=\"\" data-id=\"1822\" data-full-url=\"https:\/\/neocatechumenaleiter.org\/wp-content\/uploads\/2020\/03\/Camino_Neocatecumenal_Juan_Pablo_II_vigilia_pascual_hermanos_vestidura_blanca_1984.jpg\" data-link=\"https:\/\/neocatechumenaleiter.org\/?attachment_id=1822\" class=\"wp-image-1826\" srcset=\"https:\/\/neocatechumenaleiter.org\/wp-content\/uploads\/2020\/03\/Camino_Neocatecumenal_Juan_Pablo_II_vigilia_pascual_hermanos_vestidura_blanca_1984.jpg 362w, https:\/\/neocatechumenaleiter.org\/wp-content\/uploads\/2020\/03\/Camino_Neocatecumenal_Juan_Pablo_II_vigilia_pascual_hermanos_vestidura_blanca_1984-300x131.jpg 300w\" sizes=\"auto, (max-width: 362px) 100vw, 362px\" \/><\/figure><\/li><\/ul><\/figure>\n","protected":false},"excerpt":{"rendered":"<p>Vig\u00edlia Pascal na Bas\u00edlica de S\u00e3o Pedro 2\/4\/1984 S\u00e3o Jo\u00e3o Paulo II Bas\u00edlica de S\u00e3o Pedro, 21 de abril de 1984 Imediatamente depois das leituras e da homilia pronunciada pelo Papa, teve lugar o rito da b\u00ean\u00e7\u00e3o da \u00e1gua e o Batismo de 29 catec\u00famenos de diversos pa\u00edses\u2026 A comunidade inteira dos fi\u00e9is foi convidada a renovar e reconfirmar a pr\u00f3pria f\u00e9 no momento em que os novos irm\u00e3os se<\/p>\n<div class=\"read-more\"><a class=\"btn read-more-btn\" href=\"https:\/\/neocatechumenaleiter.org\/pt-br\/palavras-dos-papas\/sao-joao-paulo-ii\/vigilia-pascal-na-basilica-de-sao-pedro-2-4-1984\/\">Ler mais<\/a><\/div>\n","protected":false},"author":2,"featured_media":0,"parent":4247,"menu_order":27,"comment_status":"closed","ping_status":"closed","template":"","meta":{"footnotes":""},"class_list":["post-6652","page","type-page","status-publish","hentry"],"_links":{"self":[{"href":"https:\/\/neocatechumenaleiter.org\/pt-br\/wp-json\/wp\/v2\/pages\/6652","targetHints":{"allow":["GET"]}}],"collection":[{"href":"https:\/\/neocatechumenaleiter.org\/pt-br\/wp-json\/wp\/v2\/pages"}],"about":[{"href":"https:\/\/neocatechumenaleiter.org\/pt-br\/wp-json\/wp\/v2\/types\/page"}],"author":[{"embeddable":true,"href":"https:\/\/neocatechumenaleiter.org\/pt-br\/wp-json\/wp\/v2\/users\/2"}],"replies":[{"embeddable":true,"href":"https:\/\/neocatechumenaleiter.org\/pt-br\/wp-json\/wp\/v2\/comments?post=6652"}],"version-history":[{"count":5,"href":"https:\/\/neocatechumenaleiter.org\/pt-br\/wp-json\/wp\/v2\/pages\/6652\/revisions"}],"predecessor-version":[{"id":7597,"href":"https:\/\/neocatechumenaleiter.org\/pt-br\/wp-json\/wp\/v2\/pages\/6652\/revisions\/7597"}],"up":[{"embeddable":true,"href":"https:\/\/neocatechumenaleiter.org\/pt-br\/wp-json\/wp\/v2\/pages\/4247"}],"wp:attachment":[{"href":"https:\/\/neocatechumenaleiter.org\/pt-br\/wp-json\/wp\/v2\/media?parent=6652"}],"curies":[{"name":"wp","href":"https:\/\/api.w.org\/{rel}","templated":true}]}}