{"id":6654,"date":"2020-04-06T23:21:12","date_gmt":"2020-04-06T22:21:12","guid":{"rendered":"https:\/\/neocatechumenaleiter.org\/palavras-dos-papas\/sao-joao-paulo-ii\/visita-a-paroquia-da-mae-de-deus-11-11-1984\/"},"modified":"2020-04-20T19:41:30","modified_gmt":"2020-04-20T18:41:30","slug":"visita-a-paroquia-da-mae-de-deus-11-11-1984","status":"publish","type":"page","link":"https:\/\/neocatechumenaleiter.org\/pt-br\/palavras-dos-papas\/sao-joao-paulo-ii\/visita-a-paroquia-da-mae-de-deus-11-11-1984\/","title":{"rendered":"Visita \u00e0 par\u00f3quia da Grande M\u00e3e de Deus 11\/11\/1984"},"content":{"rendered":"\n<h1 class=\"has-text-align-center wp-block-heading\">Visita \u00e0 par\u00f3quia da Grande M\u00e3e de Deus 11\/11\/1984<\/h1>\n\n<div style=\"height:20px\" aria-hidden=\"true\" class=\"wp-block-spacer\"><\/div>\n\n<h4 class=\"has-text-align-center wp-block-heading\">S\u00e3o Jo\u00e3o Paulo II<\/h4>\n\n<div style=\"height:20px\" aria-hidden=\"true\" class=\"wp-block-spacer\"><\/div>\n\n<p><strong>Roma, 11 de novembro de 1984<\/strong><\/p>\n\n<p><em>O Santo Padre se encontrou com os membros das quatro comunidades neocatecumenais\u00a0<\/em>\u2013\u00a0<em>cerca de 130 pessoas no total \u2013 que trabalham na par\u00f3quia. A eles, com suas fam\u00edlias completas, Jo\u00e3o Paulo II dirigiu estas palavras:<\/em><\/p>\n\n<p>&#8220;Em vosso itiner\u00e1rio de f\u00e9 fizestes duas descobertas: a primeira, a do Batismo, j\u00e1 que a f\u00f3rmula  &#8216;Neocatec\u00fameno&#8217; se refere a este sacramento no qual se esconde a amplitude da vida divina, que nos oferece o Pai com Cristo no Esp\u00edrito Santo; a segunda descoberta \u00e9 a do valor para viver.  A f\u00e9 tem que ser confessada, manifestada, levada aos outros, levada ao mundo. V\u00f3s tendes este valor da f\u00e9 que falta muitas vezes aos crist\u00e3os, inclusive aos batizados. Esta \u00e9 uma das faltas da vida crist\u00e3 de hoje. V\u00f3s tendes o carisma do valor na manifesta\u00e7\u00e3o da f\u00e9.  Desejo-vos que fa\u00e7ais um bom trabalho aprofundando-vos neste carisma, e um bom trabalho apost\u00f3lico na par\u00f3quia da M\u00e3e de Deus. Desejo que encontreis muita alegria nesta voca\u00e7\u00e3o, muita alegria em vossas fam\u00edlias, em vossos filhos, a quem amais particularmente e a quem dais toda a vida. Que possais obter dessas crian\u00e7as um grande consolo. Eles s\u00e3o a esperan\u00e7a da gera\u00e7\u00e3o precedente.  Com este desejo vos bendigo de cora\u00e7\u00e3o junto com quem vos \u00e9 pr\u00f3ximo e com todas as pessoas a quem vos dirigis em vosso apostolado itinerante&#8221;.<\/p>\n","protected":false},"excerpt":{"rendered":"<p>Visita \u00e0 par\u00f3quia da Grande M\u00e3e de Deus 11\/11\/1984 S\u00e3o Jo\u00e3o Paulo II Roma, 11 de novembro de 1984 O Santo Padre se encontrou com os membros das quatro comunidades neocatecumenais\u00a0\u2013\u00a0cerca de 130 pessoas no total \u2013 que trabalham na par\u00f3quia. A eles, com suas fam\u00edlias completas, Jo\u00e3o Paulo II dirigiu estas palavras: &#8220;Em vosso itiner\u00e1rio de f\u00e9 fizestes duas descobertas: a primeira, a do Batismo, j\u00e1 que a f\u00f3rmula<\/p>\n<div class=\"read-more\"><a class=\"btn read-more-btn\" href=\"https:\/\/neocatechumenaleiter.org\/pt-br\/palavras-dos-papas\/sao-joao-paulo-ii\/visita-a-paroquia-da-mae-de-deus-11-11-1984\/\">Ler mais<\/a><\/div>\n","protected":false},"author":2,"featured_media":0,"parent":4247,"menu_order":29,"comment_status":"closed","ping_status":"closed","template":"","meta":{"footnotes":""},"class_list":["post-6654","page","type-page","status-publish","hentry"],"_links":{"self":[{"href":"https:\/\/neocatechumenaleiter.org\/pt-br\/wp-json\/wp\/v2\/pages\/6654","targetHints":{"allow":["GET"]}}],"collection":[{"href":"https:\/\/neocatechumenaleiter.org\/pt-br\/wp-json\/wp\/v2\/pages"}],"about":[{"href":"https:\/\/neocatechumenaleiter.org\/pt-br\/wp-json\/wp\/v2\/types\/page"}],"author":[{"embeddable":true,"href":"https:\/\/neocatechumenaleiter.org\/pt-br\/wp-json\/wp\/v2\/users\/2"}],"replies":[{"embeddable":true,"href":"https:\/\/neocatechumenaleiter.org\/pt-br\/wp-json\/wp\/v2\/comments?post=6654"}],"version-history":[{"count":5,"href":"https:\/\/neocatechumenaleiter.org\/pt-br\/wp-json\/wp\/v2\/pages\/6654\/revisions"}],"predecessor-version":[{"id":7636,"href":"https:\/\/neocatechumenaleiter.org\/pt-br\/wp-json\/wp\/v2\/pages\/6654\/revisions\/7636"}],"up":[{"embeddable":true,"href":"https:\/\/neocatechumenaleiter.org\/pt-br\/wp-json\/wp\/v2\/pages\/4247"}],"wp:attachment":[{"href":"https:\/\/neocatechumenaleiter.org\/pt-br\/wp-json\/wp\/v2\/media?parent=6654"}],"curies":[{"name":"wp","href":"https:\/\/api.w.org\/{rel}","templated":true}]}}