{"id":6656,"date":"2020-04-07T01:53:30","date_gmt":"2020-04-07T00:53:30","guid":{"rendered":"https:\/\/neocatechumenaleiter.org\/palavras-dos-papas\/sao-joao-paulo-ii\/visita-a-paroquia-santo-hipolito-12-2-1984\/"},"modified":"2020-04-20T18:07:13","modified_gmt":"2020-04-20T17:07:13","slug":"visita-a-paroquia-santo-hipolito-12-2-1984","status":"publish","type":"page","link":"https:\/\/neocatechumenaleiter.org\/pt-br\/palavras-dos-papas\/sao-joao-paulo-ii\/visita-a-paroquia-santo-hipolito-12-2-1984\/","title":{"rendered":"Visita \u00e0 par\u00f3quia Santo Hip\u00f3lito 12\/2\/1984"},"content":{"rendered":"\n<h1 class=\"has-text-align-center wp-block-heading\">Visita \u00e0 par\u00f3quia Santo Hip\u00f3lito 12\/2\/1984<\/h1>\n\n<div style=\"height:20px\" aria-hidden=\"true\" class=\"wp-block-spacer\"><\/div>\n\n<h4 class=\"has-text-align-center wp-block-heading\">S\u00e3o Jo\u00e3o Paulo II<\/h4>\n\n<div style=\"height:20px\" aria-hidden=\"true\" class=\"wp-block-spacer\"><\/div>\n\n<div class=\"wp-block-image\"><figure class=\"alignleft size-medium\"><img loading=\"lazy\" decoding=\"async\" width=\"243\" height=\"300\" src=\"https:\/\/neocatechumenaleiter.org\/wp-content\/uploads\/2020\/03\/Camino_Neocatecumenal_Juan_Pablo_II_visita_parroquia_San_Hipolito_2984-243x300.jpg\" alt=\"\" class=\"wp-image-1794\" srcset=\"https:\/\/neocatechumenaleiter.org\/wp-content\/uploads\/2020\/03\/Camino_Neocatecumenal_Juan_Pablo_II_visita_parroquia_San_Hipolito_2984-243x300.jpg 243w, https:\/\/neocatechumenaleiter.org\/wp-content\/uploads\/2020\/03\/Camino_Neocatecumenal_Juan_Pablo_II_visita_parroquia_San_Hipolito_2984.jpg 573w\" sizes=\"auto, (max-width: 243px) 100vw, 243px\" \/><\/figure><\/div>\n\n<p><strong>Roma, 12 de fevereiro de 1984<\/strong><\/p>\n\n<p><em>Foi significativo o encontro final com as comunidades neocatecumenais que pediram ao Papa que aben\u00e7oasse os tr\u00eas catequistas itinerantes que partiam para a Turquia \u2026&#013;\nO padre Maur\u00edlio apresentou ao Papa os grupos de adultos comprometidos na vida da par\u00f3quia, enfatizando a caracter\u00edstica de cada grupo, detendo-se sobretudo em seu grupo de escotismo\u2026 e sobre as comunidades neocatecumenais que desde 1973 representam uma proposta concreta de catequiza\u00e7\u00e3o permanente para os adultos e que tiveram o privil\u00e9gio de receber a b\u00ean\u00e7\u00e3o do Papa para os 3 catequistas itinerantes que partiam para a Turquia (um sacerdote e um casal de esposos). Referindo-se justamente \u00e0 miss\u00e3o dos catequistas como fermento que leveda a comunidade, o Papa disse:<\/em><\/p>\n\n<p>&#8220;Quero agradecer por este encontro que conclui a visita \u00e0 vossa par\u00f3quia de Santo Hip\u00f3lito. Sa\u00fado a todos os grupos, assim como ao p\u00e1roco que vos apresentou. Sa\u00fado e desejo a cada um encontrar cada vez mais a pr\u00f3pria identidade crist\u00e3, o pr\u00f3prio carisma. Porque assim como as fam\u00edlias religiosas t\u00eam seu pr\u00f3prio carisma, como, por exemplo, a fam\u00edlia franciscana, os capuchinhos da fam\u00edlia franciscana, assim tamb\u00e9m os distintos grupos de apostolado de laicos t\u00eam seu carisma espec\u00edfico. Desejo que encontreis cada vez mais essa vossa identidade e este carisma de apostolado dos laicos. &#013;\nSanto Hip\u00f3lito \u00e9 uma grande e numerosa par\u00f3quia. Uma massa de homens, mas tamb\u00e9m uma massa de crist\u00e3os, porque penso que a grande parte de seus habitantes s\u00e3o batizados, e foi Jesus que nos disse que a Igreja, o Reino de Deus, \u00e9 semelhante ao p\u00e3o: para fazer o p\u00e3o precisamos da massa de farinha e precisamos tamb\u00e9m do fermento.<\/p>\n\n<p>Estou convencido de que todos esses grupos, os Carism\u00e1ticos e o Neocatecumenato, s\u00e3o fermento que devem fazer crescer, humana e crist\u00e3mente, a massa da par\u00f3quia. O fermento deve penetrar cada vez mais na massa para que ela seja mais crist\u00e3, mais consciente de ser crist\u00e3, mais respons\u00e1vel de seu car\u00e1ter crist\u00e3o, testemunhas mais respons\u00e1veis de sua identidade crist\u00e3. Vosso padroeiro, Santo Hip\u00f3lito, foi m\u00e1rtir. M\u00e1rtir quer dizer testemunha. Os crist\u00e3os devem ser testemunhas de Cristo, de sua Cruz e de seu fermento Ressurrei\u00e7\u00e3o, de sua f\u00e9, de sua esperan\u00e7a, de seu amor. Isso \u00e9 o fermento. E \u00e9 grande coisa se esse fermento deseja se estender para al\u00e9m da par\u00f3quia e chegar \u00e0 Turquia, como me diz\u00edeis, para levar o fermento do Evangelho inclusive aos n\u00e3o crist\u00e3os, em lugares um pouco intransigentes que se fecham \u00e0 mensagem do Evangelho. Alguns irm\u00e3os vossos querem ir l\u00e1 para ser fermento na massa, a fim de que toda a humanidade seja alcan\u00e7ada pelo fermento do Evangelho e cheguem a ser Reino de Deus.<\/p>\n\n<p>Desejo a todos, especialmente a v\u00f3s neocatec\u00famenos, que percorrais este caminho com alegria e com grande responsabilidade, tratando sempre de aumentar e ampliar os espa\u00e7os do amor a Cristo nosso Senhor e Redentor; ampliar os espa\u00e7os do Reino de Deus \u2013 que tem suas ra\u00edzes neste mundo \u2013 para a eternidade, para a casa do Pai. Desejo que cres\u00e7ais no Reino de Deus que ao mesmo tempo se encontra dentro de n\u00f3s, no cora\u00e7\u00e3o de cada um de n\u00f3s e no de Cristo e que tem sua dimens\u00e3o exterior na dimens\u00e3o da fam\u00edlia. Sois uma por\u00e7\u00e3o do Reino de Deus perante tudo, perante a par\u00f3quia de Santo Hip\u00f3lito. Desejo que vivais a alegria crist\u00e3, a responsabilidade crist\u00e3, a f\u00e9, a esperan\u00e7a, a caridade que antecipam neste mundo a vida divina&#8221;.<\/p>\n","protected":false},"excerpt":{"rendered":"<p>Visita \u00e0 par\u00f3quia Santo Hip\u00f3lito 12\/2\/1984 S\u00e3o Jo\u00e3o Paulo II Roma, 12 de fevereiro de 1984 Foi significativo o encontro final com as comunidades neocatecumenais que pediram ao Papa que aben\u00e7oasse os tr\u00eas catequistas itinerantes que partiam para a Turquia \u2026&#013; O padre Maur\u00edlio apresentou ao Papa os grupos de adultos comprometidos na vida da par\u00f3quia, enfatizando a caracter\u00edstica de cada grupo, detendo-se sobretudo em seu grupo de escotismo\u2026 e<\/p>\n<div class=\"read-more\"><a class=\"btn read-more-btn\" href=\"https:\/\/neocatechumenaleiter.org\/pt-br\/palavras-dos-papas\/sao-joao-paulo-ii\/visita-a-paroquia-santo-hipolito-12-2-1984\/\">Ler mais<\/a><\/div>\n","protected":false},"author":2,"featured_media":0,"parent":4247,"menu_order":25,"comment_status":"closed","ping_status":"closed","template":"","meta":{"footnotes":""},"class_list":["post-6656","page","type-page","status-publish","hentry"],"_links":{"self":[{"href":"https:\/\/neocatechumenaleiter.org\/pt-br\/wp-json\/wp\/v2\/pages\/6656","targetHints":{"allow":["GET"]}}],"collection":[{"href":"https:\/\/neocatechumenaleiter.org\/pt-br\/wp-json\/wp\/v2\/pages"}],"about":[{"href":"https:\/\/neocatechumenaleiter.org\/pt-br\/wp-json\/wp\/v2\/types\/page"}],"author":[{"embeddable":true,"href":"https:\/\/neocatechumenaleiter.org\/pt-br\/wp-json\/wp\/v2\/users\/2"}],"replies":[{"embeddable":true,"href":"https:\/\/neocatechumenaleiter.org\/pt-br\/wp-json\/wp\/v2\/comments?post=6656"}],"version-history":[{"count":5,"href":"https:\/\/neocatechumenaleiter.org\/pt-br\/wp-json\/wp\/v2\/pages\/6656\/revisions"}],"predecessor-version":[{"id":7590,"href":"https:\/\/neocatechumenaleiter.org\/pt-br\/wp-json\/wp\/v2\/pages\/6656\/revisions\/7590"}],"up":[{"embeddable":true,"href":"https:\/\/neocatechumenaleiter.org\/pt-br\/wp-json\/wp\/v2\/pages\/4247"}],"wp:attachment":[{"href":"https:\/\/neocatechumenaleiter.org\/pt-br\/wp-json\/wp\/v2\/media?parent=6656"}],"curies":[{"name":"wp","href":"https:\/\/api.w.org\/{rel}","templated":true}]}}