{"id":6658,"date":"2020-04-07T02:37:56","date_gmt":"2020-04-07T01:37:56","guid":{"rendered":"https:\/\/neocatechumenaleiter.org\/palavras-dos-papas\/sao-joao-paulo-ii\/audiencia-com-os-neocatecumenos-de-madri-23-3-1984\/"},"modified":"2020-06-08T13:35:17","modified_gmt":"2020-06-08T12:35:17","slug":"audiencia-com-os-neocatecumenos-de-madri-23-3-1984","status":"publish","type":"page","link":"https:\/\/neocatechumenaleiter.org\/pt-br\/palavras-dos-papas\/sao-joao-paulo-ii\/audiencia-com-os-neocatecumenos-de-madri-23-3-1984\/","title":{"rendered":"Audi\u00eancia com os Neocatec\u00famenos de Madri 23\/3\/1984"},"content":{"rendered":"\n<h1 class=\"has-text-align-center wp-block-heading\">Audi\u00eancia com os neocatec\u00famenos de Madri 23\/3\/1984<\/h1>\n\n<div style=\"height:20px\" aria-hidden=\"true\" class=\"wp-block-spacer\"><\/div>\n\n<h4 class=\"has-text-align-center wp-block-heading\">S\u00e3o Jo\u00e3o Paulo II<\/h4>\n\n<div style=\"height:20px\" aria-hidden=\"true\" class=\"wp-block-spacer\"><\/div>\n\n<p><strong>Roma, Sala do Consist\u00f3rio, 23 de mar\u00e7o de 1984 *<\/strong><\/p>\n\n<p><em>O Papa recebeu em audi\u00eancia nesta manh\u00e3 os membros das comunidades neocatecumenais de quatro par\u00f3quias de Madri. Pronunciando um breve discurso de sauda\u00e7\u00e3o depois de ter agradecido a visita dos neocatec\u00famenos espanh\u00f3is, disse-lhes que \u00e9 um \u201csinal de ades\u00e3o ao sucessor de Pedro, como garantia de fidelidade \u00e0 Igreja\u201d. Exortou-os tamb\u00e9m a fundamentar a pr\u00f3pria vida na f\u00e9 recebida dos ap\u00f3stolos e ensinada pelos Padres da Igreja, a fim de que ela seja \u201ca luz que ilumine cada passo de vosso caminho at\u00e9 o Pai\u201d.<\/em><br\/><em>Eis aqui o discurso do Santo Padre:<\/em><\/p>\n\n<p>&#8220;Queridos irm\u00e3os e irm\u00e3s: Alegra-me poder receber nesta manh\u00e3 vosso numeroso grupo, composto por membros das comunidades neocatecumenais das par\u00f3quias madrilenhas de S\u00e3o Jos\u00e9, S\u00e3o Sebasti\u00e3o, Virgem da Paloma e S\u00e3o Roque.&#13;\nAo dar-vos minha cordial sauda\u00e7\u00e3o, quero expressar tamb\u00e9m aos componentes das outras comunidades de vossas pr\u00f3prias par\u00f3quias e de modo particular aos vossos p\u00e1rocos aqui presentes, que tanto vos t\u00eam ajudado no encontro vital. Agrade\u00e7o-vos por esta visita, que tem por intuito ser, junto \u00e0 tumba do primeiro ap\u00f3stolo, um ato de ades\u00e3o ao sucessor de Pedro, como garantia de fidelidade eclesial, e que se insere no itiner\u00e1rio de f\u00e9 que estais percorrendo. Sei que na \u00faltima etapa dedicastes especial aten\u00e7\u00e3o a estudar os artigos do Credo, para vossa pr\u00f3pria forma\u00e7\u00e3o e para poder ajudar outros crist\u00e3os e fam\u00edlias. Por minha parte vos encorajo a fundamentar vossa vida somente na f\u00e9 recebida dos ap\u00f3stolos e ensinada pelos Padres da Igreja, e que devem ser luz que ilumine cada passo de vosso caminho at\u00e9 o Pai.<\/p>\n\n<div class=\"wp-block-image\"><figure class=\"alignright size-large\"><img loading=\"lazy\" decoding=\"async\" width=\"702\" height=\"558\" src=\"https:\/\/neocatechumenaleiter.org\/wp-content\/uploads\/2020\/03\/Camino_Neocatecumenal_Juan_Pablo_II_audiencia_catecumenos_Madrid_1984.jpg\" alt=\"\" class=\"wp-image-1808\" srcset=\"https:\/\/neocatechumenaleiter.org\/wp-content\/uploads\/2020\/03\/Camino_Neocatecumenal_Juan_Pablo_II_audiencia_catecumenos_Madrid_1984.jpg 702w, https:\/\/neocatechumenaleiter.org\/wp-content\/uploads\/2020\/03\/Camino_Neocatecumenal_Juan_Pablo_II_audiencia_catecumenos_Madrid_1984-300x238.jpg 300w\" sizes=\"auto, (max-width: 702px) 100vw, 702px\" \/><\/figure><\/div>\n\n<p>Alegra-me igualmente que em vosso programa de peregrina\u00e7\u00e3o a Roma tenhais previsto tamb\u00e9m a visita a um santu\u00e1rio mariano como o de Loreto, para colocar vossa exist\u00eancia sob o amparo maternal da Virgem Maria, a M\u00e3e de Cristo e da Igreja. Ela, que sendo a M\u00e3e do Cristo de nossa f\u00e9, foi a primeira e melhor imitadora de seu Filho, \u00e9 um sendeiro luminoso que conduz ao centro do mist\u00e9rio de Jesus Cristo <em>(cf. Marialis cultus, 25)<\/em>. Ela, com seu exemplo, nos ensina a nos entregar \u00e0 Igreja, para que se forme incessantemente nos homens irm\u00e3os do mundo a real imagem de seu Filho. Ela, que com sua vida e sacrif\u00edcio colaborou amorosamente na obra de Jesus <em>(cf. Lumen Gentium, 60 ss.),<\/em> quer continuar nos ensinando o valor de cada homem e os motivos profundos para am\u00e1-los, sem distin\u00e7\u00e3o nem reserva. Por isso, acolhei-a como verdadeira M\u00e3e, como Mestra, como guia e exemplo em toda vossa vida. Porque, longe de ofuscar a necess\u00e1ria orienta\u00e7\u00e3o cristol\u00f3gica de vossa vida, a facilitar\u00e1. Com esses desejos vos encorajo em vosso caminho, para que unidos sempre a vossos bispos e sacerdotes, e em fraternal comunh\u00e3o com os outros movimentos de espiritualidade e de apostolado devidamente reconhecidos, ofere\u00e7ais vossa generosa contribui\u00e7\u00e3o \u00e0 Igreja em nosso momento presente. Assim pe\u00e7o por v\u00f3s ao Senhor, enquanto vos dou minha B\u00ean\u00e7\u00e3o Apost\u00f3lica&#8221;.<\/p>\n\n<p><em>(*) Cfr. \u00abL\u2019Osservatore Romano\u00bb, 24 marzo 1984.<\/em><\/p>\n","protected":false},"excerpt":{"rendered":"<p>Audi\u00eancia com os neocatec\u00famenos de Madri 23\/3\/1984 S\u00e3o Jo\u00e3o Paulo II Roma, Sala do Consist\u00f3rio, 23 de mar\u00e7o de 1984 * O Papa recebeu em audi\u00eancia nesta manh\u00e3 os membros das comunidades neocatecumenais de quatro par\u00f3quias de Madri. Pronunciando um breve discurso de sauda\u00e7\u00e3o depois de ter agradecido a visita dos neocatec\u00famenos espanh\u00f3is, disse-lhes que \u00e9 um \u201csinal de ades\u00e3o ao sucessor de Pedro, como garantia de fidelidade \u00e0 Igreja\u201d.<\/p>\n<div class=\"read-more\"><a class=\"btn read-more-btn\" href=\"https:\/\/neocatechumenaleiter.org\/pt-br\/palavras-dos-papas\/sao-joao-paulo-ii\/audiencia-com-os-neocatecumenos-de-madri-23-3-1984\/\">Ler mais<\/a><\/div>\n","protected":false},"author":2,"featured_media":0,"parent":4247,"menu_order":26,"comment_status":"closed","ping_status":"closed","template":"","meta":{"footnotes":""},"class_list":["post-6658","page","type-page","status-publish","hentry"],"_links":{"self":[{"href":"https:\/\/neocatechumenaleiter.org\/pt-br\/wp-json\/wp\/v2\/pages\/6658","targetHints":{"allow":["GET"]}}],"collection":[{"href":"https:\/\/neocatechumenaleiter.org\/pt-br\/wp-json\/wp\/v2\/pages"}],"about":[{"href":"https:\/\/neocatechumenaleiter.org\/pt-br\/wp-json\/wp\/v2\/types\/page"}],"author":[{"embeddable":true,"href":"https:\/\/neocatechumenaleiter.org\/pt-br\/wp-json\/wp\/v2\/users\/2"}],"replies":[{"embeddable":true,"href":"https:\/\/neocatechumenaleiter.org\/pt-br\/wp-json\/wp\/v2\/comments?post=6658"}],"version-history":[{"count":8,"href":"https:\/\/neocatechumenaleiter.org\/pt-br\/wp-json\/wp\/v2\/pages\/6658\/revisions"}],"predecessor-version":[{"id":14058,"href":"https:\/\/neocatechumenaleiter.org\/pt-br\/wp-json\/wp\/v2\/pages\/6658\/revisions\/14058"}],"up":[{"embeddable":true,"href":"https:\/\/neocatechumenaleiter.org\/pt-br\/wp-json\/wp\/v2\/pages\/4247"}],"wp:attachment":[{"href":"https:\/\/neocatechumenaleiter.org\/pt-br\/wp-json\/wp\/v2\/media?parent=6658"}],"curies":[{"name":"wp","href":"https:\/\/api.w.org\/{rel}","templated":true}]}}