{"id":6672,"date":"2020-04-07T17:40:49","date_gmt":"2020-04-07T16:40:49","guid":{"rendered":"https:\/\/neocatechumenaleiter.org\/palavras-dos-papas\/sao-joao-paulo-ii\/visita-a-paroquia-de-santa-maria-da-misericordia-1-5-1983\/"},"modified":"2020-04-27T14:38:24","modified_gmt":"2020-04-27T13:38:24","slug":"visita-a-paroquia-de-santa-maria-da-misericordia-1-5-1983","status":"publish","type":"page","link":"https:\/\/neocatechumenaleiter.org\/pt-br\/palavras-dos-papas\/sao-joao-paulo-ii\/visita-a-paroquia-de-santa-maria-da-misericordia-1-5-1983\/","title":{"rendered":"Visita \u00e0 par\u00f3quia de Santa Maria da Miseric\u00f3rdia 1\/5\/1983"},"content":{"rendered":"\n<h1 class=\"has-text-align-center wp-block-heading\">Visita \u00e0 par\u00f3quia de Santa Maria da Miseric\u00f3rdia 1\u00ba\/5\/1983<\/h1>\n\n<div style=\"height:20px\" aria-hidden=\"true\" class=\"wp-block-spacer\"><\/div>\n\n<h4 class=\"has-text-align-center wp-block-heading\">S. Jo\u00e3o Paulo II<\/h4>\n\n<div style=\"height:20px\" aria-hidden=\"true\" class=\"wp-block-spacer\"><\/div>\n\n<p><strong>Roma, 1\u00ba de maio de 1983<\/strong><\/p>\n\n<p><em>Tendo abandonado a sala do Conselho Pastoral, o\u00a0 Santo Padre, passando pela igreja e atravessando o p\u00e1tio interno, onde se realizaria a celebra\u00e7\u00e3o, caso as condi\u00e7\u00f5es clim\u00e1ticas o permitissem, chegou ao refeit\u00f3rio do pequeno asilo paroquial, onde o esperavam os membros das comunidades neocatecumenais da par\u00f3quia. O canto a Maria, que foi a primeira a crer no Senhor, hino t\u00edpico das comunidades neocatecumenais, saudou Jo\u00e3o Paulo II ao aparecer no local. Depois de uma breve apresenta\u00e7\u00e3o &#8220;pessoal&#8221; de cada um ao Santo Padre, um dos mais idosos da comunidade dirigiu ao Papa o seguinte discurso:<\/em><\/p>\n\n<p>Santidade, h\u00e1 cerca de quatro anos, nesta par\u00f3quia, iniciou-se o caminho de f\u00e9 das comunidades neocatecumenais para redescobrir a riqueza do Batismo que recebemos quando crian\u00e7as. O Senhor mandou pessoas como n\u00f3s, nossos catequistas, para nos trazer o an\u00fancio de Jesus Cristo ressuscitado que nos p\u00f4s a caminho e ainda nos mant\u00e9m unidos: pobres e ricos, oper\u00e1rios e profissionais, mulheres e homens, jovens e velhos, casados e solteiros, fam\u00edlias inteiras; e vimos como \u00e9 poss\u00edvel vivermos juntos, em comunh\u00e3o e na alegria, alimentando-nos com a palavra de Deus e com a Eucaristia. Estamos vendo tamb\u00e9m como o Senhor est\u00e1 mudando nossa vida e nos d\u00e1 a paz e a alegria todos os dias, em toda situa\u00e7\u00e3o, e enche de dons a nossa comunidade paroquial; primeiro, a sua visita entre n\u00f3s hoje nos faz estar em festa, depois, uma nova comunidade de 40 irm\u00e3os que foi formada h\u00e1 um m\u00eas e que nos permite ver como o Esp\u00edrito Santo pode agir por meio de pessoas pobres como n\u00f3s. Esses irm\u00e3os est\u00e3o come\u00e7ando a experi\u00eancia que n\u00f3s iniciamos h\u00e1 4 anos. Eu, pessoalmente, depois de ter ficado por 15 anos afastado da Igreja, me reaproximei buscando um sentido para a minha vida. Neste caminho descobri que este sentido somente Jesus Cristo pode me dar.<\/p>\n\n<p><em>Ent\u00e3o chegou a vez de um representante dos catequistas dirigir-se ao Papa:&#013;\n<\/em>&#8220;Beat\u00edssimo Padre, \u00e9 com imensa alegria que lhe apresento o grupo de catequistas desta par\u00f3quia. H\u00e1 v\u00e1rios anos que, obedecendo aos ensinamentos da Confer\u00eancia Episcopal Italiana e seguindo as suas indica\u00e7\u00f5es, estamos levando adiante um caminho de catequese permanente, caminhos articulado na catequese sacramental da Comunh\u00e3o e da Crisma e nas intermedi\u00e1rias P\u00f3s-Comunh\u00e3o e P\u00f3s-Crisma.&#013;\nAs dificuldades devidas \u00e0 escassa colabora\u00e7\u00e3o das fam\u00edlias dos jovens, unidas ao escasso n\u00famero de leigos empenhados na catequese, \u00e0s vezes nos desencorajam, mas justamente a\u00ed experimentamos como \u00e9 grande o amor de Deus por n\u00f3s e quanto isso ainda nos ajuda a caminhar com nossos jovens. A alegria de ter o senhor no meio de n\u00f3s \u00e9 grand\u00edssima, sobretudo porque estamos certos de receber uma palavra que nos ajudar\u00e1 a continuar em nosso servi\u00e7o aos jovens.&#8221;<\/p>\n\n<p><em>Depois de ter escutado as palavras de seus convidados, o Santo Padre confiou aos presentes os seguintes pensamentos:<\/em><\/p>\n\n<p>Eu vos agrade\u00e7o pelas vossas palavras. A realidade catecumenal, neocatecumenal e a catequese v\u00e3o juntas. Deve-se receber primeiro a catequese. \u00c9 preciso tornar-se um catec\u00fameno para se preparar para o Batismo e, depois, j\u00e1 batizado, j\u00e1 confirmado, recebe-se a for\u00e7a do Esp\u00edrito Santo para transmitir a f\u00e9 na qual foi batizado. Isso quer dizer catequizar. Mas justamente o primeiro de v\u00f3s a falar enfatizou o car\u00e1ter neocatecumenal do grupo, porque a realidade catecumenal tradicional, nos primeiros s\u00e9culos da Igreja, foi substitu\u00edda depois pelo Batismo das crian\u00e7as; e estas crian\u00e7as n\u00e3o podem fazer o Caminho Neocatecumenal, s\u00e3o muito pequenas, n\u00e3o t\u00eam consci\u00eancia, intelig\u00eancia, conhecimento. Depois, sendo j\u00e1 adultos, j\u00e1 jovens, podem iniciar o caminho para descobrir o tesouro do nosso Batismo. Isso fazeis v\u00f3s, os neocatec\u00famenos. Fazeis com grande empenho, com grande entusiasmo e em diversas par\u00f3quias de Roma, e n\u00e3o apenas em Roma, mas em todas as par\u00f3quias do mundo. Desejo que continueis neste caminho, que sejais fi\u00e9is ao Esp\u00edrito Santo, que sejais portadores dos seus dons e da sua luz aos outros. Aos catequistas quero dizer que eles assumiram um compromisso que emerge do nosso Batismo e da nossa Crisma. Quando nos tornamos crist\u00e3os maduros devemos dar frutos, e estes frutos de f\u00e9 se d\u00e3o, passando a f\u00e9 aos outros, iluminando a f\u00e9 dos outros.  Esta miss\u00e3o, est\u00e1 claro, \u00e9 a miss\u00e3o principal dos pais de fam\u00edlia. A transmiss\u00e3o da f\u00e9 na fam\u00edlia \u00e9 sempre fundamental. Diz-se que a fam\u00edlia \u00e9 a igreja dom\u00e9stica, porque a\u00ed se transmite a f\u00e9 dos pais aos filhos, aos jovens. Naturalmente devem fazer isso tamb\u00e9m os catequistas na Igreja e n\u00e3o s\u00f3 os pais e a fam\u00edlia. A par\u00f3quia deve ter os seus catequistas. Os sacerdotes s\u00e3o catequistas na par\u00f3quia, as freiras tamb\u00e9m s\u00e3o se est\u00e3o preparadas para esta miss\u00e3o, mas tamb\u00e9m s\u00e3o catequistas muitos leigos que primeiro se preparam e depois se comprometem nesta estrada do apostolado; apostolado da palavra de Deus. V\u00f3s cantastes a f\u00e9 de Maria que acreditou na palavra do Senhor. Maria, na verdade, \u00e9 o exemplo mais pleno de f\u00e9; \u00e9 a plenitude da f\u00e9 e Maria \u00e9 tamb\u00e9m a primeira catequista. Se olhamos para a sua obra catequ\u00e9tica que se realiza no mundo de hoje e em todas as \u00e9pocas, percebemos que \u00e9 imensa. Desejo-vos que olheis para a M\u00e3e de Cristo, a primeira catequista, para imit\u00e1-la na realiza\u00e7\u00e3o de vossa miss\u00e3o como catequistas.<\/p>\n","protected":false},"excerpt":{"rendered":"<p>Visita \u00e0 par\u00f3quia de Santa Maria da Miseric\u00f3rdia 1\u00ba\/5\/1983 S. Jo\u00e3o Paulo II Roma, 1\u00ba de maio de 1983 Tendo abandonado a sala do Conselho Pastoral, o\u00a0 Santo Padre, passando pela igreja e atravessando o p\u00e1tio interno, onde se realizaria a celebra\u00e7\u00e3o, caso as condi\u00e7\u00f5es clim\u00e1ticas o permitissem, chegou ao refeit\u00f3rio do pequeno asilo paroquial, onde o esperavam os membros das comunidades neocatecumenais da par\u00f3quia. O canto a Maria, que<\/p>\n<div class=\"read-more\"><a class=\"btn read-more-btn\" href=\"https:\/\/neocatechumenaleiter.org\/pt-br\/palavras-dos-papas\/sao-joao-paulo-ii\/visita-a-paroquia-de-santa-maria-da-misericordia-1-5-1983\/\">Ler mais<\/a><\/div>\n","protected":false},"author":2,"featured_media":0,"parent":4247,"menu_order":21,"comment_status":"closed","ping_status":"closed","template":"","meta":{"footnotes":""},"class_list":["post-6672","page","type-page","status-publish","hentry"],"_links":{"self":[{"href":"https:\/\/neocatechumenaleiter.org\/pt-br\/wp-json\/wp\/v2\/pages\/6672","targetHints":{"allow":["GET"]}}],"collection":[{"href":"https:\/\/neocatechumenaleiter.org\/pt-br\/wp-json\/wp\/v2\/pages"}],"about":[{"href":"https:\/\/neocatechumenaleiter.org\/pt-br\/wp-json\/wp\/v2\/types\/page"}],"author":[{"embeddable":true,"href":"https:\/\/neocatechumenaleiter.org\/pt-br\/wp-json\/wp\/v2\/users\/2"}],"replies":[{"embeddable":true,"href":"https:\/\/neocatechumenaleiter.org\/pt-br\/wp-json\/wp\/v2\/comments?post=6672"}],"version-history":[{"count":5,"href":"https:\/\/neocatechumenaleiter.org\/pt-br\/wp-json\/wp\/v2\/pages\/6672\/revisions"}],"predecessor-version":[{"id":8701,"href":"https:\/\/neocatechumenaleiter.org\/pt-br\/wp-json\/wp\/v2\/pages\/6672\/revisions\/8701"}],"up":[{"embeddable":true,"href":"https:\/\/neocatechumenaleiter.org\/pt-br\/wp-json\/wp\/v2\/pages\/4247"}],"wp:attachment":[{"href":"https:\/\/neocatechumenaleiter.org\/pt-br\/wp-json\/wp\/v2\/media?parent=6672"}],"curies":[{"name":"wp","href":"https:\/\/api.w.org\/{rel}","templated":true}]}}