{"id":6696,"date":"2020-04-07T23:09:41","date_gmt":"2020-04-07T22:09:41","guid":{"rendered":"https:\/\/neocatechumenaleiter.org\/palavras-dos-papas\/sao-joao-paulo-ii\/visita-a-paroquia-de-santa-ana-de-casal-morena-2-12-1984\/"},"modified":"2020-04-17T04:02:02","modified_gmt":"2020-04-17T03:02:02","slug":"visita-a-paroquia-de-santa-ana-de-casal-morena-2-12-1984","status":"publish","type":"page","link":"https:\/\/neocatechumenaleiter.org\/pt-br\/palavras-dos-papas\/sao-joao-paulo-ii\/visita-a-paroquia-de-santa-ana-de-casal-morena-2-12-1984\/","title":{"rendered":"Visita \u00e0 Par\u00f3quia de Santa Ana de Casal Morena 2\/12\/1984"},"content":{"rendered":"\n<h1 class=\"has-text-align-center wp-block-heading\">Visita \u00e0 Par\u00f3quia de Santa Ana de Casal Morena 2\/12\/1984<\/h1>\n\n<div style=\"height:20px\" aria-hidden=\"true\" class=\"wp-block-spacer\"><\/div>\n\n<h4 class=\"has-text-align-center wp-block-heading\">S\u00e3o Jo\u00e3o Paulo II<\/h4>\n\n<div style=\"height:20px\" aria-hidden=\"true\" class=\"wp-block-spacer\"><\/div>\n\n<p><strong>Roma, 2 de dezembro de 1984<\/strong><\/p>\n\n<p>Os neocatec\u00famenos, que s\u00e3o cento e dez e estavam presentes com suas fam\u00edlias, foram os primeiros que se encontraram com o papa Jo\u00e3o Paulo II. Eles o acolheram na sala que normalmente serve para celebrar a Eucaristia. Com o seu estilo habitual, cantaram acompanhando a voz com palmas. Uma verdadeira gra\u00e7a para nossa par\u00f3quia, disse sobre eles D. Amadeo e o repetiu ao Papa, apresentando-lhe os que integraram a comunidade desde o primeiro momento, quando s\u00f3 existia uma pequena capela onde mal cabiam 100 pessoas; estes souberam transmitir, sobretudo aos jovens que se preparavam para os sacramentos da inicia\u00e7\u00e3o crist\u00e3, o seu esp\u00edrito de acolhida e de rela\u00e7\u00e3o com a Palavra de Deus. Com eles, disse D. Amadeo, vivemos a primeira pobreza: aquela de quando n\u00e3o t\u00ednhamos sequer o espa\u00e7o para estarmos juntos; com eles vivemos a segunda pobreza: a do nosso cora\u00e7\u00e3o t\u00e3o pouco nutrido do esp\u00edrito de Cristo, que descobrimos colocando-nos frente \u00e0 sua Palavra; com eles vivemos a terceira pobreza: a que se tornou a nossa\u00ad atitude frente \u00e0 gra\u00e7a que todo dia nos vem abundante e que queremos conservar\u00ad como verdadeira riqueza do cora\u00e7\u00e3o. Depois que um representante das tr\u00eas comunidades exp\u00f4s brevemente as etapas do Caminho que j\u00e1 haviam\u00a0 feito, o Papa dirigiu aos que estavam ali reunidos as seguintes palavras:<\/p>\n\n<div class=\"wp-block-image\"><figure class=\"alignleft size-medium\"><img loading=\"lazy\" decoding=\"async\" width=\"300\" height=\"242\" src=\"https:\/\/neocatechumenaleiter.org\/wp-content\/uploads\/2020\/03\/Camino_Neocatecumenal_Juan_Pablo_II_visita_parroquia_Santa_Ana_1984-300x242.jpg\" alt=\"\" class=\"wp-image-1852\" srcset=\"https:\/\/neocatechumenaleiter.org\/wp-content\/uploads\/2020\/03\/Camino_Neocatecumenal_Juan_Pablo_II_visita_parroquia_Santa_Ana_1984-300x242.jpg 300w, https:\/\/neocatechumenaleiter.org\/wp-content\/uploads\/2020\/03\/Camino_Neocatecumenal_Juan_Pablo_II_visita_parroquia_Santa_Ana_1984.jpg 697w\" sizes=\"auto, (max-width: 300px) 100vw, 300px\" \/><\/figure><\/div>\n\n<p>\u00abIntroduzistes bem aquilo que \u00e9 vossa comunidade nesta par\u00f3quia, primeiro pelo p\u00e1roco e depois por vosso representante. Vejo que esta par\u00f3quia est\u00e1 se construindo no sentido tamb\u00e9m de edif\u00edcio, como complexo material, mas n\u00f3s sabemos bem que a par\u00f3quia se constr\u00f3i sobretudo sobre a f\u00e9, sobre o Batismo que nos prepara \u00e0 Eucaristia: esta \u00e9 a constru\u00e7\u00e3o espiritual. Batismo quer dizer tamb\u00e9m catecumenato e neocatecumenato quer dizer que \u00e9 preciso voltar sempre \u00e0quele caminho que uma vez preparou os nossos antepassados, os primeiros crist\u00e3os, ao Batismo para se tornarem filhos de Deus, para chegarem a ser coerdeiros de Cristo. Ent\u00e3o neocatecumenal, como realidade temporal, quer dizer uma comunidade que recupera na par\u00f3quia a novidade da vida crist\u00e3, o seu frescor, a sua originalidade, porque esta \u00e9 a vida no seu sentido pleno, a vida divina. Esta \u00e9 a vida que se projeta diante de n\u00f3s para toda a eternidade, n\u00e3o somente a vida destes anos aqui sobre a Terra. Vida com Deus, vida como filhos de Deus, animados do Filho Unig\u00eanito de Deus que \u00e9 o Verbo, a Palavra encarnada e nascida da Virgem Maria: Jesus Cristo. Eu vos desejo que sejais um bom fermento da novidade da vida crist\u00e3 nesta comunidade de Santa Ana.<\/p>\n\n<p><em>Aben\u00e7oo-vos de cora\u00e7\u00e3o\u00bb.<\/em><\/p>\n","protected":false},"excerpt":{"rendered":"<p>Visita \u00e0 Par\u00f3quia de Santa Ana de Casal Morena 2\/12\/1984 S\u00e3o Jo\u00e3o Paulo II Roma, 2 de dezembro de 1984 Os neocatec\u00famenos, que s\u00e3o cento e dez e estavam presentes com suas fam\u00edlias, foram os primeiros que se encontraram com o papa Jo\u00e3o Paulo II. Eles o acolheram na sala que normalmente serve para celebrar a Eucaristia. Com o seu estilo habitual, cantaram acompanhando a voz com palmas. Uma verdadeira<\/p>\n<div class=\"read-more\"><a class=\"btn read-more-btn\" href=\"https:\/\/neocatechumenaleiter.org\/pt-br\/palavras-dos-papas\/sao-joao-paulo-ii\/visita-a-paroquia-de-santa-ana-de-casal-morena-2-12-1984\/\">Ler mais<\/a><\/div>\n","protected":false},"author":2,"featured_media":0,"parent":4247,"menu_order":30,"comment_status":"closed","ping_status":"closed","template":"","meta":{"footnotes":""},"class_list":["post-6696","page","type-page","status-publish","hentry"],"_links":{"self":[{"href":"https:\/\/neocatechumenaleiter.org\/pt-br\/wp-json\/wp\/v2\/pages\/6696","targetHints":{"allow":["GET"]}}],"collection":[{"href":"https:\/\/neocatechumenaleiter.org\/pt-br\/wp-json\/wp\/v2\/pages"}],"about":[{"href":"https:\/\/neocatechumenaleiter.org\/pt-br\/wp-json\/wp\/v2\/types\/page"}],"author":[{"embeddable":true,"href":"https:\/\/neocatechumenaleiter.org\/pt-br\/wp-json\/wp\/v2\/users\/2"}],"replies":[{"embeddable":true,"href":"https:\/\/neocatechumenaleiter.org\/pt-br\/wp-json\/wp\/v2\/comments?post=6696"}],"version-history":[{"count":9,"href":"https:\/\/neocatechumenaleiter.org\/pt-br\/wp-json\/wp\/v2\/pages\/6696\/revisions"}],"predecessor-version":[{"id":7317,"href":"https:\/\/neocatechumenaleiter.org\/pt-br\/wp-json\/wp\/v2\/pages\/6696\/revisions\/7317"}],"up":[{"embeddable":true,"href":"https:\/\/neocatechumenaleiter.org\/pt-br\/wp-json\/wp\/v2\/pages\/4247"}],"wp:attachment":[{"href":"https:\/\/neocatechumenaleiter.org\/pt-br\/wp-json\/wp\/v2\/media?parent=6696"}],"curies":[{"name":"wp","href":"https:\/\/api.w.org\/{rel}","templated":true}]}}