{"id":6730,"date":"2020-04-08T16:29:27","date_gmt":"2020-04-08T15:29:27","guid":{"rendered":"https:\/\/neocatechumenaleiter.org\/palavras-dos-papas\/sao-joao-paulo-ii\/visita-a-paroquia-de-sao-tarcisio-3-3-1985\/"},"modified":"2020-04-27T16:29:00","modified_gmt":"2020-04-27T15:29:00","slug":"visita-a-paroquia-de-sao-tarcisio-3-3-1985","status":"publish","type":"page","link":"https:\/\/neocatechumenaleiter.org\/pt-br\/palavras-dos-papas\/sao-joao-paulo-ii\/visita-a-paroquia-de-sao-tarcisio-3-3-1985\/","title":{"rendered":"Visita \u00e0 Par\u00f3quia de S\u00e3o Tarc\u00edsio 3\/3\/1985"},"content":{"rendered":"\n<h1 class=\"has-text-align-center wp-block-heading\">Visita \u00e0 Par\u00f3quia de S\u00e3o Tarc\u00edsio 3\/3\/1985<\/h1>\n\n<div style=\"height:20px\" aria-hidden=\"true\" class=\"wp-block-spacer\"><\/div>\n\n<h4 class=\"has-text-align-center wp-block-heading\">S\u00e3o Jo\u00e3o Paulo II<\/h4>\n\n<div style=\"height:20px\" aria-hidden=\"true\" class=\"wp-block-spacer\"><\/div>\n\n<p><strong>Roma, 3 de mar\u00e7o de 1985<\/strong><\/p>\n\n<p><em>No interior da par\u00f3quia, o p\u00e1roco apresentou ao Papa as comunidades neocatecumenais\u00ad. Os integrantes da primeira comunidade dentro de poucos dias iniciar\u00e3o uma nova miss\u00e3o\u00ad. Ir\u00e3o pelas casas do bairro para anunciar o Evangelho. &#8220;Este \u00e9 um momento importante e tamb\u00e9m delicado para a comunidade&#8221; \u2500 disse o p\u00e1roco.<\/em><\/p>\n\n<p>\u00abSantidade &#8211; disse depois um membro da comunidade -, sua benevol\u00eancia particular para com as comunidades me anima para tomar a palavra diante do senhor, que representa a Igreja, para dar testemunho do que o Senhor tem feito na minha vida durante o Caminho Neocatecumenal. N\u00e3o \u00e9 que a minha vida tenha parado em Pio XII e que a tenha encontrado em seu pontificado, ignorando a exist\u00eancia de outros tr\u00eas pont\u00edfices. De fato, depois de uma inf\u00e2ncia vivida numa r\u00edgida educa\u00e7\u00e3o cat\u00f3lica, descobri aos 18 anos que o homem adulto deveria ter uma miss\u00e3o espec\u00edfica: combater a religi\u00e3o crist\u00e3 como uma supersti\u00e7\u00e3o perigosa. Considerava Cristo e o cristianismo como uma utopia e um fracasso, reservando ao homem a faculdade de ser art\u00edfice da pr\u00f3pria exist\u00eancia. Esta vis\u00e3o distorcida da vida me conduziu durante 25 anos a uma desordem interior, intelectual e afetiva da qual n\u00e3o era capaz de sair. Inclusive, o suic\u00eddio de um amigo me apresentou, sem resposta, interroga\u00e7\u00f5es sobre a exist\u00eancia do homem, sobre o porqu\u00ea da vida. H\u00e1 cerca de seis anos, o Senhor veio preencher minha vida: de repente, inesperadamente, veio por meio de uns catequistas que estavam perdendo suas vidas pelos outros. Desde aquele dia a minha vida mudou, descobri que o Senhor me amava como ningu\u00e9m havia podido. Havia, inclusive, deformado o amor de Deus, pensando que n\u00e3o podia amar a outros como me amava. \u00c0 medida que a Palavra penetrava na minha vida, descobria sempre maior a miseric\u00f3rdia de Deus. Este amor me regenerou como esposo e como pai. Descobri, de fato, uma nova esposa, aquela que n\u00e3o eu, mas o Senhor tinha escolhido para mim. Descobri novos filhos como filhos de Deus. Santidade, com este breve testemunho tento retribuir \u00e0 Igreja aquilo que recebi, como sinal de agradecimento e de amor filial\u00bb.<\/p>\n\n<div class=\"wp-block-image\"><figure class=\"alignright size-medium\"><img loading=\"lazy\" decoding=\"async\" width=\"300\" height=\"241\" src=\"https:\/\/neocatechumenaleiter.org\/wp-content\/uploads\/2020\/03\/Camino_Neocatecumenal_Juan_Pablo_II_visita_parroquia_San_Tarsicio_1985-300x241.jpg\" alt=\"\" class=\"wp-image-1863\" srcset=\"https:\/\/neocatechumenaleiter.org\/wp-content\/uploads\/2020\/03\/Camino_Neocatecumenal_Juan_Pablo_II_visita_parroquia_San_Tarsicio_1985-300x241.jpg 300w, https:\/\/neocatechumenaleiter.org\/wp-content\/uploads\/2020\/03\/Camino_Neocatecumenal_Juan_Pablo_II_visita_parroquia_San_Tarsicio_1985.jpg 698w\" sizes=\"auto, (max-width: 300px) 100vw, 300px\" \/><\/figure><\/div>\n\n<p>\u00abEu vos conhe\u00e7o &#8211; respondeu o Papa -, vos encontro em diversas par\u00f3quias de Roma, vos encontro tamb\u00e9m em diversos pa\u00edses do mundo. \u00c9 muito f\u00e1cil identificar-vos, porque quando come\u00e7am a soar os viol\u00f5es e quando se repete o canto caracter\u00edstico dos neocatec\u00famenos, em qualquer parte do mundo, o Papa sabe logo quem s\u00e3o e se alegra. Alegra-se em toda parte e alegra-se inclusive nesta par\u00f3quia. Eu falei muitas vezes \u00e0s comunidades neocatecumenais em v\u00e1rias partes de Roma, e agora sei muito bem que s\u00e3o dois os elementos que caracterizam o vosso carisma. O primeiro \u00e9 um entusiasmo da f\u00e9 reencontrada. Da f\u00e9, f\u00e9 reencontrada inclusive naqueles que sempre a tiveram, talvez a f\u00e9 vivida, praticada, naqueles que eram bons e honestos crist\u00e3os. Uma vez reencontrada no seu significado pleno, no seu mist\u00e9rio, na sua grandeza sobrenatural, a f\u00e9 cria o entusiasmo. \u00c9 t\u00e3o necess\u00e1rio este entusiasmo da f\u00e9 para a nossa \u00e9poca! Nossa \u00e9poca fria, indiferente, que n\u00e3o quer se comprometer, que diz da verdade da f\u00e9, de Cristo, de Deus: sim, talvez, quem sabe, pode ser&#8230; etc. \u00c9 necess\u00e1rio este entusiasmo, esta convic\u00e7\u00e3o pessoal que \u00e9 a \u00fanica capaz de convencer os outros.<\/p>\n\n<p>Depois, a segunda coisa que penso pertencer ao vosso carisma \u00e9 a convers\u00e3o radical. Eu escutei os vossos testemunhos, especialmente o primeiro, com uma profunda como\u00e7\u00e3o, e logo pensei: O que mais queremos? Temos aqui outro testemunho de Paulo de Tarso. Um perseguidor que decididamente queria matar Jesus, destruir o cristianismo. Depois, num momento, encontrou Jesus ressuscitado, converteu-se em seu disc\u00edpulo, seu ap\u00f3stolo mais zeloso, mais eficaz. Penso que a nossa \u00e9poca, em que tantas pessoas perderam a f\u00e9 e tomaram outro caminho, seguindo ideologias e sistemas filos\u00f3ficos encontrando inclusive associa\u00e7\u00f5es que oferecem um programa antirreligioso, a nossa \u00e9poca precisa de convers\u00f5es radicais como a de Paulo de Tarso. Eu vos vejo com tanto agrado e penso que sois muito necess\u00e1rios na Igreja de hoje, no mundo de hoje. Deveis continuar cultivando os vossos carismas e aprofundando a vossa identidade, mantendo-vos sempre muito pr\u00f3ximos aos pastores da Igreja e sempre seguindo a gra\u00e7a espec\u00edfica que pertence \u00e0s comunidades neocatecumenais\u00bb.<\/p>\n","protected":false},"excerpt":{"rendered":"<p>Visita \u00e0 Par\u00f3quia de S\u00e3o Tarc\u00edsio 3\/3\/1985 S\u00e3o Jo\u00e3o Paulo II Roma, 3 de mar\u00e7o de 1985 No interior da par\u00f3quia, o p\u00e1roco apresentou ao Papa as comunidades neocatecumenais\u00ad. Os integrantes da primeira comunidade dentro de poucos dias iniciar\u00e3o uma nova miss\u00e3o\u00ad. Ir\u00e3o pelas casas do bairro para anunciar o Evangelho. &#8220;Este \u00e9 um momento importante e tamb\u00e9m delicado para a comunidade&#8221; \u2500 disse o p\u00e1roco. \u00abSantidade &#8211; disse depois<\/p>\n<div class=\"read-more\"><a class=\"btn read-more-btn\" href=\"https:\/\/neocatechumenaleiter.org\/pt-br\/palavras-dos-papas\/sao-joao-paulo-ii\/visita-a-paroquia-de-sao-tarcisio-3-3-1985\/\">Ler mais<\/a><\/div>\n","protected":false},"author":2,"featured_media":0,"parent":4247,"menu_order":31,"comment_status":"closed","ping_status":"closed","template":"","meta":{"footnotes":""},"class_list":["post-6730","page","type-page","status-publish","hentry"],"_links":{"self":[{"href":"https:\/\/neocatechumenaleiter.org\/pt-br\/wp-json\/wp\/v2\/pages\/6730","targetHints":{"allow":["GET"]}}],"collection":[{"href":"https:\/\/neocatechumenaleiter.org\/pt-br\/wp-json\/wp\/v2\/pages"}],"about":[{"href":"https:\/\/neocatechumenaleiter.org\/pt-br\/wp-json\/wp\/v2\/types\/page"}],"author":[{"embeddable":true,"href":"https:\/\/neocatechumenaleiter.org\/pt-br\/wp-json\/wp\/v2\/users\/2"}],"replies":[{"embeddable":true,"href":"https:\/\/neocatechumenaleiter.org\/pt-br\/wp-json\/wp\/v2\/comments?post=6730"}],"version-history":[{"count":15,"href":"https:\/\/neocatechumenaleiter.org\/pt-br\/wp-json\/wp\/v2\/pages\/6730\/revisions"}],"predecessor-version":[{"id":8733,"href":"https:\/\/neocatechumenaleiter.org\/pt-br\/wp-json\/wp\/v2\/pages\/6730\/revisions\/8733"}],"up":[{"embeddable":true,"href":"https:\/\/neocatechumenaleiter.org\/pt-br\/wp-json\/wp\/v2\/pages\/4247"}],"wp:attachment":[{"href":"https:\/\/neocatechumenaleiter.org\/pt-br\/wp-json\/wp\/v2\/media?parent=6730"}],"curies":[{"name":"wp","href":"https:\/\/api.w.org\/{rel}","templated":true}]}}