{"id":6740,"date":"2020-04-08T17:03:51","date_gmt":"2020-04-08T16:03:51","guid":{"rendered":"https:\/\/neocatechumenaleiter.org\/palavras-dos-papas\/sao-joao-paulo-ii\/eucaristia-nos-jardins-vaticanos-3-7-1983\/"},"modified":"2020-04-27T15:01:00","modified_gmt":"2020-04-27T14:01:00","slug":"eucaristia-nos-jardins-vaticanos-3-7-1983","status":"publish","type":"page","link":"https:\/\/neocatechumenaleiter.org\/pt-br\/palavras-dos-papas\/sao-joao-paulo-ii\/eucaristia-nos-jardins-vaticanos-3-7-1983\/","title":{"rendered":"Eucaristia nos Jardins Vaticanos 3\/7\/1983"},"content":{"rendered":"\n<h1 class=\"has-text-align-center wp-block-heading\">Eucaristia nos Jardins Vaticanos 3\/7\/1983<\/h1>\n\n<div style=\"height:20px\" aria-hidden=\"true\" class=\"wp-block-spacer\"><\/div>\n\n<h4 class=\"has-text-align-center wp-block-heading\">S\u00e3o Jo\u00e3o Paulo II<\/h4>\n\n<div style=\"height:20px\" aria-hidden=\"true\" class=\"wp-block-spacer\"><\/div>\n\n<p><strong>Jardins Vaticanos, 3 de julho de 1983<\/strong><\/p>\n\n<p><em>&#8220;A messe \u00e9 grande, mas os oper\u00e1rios s\u00e3o poucos. Rogai, pois, ao dono da messe que envie oper\u00e1rios \u00e0 sua messe&#8221;. Esta conhecida cita\u00e7\u00e3o do Evangelho de Lucas proposta para a liturgia do dia estava no centro da medita\u00e7\u00e3o e da ora\u00e7\u00e3o realizadas ontem, domingo 3 de julho, pelo Santo Padre, acompanhado de aproximadamente 400 jovens que viveram na semana passada um retiro espiritual de tr\u00eas dias sobre o tema da voca\u00e7\u00e3o, em Porto San Giorgio (Ascoli Piceno). A celebra\u00e7\u00e3o eucar\u00edstica, com a qual o Papa quis manifestar a sua paterna simpatia e o seu encorajamento \u00e0queles jovens comprometidos com um s\u00e9rio e respons\u00e1vel caminho vocacional, foi realizada logo no in\u00edcio da manh\u00e3, diante do altar da gruta de Nossa Senhora de Lourdes, nos Jardins Vaticanos. Entre os jovens <strong>\u2013<\/strong> todos eles guiados na reflex\u00e3o vocacional pelo Caminho Neocatecumenal <strong>\u2013<\/strong> havia uns 50 seminaristas dos 150 que as comunidades neocatecumenais ofereceram at\u00e9 agora para a Igreja na It\u00e1lia. Mas entre estes jovens que ontem rezaram com o Papa, muitos outros, mais de 60, est\u00e3o prontos para responder ao chamado que o retiro espiritual, que acabaram de concluir, tanto contribuiu para iluminar.&#013;\n<\/em><em>Ao redor da grande mesa colocada no centro da assembleia, cerca de 30 sacerdotes concelebraram com o Papa. Kiko Arg\u00fcello, iniciador e impulsionador do Caminho Neocatecumenal, conduziu os cantos da assembleia, que tamb\u00e9m contava com a presen\u00e7a de Carmen Hern\u00e1ndez.<\/em><\/p>\n\n<div class=\"wp-block-image\"><figure class=\"alignright size-medium\"><img loading=\"lazy\" decoding=\"async\" width=\"300\" height=\"242\" src=\"https:\/\/neocatechumenaleiter.org\/wp-content\/uploads\/2020\/03\/Camino_Neocatecumenal_Juan_Pablo_II_eucaristia_jardines_vaticano_1983-300x242.jpg\" alt=\"\" class=\"wp-image-1763\" srcset=\"https:\/\/neocatechumenaleiter.org\/wp-content\/uploads\/2020\/03\/Camino_Neocatecumenal_Juan_Pablo_II_eucaristia_jardines_vaticano_1983-300x242.jpg 300w, https:\/\/neocatechumenaleiter.org\/wp-content\/uploads\/2020\/03\/Camino_Neocatecumenal_Juan_Pablo_II_eucaristia_jardines_vaticano_1983.jpg 701w\" sizes=\"auto, (max-width: 300px) 100vw, 300px\" \/><\/figure><\/div>\n\n<p><em>Na homilia, o Santo Padre dirigiu \u00e0 assembleia as seguintes palavras:<\/em><\/p>\n\n<p>&#8220;1. A messe \u00e9 grande, mas os oper\u00e1rios s\u00e3o poucos. Rogai, pois, ao dono da messe que envie oper\u00e1rios para a sua messe&#8221; <em>(Lc. 10,2).<\/em> Esta afirma\u00e7\u00e3o, impregnada de expectativa e aberta \u00e0 esperan\u00e7a, caros seminaristas e caros jovens, ressoa hoje para v\u00f3s aqui reunidos diante desta gruta de Lourdes, no in\u00edcio de uma celebra\u00e7\u00e3o eucar\u00edstica que se realiza num quadro t\u00e3o sugestivo.&#013;\n&#013;\nOs oper\u00e1rios s\u00e3o poucos: o problema foi apresentado a Jesus no momento de confiar aos seus disc\u00edpulos o encargo de anunciar o Evangelho ao povo; o mesmo problema emerge tamb\u00e9m nos nossos dias, atual\u00edssimo e sempre angustiante. In\u00fameras pessoas espalhadas pelo mundo inteiro esperam a palavra de salva\u00e7\u00e3o. Problema, portanto, de ontem, de hoje e de sempre. Os povos da terra est\u00e3o em cont\u00ednuo crescimento num\u00e9rico e aspiram, de modo mais ou menos consciente, a descobrir os valores fundamentais que d\u00e3o sentido \u00e0 vida humana. Quantos, depois de j\u00e1 terem acolhido o Evangelho, correm o risco de esquecer, assediados como s\u00e3o, de toda a parte, por perspectivas sedutoras, mas quase sempre falacioso; eles, por conseguinte, t\u00eam necessidade de quem os ajude a reviver a palavra de Jesus. Al\u00e9m disso, a verdade a ser comunicada \u00e9 t\u00e3o rica e ampla que necessita de um cont\u00ednuo aprofundamento para se extrair toda a sua preciosidade e saborear toda a sua do\u00e7ura. Estas breves considera\u00e7\u00f5es, inspiradas no Evangelho de hoje, s\u00e3o suficientes para fazer com que percebamos como \u00e9 necess\u00e1rio pedir incessantemente &#8220;ao dono da messe para que envie oper\u00e1rios para a sua messe&#8221; <em>(Lc 10,2).<\/em><\/p>\n\n<p>2. A mensagem a ser anunciada \u00e9, antes de tudo, uma mensagem de salva\u00e7\u00e3o para o homem: &#8220;Dizei-lhes: O Reino de Deus est\u00e1 pr\u00f3ximo&#8221; <em>(Lc 10,9)<\/em>. O Reino de Deus, que \u00e9 a vit\u00f3ria do seu amor sobre todos os pecados e mis\u00e9rias humanas, j\u00e1 est\u00e1 no meio de v\u00f3s. \u00c9 uma mensagem, al\u00e9m disso, de esperan\u00e7a e de consola\u00e7\u00e3o, como prenunciara o profeta Isa\u00edas: &#8220;Alegrai-vos com Jerusal\u00e9m&#8230; Como uma m\u00e3e consola o seu filho, assim Eu vos consolarei&#8230; Com esta vis\u00e3o, os vossos cora\u00e7\u00f5es pulsar\u00e3o de alegria&#8221; <em>(Is 66,10.13-14)<\/em>. O homem, de fato, \u00e9 destinado a realizar em Cristo redentor a plenitude da pr\u00f3pria voca\u00e7\u00e3o divina. \u00c9 uma mensagem, ainda, de paz e de caridade: &#8220;Dizei primeiro: &#8216;A paz esteja nesta casa&#8217;&#8230; Curai os enfermos que nela houver&#8221; <em>(Lc 10,5.9).&#013;\n<\/em>O Reino de Deus vai sendo constru\u00eddo na hist\u00f3ria, oferecendo j\u00e1 na terra os frutos de convers\u00e3o, de unidade, de amor entre os homens.<\/p>\n\n<div class=\"wp-block-image\"><figure class=\"alignleft size-large\"><img loading=\"lazy\" decoding=\"async\" width=\"701\" height=\"569\" src=\"https:\/\/neocatechumenaleiter.org\/wp-content\/uploads\/2020\/03\/Camino_Neocatecumenal_Juan_Pablo_II_eucaristia_jardines_vaticano_19832.jpg\" alt=\"\" class=\"wp-image-1760\" srcset=\"https:\/\/neocatechumenaleiter.org\/wp-content\/uploads\/2020\/03\/Camino_Neocatecumenal_Juan_Pablo_II_eucaristia_jardines_vaticano_19832.jpg 701w, https:\/\/neocatechumenaleiter.org\/wp-content\/uploads\/2020\/03\/Camino_Neocatecumenal_Juan_Pablo_II_eucaristia_jardines_vaticano_19832-300x244.jpg 300w\" sizes=\"auto, (max-width: 701px) 100vw, 701px\" \/><\/figure><\/div>\n\n<p>3. Como dever\u00e1 ser o ap\u00f3stolo, com que esp\u00edrito ele desempenhar\u00e1 a sua miss\u00e3o? Ele dever\u00e1 ser, antes de tudo, consciente da realidade dif\u00edcil e \u00e0s vezes hostil que o espera: &#8220;Eu vos envio como cordeiros entre lobos&#8221; <em>(Lc 10,3)<\/em>; esta realidade tornou-se adversa pela obra do maligno. Por isso, o ap\u00f3stolo se esfor\u00e7ar\u00e1 por estar livre de influ\u00eancias humanas de qualquer tipo: &#8220;N\u00e3o leveis bolsa, nem alforje, nem sand\u00e1lias&#8221; <em>(Lc 10,4),<\/em> para confiar s\u00f3 na cruz de Cristo da qual prov\u00e9m a nossa reden\u00e7\u00e3o, como diz S\u00e3o Paulo na segunda leitura. Gloriar-se da cruz significa abandonar todo motivo de orgulho pessoal, para n\u00e3o viver sen\u00e3o da f\u00e9 e na a\u00e7\u00e3o de gra\u00e7as pela salva\u00e7\u00e3o operada pelo sacrif\u00edcio de Jesus. O que fica crucificado \u00e9 o mundo do ego\u00edsmo pessoal, da autossufici\u00eancia, da seguran\u00e7a do pr\u00f3prio m\u00e9rito.<\/p>\n\n<p>Queridos seminaristas e caros jovens, a miss\u00e3o do ap\u00f3stolo \u00e9 uma miss\u00e3o sublime, entusiasmante e voltada para o bem do mundo inteiro; ela requer tanta generosidade, que supera em muito as capacidades do homem. \u00c9 necess\u00e1rio, por isso, dirigir o nosso esp\u00edrito para o alto, invocando o aux\u00edlio divino que pedireis confiantes mediante a intercess\u00e3o da M\u00e3e de Jesus e nossa M\u00e3e. Desejo que sejais ap\u00f3stolos alegres no exerc\u00edcio da pr\u00f3pria miss\u00e3o, que sejais conscientes, confiantes e espiritualmente livres. Os disc\u00edpulos enviados por Jesus &#8220;voltaram cheios de alegria&#8221; <em>(Lc 10,17)<\/em>. Tamb\u00e9m v\u00f3s, nestes anos de prepara\u00e7\u00e3o para o sacerd\u00f3cio, aprendei a arte de ser alegres, n\u00e3o por motivos humanos, mas baseando-vos na certeza de que &#8220;os vossos nomes est\u00e3o inscritos nos c\u00e9us&#8221; <em>(Lc 10,20)<\/em>, isto \u00e9, que sois os predestinados do amor de Cristo Jesus. Ele vos chamou das vossas fam\u00edlias, do seio das vossas comunidades eclesiais para vos fazer seus colaboradores, seus sacerdotes, dispensadores dos divinos mist\u00e9rios.<\/p>\n\n<p>A alegria \u00e9 obra do Esp\u00edrito Santo em n\u00f3s <em>(cf. Gl 5,22).<\/em> \u00a0 Confiai a sua guia interior, ao seu amparo vigoroso e indefect\u00edvel, para que possa amadurecer <em>in pace et gaudio<\/em>\u00a0e produzir assim frutos abundantes de vida eterna.&#8221;<\/p>\n","protected":false},"excerpt":{"rendered":"<p>Eucaristia nos Jardins Vaticanos 3\/7\/1983 S\u00e3o Jo\u00e3o Paulo II Jardins Vaticanos, 3 de julho de 1983 &#8220;A messe \u00e9 grande, mas os oper\u00e1rios s\u00e3o poucos. Rogai, pois, ao dono da messe que envie oper\u00e1rios \u00e0 sua messe&#8221;. Esta conhecida cita\u00e7\u00e3o do Evangelho de Lucas proposta para a liturgia do dia estava no centro da medita\u00e7\u00e3o e da ora\u00e7\u00e3o realizadas ontem, domingo 3 de julho, pelo Santo Padre, acompanhado de aproximadamente<\/p>\n<div class=\"read-more\"><a class=\"btn read-more-btn\" href=\"https:\/\/neocatechumenaleiter.org\/pt-br\/palavras-dos-papas\/sao-joao-paulo-ii\/eucaristia-nos-jardins-vaticanos-3-7-1983\/\">Ler mais<\/a><\/div>\n","protected":false},"author":2,"featured_media":0,"parent":4247,"menu_order":22,"comment_status":"closed","ping_status":"closed","template":"","meta":{"footnotes":""},"class_list":["post-6740","page","type-page","status-publish","hentry"],"_links":{"self":[{"href":"https:\/\/neocatechumenaleiter.org\/pt-br\/wp-json\/wp\/v2\/pages\/6740","targetHints":{"allow":["GET"]}}],"collection":[{"href":"https:\/\/neocatechumenaleiter.org\/pt-br\/wp-json\/wp\/v2\/pages"}],"about":[{"href":"https:\/\/neocatechumenaleiter.org\/pt-br\/wp-json\/wp\/v2\/types\/page"}],"author":[{"embeddable":true,"href":"https:\/\/neocatechumenaleiter.org\/pt-br\/wp-json\/wp\/v2\/users\/2"}],"replies":[{"embeddable":true,"href":"https:\/\/neocatechumenaleiter.org\/pt-br\/wp-json\/wp\/v2\/comments?post=6740"}],"version-history":[{"count":5,"href":"https:\/\/neocatechumenaleiter.org\/pt-br\/wp-json\/wp\/v2\/pages\/6740\/revisions"}],"predecessor-version":[{"id":8715,"href":"https:\/\/neocatechumenaleiter.org\/pt-br\/wp-json\/wp\/v2\/pages\/6740\/revisions\/8715"}],"up":[{"embeddable":true,"href":"https:\/\/neocatechumenaleiter.org\/pt-br\/wp-json\/wp\/v2\/pages\/4247"}],"wp:attachment":[{"href":"https:\/\/neocatechumenaleiter.org\/pt-br\/wp-json\/wp\/v2\/media?parent=6740"}],"curies":[{"name":"wp","href":"https:\/\/api.w.org\/{rel}","templated":true}]}}